{"id":8192,"date":"2026-03-24T12:40:50","date_gmt":"2026-03-24T12:40:50","guid":{"rendered":"https:\/\/yourplastics.es\/producto\/armario-cubos-recogida-selectiva\/"},"modified":"2026-03-24T13:20:32","modified_gmt":"2026-03-24T13:20:32","slug":"armario-cubos-recogida-selectiva","status":"publish","type":"product","link":"https:\/\/yourplastics.es\/ca\/producto\/armario-cubos-recogida-selectiva\/","title":{"rendered":"Armari cubells recollida selectiva"},"content":{"rendered":"<p>Aquest armari de pl\u00e0stic reciclat amb doble porta t\u00e9 capacitat per a 12 cubs de la recollida selectiva.<br \/>\nPensat per a 6 ve\u00efns, dos cubells per ve\u00ed simult\u00e0niament.<\/p>\n<p>Estructura d&#8217;acer galvanitzat pintat i revestiment de pl\u00e0stic reciclat.<\/p>\n<p>Pensat per protegir els cubs d&#8217;escombraries dels animals salvatges i les inclem\u00e8ncies del temps.<\/p>\n<p>Possibilitat de muntar-los en format simple, doble o\u00a0 en s\u00e8rie. Recomanem adequar la superf\u00edcie on siguin instal\u00b7lats perqu\u00e8 quedin ben assentats.<\/p>\n","protected":false},"excerpt":{"rendered":"<p>Armari de pl\u00e0stic reciclat per a les galledes de la recollida selectiva porta a porta.<\/p>\n<p>Els nostres armaris estan pensats per protegir els cubells dels animals salvatges, i les inclem\u00e8ncies del temps.<\/p>\n","protected":false},"featured_media":8190,"comment_status":"open","ping_status":"closed","template":"","meta":[],"product_cat":[238],"product_tag":[],"class_list":{"0":"post-8192","1":"product","2":"type-product","3":"status-publish","4":"has-post-thumbnail","6":"product_cat-armario-para-cubos-ca","8":"first","9":"instock","10":"shipping-taxable","11":"product-type-simple"},"yoast_head":"<!-- This site is optimized with the Yoast SEO plugin v23.2 - https:\/\/yoast.com\/wordpress\/plugins\/seo\/ -->\n<title>Armari cubells recollida selectiva - Yourplastics.es<\/title>\n<meta name=\"description\" content=\"Armari de pl\u00e0stic reciclat per als cubells de la recollida selectiva porta a porta. Pensats per protegir els cubells dels animals salvatges.\" \/>\n<meta name=\"robots\" content=\"index, follow, max-snippet:-1, max-image-preview:large, max-video-preview:-1\" \/>\n<link rel=\"canonical\" href=\"https:\/\/yourplastics.es\/ca\/producto\/armario-cubos-recogida-selectiva\/\" \/>\n<meta property=\"og:locale\" content=\"ca_ES\" \/>\n<meta property=\"og:type\" content=\"article\" \/>\n<meta property=\"og:title\" content=\"Armari cubells recollida selectiva - Yourplastics.es\" \/>\n<meta property=\"og:description\" content=\"Armari de pl\u00e0stic reciclat per als cubells de la recollida selectiva porta a porta. Pensats per protegir els cubells dels animals salvatges.\" \/>\n<meta property=\"og:url\" content=\"https:\/\/yourplastics.es\/ca\/producto\/armario-cubos-recogida-selectiva\/\" \/>\n<meta property=\"og:site_name\" content=\"Yourplastics.es\" \/>\n<meta property=\"article:modified_time\" content=\"2026-03-24T13:20:32+00:00\" \/>\n<meta property=\"og:image\" content=\"https:\/\/yourplastics.es\/wp-content\/uploads\/2026\/03\/Armario-Cubos-Recogida-Selectiva-Plastico-Reciclado-Your-Plastics-Puertas-Cerradas-scaled.jpg\" \/>\n\t<meta property=\"og:image:width\" content=\"2560\" \/>\n\t<meta property=\"og:image:height\" content=\"1920\" \/>\n\t<meta property=\"og:image:type\" content=\"image\/jpeg\" \/>\n<meta name=\"twitter:card\" content=\"summary_large_image\" \/>\n<meta name=\"twitter:label1\" content=\"Temps estimat de lectura\" \/>\n\t<meta name=\"twitter:data1\" content=\"1 minut\" \/>\n<script type=\"application\/ld+json\" class=\"yoast-schema-graph\">{\"@context\":\"https:\/\/schema.org\",\"@graph\":[{\"@type\":\"WebPage\",\"@id\":\"https:\/\/yourplastics.es\/ca\/producto\/armario-cubos-recogida-selectiva\/\",\"url\":\"https:\/\/yourplastics.es\/ca\/producto\/armario-cubos-recogida-selectiva\/\",\"name\":\"Armari cubells recollida selectiva - Yourplastics.es\",\"isPartOf\":{\"@id\":\"https:\/\/yourplastics.es\/#website\"},\"primaryImageOfPage\":{\"@id\":\"https:\/\/yourplastics.es\/ca\/producto\/armario-cubos-recogida-selectiva\/#primaryimage\"},\"image\":{\"@id\":\"https:\/\/yourplastics.es\/ca\/producto\/armario-cubos-recogida-selectiva\/#primaryimage\"},\"thumbnailUrl\":\"https:\/\/yourplastics.es\/wp-content\/uploads\/2026\/03\/Armario-Cubos-Recogida-Selectiva-Plastico-Reciclado-Your-Plastics-Puertas-Cerradas-scaled.jpg\",\"datePublished\":\"2026-03-24T12:40:50+00:00\",\"dateModified\":\"2026-03-24T13:20:32+00:00\",\"description\":\"Armari de pl\u00e0stic reciclat per als cubells de la recollida selectiva porta a porta. Pensats per protegir els cubells dels animals salvatges.\",\"breadcrumb\":{\"@id\":\"https:\/\/yourplastics.es\/ca\/producto\/armario-cubos-recogida-selectiva\/#breadcrumb\"},\"inLanguage\":\"ca\",\"potentialAction\":[{\"@type\":\"ReadAction\",\"target\":[\"https:\/\/yourplastics.es\/ca\/producto\/armario-cubos-recogida-selectiva\/\"]}]},{\"@type\":\"ImageObject\",\"inLanguage\":\"ca\",\"@id\":\"https:\/\/yourplastics.es\/ca\/producto\/armario-cubos-recogida-selectiva\/#primaryimage\",\"url\":\"https:\/\/yourplastics.es\/wp-content\/uploads\/2026\/03\/Armario-Cubos-Recogida-Selectiva-Plastico-Reciclado-Your-Plastics-Puertas-Cerradas-scaled.jpg\",\"contentUrl\":\"https:\/\/yourplastics.es\/wp-content\/uploads\/2026\/03\/Armario-Cubos-Recogida-Selectiva-Plastico-Reciclado-Your-Plastics-Puertas-Cerradas-scaled.jpg\",\"width\":2560,\"height\":1920},{\"@type\":\"BreadcrumbList\",\"@id\":\"https:\/\/yourplastics.es\/ca\/producto\/armario-cubos-recogida-selectiva\/#breadcrumb\",\"itemListElement\":[{\"@type\":\"ListItem\",\"position\":1,\"name\":\"Home\",\"item\":\"https:\/\/yourplastics.es\/ca\/\"},{\"@type\":\"ListItem\",\"position\":2,\"name\":\"Botiga\",\"item\":\"https:\/\/yourplastics.es\/ca\/tienda-2\/\"},{\"@type\":\"ListItem\",\"position\":3,\"name\":\"Armari cubells recollida selectiva\"}]},{\"@type\":\"WebSite\",\"@id\":\"https:\/\/yourplastics.es\/#website\",\"url\":\"https:\/\/yourplastics.es\/\",\"name\":\"Yourplastics\",\"description\":\"\",\"publisher\":{\"@id\":\"https:\/\/yourplastics.es\/#organization\"},\"potentialAction\":[{\"@type\":\"SearchAction\",\"target\":{\"@type\":\"EntryPoint\",\"urlTemplate\":\"https:\/\/yourplastics.es\/?s={search_term_string}\"},\"query-input\":\"required name=search_term_string\"}],\"inLanguage\":\"ca\"},{\"@type\":\"Organization\",\"@id\":\"https:\/\/yourplastics.es\/#organization\",\"name\":\"Yourplastics\",\"url\":\"https:\/\/yourplastics.es\/\",\"logo\":{\"@type\":\"ImageObject\",\"inLanguage\":\"ca\",\"@id\":\"https:\/\/yourplastics.es\/#\/schema\/logo\/image\/\",\"url\":\"https:\/\/yourplastics.es\/wp-content\/uploads\/2024\/08\/logo2-400x163-1.png\",\"contentUrl\":\"https:\/\/yourplastics.es\/wp-content\/uploads\/2024\/08\/logo2-400x163-1.png\",\"width\":400,\"height\":163,\"caption\":\"Yourplastics\"},\"image\":{\"@id\":\"https:\/\/yourplastics.es\/#\/schema\/logo\/image\/\"}}]}<\/script>\n<!-- \/ Yoast SEO plugin. -->","yoast_head_json":{"title":"Armari cubells recollida selectiva - Yourplastics.es","description":"Armari de pl\u00e0stic reciclat per als cubells de la recollida selectiva porta a porta. Pensats per protegir els cubells dels animals salvatges.","robots":{"index":"index","follow":"follow","max-snippet":"max-snippet:-1","max-image-preview":"max-image-preview:large","max-video-preview":"max-video-preview:-1"},"canonical":"https:\/\/yourplastics.es\/ca\/producto\/armario-cubos-recogida-selectiva\/","og_locale":"ca_ES","og_type":"article","og_title":"Armari cubells recollida selectiva - Yourplastics.es","og_description":"Armari de pl\u00e0stic reciclat per als cubells de la recollida selectiva porta a porta. Pensats per protegir els cubells dels animals salvatges.","og_url":"https:\/\/yourplastics.es\/ca\/producto\/armario-cubos-recogida-selectiva\/","og_site_name":"Yourplastics.es","article_modified_time":"2026-03-24T13:20:32+00:00","og_image":[{"width":2560,"height":1920,"url":"https:\/\/yourplastics.es\/wp-content\/uploads\/2026\/03\/Armario-Cubos-Recogida-Selectiva-Plastico-Reciclado-Your-Plastics-Puertas-Cerradas-scaled.jpg","type":"image\/jpeg"}],"twitter_card":"summary_large_image","twitter_misc":{"Temps estimat de lectura":"1 minut"},"schema":{"@context":"https:\/\/schema.org","@graph":[{"@type":"WebPage","@id":"https:\/\/yourplastics.es\/ca\/producto\/armario-cubos-recogida-selectiva\/","url":"https:\/\/yourplastics.es\/ca\/producto\/armario-cubos-recogida-selectiva\/","name":"Armari cubells recollida selectiva - Yourplastics.es","isPartOf":{"@id":"https:\/\/yourplastics.es\/#website"},"primaryImageOfPage":{"@id":"https:\/\/yourplastics.es\/ca\/producto\/armario-cubos-recogida-selectiva\/#primaryimage"},"image":{"@id":"https:\/\/yourplastics.es\/ca\/producto\/armario-cubos-recogida-selectiva\/#primaryimage"},"thumbnailUrl":"https:\/\/yourplastics.es\/wp-content\/uploads\/2026\/03\/Armario-Cubos-Recogida-Selectiva-Plastico-Reciclado-Your-Plastics-Puertas-Cerradas-scaled.jpg","datePublished":"2026-03-24T12:40:50+00:00","dateModified":"2026-03-24T13:20:32+00:00","description":"Armari de pl\u00e0stic reciclat per als cubells de la recollida selectiva porta a porta. Pensats per protegir els cubells dels animals salvatges.","breadcrumb":{"@id":"https:\/\/yourplastics.es\/ca\/producto\/armario-cubos-recogida-selectiva\/#breadcrumb"},"inLanguage":"ca","potentialAction":[{"@type":"ReadAction","target":["https:\/\/yourplastics.es\/ca\/producto\/armario-cubos-recogida-selectiva\/"]}]},{"@type":"ImageObject","inLanguage":"ca","@id":"https:\/\/yourplastics.es\/ca\/producto\/armario-cubos-recogida-selectiva\/#primaryimage","url":"https:\/\/yourplastics.es\/wp-content\/uploads\/2026\/03\/Armario-Cubos-Recogida-Selectiva-Plastico-Reciclado-Your-Plastics-Puertas-Cerradas-scaled.jpg","contentUrl":"https:\/\/yourplastics.es\/wp-content\/uploads\/2026\/03\/Armario-Cubos-Recogida-Selectiva-Plastico-Reciclado-Your-Plastics-Puertas-Cerradas-scaled.jpg","width":2560,"height":1920},{"@type":"BreadcrumbList","@id":"https:\/\/yourplastics.es\/ca\/producto\/armario-cubos-recogida-selectiva\/#breadcrumb","itemListElement":[{"@type":"ListItem","position":1,"name":"Home","item":"https:\/\/yourplastics.es\/ca\/"},{"@type":"ListItem","position":2,"name":"Botiga","item":"https:\/\/yourplastics.es\/ca\/tienda-2\/"},{"@type":"ListItem","position":3,"name":"Armari cubells recollida selectiva"}]},{"@type":"WebSite","@id":"https:\/\/yourplastics.es\/#website","url":"https:\/\/yourplastics.es\/","name":"Yourplastics","description":"","publisher":{"@id":"https:\/\/yourplastics.es\/#organization"},"potentialAction":[{"@type":"SearchAction","target":{"@type":"EntryPoint","urlTemplate":"https:\/\/yourplastics.es\/?s={search_term_string}"},"query-input":"required name=search_term_string"}],"inLanguage":"ca"},{"@type":"Organization","@id":"https:\/\/yourplastics.es\/#organization","name":"Yourplastics","url":"https:\/\/yourplastics.es\/","logo":{"@type":"ImageObject","inLanguage":"ca","@id":"https:\/\/yourplastics.es\/#\/schema\/logo\/image\/","url":"https:\/\/yourplastics.es\/wp-content\/uploads\/2024\/08\/logo2-400x163-1.png","contentUrl":"https:\/\/yourplastics.es\/wp-content\/uploads\/2024\/08\/logo2-400x163-1.png","width":400,"height":163,"caption":"Yourplastics"},"image":{"@id":"https:\/\/yourplastics.es\/#\/schema\/logo\/image\/"}}]}},"_links":{"self":[{"href":"https:\/\/yourplastics.es\/ca\/wp-json\/wp\/v2\/product\/8192","targetHints":{"allow":["GET"]}}],"collection":[{"href":"https:\/\/yourplastics.es\/ca\/wp-json\/wp\/v2\/product"}],"about":[{"href":"https:\/\/yourplastics.es\/ca\/wp-json\/wp\/v2\/types\/product"}],"replies":[{"embeddable":true,"href":"https:\/\/yourplastics.es\/ca\/wp-json\/wp\/v2\/comments?post=8192"}],"wp:featuredmedia":[{"embeddable":true,"href":"https:\/\/yourplastics.es\/ca\/wp-json\/wp\/v2\/media\/8190"}],"wp:attachment":[{"href":"https:\/\/yourplastics.es\/ca\/wp-json\/wp\/v2\/media?parent=8192"}],"wp:term":[{"taxonomy":"product_cat","embeddable":true,"href":"https:\/\/yourplastics.es\/ca\/wp-json\/wp\/v2\/product_cat?post=8192"},{"taxonomy":"product_tag","embeddable":true,"href":"https:\/\/yourplastics.es\/ca\/wp-json\/wp\/v2\/product_tag?post=8192"}],"curies":[{"name":"wp","href":"https:\/\/api.w.org\/{rel}","templated":true}]}}