{"id":8101,"date":"2025-01-13T12:38:31","date_gmt":"2025-01-13T12:38:31","guid":{"rendered":"https:\/\/yourplastics.es\/producto\/banco-neondara-de-madera-plastica-reciclada-wpc\/"},"modified":"2025-01-13T13:06:25","modified_gmt":"2025-01-13T13:06:25","slug":"banco-neondara-de-madera-plastica-reciclada-wpc","status":"publish","type":"product","link":"https:\/\/yourplastics.es\/ca\/producto\/banco-neondara-de-madera-plastica-reciclada-wpc\/","title":{"rendered":"Banc Neondara de Fusta Pl\u00e0stica Reciclada WPC"},"content":{"rendered":"<ul>\n<li>Ample: 180 cm i 60 cm<\/li>\n<li>6 taules per a bancs de Fusta Pl\u00e0stica Reciclada WPC: 180\/60 x 11 x 3,5 cm<\/li>\n<li>Al\u00e7ada del seient: 45 cm<\/li>\n<li>Potes: fosa nodular (fosa d\u00factil GGG40)<\/li>\n<li>Refor\u00e7 central: acer al carboni tipus S275J0H<\/li>\n<\/ul>\n<p><strong>Comoditat i Salut:<\/strong><\/p>\n<p>El banc Neondara ha estat acuradament i exhaustivament estudiat per aportar la m\u00e0xima comoditat i salut postural gr\u00e0cies a la seva ergonomia i dimensions. Ens hem basat en diversos estudis medicocient\u00edfics sobre l&#8217;an\u00e0lisi de la postura en seure. Els principals factors que confereix el Banc Neondara a la comoditat s\u00f3n:<\/p>\n<ol>\n<li>L&#8217;angle del respatller distribueix la c\u00e0rrega transferida per l&#8217;esquena i la reparteix uniformement entre la zona lumbar i la zona dorsal del tronc. Ens confereix m\u00e9s sensaci\u00f3 de confort i descans i allibera la tensi\u00f3 muscular a la zona dorsal i vertebral.<\/li>\n<li>L&#8217;angle d&#8217;inclinaci\u00f3 entre el seient i el respatller transfereix el pes del tronc superior cap al respatller reduint l&#8217;esfor\u00e7 que fan els discos intervertebrals. Reduint possibles dolors lumbars en estades llargues.<\/li>\n<li>La inclinaci\u00f3 del seient afavoreix la millor distribuci\u00f3 del pes cap a les cuixes de les cames, alliberant la pressi\u00f3 a les natges i tuberositats isquials. Aix\u00f2 evita l&#8217;entumiment de les natges i el tronc inferior.<\/li>\n<\/ol>\n","protected":false},"excerpt":{"rendered":"[fusion_button link=\"https:\/\/yourplastics.es\/wp-content\/uploads\/2025\/01\/Madera-Plastica-Reciclada_YourPlastics_es.pdf\" title=\"\" target=\"_self\" link_attributes=\"\" alignment_medium=\"\" alignment_small=\"\" alignment=\"\" modal=\"\" hide_on_mobile=\"small-visibility,medium-visibility,large-visibility\" sticky_display=\"normal,sticky\" class=\"\" id=\"\" color=\"default\" button_gradient_top_color_hover=\"\" hue=\"\" saturation=\"\" lightness=\"\" alpha=\"\" button_gradient_top_color=\"\" button_gradient_bottom_color_hover=\"\" button_gradient_bottom_color=\"\" gradient_start_position=\"\" gradient_end_position=\"\" gradient_type=\"\" radial_direction=\"\" linear_angle=\"180\" accent_hover_color=\"\" accent_color=\"\" type=\"\" bevel_color=\"\" bevel_color_hover=\"\" border_top=\"\" border_right=\"\" border_bottom=\"\" border_left=\"\" border_radius_top_left=\"\" border_radius_top_right=\"\" border_radius_bottom_right=\"\" border_radius_bottom_left=\"\" border_hover_color=\"\" border_color=\"\" size=\"\" padding_top=\"\" padding_right=\"\" padding_bottom=\"\" padding_left=\"\" fusion_font_family_button_font=\"\" fusion_font_variant_button_font=\"\" font_size=\"\" line_height=\"\" letter_spacing=\"\" text_transform=\"\" stretch=\"default\" margin_top=\"\" margin_right=\"\" margin_bottom=\"\" margin_left=\"\" icon=\"\" icon_position=\"left\" icon_divider=\"no\" hover_transition=\"none\" animation_type=\"\" animation_direction=\"left\" animation_color=\"\" animation_speed=\"0.3\" animation_delay=\"0\" animation_offset=\"\"]\u00bfQue \u00e9s la Fusta Pl\u00e0stica Reciclada WPC?[\/fusion_button]\n","protected":false},"featured_media":8088,"comment_status":"open","ping_status":"closed","template":"","meta":[],"product_cat":[198,200],"product_tag":[],"class_list":{"0":"post-8101","1":"product","2":"type-product","3":"status-publish","4":"has-post-thumbnail","6":"product_cat-bancs","7":"product_cat-parcs-i-jardins","9":"first","10":"instock","11":"shipping-taxable","12":"product-type-simple"},"yoast_head":"<!-- This site is optimized with the Yoast SEO plugin v23.2 - https:\/\/yoast.com\/wordpress\/plugins\/seo\/ -->\n<title>Banc Neondara de Fusta Pl\u00e0stica Reciclada WPC - Yourplastics.es<\/title>\n<meta name=\"description\" content=\"Banc Neondara de Fusta Pl\u00e0stica Reciclada WPC. Mescla entre sostenibilitat, eleg\u00e0ncia, comoditat i diseny. Un banc que encaixa en qualsevol entorn.\" \/>\n<meta name=\"robots\" content=\"index, follow, max-snippet:-1, max-image-preview:large, max-video-preview:-1\" \/>\n<link rel=\"canonical\" href=\"https:\/\/yourplastics.es\/ca\/producto\/banco-neondara-de-madera-plastica-reciclada-wpc\/\" \/>\n<meta property=\"og:locale\" content=\"ca_ES\" \/>\n<meta property=\"og:type\" content=\"article\" \/>\n<meta property=\"og:title\" content=\"Banc Neondara de Fusta Pl\u00e0stica Reciclada WPC - Yourplastics.es\" \/>\n<meta property=\"og:description\" content=\"Banc Neondara de Fusta Pl\u00e0stica Reciclada WPC. Mescla entre sostenibilitat, eleg\u00e0ncia, comoditat i diseny. Un banc que encaixa en qualsevol entorn.\" \/>\n<meta property=\"og:url\" content=\"https:\/\/yourplastics.es\/ca\/producto\/banco-neondara-de-madera-plastica-reciclada-wpc\/\" \/>\n<meta property=\"og:site_name\" content=\"Yourplastics.es\" \/>\n<meta property=\"article:modified_time\" content=\"2025-01-13T13:06:25+00:00\" \/>\n<meta property=\"og:image\" content=\"https:\/\/yourplastics.es\/wp-content\/uploads\/2025\/01\/Banco-Neondara-1-scaled.jpg\" \/>\n\t<meta property=\"og:image:width\" content=\"2560\" \/>\n\t<meta property=\"og:image:height\" content=\"1920\" \/>\n\t<meta property=\"og:image:type\" content=\"image\/jpeg\" \/>\n<meta name=\"twitter:card\" content=\"summary_large_image\" \/>\n<meta name=\"twitter:label1\" content=\"Temps estimat de lectura\" \/>\n\t<meta name=\"twitter:data1\" content=\"2 minuts\" \/>\n<script type=\"application\/ld+json\" class=\"yoast-schema-graph\">{\"@context\":\"https:\/\/schema.org\",\"@graph\":[{\"@type\":\"WebPage\",\"@id\":\"https:\/\/yourplastics.es\/ca\/producto\/banco-neondara-de-madera-plastica-reciclada-wpc\/\",\"url\":\"https:\/\/yourplastics.es\/ca\/producto\/banco-neondara-de-madera-plastica-reciclada-wpc\/\",\"name\":\"Banc Neondara de Fusta Pl\u00e0stica Reciclada WPC - Yourplastics.es\",\"isPartOf\":{\"@id\":\"https:\/\/yourplastics.es\/#website\"},\"primaryImageOfPage\":{\"@id\":\"https:\/\/yourplastics.es\/ca\/producto\/banco-neondara-de-madera-plastica-reciclada-wpc\/#primaryimage\"},\"image\":{\"@id\":\"https:\/\/yourplastics.es\/ca\/producto\/banco-neondara-de-madera-plastica-reciclada-wpc\/#primaryimage\"},\"thumbnailUrl\":\"https:\/\/yourplastics.es\/wp-content\/uploads\/2025\/01\/Banco-Neondara-1-scaled.jpg\",\"datePublished\":\"2025-01-13T12:38:31+00:00\",\"dateModified\":\"2025-01-13T13:06:25+00:00\",\"description\":\"Banc Neondara de Fusta Pl\u00e0stica Reciclada WPC. Mescla entre sostenibilitat, eleg\u00e0ncia, comoditat i diseny. Un banc que encaixa en qualsevol entorn.\",\"breadcrumb\":{\"@id\":\"https:\/\/yourplastics.es\/ca\/producto\/banco-neondara-de-madera-plastica-reciclada-wpc\/#breadcrumb\"},\"inLanguage\":\"ca\",\"potentialAction\":[{\"@type\":\"ReadAction\",\"target\":[\"https:\/\/yourplastics.es\/ca\/producto\/banco-neondara-de-madera-plastica-reciclada-wpc\/\"]}]},{\"@type\":\"ImageObject\",\"inLanguage\":\"ca\",\"@id\":\"https:\/\/yourplastics.es\/ca\/producto\/banco-neondara-de-madera-plastica-reciclada-wpc\/#primaryimage\",\"url\":\"https:\/\/yourplastics.es\/wp-content\/uploads\/2025\/01\/Banco-Neondara-1-scaled.jpg\",\"contentUrl\":\"https:\/\/yourplastics.es\/wp-content\/uploads\/2025\/01\/Banco-Neondara-1-scaled.jpg\",\"width\":2560,\"height\":1920},{\"@type\":\"BreadcrumbList\",\"@id\":\"https:\/\/yourplastics.es\/ca\/producto\/banco-neondara-de-madera-plastica-reciclada-wpc\/#breadcrumb\",\"itemListElement\":[{\"@type\":\"ListItem\",\"position\":1,\"name\":\"Home\",\"item\":\"https:\/\/yourplastics.es\/ca\/\"},{\"@type\":\"ListItem\",\"position\":2,\"name\":\"Botiga\",\"item\":\"https:\/\/yourplastics.es\/ca\/tienda-2\/\"},{\"@type\":\"ListItem\",\"position\":3,\"name\":\"Banc Neondara de Fusta Pl\u00e0stica Reciclada WPC\"}]},{\"@type\":\"WebSite\",\"@id\":\"https:\/\/yourplastics.es\/#website\",\"url\":\"https:\/\/yourplastics.es\/\",\"name\":\"Yourplastics\",\"description\":\"\",\"publisher\":{\"@id\":\"https:\/\/yourplastics.es\/#organization\"},\"potentialAction\":[{\"@type\":\"SearchAction\",\"target\":{\"@type\":\"EntryPoint\",\"urlTemplate\":\"https:\/\/yourplastics.es\/?s={search_term_string}\"},\"query-input\":\"required name=search_term_string\"}],\"inLanguage\":\"ca\"},{\"@type\":\"Organization\",\"@id\":\"https:\/\/yourplastics.es\/#organization\",\"name\":\"Yourplastics\",\"url\":\"https:\/\/yourplastics.es\/\",\"logo\":{\"@type\":\"ImageObject\",\"inLanguage\":\"ca\",\"@id\":\"https:\/\/yourplastics.es\/#\/schema\/logo\/image\/\",\"url\":\"https:\/\/yourplastics.es\/wp-content\/uploads\/2024\/08\/logo2-400x163-1.png\",\"contentUrl\":\"https:\/\/yourplastics.es\/wp-content\/uploads\/2024\/08\/logo2-400x163-1.png\",\"width\":400,\"height\":163,\"caption\":\"Yourplastics\"},\"image\":{\"@id\":\"https:\/\/yourplastics.es\/#\/schema\/logo\/image\/\"}}]}<\/script>\n<!-- \/ Yoast SEO plugin. -->","yoast_head_json":{"title":"Banc Neondara de Fusta Pl\u00e0stica Reciclada WPC - Yourplastics.es","description":"Banc Neondara de Fusta Pl\u00e0stica Reciclada WPC. Mescla entre sostenibilitat, eleg\u00e0ncia, comoditat i diseny. Un banc que encaixa en qualsevol entorn.","robots":{"index":"index","follow":"follow","max-snippet":"max-snippet:-1","max-image-preview":"max-image-preview:large","max-video-preview":"max-video-preview:-1"},"canonical":"https:\/\/yourplastics.es\/ca\/producto\/banco-neondara-de-madera-plastica-reciclada-wpc\/","og_locale":"ca_ES","og_type":"article","og_title":"Banc Neondara de Fusta Pl\u00e0stica Reciclada WPC - Yourplastics.es","og_description":"Banc Neondara de Fusta Pl\u00e0stica Reciclada WPC. Mescla entre sostenibilitat, eleg\u00e0ncia, comoditat i diseny. Un banc que encaixa en qualsevol entorn.","og_url":"https:\/\/yourplastics.es\/ca\/producto\/banco-neondara-de-madera-plastica-reciclada-wpc\/","og_site_name":"Yourplastics.es","article_modified_time":"2025-01-13T13:06:25+00:00","og_image":[{"width":2560,"height":1920,"url":"https:\/\/yourplastics.es\/wp-content\/uploads\/2025\/01\/Banco-Neondara-1-scaled.jpg","type":"image\/jpeg"}],"twitter_card":"summary_large_image","twitter_misc":{"Temps estimat de lectura":"2 minuts"},"schema":{"@context":"https:\/\/schema.org","@graph":[{"@type":"WebPage","@id":"https:\/\/yourplastics.es\/ca\/producto\/banco-neondara-de-madera-plastica-reciclada-wpc\/","url":"https:\/\/yourplastics.es\/ca\/producto\/banco-neondara-de-madera-plastica-reciclada-wpc\/","name":"Banc Neondara de Fusta Pl\u00e0stica Reciclada WPC - Yourplastics.es","isPartOf":{"@id":"https:\/\/yourplastics.es\/#website"},"primaryImageOfPage":{"@id":"https:\/\/yourplastics.es\/ca\/producto\/banco-neondara-de-madera-plastica-reciclada-wpc\/#primaryimage"},"image":{"@id":"https:\/\/yourplastics.es\/ca\/producto\/banco-neondara-de-madera-plastica-reciclada-wpc\/#primaryimage"},"thumbnailUrl":"https:\/\/yourplastics.es\/wp-content\/uploads\/2025\/01\/Banco-Neondara-1-scaled.jpg","datePublished":"2025-01-13T12:38:31+00:00","dateModified":"2025-01-13T13:06:25+00:00","description":"Banc Neondara de Fusta Pl\u00e0stica Reciclada WPC. Mescla entre sostenibilitat, eleg\u00e0ncia, comoditat i diseny. Un banc que encaixa en qualsevol entorn.","breadcrumb":{"@id":"https:\/\/yourplastics.es\/ca\/producto\/banco-neondara-de-madera-plastica-reciclada-wpc\/#breadcrumb"},"inLanguage":"ca","potentialAction":[{"@type":"ReadAction","target":["https:\/\/yourplastics.es\/ca\/producto\/banco-neondara-de-madera-plastica-reciclada-wpc\/"]}]},{"@type":"ImageObject","inLanguage":"ca","@id":"https:\/\/yourplastics.es\/ca\/producto\/banco-neondara-de-madera-plastica-reciclada-wpc\/#primaryimage","url":"https:\/\/yourplastics.es\/wp-content\/uploads\/2025\/01\/Banco-Neondara-1-scaled.jpg","contentUrl":"https:\/\/yourplastics.es\/wp-content\/uploads\/2025\/01\/Banco-Neondara-1-scaled.jpg","width":2560,"height":1920},{"@type":"BreadcrumbList","@id":"https:\/\/yourplastics.es\/ca\/producto\/banco-neondara-de-madera-plastica-reciclada-wpc\/#breadcrumb","itemListElement":[{"@type":"ListItem","position":1,"name":"Home","item":"https:\/\/yourplastics.es\/ca\/"},{"@type":"ListItem","position":2,"name":"Botiga","item":"https:\/\/yourplastics.es\/ca\/tienda-2\/"},{"@type":"ListItem","position":3,"name":"Banc Neondara de Fusta Pl\u00e0stica Reciclada WPC"}]},{"@type":"WebSite","@id":"https:\/\/yourplastics.es\/#website","url":"https:\/\/yourplastics.es\/","name":"Yourplastics","description":"","publisher":{"@id":"https:\/\/yourplastics.es\/#organization"},"potentialAction":[{"@type":"SearchAction","target":{"@type":"EntryPoint","urlTemplate":"https:\/\/yourplastics.es\/?s={search_term_string}"},"query-input":"required name=search_term_string"}],"inLanguage":"ca"},{"@type":"Organization","@id":"https:\/\/yourplastics.es\/#organization","name":"Yourplastics","url":"https:\/\/yourplastics.es\/","logo":{"@type":"ImageObject","inLanguage":"ca","@id":"https:\/\/yourplastics.es\/#\/schema\/logo\/image\/","url":"https:\/\/yourplastics.es\/wp-content\/uploads\/2024\/08\/logo2-400x163-1.png","contentUrl":"https:\/\/yourplastics.es\/wp-content\/uploads\/2024\/08\/logo2-400x163-1.png","width":400,"height":163,"caption":"Yourplastics"},"image":{"@id":"https:\/\/yourplastics.es\/#\/schema\/logo\/image\/"}}]}},"_links":{"self":[{"href":"https:\/\/yourplastics.es\/ca\/wp-json\/wp\/v2\/product\/8101","targetHints":{"allow":["GET"]}}],"collection":[{"href":"https:\/\/yourplastics.es\/ca\/wp-json\/wp\/v2\/product"}],"about":[{"href":"https:\/\/yourplastics.es\/ca\/wp-json\/wp\/v2\/types\/product"}],"replies":[{"embeddable":true,"href":"https:\/\/yourplastics.es\/ca\/wp-json\/wp\/v2\/comments?post=8101"}],"wp:featuredmedia":[{"embeddable":true,"href":"https:\/\/yourplastics.es\/ca\/wp-json\/wp\/v2\/media\/8088"}],"wp:attachment":[{"href":"https:\/\/yourplastics.es\/ca\/wp-json\/wp\/v2\/media?parent=8101"}],"wp:term":[{"taxonomy":"product_cat","embeddable":true,"href":"https:\/\/yourplastics.es\/ca\/wp-json\/wp\/v2\/product_cat?post=8101"},{"taxonomy":"product_tag","embeddable":true,"href":"https:\/\/yourplastics.es\/ca\/wp-json\/wp\/v2\/product_tag?post=8101"}],"curies":[{"name":"wp","href":"https:\/\/api.w.org\/{rel}","templated":true}]}}