{"id":6560,"date":"2024-04-11T04:58:35","date_gmt":"2024-04-11T04:58:35","guid":{"rendered":"https:\/\/yourplastics.es\/?post_type=product&#038;p=6560"},"modified":"2024-08-26T11:30:51","modified_gmt":"2024-08-26T11:30:51","slug":"eco-punt-sistema-tancat","status":"publish","type":"product","link":"https:\/\/yourplastics.es\/ca\/producto\/eco-punt-sistema-tancat\/","title":{"rendered":"ECO PUNT &#8211; SISTEMA TANCAT"},"content":{"rendered":"","protected":false},"excerpt":{"rendered":"<p>El nostre sistema per a paret d&#8217;ocultaci\u00f3 fet de pl\u00e0stic reciclat hanit\u00ae \u00e9s la soluci\u00f3 ideal de guarda contenidors per emmagatzemar els reciclables i els contenidors d&#8217;escombraries. \u00c9s una bona manera de dissimular els antiest\u00e8tics contenidors, alhora, aquest sistema \u00e9s pr\u00e0ctic, estable i ben ventilat. Les taules encadellades dificulten la visi\u00f3 des de l&#8217;exterior.<\/p>\n<p>El resultat: un aspecte net i ordenat dels contenidors.<\/p>\n<p>&nbsp;<\/p>\n","protected":false},"featured_media":6562,"comment_status":"closed","ping_status":"closed","template":"","meta":[],"product_cat":[194,159],"product_tag":[],"class_list":{"0":"post-6560","1":"product","2":"type-product","3":"status-publish","4":"has-post-thumbnail","6":"product_cat-allotjament-contenidors-ca","7":"product_cat-ecopunts","9":"first","10":"instock","11":"shipping-taxable","12":"product-type-simple"},"yoast_head":"<!-- This site is optimized with the Yoast SEO plugin v23.2 - https:\/\/yoast.com\/wordpress\/plugins\/seo\/ -->\n<title>ECO PUNT - SISTEMA TANCAT - Yourplastics.es<\/title>\n<meta name=\"description\" content=\"Sistema de protecci\u00f3 visual tancat de taules encadellades. Soluci\u00f3 innovadora d&#039;allotjament per a contenidors de pl\u00e0stic 100% reciclat.\" \/>\n<meta name=\"robots\" content=\"index, follow, max-snippet:-1, max-image-preview:large, max-video-preview:-1\" \/>\n<link rel=\"canonical\" href=\"https:\/\/yourplastics.es\/ca\/producto\/eco-punt-sistema-tancat\/\" \/>\n<meta property=\"og:locale\" content=\"ca_ES\" \/>\n<meta property=\"og:type\" content=\"article\" \/>\n<meta property=\"og:title\" content=\"ECO PUNT - SISTEMA TANCAT - Yourplastics.es\" \/>\n<meta property=\"og:description\" content=\"Sistema de protecci\u00f3 visual tancat de taules encadellades. Soluci\u00f3 innovadora d&#039;allotjament per a contenidors de pl\u00e0stic 100% reciclat.\" \/>\n<meta property=\"og:url\" content=\"https:\/\/yourplastics.es\/ca\/producto\/eco-punt-sistema-tancat\/\" \/>\n<meta property=\"og:site_name\" content=\"Yourplastics.es\" \/>\n<meta property=\"article:modified_time\" content=\"2024-08-26T11:30:51+00:00\" \/>\n<meta property=\"og:image\" content=\"https:\/\/yourplastics.es\/wp-content\/uploads\/2024\/03\/ecopunto-1.jpg\" \/>\n\t<meta property=\"og:image:width\" content=\"1000\" \/>\n\t<meta property=\"og:image:height\" content=\"750\" \/>\n\t<meta property=\"og:image:type\" content=\"image\/jpeg\" \/>\n<meta name=\"twitter:card\" content=\"summary_large_image\" \/>\n<meta name=\"twitter:label1\" content=\"Temps estimat de lectura\" \/>\n\t<meta name=\"twitter:data1\" content=\"1 minut\" \/>\n<script type=\"application\/ld+json\" class=\"yoast-schema-graph\">{\"@context\":\"https:\/\/schema.org\",\"@graph\":[{\"@type\":\"WebPage\",\"@id\":\"https:\/\/yourplastics.es\/ca\/producto\/eco-punt-sistema-tancat\/\",\"url\":\"https:\/\/yourplastics.es\/ca\/producto\/eco-punt-sistema-tancat\/\",\"name\":\"ECO PUNT - SISTEMA TANCAT - Yourplastics.es\",\"isPartOf\":{\"@id\":\"https:\/\/yourplastics.es\/#website\"},\"primaryImageOfPage\":{\"@id\":\"https:\/\/yourplastics.es\/ca\/producto\/eco-punt-sistema-tancat\/#primaryimage\"},\"image\":{\"@id\":\"https:\/\/yourplastics.es\/ca\/producto\/eco-punt-sistema-tancat\/#primaryimage\"},\"thumbnailUrl\":\"https:\/\/yourplastics.es\/wp-content\/uploads\/2024\/03\/ecopunto-1.jpg\",\"datePublished\":\"2024-04-11T04:58:35+00:00\",\"dateModified\":\"2024-08-26T11:30:51+00:00\",\"description\":\"Sistema de protecci\u00f3 visual tancat de taules encadellades. Soluci\u00f3 innovadora d'allotjament per a contenidors de pl\u00e0stic 100% reciclat.\",\"breadcrumb\":{\"@id\":\"https:\/\/yourplastics.es\/ca\/producto\/eco-punt-sistema-tancat\/#breadcrumb\"},\"inLanguage\":\"ca\",\"potentialAction\":[{\"@type\":\"ReadAction\",\"target\":[\"https:\/\/yourplastics.es\/ca\/producto\/eco-punt-sistema-tancat\/\"]}]},{\"@type\":\"ImageObject\",\"inLanguage\":\"ca\",\"@id\":\"https:\/\/yourplastics.es\/ca\/producto\/eco-punt-sistema-tancat\/#primaryimage\",\"url\":\"https:\/\/yourplastics.es\/wp-content\/uploads\/2024\/03\/ecopunto-1.jpg\",\"contentUrl\":\"https:\/\/yourplastics.es\/wp-content\/uploads\/2024\/03\/ecopunto-1.jpg\",\"width\":1000,\"height\":750},{\"@type\":\"BreadcrumbList\",\"@id\":\"https:\/\/yourplastics.es\/ca\/producto\/eco-punt-sistema-tancat\/#breadcrumb\",\"itemListElement\":[{\"@type\":\"ListItem\",\"position\":1,\"name\":\"Home\",\"item\":\"https:\/\/yourplastics.es\/ca\/\"},{\"@type\":\"ListItem\",\"position\":2,\"name\":\"Botiga\",\"item\":\"https:\/\/yourplastics.es\/ca\/tienda-2\/\"},{\"@type\":\"ListItem\",\"position\":3,\"name\":\"ECO PUNT &#8211; SISTEMA TANCAT\"}]},{\"@type\":\"WebSite\",\"@id\":\"https:\/\/yourplastics.es\/#website\",\"url\":\"https:\/\/yourplastics.es\/\",\"name\":\"Yourplastics\",\"description\":\"\",\"publisher\":{\"@id\":\"https:\/\/yourplastics.es\/#organization\"},\"potentialAction\":[{\"@type\":\"SearchAction\",\"target\":{\"@type\":\"EntryPoint\",\"urlTemplate\":\"https:\/\/yourplastics.es\/?s={search_term_string}\"},\"query-input\":\"required name=search_term_string\"}],\"inLanguage\":\"ca\"},{\"@type\":\"Organization\",\"@id\":\"https:\/\/yourplastics.es\/#organization\",\"name\":\"Yourplastics\",\"url\":\"https:\/\/yourplastics.es\/\",\"logo\":{\"@type\":\"ImageObject\",\"inLanguage\":\"ca\",\"@id\":\"https:\/\/yourplastics.es\/#\/schema\/logo\/image\/\",\"url\":\"https:\/\/yourplastics.es\/wp-content\/uploads\/2024\/08\/logo2-400x163-1.png\",\"contentUrl\":\"https:\/\/yourplastics.es\/wp-content\/uploads\/2024\/08\/logo2-400x163-1.png\",\"width\":400,\"height\":163,\"caption\":\"Yourplastics\"},\"image\":{\"@id\":\"https:\/\/yourplastics.es\/#\/schema\/logo\/image\/\"}}]}<\/script>\n<!-- \/ Yoast SEO plugin. -->","yoast_head_json":{"title":"ECO PUNT - SISTEMA TANCAT - Yourplastics.es","description":"Sistema de protecci\u00f3 visual tancat de taules encadellades. Soluci\u00f3 innovadora d'allotjament per a contenidors de pl\u00e0stic 100% reciclat.","robots":{"index":"index","follow":"follow","max-snippet":"max-snippet:-1","max-image-preview":"max-image-preview:large","max-video-preview":"max-video-preview:-1"},"canonical":"https:\/\/yourplastics.es\/ca\/producto\/eco-punt-sistema-tancat\/","og_locale":"ca_ES","og_type":"article","og_title":"ECO PUNT - SISTEMA TANCAT - Yourplastics.es","og_description":"Sistema de protecci\u00f3 visual tancat de taules encadellades. Soluci\u00f3 innovadora d'allotjament per a contenidors de pl\u00e0stic 100% reciclat.","og_url":"https:\/\/yourplastics.es\/ca\/producto\/eco-punt-sistema-tancat\/","og_site_name":"Yourplastics.es","article_modified_time":"2024-08-26T11:30:51+00:00","og_image":[{"width":1000,"height":750,"url":"https:\/\/yourplastics.es\/wp-content\/uploads\/2024\/03\/ecopunto-1.jpg","type":"image\/jpeg"}],"twitter_card":"summary_large_image","twitter_misc":{"Temps estimat de lectura":"1 minut"},"schema":{"@context":"https:\/\/schema.org","@graph":[{"@type":"WebPage","@id":"https:\/\/yourplastics.es\/ca\/producto\/eco-punt-sistema-tancat\/","url":"https:\/\/yourplastics.es\/ca\/producto\/eco-punt-sistema-tancat\/","name":"ECO PUNT - SISTEMA TANCAT - Yourplastics.es","isPartOf":{"@id":"https:\/\/yourplastics.es\/#website"},"primaryImageOfPage":{"@id":"https:\/\/yourplastics.es\/ca\/producto\/eco-punt-sistema-tancat\/#primaryimage"},"image":{"@id":"https:\/\/yourplastics.es\/ca\/producto\/eco-punt-sistema-tancat\/#primaryimage"},"thumbnailUrl":"https:\/\/yourplastics.es\/wp-content\/uploads\/2024\/03\/ecopunto-1.jpg","datePublished":"2024-04-11T04:58:35+00:00","dateModified":"2024-08-26T11:30:51+00:00","description":"Sistema de protecci\u00f3 visual tancat de taules encadellades. Soluci\u00f3 innovadora d'allotjament per a contenidors de pl\u00e0stic 100% reciclat.","breadcrumb":{"@id":"https:\/\/yourplastics.es\/ca\/producto\/eco-punt-sistema-tancat\/#breadcrumb"},"inLanguage":"ca","potentialAction":[{"@type":"ReadAction","target":["https:\/\/yourplastics.es\/ca\/producto\/eco-punt-sistema-tancat\/"]}]},{"@type":"ImageObject","inLanguage":"ca","@id":"https:\/\/yourplastics.es\/ca\/producto\/eco-punt-sistema-tancat\/#primaryimage","url":"https:\/\/yourplastics.es\/wp-content\/uploads\/2024\/03\/ecopunto-1.jpg","contentUrl":"https:\/\/yourplastics.es\/wp-content\/uploads\/2024\/03\/ecopunto-1.jpg","width":1000,"height":750},{"@type":"BreadcrumbList","@id":"https:\/\/yourplastics.es\/ca\/producto\/eco-punt-sistema-tancat\/#breadcrumb","itemListElement":[{"@type":"ListItem","position":1,"name":"Home","item":"https:\/\/yourplastics.es\/ca\/"},{"@type":"ListItem","position":2,"name":"Botiga","item":"https:\/\/yourplastics.es\/ca\/tienda-2\/"},{"@type":"ListItem","position":3,"name":"ECO PUNT &#8211; SISTEMA TANCAT"}]},{"@type":"WebSite","@id":"https:\/\/yourplastics.es\/#website","url":"https:\/\/yourplastics.es\/","name":"Yourplastics","description":"","publisher":{"@id":"https:\/\/yourplastics.es\/#organization"},"potentialAction":[{"@type":"SearchAction","target":{"@type":"EntryPoint","urlTemplate":"https:\/\/yourplastics.es\/?s={search_term_string}"},"query-input":"required name=search_term_string"}],"inLanguage":"ca"},{"@type":"Organization","@id":"https:\/\/yourplastics.es\/#organization","name":"Yourplastics","url":"https:\/\/yourplastics.es\/","logo":{"@type":"ImageObject","inLanguage":"ca","@id":"https:\/\/yourplastics.es\/#\/schema\/logo\/image\/","url":"https:\/\/yourplastics.es\/wp-content\/uploads\/2024\/08\/logo2-400x163-1.png","contentUrl":"https:\/\/yourplastics.es\/wp-content\/uploads\/2024\/08\/logo2-400x163-1.png","width":400,"height":163,"caption":"Yourplastics"},"image":{"@id":"https:\/\/yourplastics.es\/#\/schema\/logo\/image\/"}}]}},"_links":{"self":[{"href":"https:\/\/yourplastics.es\/ca\/wp-json\/wp\/v2\/product\/6560","targetHints":{"allow":["GET"]}}],"collection":[{"href":"https:\/\/yourplastics.es\/ca\/wp-json\/wp\/v2\/product"}],"about":[{"href":"https:\/\/yourplastics.es\/ca\/wp-json\/wp\/v2\/types\/product"}],"replies":[{"embeddable":true,"href":"https:\/\/yourplastics.es\/ca\/wp-json\/wp\/v2\/comments?post=6560"}],"wp:featuredmedia":[{"embeddable":true,"href":"https:\/\/yourplastics.es\/ca\/wp-json\/wp\/v2\/media\/6562"}],"wp:attachment":[{"href":"https:\/\/yourplastics.es\/ca\/wp-json\/wp\/v2\/media?parent=6560"}],"wp:term":[{"taxonomy":"product_cat","embeddable":true,"href":"https:\/\/yourplastics.es\/ca\/wp-json\/wp\/v2\/product_cat?post=6560"},{"taxonomy":"product_tag","embeddable":true,"href":"https:\/\/yourplastics.es\/ca\/wp-json\/wp\/v2\/product_tag?post=6560"}],"curies":[{"name":"wp","href":"https:\/\/api.w.org\/{rel}","templated":true}]}}