{"id":6383,"date":"2024-03-04T09:11:14","date_gmt":"2024-03-04T09:11:14","guid":{"rendered":"https:\/\/yourplastics.es\/producto\/paret-de-proteccio-visual\/"},"modified":"2024-05-23T09:55:56","modified_gmt":"2024-05-23T09:55:56","slug":"paret-de-proteccio-visual","status":"publish","type":"product","link":"https:\/\/yourplastics.es\/ca\/producto\/paret-de-proteccio-visual\/","title":{"rendered":"Paret de protecci\u00f3 visual"},"content":{"rendered":"<ul>\n<li>Llarg de la paret: 200 cm (des d&#8217;eixos)<\/li>\n<li>Al\u00e7ada: 195 cm (15 taules encadellades)<\/li>\n<li>El sistema perfecte amb pal de secci\u00f3, de cantonada i terminal<\/li>\n<li>Muntatge senzill<\/li>\n<li>lliure de manteniment<\/li>\n<li>La protecci\u00f3 visual que un vol veure\n<div id=\"tabcontainer1\" class=\"tabcontainer1\">\n<p>Els pals de secci\u00f3, cantoner i terminal compten amb una tapa superior protectora.<\/p>\n<p>&nbsp;<\/p>\n<h3 data-fontsize=\"20\" data-lineheight=\"29\">Informaci\u00f3 addicional<\/h3>\n<table class=\"woocommerce-product-attributes shop_attributes\">\n<tbody>\n<tr class=\"woocommerce-product-attributes-item woocommerce-product-attributes-item--attribute_color\">\n<th class=\"woocommerce-product-attributes-item__label\">Color<\/th>\n<td class=\"woocommerce-product-attributes-item__value\">gris, marr\u00f3, verd<\/td>\n<\/tr>\n<tr class=\"woocommerce-product-attributes-item woocommerce-product-attributes-item--attribute_caracter%c3%adstiques\">\n<th class=\"woocommerce-product-attributes-item__label\">Caracter\u00edstiques<\/th>\n<td class=\"woocommerce-product-attributes-item__value\">Suport central, Pal de secci\u00f3, Pal cantoner, Pal terminal, Taula encadellada<\/td>\n<\/tr>\n<\/tbody>\n<\/table>\n<\/div>\n<\/li>\n<\/ul>\n","protected":false},"excerpt":{"rendered":"<div class=\"content--title\">Informaci\u00f3 del producte &#8220;Paret de protecci\u00f3 visual&#8221;<\/div>\n<div class=\"product--description\">\n<p>La columna vertebral del nostre sistema de protecci\u00f3 visual est\u00e0 formada pels pals de pl\u00e0stic reciclat refor\u00e7ats que serveixen com a pals de secci\u00f3, de cantonada i terminals al costat d&#8217;una tapa protectora. En aquesta estable estructura s&#8217;insereixen els panells encadellats. La darrera taula es refor\u00e7a amb un suport central per brindar m\u00e9s estabilitat. Aix\u00f2 permet de manera senzilla la construcci\u00f3 de parets de diverses al\u00e7ades amb els coneguts avantatges del hanit<sup>\u00ae<\/sup>.<\/p>\n<\/div>\n","protected":false},"featured_media":2676,"comment_status":"open","ping_status":"closed","template":"","meta":[],"product_cat":[163,167],"product_tag":[],"class_list":{"0":"post-6383","1":"product","2":"type-product","3":"status-publish","4":"has-post-thumbnail","6":"product_cat-proteccio-visual","7":"product_cat-tancats-i-tanques","9":"first","10":"instock","11":"shipping-taxable","12":"product-type-simple"},"yoast_head":"<!-- This site is optimized with the Yoast SEO plugin v23.2 - https:\/\/yoast.com\/wordpress\/plugins\/seo\/ -->\n<title>Paret de protecci\u00f3 visual - Yourplastics.es<\/title>\n<meta name=\"robots\" content=\"index, follow, max-snippet:-1, max-image-preview:large, max-video-preview:-1\" \/>\n<link rel=\"canonical\" href=\"https:\/\/yourplastics.es\/ca\/producto\/paret-de-proteccio-visual\/\" \/>\n<meta property=\"og:locale\" content=\"ca_ES\" \/>\n<meta property=\"og:type\" content=\"article\" \/>\n<meta property=\"og:title\" content=\"Paret de protecci\u00f3 visual - Yourplastics.es\" \/>\n<meta property=\"og:description\" content=\"Informaci\u00f3 del producte &quot;Paret de protecci\u00f3 visual&quot;   La columna vertebral del nostre sistema de protecci\u00f3 visual est\u00e0 formada pels pals de pl\u00e0stic reciclat refor\u00e7ats que serveixen com a pals de secci\u00f3, de cantonada i terminals al costat d&#039;una tapa protectora. En aquesta estable estructura s&#039;insereixen els panells encadellats. La darrera taula es refor\u00e7a amb un suport central per brindar m\u00e9s estabilitat. Aix\u00f2 permet de manera senzilla la construcci\u00f3 de parets de diverses al\u00e7ades amb els coneguts avantatges del hanit\u00ae.\" \/>\n<meta property=\"og:url\" content=\"https:\/\/yourplastics.es\/ca\/producto\/paret-de-proteccio-visual\/\" \/>\n<meta property=\"og:site_name\" content=\"Yourplastics.es\" \/>\n<meta property=\"article:modified_time\" content=\"2024-05-23T09:55:56+00:00\" \/>\n<meta property=\"og:image\" content=\"https:\/\/yourplastics.es\/wp-content\/uploads\/2024\/03\/303000_Sichtschutz_3D_850.jpg\" \/>\n\t<meta property=\"og:image:width\" content=\"1600\" \/>\n\t<meta property=\"og:image:height\" content=\"658\" \/>\n\t<meta property=\"og:image:type\" content=\"image\/jpeg\" \/>\n<meta name=\"twitter:card\" content=\"summary_large_image\" \/>\n<script type=\"application\/ld+json\" class=\"yoast-schema-graph\">{\"@context\":\"https:\/\/schema.org\",\"@graph\":[{\"@type\":\"WebPage\",\"@id\":\"https:\/\/yourplastics.es\/ca\/producto\/paret-de-proteccio-visual\/\",\"url\":\"https:\/\/yourplastics.es\/ca\/producto\/paret-de-proteccio-visual\/\",\"name\":\"Paret de protecci\u00f3 visual - Yourplastics.es\",\"isPartOf\":{\"@id\":\"https:\/\/yourplastics.es\/#website\"},\"primaryImageOfPage\":{\"@id\":\"https:\/\/yourplastics.es\/ca\/producto\/paret-de-proteccio-visual\/#primaryimage\"},\"image\":{\"@id\":\"https:\/\/yourplastics.es\/ca\/producto\/paret-de-proteccio-visual\/#primaryimage\"},\"thumbnailUrl\":\"https:\/\/yourplastics.es\/wp-content\/uploads\/2024\/03\/303000_Sichtschutz_3D_850.jpg\",\"datePublished\":\"2024-03-04T09:11:14+00:00\",\"dateModified\":\"2024-05-23T09:55:56+00:00\",\"breadcrumb\":{\"@id\":\"https:\/\/yourplastics.es\/ca\/producto\/paret-de-proteccio-visual\/#breadcrumb\"},\"inLanguage\":\"ca\",\"potentialAction\":[{\"@type\":\"ReadAction\",\"target\":[\"https:\/\/yourplastics.es\/ca\/producto\/paret-de-proteccio-visual\/\"]}]},{\"@type\":\"ImageObject\",\"inLanguage\":\"ca\",\"@id\":\"https:\/\/yourplastics.es\/ca\/producto\/paret-de-proteccio-visual\/#primaryimage\",\"url\":\"https:\/\/yourplastics.es\/wp-content\/uploads\/2024\/03\/303000_Sichtschutz_3D_850.jpg\",\"contentUrl\":\"https:\/\/yourplastics.es\/wp-content\/uploads\/2024\/03\/303000_Sichtschutz_3D_850.jpg\",\"width\":1600,\"height\":658},{\"@type\":\"BreadcrumbList\",\"@id\":\"https:\/\/yourplastics.es\/ca\/producto\/paret-de-proteccio-visual\/#breadcrumb\",\"itemListElement\":[{\"@type\":\"ListItem\",\"position\":1,\"name\":\"Home\",\"item\":\"https:\/\/yourplastics.es\/ca\/\"},{\"@type\":\"ListItem\",\"position\":2,\"name\":\"Botiga\",\"item\":\"https:\/\/yourplastics.es\/ca\/tienda-2\/\"},{\"@type\":\"ListItem\",\"position\":3,\"name\":\"Paret de protecci\u00f3 visual\"}]},{\"@type\":\"WebSite\",\"@id\":\"https:\/\/yourplastics.es\/#website\",\"url\":\"https:\/\/yourplastics.es\/\",\"name\":\"Yourplastics\",\"description\":\"\",\"publisher\":{\"@id\":\"https:\/\/yourplastics.es\/#organization\"},\"potentialAction\":[{\"@type\":\"SearchAction\",\"target\":{\"@type\":\"EntryPoint\",\"urlTemplate\":\"https:\/\/yourplastics.es\/?s={search_term_string}\"},\"query-input\":\"required name=search_term_string\"}],\"inLanguage\":\"ca\"},{\"@type\":\"Organization\",\"@id\":\"https:\/\/yourplastics.es\/#organization\",\"name\":\"Yourplastics\",\"url\":\"https:\/\/yourplastics.es\/\",\"logo\":{\"@type\":\"ImageObject\",\"inLanguage\":\"ca\",\"@id\":\"https:\/\/yourplastics.es\/#\/schema\/logo\/image\/\",\"url\":\"https:\/\/yourplastics.es\/wp-content\/uploads\/2024\/08\/logo2-400x163-1.png\",\"contentUrl\":\"https:\/\/yourplastics.es\/wp-content\/uploads\/2024\/08\/logo2-400x163-1.png\",\"width\":400,\"height\":163,\"caption\":\"Yourplastics\"},\"image\":{\"@id\":\"https:\/\/yourplastics.es\/#\/schema\/logo\/image\/\"}}]}<\/script>\n<!-- \/ Yoast SEO plugin. -->","yoast_head_json":{"title":"Paret de protecci\u00f3 visual - Yourplastics.es","robots":{"index":"index","follow":"follow","max-snippet":"max-snippet:-1","max-image-preview":"max-image-preview:large","max-video-preview":"max-video-preview:-1"},"canonical":"https:\/\/yourplastics.es\/ca\/producto\/paret-de-proteccio-visual\/","og_locale":"ca_ES","og_type":"article","og_title":"Paret de protecci\u00f3 visual - Yourplastics.es","og_description":"Informaci\u00f3 del producte \"Paret de protecci\u00f3 visual\"   La columna vertebral del nostre sistema de protecci\u00f3 visual est\u00e0 formada pels pals de pl\u00e0stic reciclat refor\u00e7ats que serveixen com a pals de secci\u00f3, de cantonada i terminals al costat d'una tapa protectora. En aquesta estable estructura s'insereixen els panells encadellats. La darrera taula es refor\u00e7a amb un suport central per brindar m\u00e9s estabilitat. Aix\u00f2 permet de manera senzilla la construcci\u00f3 de parets de diverses al\u00e7ades amb els coneguts avantatges del hanit\u00ae.","og_url":"https:\/\/yourplastics.es\/ca\/producto\/paret-de-proteccio-visual\/","og_site_name":"Yourplastics.es","article_modified_time":"2024-05-23T09:55:56+00:00","og_image":[{"width":1600,"height":658,"url":"https:\/\/yourplastics.es\/wp-content\/uploads\/2024\/03\/303000_Sichtschutz_3D_850.jpg","type":"image\/jpeg"}],"twitter_card":"summary_large_image","schema":{"@context":"https:\/\/schema.org","@graph":[{"@type":"WebPage","@id":"https:\/\/yourplastics.es\/ca\/producto\/paret-de-proteccio-visual\/","url":"https:\/\/yourplastics.es\/ca\/producto\/paret-de-proteccio-visual\/","name":"Paret de protecci\u00f3 visual - Yourplastics.es","isPartOf":{"@id":"https:\/\/yourplastics.es\/#website"},"primaryImageOfPage":{"@id":"https:\/\/yourplastics.es\/ca\/producto\/paret-de-proteccio-visual\/#primaryimage"},"image":{"@id":"https:\/\/yourplastics.es\/ca\/producto\/paret-de-proteccio-visual\/#primaryimage"},"thumbnailUrl":"https:\/\/yourplastics.es\/wp-content\/uploads\/2024\/03\/303000_Sichtschutz_3D_850.jpg","datePublished":"2024-03-04T09:11:14+00:00","dateModified":"2024-05-23T09:55:56+00:00","breadcrumb":{"@id":"https:\/\/yourplastics.es\/ca\/producto\/paret-de-proteccio-visual\/#breadcrumb"},"inLanguage":"ca","potentialAction":[{"@type":"ReadAction","target":["https:\/\/yourplastics.es\/ca\/producto\/paret-de-proteccio-visual\/"]}]},{"@type":"ImageObject","inLanguage":"ca","@id":"https:\/\/yourplastics.es\/ca\/producto\/paret-de-proteccio-visual\/#primaryimage","url":"https:\/\/yourplastics.es\/wp-content\/uploads\/2024\/03\/303000_Sichtschutz_3D_850.jpg","contentUrl":"https:\/\/yourplastics.es\/wp-content\/uploads\/2024\/03\/303000_Sichtschutz_3D_850.jpg","width":1600,"height":658},{"@type":"BreadcrumbList","@id":"https:\/\/yourplastics.es\/ca\/producto\/paret-de-proteccio-visual\/#breadcrumb","itemListElement":[{"@type":"ListItem","position":1,"name":"Home","item":"https:\/\/yourplastics.es\/ca\/"},{"@type":"ListItem","position":2,"name":"Botiga","item":"https:\/\/yourplastics.es\/ca\/tienda-2\/"},{"@type":"ListItem","position":3,"name":"Paret de protecci\u00f3 visual"}]},{"@type":"WebSite","@id":"https:\/\/yourplastics.es\/#website","url":"https:\/\/yourplastics.es\/","name":"Yourplastics","description":"","publisher":{"@id":"https:\/\/yourplastics.es\/#organization"},"potentialAction":[{"@type":"SearchAction","target":{"@type":"EntryPoint","urlTemplate":"https:\/\/yourplastics.es\/?s={search_term_string}"},"query-input":"required name=search_term_string"}],"inLanguage":"ca"},{"@type":"Organization","@id":"https:\/\/yourplastics.es\/#organization","name":"Yourplastics","url":"https:\/\/yourplastics.es\/","logo":{"@type":"ImageObject","inLanguage":"ca","@id":"https:\/\/yourplastics.es\/#\/schema\/logo\/image\/","url":"https:\/\/yourplastics.es\/wp-content\/uploads\/2024\/08\/logo2-400x163-1.png","contentUrl":"https:\/\/yourplastics.es\/wp-content\/uploads\/2024\/08\/logo2-400x163-1.png","width":400,"height":163,"caption":"Yourplastics"},"image":{"@id":"https:\/\/yourplastics.es\/#\/schema\/logo\/image\/"}}]}},"_links":{"self":[{"href":"https:\/\/yourplastics.es\/ca\/wp-json\/wp\/v2\/product\/6383","targetHints":{"allow":["GET"]}}],"collection":[{"href":"https:\/\/yourplastics.es\/ca\/wp-json\/wp\/v2\/product"}],"about":[{"href":"https:\/\/yourplastics.es\/ca\/wp-json\/wp\/v2\/types\/product"}],"replies":[{"embeddable":true,"href":"https:\/\/yourplastics.es\/ca\/wp-json\/wp\/v2\/comments?post=6383"}],"wp:featuredmedia":[{"embeddable":true,"href":"https:\/\/yourplastics.es\/ca\/wp-json\/wp\/v2\/media\/2676"}],"wp:attachment":[{"href":"https:\/\/yourplastics.es\/ca\/wp-json\/wp\/v2\/media?parent=6383"}],"wp:term":[{"taxonomy":"product_cat","embeddable":true,"href":"https:\/\/yourplastics.es\/ca\/wp-json\/wp\/v2\/product_cat?post=6383"},{"taxonomy":"product_tag","embeddable":true,"href":"https:\/\/yourplastics.es\/ca\/wp-json\/wp\/v2\/product_tag?post=6383"}],"curies":[{"name":"wp","href":"https:\/\/api.w.org\/{rel}","templated":true}]}}