{"id":6382,"date":"2024-03-04T09:11:14","date_gmt":"2024-03-04T09:11:14","guid":{"rendered":"https:\/\/yourplastics.es\/producto\/banc-infantil-canetti-amb-respatller\/"},"modified":"2024-03-04T09:11:14","modified_gmt":"2024-03-04T09:11:14","slug":"banc-infantil-canetti-amb-respatller","status":"publish","type":"product","link":"https:\/\/yourplastics.es\/ca\/producto\/banc-infantil-canetti-amb-respatller\/","title":{"rendered":"Banc infantil Canetti amb respatller"},"content":{"rendered":"<p>Taula per a banc: tipus Premium<br \/>\n3 taules per a bancs: 150 x 8 x 4,7 cm<br \/>\nAl\u00e7ada del seient: 34 cm<\/p>\n","protected":false},"excerpt":{"rendered":"<p>El nostre banc infantil Canetti no nom\u00e9s t\u00e9 un aspecte elegant, sin\u00f3 que tamb\u00e9 ofereix als m\u00e9s petits la m\u00e0xima comoditat de seient amb el respatller. Els amplis peus de suport garanteixen un suport estable. En combinaci\u00f3 amb la taula infantil Canetti, crea un lloc agradable i segur perqu\u00e8 els nens juguin, pintin i es diverteixin, perqu\u00e8 els mobles infantils de pl\u00e0stic reciclat hanit<sup>\u00ae<\/sup> no s&#8217;estellen i eviten les lesions gr\u00e0cies al disseny clar amb vores arrodonides. Aix\u00ed que no s&#8217;interposa res en el cam\u00ed d&#8217;una tarda de joc despreocupada a l&#8217;aire lliure.<\/p>\n<p>\u00bb Amplada: 150 cm<br \/>\n\u00bb Al\u00e7ada del seient: 34 cm<br \/>\n\u00bb Vores arrodonides<br \/>\n\u00bb Opcional: ancoratge al terra tipus 2<\/p>\n<p>Els bancs i les taules se subministren en kit. S&#8217;hi inclouen les instruccions de muntatge i els materials.<\/p>\n<p>&nbsp;<\/p>\n<p>&nbsp;<\/p>\n<p>&nbsp;<\/p>\n","protected":false},"featured_media":4977,"comment_status":"closed","ping_status":"closed","template":"","meta":[],"product_cat":[174],"product_tag":[],"class_list":{"0":"post-6382","1":"product","2":"type-product","3":"status-publish","4":"has-post-thumbnail","6":"product_cat-bancs-infantils","8":"first","9":"instock","10":"shipping-taxable","11":"product-type-simple"},"yoast_head":"<!-- This site is optimized with the Yoast SEO plugin v23.2 - https:\/\/yoast.com\/wordpress\/plugins\/seo\/ -->\n<title>Banc infantil Canetti amb respatller - Yourplastics.es<\/title>\n<meta name=\"robots\" content=\"index, follow, max-snippet:-1, max-image-preview:large, max-video-preview:-1\" \/>\n<link rel=\"canonical\" href=\"https:\/\/yourplastics.es\/ca\/producto\/banc-infantil-canetti-amb-respatller\/\" \/>\n<meta property=\"og:locale\" content=\"ca_ES\" \/>\n<meta property=\"og:type\" content=\"article\" \/>\n<meta property=\"og:title\" content=\"Banc infantil Canetti amb respatller - Yourplastics.es\" \/>\n<meta property=\"og:description\" content=\"El nostre banc infantil Canetti no nom\u00e9s t\u00e9 un aspecte elegant, sin\u00f3 que tamb\u00e9 ofereix als m\u00e9s petits la m\u00e0xima comoditat de seient amb el respatller. Els amplis peus de suport garanteixen un suport estable. En combinaci\u00f3 amb la taula infantil Canetti, crea un lloc agradable i segur perqu\u00e8 els nens juguin, pintin i es diverteixin, perqu\u00e8 els mobles infantils de pl\u00e0stic reciclat hanit\u00ae no s&#039;estellen i eviten les lesions gr\u00e0cies al disseny clar amb vores arrodonides. Aix\u00ed que no s&#039;interposa res en el cam\u00ed d&#039;una tarda de joc despreocupada a l&#039;aire lliure. \u00bb Amplada: 150 cm \u00bb Al\u00e7ada del seient: 34 cm \u00bb Vores arrodonides \u00bb Opcional: ancoratge al terra tipus 2 Els bancs i les taules se subministren en kit. S&#039;hi inclouen les instruccions de muntatge i els materials. &nbsp; &nbsp; &nbsp;\" \/>\n<meta property=\"og:url\" content=\"https:\/\/yourplastics.es\/ca\/producto\/banc-infantil-canetti-amb-respatller\/\" \/>\n<meta property=\"og:site_name\" content=\"Yourplastics.es\" \/>\n<meta property=\"og:image\" content=\"https:\/\/yourplastics.es\/wp-content\/uploads\/2024\/03\/Banco-infantil-Canetti-novedad-verde-2.jpg\" \/>\n\t<meta property=\"og:image:width\" content=\"1660\" \/>\n\t<meta property=\"og:image:height\" content=\"1086\" \/>\n\t<meta property=\"og:image:type\" content=\"image\/jpeg\" \/>\n<meta name=\"twitter:card\" content=\"summary_large_image\" \/>\n<script type=\"application\/ld+json\" class=\"yoast-schema-graph\">{\"@context\":\"https:\/\/schema.org\",\"@graph\":[{\"@type\":\"WebPage\",\"@id\":\"https:\/\/yourplastics.es\/ca\/producto\/banc-infantil-canetti-amb-respatller\/\",\"url\":\"https:\/\/yourplastics.es\/ca\/producto\/banc-infantil-canetti-amb-respatller\/\",\"name\":\"Banc infantil Canetti amb respatller - Yourplastics.es\",\"isPartOf\":{\"@id\":\"https:\/\/yourplastics.es\/#website\"},\"primaryImageOfPage\":{\"@id\":\"https:\/\/yourplastics.es\/ca\/producto\/banc-infantil-canetti-amb-respatller\/#primaryimage\"},\"image\":{\"@id\":\"https:\/\/yourplastics.es\/ca\/producto\/banc-infantil-canetti-amb-respatller\/#primaryimage\"},\"thumbnailUrl\":\"https:\/\/yourplastics.es\/wp-content\/uploads\/2024\/03\/Banco-infantil-Canetti-novedad-verde-2.jpg\",\"datePublished\":\"2024-03-04T09:11:14+00:00\",\"dateModified\":\"2024-03-04T09:11:14+00:00\",\"breadcrumb\":{\"@id\":\"https:\/\/yourplastics.es\/ca\/producto\/banc-infantil-canetti-amb-respatller\/#breadcrumb\"},\"inLanguage\":\"ca\",\"potentialAction\":[{\"@type\":\"ReadAction\",\"target\":[\"https:\/\/yourplastics.es\/ca\/producto\/banc-infantil-canetti-amb-respatller\/\"]}]},{\"@type\":\"ImageObject\",\"inLanguage\":\"ca\",\"@id\":\"https:\/\/yourplastics.es\/ca\/producto\/banc-infantil-canetti-amb-respatller\/#primaryimage\",\"url\":\"https:\/\/yourplastics.es\/wp-content\/uploads\/2024\/03\/Banco-infantil-Canetti-novedad-verde-2.jpg\",\"contentUrl\":\"https:\/\/yourplastics.es\/wp-content\/uploads\/2024\/03\/Banco-infantil-Canetti-novedad-verde-2.jpg\",\"width\":1660,\"height\":1086},{\"@type\":\"BreadcrumbList\",\"@id\":\"https:\/\/yourplastics.es\/ca\/producto\/banc-infantil-canetti-amb-respatller\/#breadcrumb\",\"itemListElement\":[{\"@type\":\"ListItem\",\"position\":1,\"name\":\"Home\",\"item\":\"https:\/\/yourplastics.es\/ca\/\"},{\"@type\":\"ListItem\",\"position\":2,\"name\":\"Botiga\",\"item\":\"https:\/\/yourplastics.es\/ca\/tienda-2\/\"},{\"@type\":\"ListItem\",\"position\":3,\"name\":\"Banc infantil Canetti amb respatller\"}]},{\"@type\":\"WebSite\",\"@id\":\"https:\/\/yourplastics.es\/#website\",\"url\":\"https:\/\/yourplastics.es\/\",\"name\":\"Yourplastics\",\"description\":\"\",\"publisher\":{\"@id\":\"https:\/\/yourplastics.es\/#organization\"},\"potentialAction\":[{\"@type\":\"SearchAction\",\"target\":{\"@type\":\"EntryPoint\",\"urlTemplate\":\"https:\/\/yourplastics.es\/?s={search_term_string}\"},\"query-input\":\"required name=search_term_string\"}],\"inLanguage\":\"ca\"},{\"@type\":\"Organization\",\"@id\":\"https:\/\/yourplastics.es\/#organization\",\"name\":\"Yourplastics\",\"url\":\"https:\/\/yourplastics.es\/\",\"logo\":{\"@type\":\"ImageObject\",\"inLanguage\":\"ca\",\"@id\":\"https:\/\/yourplastics.es\/#\/schema\/logo\/image\/\",\"url\":\"https:\/\/yourplastics.es\/wp-content\/uploads\/2024\/08\/logo2-400x163-1.png\",\"contentUrl\":\"https:\/\/yourplastics.es\/wp-content\/uploads\/2024\/08\/logo2-400x163-1.png\",\"width\":400,\"height\":163,\"caption\":\"Yourplastics\"},\"image\":{\"@id\":\"https:\/\/yourplastics.es\/#\/schema\/logo\/image\/\"}}]}<\/script>\n<!-- \/ Yoast SEO plugin. -->","yoast_head_json":{"title":"Banc infantil Canetti amb respatller - Yourplastics.es","robots":{"index":"index","follow":"follow","max-snippet":"max-snippet:-1","max-image-preview":"max-image-preview:large","max-video-preview":"max-video-preview:-1"},"canonical":"https:\/\/yourplastics.es\/ca\/producto\/banc-infantil-canetti-amb-respatller\/","og_locale":"ca_ES","og_type":"article","og_title":"Banc infantil Canetti amb respatller - Yourplastics.es","og_description":"El nostre banc infantil Canetti no nom\u00e9s t\u00e9 un aspecte elegant, sin\u00f3 que tamb\u00e9 ofereix als m\u00e9s petits la m\u00e0xima comoditat de seient amb el respatller. Els amplis peus de suport garanteixen un suport estable. En combinaci\u00f3 amb la taula infantil Canetti, crea un lloc agradable i segur perqu\u00e8 els nens juguin, pintin i es diverteixin, perqu\u00e8 els mobles infantils de pl\u00e0stic reciclat hanit\u00ae no s'estellen i eviten les lesions gr\u00e0cies al disseny clar amb vores arrodonides. Aix\u00ed que no s'interposa res en el cam\u00ed d'una tarda de joc despreocupada a l'aire lliure. \u00bb Amplada: 150 cm \u00bb Al\u00e7ada del seient: 34 cm \u00bb Vores arrodonides \u00bb Opcional: ancoratge al terra tipus 2 Els bancs i les taules se subministren en kit. S'hi inclouen les instruccions de muntatge i els materials. &nbsp; &nbsp; &nbsp;","og_url":"https:\/\/yourplastics.es\/ca\/producto\/banc-infantil-canetti-amb-respatller\/","og_site_name":"Yourplastics.es","og_image":[{"width":1660,"height":1086,"url":"https:\/\/yourplastics.es\/wp-content\/uploads\/2024\/03\/Banco-infantil-Canetti-novedad-verde-2.jpg","type":"image\/jpeg"}],"twitter_card":"summary_large_image","schema":{"@context":"https:\/\/schema.org","@graph":[{"@type":"WebPage","@id":"https:\/\/yourplastics.es\/ca\/producto\/banc-infantil-canetti-amb-respatller\/","url":"https:\/\/yourplastics.es\/ca\/producto\/banc-infantil-canetti-amb-respatller\/","name":"Banc infantil Canetti amb respatller - Yourplastics.es","isPartOf":{"@id":"https:\/\/yourplastics.es\/#website"},"primaryImageOfPage":{"@id":"https:\/\/yourplastics.es\/ca\/producto\/banc-infantil-canetti-amb-respatller\/#primaryimage"},"image":{"@id":"https:\/\/yourplastics.es\/ca\/producto\/banc-infantil-canetti-amb-respatller\/#primaryimage"},"thumbnailUrl":"https:\/\/yourplastics.es\/wp-content\/uploads\/2024\/03\/Banco-infantil-Canetti-novedad-verde-2.jpg","datePublished":"2024-03-04T09:11:14+00:00","dateModified":"2024-03-04T09:11:14+00:00","breadcrumb":{"@id":"https:\/\/yourplastics.es\/ca\/producto\/banc-infantil-canetti-amb-respatller\/#breadcrumb"},"inLanguage":"ca","potentialAction":[{"@type":"ReadAction","target":["https:\/\/yourplastics.es\/ca\/producto\/banc-infantil-canetti-amb-respatller\/"]}]},{"@type":"ImageObject","inLanguage":"ca","@id":"https:\/\/yourplastics.es\/ca\/producto\/banc-infantil-canetti-amb-respatller\/#primaryimage","url":"https:\/\/yourplastics.es\/wp-content\/uploads\/2024\/03\/Banco-infantil-Canetti-novedad-verde-2.jpg","contentUrl":"https:\/\/yourplastics.es\/wp-content\/uploads\/2024\/03\/Banco-infantil-Canetti-novedad-verde-2.jpg","width":1660,"height":1086},{"@type":"BreadcrumbList","@id":"https:\/\/yourplastics.es\/ca\/producto\/banc-infantil-canetti-amb-respatller\/#breadcrumb","itemListElement":[{"@type":"ListItem","position":1,"name":"Home","item":"https:\/\/yourplastics.es\/ca\/"},{"@type":"ListItem","position":2,"name":"Botiga","item":"https:\/\/yourplastics.es\/ca\/tienda-2\/"},{"@type":"ListItem","position":3,"name":"Banc infantil Canetti amb respatller"}]},{"@type":"WebSite","@id":"https:\/\/yourplastics.es\/#website","url":"https:\/\/yourplastics.es\/","name":"Yourplastics","description":"","publisher":{"@id":"https:\/\/yourplastics.es\/#organization"},"potentialAction":[{"@type":"SearchAction","target":{"@type":"EntryPoint","urlTemplate":"https:\/\/yourplastics.es\/?s={search_term_string}"},"query-input":"required name=search_term_string"}],"inLanguage":"ca"},{"@type":"Organization","@id":"https:\/\/yourplastics.es\/#organization","name":"Yourplastics","url":"https:\/\/yourplastics.es\/","logo":{"@type":"ImageObject","inLanguage":"ca","@id":"https:\/\/yourplastics.es\/#\/schema\/logo\/image\/","url":"https:\/\/yourplastics.es\/wp-content\/uploads\/2024\/08\/logo2-400x163-1.png","contentUrl":"https:\/\/yourplastics.es\/wp-content\/uploads\/2024\/08\/logo2-400x163-1.png","width":400,"height":163,"caption":"Yourplastics"},"image":{"@id":"https:\/\/yourplastics.es\/#\/schema\/logo\/image\/"}}]}},"_links":{"self":[{"href":"https:\/\/yourplastics.es\/ca\/wp-json\/wp\/v2\/product\/6382","targetHints":{"allow":["GET"]}}],"collection":[{"href":"https:\/\/yourplastics.es\/ca\/wp-json\/wp\/v2\/product"}],"about":[{"href":"https:\/\/yourplastics.es\/ca\/wp-json\/wp\/v2\/types\/product"}],"replies":[{"embeddable":true,"href":"https:\/\/yourplastics.es\/ca\/wp-json\/wp\/v2\/comments?post=6382"}],"wp:featuredmedia":[{"embeddable":true,"href":"https:\/\/yourplastics.es\/ca\/wp-json\/wp\/v2\/media\/4977"}],"wp:attachment":[{"href":"https:\/\/yourplastics.es\/ca\/wp-json\/wp\/v2\/media?parent=6382"}],"wp:term":[{"taxonomy":"product_cat","embeddable":true,"href":"https:\/\/yourplastics.es\/ca\/wp-json\/wp\/v2\/product_cat?post=6382"},{"taxonomy":"product_tag","embeddable":true,"href":"https:\/\/yourplastics.es\/ca\/wp-json\/wp\/v2\/product_tag?post=6382"}],"curies":[{"name":"wp","href":"https:\/\/api.w.org\/{rel}","templated":true}]}}