{"id":6377,"date":"2024-03-04T09:11:42","date_gmt":"2024-03-04T09:11:42","guid":{"rendered":"https:\/\/yourplastics.es\/producto\/banc-infantil-pippolino\/"},"modified":"2024-03-04T09:11:42","modified_gmt":"2024-03-04T09:11:42","slug":"banc-infantil-pippolino","status":"publish","type":"product","link":"https:\/\/yourplastics.es\/ca\/producto\/banc-infantil-pippolino\/","title":{"rendered":"Banc infantil Pippolino"},"content":{"rendered":"<ul>\n<li>2 taulers de banc (seient \/ tauler del darrere): 138 x 19\/17 x 4 cm<\/li>\n<li>Longitud: 150 cm<\/li>\n<li>Al\u00e7ada del seient: opcionalment 25 o 34 cm<\/li>\n<li>Dimensions: 150 x 68 x 70 cm<\/li>\n<li>Bell color: seient blau, peus grisos, tauler verd<\/li>\n<li>Segur gr\u00e0cies a les vores arrodonides<\/li>\n<li>El banc com a joguina per pintar<\/li>\n<\/ul>\n<p>Bancs i taules s\u00f3n subministrats desarmats. Instruccions i material per al muntatge inclosos.<\/p>\n<p>&nbsp;<\/p>\n<div class=\"table--section-header content--title\"><strong>Caracter\u00edstiques<\/strong><\/div>\n<table style=\"height: 478px;\" width=\"669\">\n<tbody>\n<tr>\n<td class=\"product--attribute\">Selecci\u00f3<\/td>\n<td class=\"product--attribute\">Llarg: 150 cm<\/td>\n<\/tr>\n<tr>\n<td class=\"product--attribute\">Qualitat (Material)<\/td>\n<td class=\"product--attribute\">hanit<sup>\u00ae<\/sup><\/td>\n<\/tr>\n<tr>\n<td class=\"product--attribute\">Color<\/td>\n<td class=\"product--attribute\">gris-blau-verd<\/td>\n<\/tr>\n<tr>\n<td class=\"product--attribute\">Ample<\/td>\n<td class=\"product--attribute\">150 cm<\/td>\n<\/tr>\n<tr>\n<td class=\"product--attribute\">Alt<\/td>\n<td class=\"product--attribute\">70 cm<\/td>\n<\/tr>\n<tr>\n<td class=\"product--attribute\">Ample<\/td>\n<td class=\"product--attribute\">68 cm<\/td>\n<\/tr>\n<tr>\n<td class=\"product--attribute\">Pes<\/td>\n<td class=\"product--attribute\">57 kg<\/td>\n<\/tr>\n<tr>\n<td class=\"product--attribute\">Superf\u00edcie<\/td>\n<td class=\"product--attribute\">150 x 68 x 70 cm<\/td>\n<\/tr>\n<tr>\n<td class=\"product--attribute\">Tipus d&#8217;ancoratge<\/td>\n<td class=\"product--attribute\">cargolar<\/td>\n<\/tr>\n<tr>\n<td class=\"product--attribute\">Ample del seient<\/td>\n<td class=\"product--attribute\">150 cm<\/td>\n<\/tr>\n<tr>\n<td class=\"product--attribute\">Profunditat del seient<\/td>\n<td class=\"product--attribute\">25 cm<\/td>\n<\/tr>\n<tr>\n<td class=\"product--attribute\">Refor\u00e7<\/td>\n<td class=\"product--attribute\">Refor\u00e7 exterior doble<\/td>\n<\/tr>\n<tr>\n<td class=\"product--attribute\">Tipus de seient<\/td>\n<td class=\"product--attribute\">TIPUS-49 amb 1 taula 4x19x150<\/td>\n<\/tr>\n<tr>\n<td class=\"product--attribute\">Tipus de taules<\/td>\n<td class=\"product--attribute\">Klassik<\/td>\n<\/tr>\n<tr>\n<td class=\"product--attribute\">Material del peu<\/td>\n<td class=\"product--attribute\">hanit<sup>\u00ae<\/sup><\/td>\n<\/tr>\n<tr>\n<td class=\"product--attribute\">Mode d&#8217;enviament<\/td>\n<td class=\"product--attribute\">muntat parcialment<\/td>\n<\/tr>\n<\/tbody>\n<\/table>\n","protected":false},"excerpt":{"rendered":"<div class=\"content--title\">Informaci\u00f3 del producte &#8220;Banc infantil Pippolino&#8221;<\/div>\n<div class=\"product--description\">\n<p>Per descomptat que es pot asseure en aquest banc tranquil\u00b7lament, per\u00f2 quin nen fa aix\u00f2 amb gust! Molt m\u00e9s divertit \u00e9s pintar-los, despr\u00e9s de tot &#8220;Pippolino&#8221; fins i tot t\u00e9 una cara (i per descomptat, es pot netejar simplement el guix). I si els nens van creixent, aquest banc infantil creix amb ells, a causa del senzill sistema d&#8217;al\u00e7ada regulable.<\/p>\n<\/div>\n","protected":false},"featured_media":2720,"comment_status":"open","ping_status":"closed","template":"","meta":[],"product_cat":[174,176],"product_tag":[],"class_list":{"0":"post-6377","1":"product","2":"type-product","3":"status-publish","4":"has-post-thumbnail","6":"product_cat-bancs-infantils","7":"product_cat-parcs-i-jocs-infantils","9":"first","10":"instock","11":"shipping-taxable","12":"product-type-simple"},"yoast_head":"<!-- This site is optimized with the Yoast SEO plugin v23.2 - https:\/\/yoast.com\/wordpress\/plugins\/seo\/ -->\n<title>Banc infantil Pippolino - Yourplastics.es<\/title>\n<meta name=\"robots\" content=\"index, follow, max-snippet:-1, max-image-preview:large, max-video-preview:-1\" \/>\n<link rel=\"canonical\" href=\"https:\/\/yourplastics.es\/ca\/producto\/banc-infantil-pippolino\/\" \/>\n<meta property=\"og:locale\" content=\"ca_ES\" \/>\n<meta property=\"og:type\" content=\"article\" \/>\n<meta property=\"og:title\" content=\"Banc infantil Pippolino - Yourplastics.es\" \/>\n<meta property=\"og:description\" content=\"Informaci\u00f3 del producte &quot;Banc infantil Pippolino&quot;  Per descomptat que es pot asseure en aquest banc tranquil\u00b7lament, per\u00f2 quin nen fa aix\u00f2 amb gust! Molt m\u00e9s divertit \u00e9s pintar-los, despr\u00e9s de tot &quot;Pippolino&quot; fins i tot t\u00e9 una cara (i per descomptat, es pot netejar simplement el guix). I si els nens van creixent, aquest banc infantil creix amb ells, a causa del senzill sistema d&#039;al\u00e7ada regulable.\" \/>\n<meta property=\"og:url\" content=\"https:\/\/yourplastics.es\/ca\/producto\/banc-infantil-pippolino\/\" \/>\n<meta property=\"og:site_name\" content=\"Yourplastics.es\" \/>\n<meta property=\"og:image\" content=\"https:\/\/yourplastics.es\/wp-content\/uploads\/2024\/03\/502600-2_Kinderbank_Pippolino_3D_bunt_3477.jpg\" \/>\n\t<meta property=\"og:image:width\" content=\"1600\" \/>\n\t<meta property=\"og:image:height\" content=\"821\" \/>\n\t<meta property=\"og:image:type\" content=\"image\/jpeg\" \/>\n<meta name=\"twitter:card\" content=\"summary_large_image\" \/>\n<meta name=\"twitter:label1\" content=\"Temps estimat de lectura\" \/>\n\t<meta name=\"twitter:data1\" content=\"1 minut\" \/>\n<script type=\"application\/ld+json\" class=\"yoast-schema-graph\">{\"@context\":\"https:\/\/schema.org\",\"@graph\":[{\"@type\":\"WebPage\",\"@id\":\"https:\/\/yourplastics.es\/ca\/producto\/banc-infantil-pippolino\/\",\"url\":\"https:\/\/yourplastics.es\/ca\/producto\/banc-infantil-pippolino\/\",\"name\":\"Banc infantil Pippolino - Yourplastics.es\",\"isPartOf\":{\"@id\":\"https:\/\/yourplastics.es\/#website\"},\"primaryImageOfPage\":{\"@id\":\"https:\/\/yourplastics.es\/ca\/producto\/banc-infantil-pippolino\/#primaryimage\"},\"image\":{\"@id\":\"https:\/\/yourplastics.es\/ca\/producto\/banc-infantil-pippolino\/#primaryimage\"},\"thumbnailUrl\":\"https:\/\/yourplastics.es\/wp-content\/uploads\/2024\/03\/502600-2_Kinderbank_Pippolino_3D_bunt_3477.jpg\",\"datePublished\":\"2024-03-04T09:11:42+00:00\",\"dateModified\":\"2024-03-04T09:11:42+00:00\",\"breadcrumb\":{\"@id\":\"https:\/\/yourplastics.es\/ca\/producto\/banc-infantil-pippolino\/#breadcrumb\"},\"inLanguage\":\"ca\",\"potentialAction\":[{\"@type\":\"ReadAction\",\"target\":[\"https:\/\/yourplastics.es\/ca\/producto\/banc-infantil-pippolino\/\"]}]},{\"@type\":\"ImageObject\",\"inLanguage\":\"ca\",\"@id\":\"https:\/\/yourplastics.es\/ca\/producto\/banc-infantil-pippolino\/#primaryimage\",\"url\":\"https:\/\/yourplastics.es\/wp-content\/uploads\/2024\/03\/502600-2_Kinderbank_Pippolino_3D_bunt_3477.jpg\",\"contentUrl\":\"https:\/\/yourplastics.es\/wp-content\/uploads\/2024\/03\/502600-2_Kinderbank_Pippolino_3D_bunt_3477.jpg\",\"width\":1600,\"height\":821},{\"@type\":\"BreadcrumbList\",\"@id\":\"https:\/\/yourplastics.es\/ca\/producto\/banc-infantil-pippolino\/#breadcrumb\",\"itemListElement\":[{\"@type\":\"ListItem\",\"position\":1,\"name\":\"Home\",\"item\":\"https:\/\/yourplastics.es\/ca\/\"},{\"@type\":\"ListItem\",\"position\":2,\"name\":\"Botiga\",\"item\":\"https:\/\/yourplastics.es\/ca\/tienda-2\/\"},{\"@type\":\"ListItem\",\"position\":3,\"name\":\"Banc infantil Pippolino\"}]},{\"@type\":\"WebSite\",\"@id\":\"https:\/\/yourplastics.es\/#website\",\"url\":\"https:\/\/yourplastics.es\/\",\"name\":\"Yourplastics\",\"description\":\"\",\"publisher\":{\"@id\":\"https:\/\/yourplastics.es\/#organization\"},\"potentialAction\":[{\"@type\":\"SearchAction\",\"target\":{\"@type\":\"EntryPoint\",\"urlTemplate\":\"https:\/\/yourplastics.es\/?s={search_term_string}\"},\"query-input\":\"required name=search_term_string\"}],\"inLanguage\":\"ca\"},{\"@type\":\"Organization\",\"@id\":\"https:\/\/yourplastics.es\/#organization\",\"name\":\"Yourplastics\",\"url\":\"https:\/\/yourplastics.es\/\",\"logo\":{\"@type\":\"ImageObject\",\"inLanguage\":\"ca\",\"@id\":\"https:\/\/yourplastics.es\/#\/schema\/logo\/image\/\",\"url\":\"https:\/\/yourplastics.es\/wp-content\/uploads\/2024\/08\/logo2-400x163-1.png\",\"contentUrl\":\"https:\/\/yourplastics.es\/wp-content\/uploads\/2024\/08\/logo2-400x163-1.png\",\"width\":400,\"height\":163,\"caption\":\"Yourplastics\"},\"image\":{\"@id\":\"https:\/\/yourplastics.es\/#\/schema\/logo\/image\/\"}}]}<\/script>\n<!-- \/ Yoast SEO plugin. -->","yoast_head_json":{"title":"Banc infantil Pippolino - Yourplastics.es","robots":{"index":"index","follow":"follow","max-snippet":"max-snippet:-1","max-image-preview":"max-image-preview:large","max-video-preview":"max-video-preview:-1"},"canonical":"https:\/\/yourplastics.es\/ca\/producto\/banc-infantil-pippolino\/","og_locale":"ca_ES","og_type":"article","og_title":"Banc infantil Pippolino - Yourplastics.es","og_description":"Informaci\u00f3 del producte \"Banc infantil Pippolino\"  Per descomptat que es pot asseure en aquest banc tranquil\u00b7lament, per\u00f2 quin nen fa aix\u00f2 amb gust! Molt m\u00e9s divertit \u00e9s pintar-los, despr\u00e9s de tot \"Pippolino\" fins i tot t\u00e9 una cara (i per descomptat, es pot netejar simplement el guix). I si els nens van creixent, aquest banc infantil creix amb ells, a causa del senzill sistema d'al\u00e7ada regulable.","og_url":"https:\/\/yourplastics.es\/ca\/producto\/banc-infantil-pippolino\/","og_site_name":"Yourplastics.es","og_image":[{"width":1600,"height":821,"url":"https:\/\/yourplastics.es\/wp-content\/uploads\/2024\/03\/502600-2_Kinderbank_Pippolino_3D_bunt_3477.jpg","type":"image\/jpeg"}],"twitter_card":"summary_large_image","twitter_misc":{"Temps estimat de lectura":"1 minut"},"schema":{"@context":"https:\/\/schema.org","@graph":[{"@type":"WebPage","@id":"https:\/\/yourplastics.es\/ca\/producto\/banc-infantil-pippolino\/","url":"https:\/\/yourplastics.es\/ca\/producto\/banc-infantil-pippolino\/","name":"Banc infantil Pippolino - Yourplastics.es","isPartOf":{"@id":"https:\/\/yourplastics.es\/#website"},"primaryImageOfPage":{"@id":"https:\/\/yourplastics.es\/ca\/producto\/banc-infantil-pippolino\/#primaryimage"},"image":{"@id":"https:\/\/yourplastics.es\/ca\/producto\/banc-infantil-pippolino\/#primaryimage"},"thumbnailUrl":"https:\/\/yourplastics.es\/wp-content\/uploads\/2024\/03\/502600-2_Kinderbank_Pippolino_3D_bunt_3477.jpg","datePublished":"2024-03-04T09:11:42+00:00","dateModified":"2024-03-04T09:11:42+00:00","breadcrumb":{"@id":"https:\/\/yourplastics.es\/ca\/producto\/banc-infantil-pippolino\/#breadcrumb"},"inLanguage":"ca","potentialAction":[{"@type":"ReadAction","target":["https:\/\/yourplastics.es\/ca\/producto\/banc-infantil-pippolino\/"]}]},{"@type":"ImageObject","inLanguage":"ca","@id":"https:\/\/yourplastics.es\/ca\/producto\/banc-infantil-pippolino\/#primaryimage","url":"https:\/\/yourplastics.es\/wp-content\/uploads\/2024\/03\/502600-2_Kinderbank_Pippolino_3D_bunt_3477.jpg","contentUrl":"https:\/\/yourplastics.es\/wp-content\/uploads\/2024\/03\/502600-2_Kinderbank_Pippolino_3D_bunt_3477.jpg","width":1600,"height":821},{"@type":"BreadcrumbList","@id":"https:\/\/yourplastics.es\/ca\/producto\/banc-infantil-pippolino\/#breadcrumb","itemListElement":[{"@type":"ListItem","position":1,"name":"Home","item":"https:\/\/yourplastics.es\/ca\/"},{"@type":"ListItem","position":2,"name":"Botiga","item":"https:\/\/yourplastics.es\/ca\/tienda-2\/"},{"@type":"ListItem","position":3,"name":"Banc infantil Pippolino"}]},{"@type":"WebSite","@id":"https:\/\/yourplastics.es\/#website","url":"https:\/\/yourplastics.es\/","name":"Yourplastics","description":"","publisher":{"@id":"https:\/\/yourplastics.es\/#organization"},"potentialAction":[{"@type":"SearchAction","target":{"@type":"EntryPoint","urlTemplate":"https:\/\/yourplastics.es\/?s={search_term_string}"},"query-input":"required name=search_term_string"}],"inLanguage":"ca"},{"@type":"Organization","@id":"https:\/\/yourplastics.es\/#organization","name":"Yourplastics","url":"https:\/\/yourplastics.es\/","logo":{"@type":"ImageObject","inLanguage":"ca","@id":"https:\/\/yourplastics.es\/#\/schema\/logo\/image\/","url":"https:\/\/yourplastics.es\/wp-content\/uploads\/2024\/08\/logo2-400x163-1.png","contentUrl":"https:\/\/yourplastics.es\/wp-content\/uploads\/2024\/08\/logo2-400x163-1.png","width":400,"height":163,"caption":"Yourplastics"},"image":{"@id":"https:\/\/yourplastics.es\/#\/schema\/logo\/image\/"}}]}},"_links":{"self":[{"href":"https:\/\/yourplastics.es\/ca\/wp-json\/wp\/v2\/product\/6377","targetHints":{"allow":["GET"]}}],"collection":[{"href":"https:\/\/yourplastics.es\/ca\/wp-json\/wp\/v2\/product"}],"about":[{"href":"https:\/\/yourplastics.es\/ca\/wp-json\/wp\/v2\/types\/product"}],"replies":[{"embeddable":true,"href":"https:\/\/yourplastics.es\/ca\/wp-json\/wp\/v2\/comments?post=6377"}],"wp:featuredmedia":[{"embeddable":true,"href":"https:\/\/yourplastics.es\/ca\/wp-json\/wp\/v2\/media\/2720"}],"wp:attachment":[{"href":"https:\/\/yourplastics.es\/ca\/wp-json\/wp\/v2\/media?parent=6377"}],"wp:term":[{"taxonomy":"product_cat","embeddable":true,"href":"https:\/\/yourplastics.es\/ca\/wp-json\/wp\/v2\/product_cat?post=6377"},{"taxonomy":"product_tag","embeddable":true,"href":"https:\/\/yourplastics.es\/ca\/wp-json\/wp\/v2\/product_tag?post=6377"}],"curies":[{"name":"wp","href":"https:\/\/api.w.org\/{rel}","templated":true}]}}