{"id":6376,"date":"2024-03-04T09:11:42","date_gmt":"2024-03-04T09:11:42","guid":{"rendered":"https:\/\/yourplastics.es\/producto\/grup-infantil-forio\/"},"modified":"2024-03-04T09:11:42","modified_gmt":"2024-03-04T09:11:42","slug":"grup-infantil-forio","status":"publish","type":"product","link":"https:\/\/yourplastics.es\/ca\/producto\/grup-infantil-forio\/","title":{"rendered":"Grup infantil Forio"},"content":{"rendered":"<ul>\n<li>1 taula per taula: 150 x 60 x 8 cm<\/li>\n<li>2 taules per a bancs: 150 x 19 x 4 cm<\/li>\n<li>Al\u00e7ada del seient: 34 cm<\/li>\n<li>Al\u00e7ada de la taula: 57 cm<\/li>\n<li>La &#8220;taula per jugar&#8221; per excel\u00b7l\u00e8ncia<\/li>\n<li>Opcional: sistema d&#8217;ancoratges tipus 3<\/li>\n<\/ul>\n<p>Bancs i taules s\u00f3n subministrats desarmats. Instruccions i material per al muntatge inclosos.<\/p>\n<p>1 taula per taula: 150 x 60 x 8 cm<br \/>\n2 taules per a bancs: 150 x 19 x 4 cm<br \/>\nAl\u00e7ada del seient: 34 cm<br \/>\nAl\u00e7ada de la taula: 57 cm<br \/>\nSuperf\u00edcie de la taula: 60 x 150 cm<\/p>\n","protected":false},"excerpt":{"rendered":"<div class=\"content--title\">Informaci\u00f3 del producte &#8220;Grup infantil Forio&#8221;<\/div>\n<div class=\"product--description\">Deixeu als nens fer un dibuix d&#8217;una taula amb bancs, aquest ser\u00e0 segur com el nostre set &#8220;Forio&#8221;. La taula i els bancs formen una harm\u00f2nica unitat que no nom\u00e9s serveix per seure: una manta la converteix en una cova o en una carpa. Les diferents combinacions de colors tamb\u00e9 li donen ales a la imaginaci\u00f3 infantil.<\/div>\n","protected":false},"featured_media":2733,"comment_status":"open","ping_status":"closed","template":"","meta":[],"product_cat":[174,176],"product_tag":[],"class_list":{"0":"post-6376","1":"product","2":"type-product","3":"status-publish","4":"has-post-thumbnail","6":"product_cat-bancs-infantils","7":"product_cat-parcs-i-jocs-infantils","9":"first","10":"instock","11":"shipping-taxable","12":"product-type-simple"},"yoast_head":"<!-- This site is optimized with the Yoast SEO plugin v23.2 - https:\/\/yoast.com\/wordpress\/plugins\/seo\/ -->\n<title>Grup infantil Forio - Yourplastics.es<\/title>\n<meta name=\"robots\" content=\"index, follow, max-snippet:-1, max-image-preview:large, max-video-preview:-1\" \/>\n<link rel=\"canonical\" href=\"https:\/\/yourplastics.es\/ca\/producto\/grup-infantil-forio\/\" \/>\n<meta property=\"og:locale\" content=\"ca_ES\" \/>\n<meta property=\"og:type\" content=\"article\" \/>\n<meta property=\"og:title\" content=\"Grup infantil Forio - Yourplastics.es\" \/>\n<meta property=\"og:description\" content=\"Informaci\u00f3 del producte &quot;Grup infantil Forio&quot; Deixeu als nens fer un dibuix d&#039;una taula amb bancs, aquest ser\u00e0 segur com el nostre set &quot;Forio&quot;. La taula i els bancs formen una harm\u00f2nica unitat que no nom\u00e9s serveix per seure: una manta la converteix en una cova o en una carpa. Les diferents combinacions de colors tamb\u00e9 li donen ales a la imaginaci\u00f3 infantil.\" \/>\n<meta property=\"og:url\" content=\"https:\/\/yourplastics.es\/ca\/producto\/grup-infantil-forio\/\" \/>\n<meta property=\"og:site_name\" content=\"Yourplastics.es\" \/>\n<meta property=\"og:image\" content=\"https:\/\/yourplastics.es\/wp-content\/uploads\/2024\/03\/504200_KinderForio_3D_Brown_900.jpg\" \/>\n\t<meta property=\"og:image:width\" content=\"1600\" \/>\n\t<meta property=\"og:image:height\" content=\"799\" \/>\n\t<meta property=\"og:image:type\" content=\"image\/jpeg\" \/>\n<meta name=\"twitter:card\" content=\"summary_large_image\" \/>\n<script type=\"application\/ld+json\" class=\"yoast-schema-graph\">{\"@context\":\"https:\/\/schema.org\",\"@graph\":[{\"@type\":\"WebPage\",\"@id\":\"https:\/\/yourplastics.es\/ca\/producto\/grup-infantil-forio\/\",\"url\":\"https:\/\/yourplastics.es\/ca\/producto\/grup-infantil-forio\/\",\"name\":\"Grup infantil Forio - Yourplastics.es\",\"isPartOf\":{\"@id\":\"https:\/\/yourplastics.es\/#website\"},\"primaryImageOfPage\":{\"@id\":\"https:\/\/yourplastics.es\/ca\/producto\/grup-infantil-forio\/#primaryimage\"},\"image\":{\"@id\":\"https:\/\/yourplastics.es\/ca\/producto\/grup-infantil-forio\/#primaryimage\"},\"thumbnailUrl\":\"https:\/\/yourplastics.es\/wp-content\/uploads\/2024\/03\/504200_KinderForio_3D_Brown_900.jpg\",\"datePublished\":\"2024-03-04T09:11:42+00:00\",\"dateModified\":\"2024-03-04T09:11:42+00:00\",\"breadcrumb\":{\"@id\":\"https:\/\/yourplastics.es\/ca\/producto\/grup-infantil-forio\/#breadcrumb\"},\"inLanguage\":\"ca\",\"potentialAction\":[{\"@type\":\"ReadAction\",\"target\":[\"https:\/\/yourplastics.es\/ca\/producto\/grup-infantil-forio\/\"]}]},{\"@type\":\"ImageObject\",\"inLanguage\":\"ca\",\"@id\":\"https:\/\/yourplastics.es\/ca\/producto\/grup-infantil-forio\/#primaryimage\",\"url\":\"https:\/\/yourplastics.es\/wp-content\/uploads\/2024\/03\/504200_KinderForio_3D_Brown_900.jpg\",\"contentUrl\":\"https:\/\/yourplastics.es\/wp-content\/uploads\/2024\/03\/504200_KinderForio_3D_Brown_900.jpg\",\"width\":1600,\"height\":799},{\"@type\":\"BreadcrumbList\",\"@id\":\"https:\/\/yourplastics.es\/ca\/producto\/grup-infantil-forio\/#breadcrumb\",\"itemListElement\":[{\"@type\":\"ListItem\",\"position\":1,\"name\":\"Home\",\"item\":\"https:\/\/yourplastics.es\/ca\/\"},{\"@type\":\"ListItem\",\"position\":2,\"name\":\"Botiga\",\"item\":\"https:\/\/yourplastics.es\/ca\/tienda-2\/\"},{\"@type\":\"ListItem\",\"position\":3,\"name\":\"Grup infantil Forio\"}]},{\"@type\":\"WebSite\",\"@id\":\"https:\/\/yourplastics.es\/#website\",\"url\":\"https:\/\/yourplastics.es\/\",\"name\":\"Yourplastics\",\"description\":\"\",\"publisher\":{\"@id\":\"https:\/\/yourplastics.es\/#organization\"},\"potentialAction\":[{\"@type\":\"SearchAction\",\"target\":{\"@type\":\"EntryPoint\",\"urlTemplate\":\"https:\/\/yourplastics.es\/?s={search_term_string}\"},\"query-input\":\"required name=search_term_string\"}],\"inLanguage\":\"ca\"},{\"@type\":\"Organization\",\"@id\":\"https:\/\/yourplastics.es\/#organization\",\"name\":\"Yourplastics\",\"url\":\"https:\/\/yourplastics.es\/\",\"logo\":{\"@type\":\"ImageObject\",\"inLanguage\":\"ca\",\"@id\":\"https:\/\/yourplastics.es\/#\/schema\/logo\/image\/\",\"url\":\"https:\/\/yourplastics.es\/wp-content\/uploads\/2024\/08\/logo2-400x163-1.png\",\"contentUrl\":\"https:\/\/yourplastics.es\/wp-content\/uploads\/2024\/08\/logo2-400x163-1.png\",\"width\":400,\"height\":163,\"caption\":\"Yourplastics\"},\"image\":{\"@id\":\"https:\/\/yourplastics.es\/#\/schema\/logo\/image\/\"}}]}<\/script>\n<!-- \/ Yoast SEO plugin. -->","yoast_head_json":{"title":"Grup infantil Forio - Yourplastics.es","robots":{"index":"index","follow":"follow","max-snippet":"max-snippet:-1","max-image-preview":"max-image-preview:large","max-video-preview":"max-video-preview:-1"},"canonical":"https:\/\/yourplastics.es\/ca\/producto\/grup-infantil-forio\/","og_locale":"ca_ES","og_type":"article","og_title":"Grup infantil Forio - Yourplastics.es","og_description":"Informaci\u00f3 del producte \"Grup infantil Forio\" Deixeu als nens fer un dibuix d'una taula amb bancs, aquest ser\u00e0 segur com el nostre set \"Forio\". La taula i els bancs formen una harm\u00f2nica unitat que no nom\u00e9s serveix per seure: una manta la converteix en una cova o en una carpa. Les diferents combinacions de colors tamb\u00e9 li donen ales a la imaginaci\u00f3 infantil.","og_url":"https:\/\/yourplastics.es\/ca\/producto\/grup-infantil-forio\/","og_site_name":"Yourplastics.es","og_image":[{"width":1600,"height":799,"url":"https:\/\/yourplastics.es\/wp-content\/uploads\/2024\/03\/504200_KinderForio_3D_Brown_900.jpg","type":"image\/jpeg"}],"twitter_card":"summary_large_image","schema":{"@context":"https:\/\/schema.org","@graph":[{"@type":"WebPage","@id":"https:\/\/yourplastics.es\/ca\/producto\/grup-infantil-forio\/","url":"https:\/\/yourplastics.es\/ca\/producto\/grup-infantil-forio\/","name":"Grup infantil Forio - Yourplastics.es","isPartOf":{"@id":"https:\/\/yourplastics.es\/#website"},"primaryImageOfPage":{"@id":"https:\/\/yourplastics.es\/ca\/producto\/grup-infantil-forio\/#primaryimage"},"image":{"@id":"https:\/\/yourplastics.es\/ca\/producto\/grup-infantil-forio\/#primaryimage"},"thumbnailUrl":"https:\/\/yourplastics.es\/wp-content\/uploads\/2024\/03\/504200_KinderForio_3D_Brown_900.jpg","datePublished":"2024-03-04T09:11:42+00:00","dateModified":"2024-03-04T09:11:42+00:00","breadcrumb":{"@id":"https:\/\/yourplastics.es\/ca\/producto\/grup-infantil-forio\/#breadcrumb"},"inLanguage":"ca","potentialAction":[{"@type":"ReadAction","target":["https:\/\/yourplastics.es\/ca\/producto\/grup-infantil-forio\/"]}]},{"@type":"ImageObject","inLanguage":"ca","@id":"https:\/\/yourplastics.es\/ca\/producto\/grup-infantil-forio\/#primaryimage","url":"https:\/\/yourplastics.es\/wp-content\/uploads\/2024\/03\/504200_KinderForio_3D_Brown_900.jpg","contentUrl":"https:\/\/yourplastics.es\/wp-content\/uploads\/2024\/03\/504200_KinderForio_3D_Brown_900.jpg","width":1600,"height":799},{"@type":"BreadcrumbList","@id":"https:\/\/yourplastics.es\/ca\/producto\/grup-infantil-forio\/#breadcrumb","itemListElement":[{"@type":"ListItem","position":1,"name":"Home","item":"https:\/\/yourplastics.es\/ca\/"},{"@type":"ListItem","position":2,"name":"Botiga","item":"https:\/\/yourplastics.es\/ca\/tienda-2\/"},{"@type":"ListItem","position":3,"name":"Grup infantil Forio"}]},{"@type":"WebSite","@id":"https:\/\/yourplastics.es\/#website","url":"https:\/\/yourplastics.es\/","name":"Yourplastics","description":"","publisher":{"@id":"https:\/\/yourplastics.es\/#organization"},"potentialAction":[{"@type":"SearchAction","target":{"@type":"EntryPoint","urlTemplate":"https:\/\/yourplastics.es\/?s={search_term_string}"},"query-input":"required name=search_term_string"}],"inLanguage":"ca"},{"@type":"Organization","@id":"https:\/\/yourplastics.es\/#organization","name":"Yourplastics","url":"https:\/\/yourplastics.es\/","logo":{"@type":"ImageObject","inLanguage":"ca","@id":"https:\/\/yourplastics.es\/#\/schema\/logo\/image\/","url":"https:\/\/yourplastics.es\/wp-content\/uploads\/2024\/08\/logo2-400x163-1.png","contentUrl":"https:\/\/yourplastics.es\/wp-content\/uploads\/2024\/08\/logo2-400x163-1.png","width":400,"height":163,"caption":"Yourplastics"},"image":{"@id":"https:\/\/yourplastics.es\/#\/schema\/logo\/image\/"}}]}},"_links":{"self":[{"href":"https:\/\/yourplastics.es\/ca\/wp-json\/wp\/v2\/product\/6376","targetHints":{"allow":["GET"]}}],"collection":[{"href":"https:\/\/yourplastics.es\/ca\/wp-json\/wp\/v2\/product"}],"about":[{"href":"https:\/\/yourplastics.es\/ca\/wp-json\/wp\/v2\/types\/product"}],"replies":[{"embeddable":true,"href":"https:\/\/yourplastics.es\/ca\/wp-json\/wp\/v2\/comments?post=6376"}],"wp:featuredmedia":[{"embeddable":true,"href":"https:\/\/yourplastics.es\/ca\/wp-json\/wp\/v2\/media\/2733"}],"wp:attachment":[{"href":"https:\/\/yourplastics.es\/ca\/wp-json\/wp\/v2\/media?parent=6376"}],"wp:term":[{"taxonomy":"product_cat","embeddable":true,"href":"https:\/\/yourplastics.es\/ca\/wp-json\/wp\/v2\/product_cat?post=6376"},{"taxonomy":"product_tag","embeddable":true,"href":"https:\/\/yourplastics.es\/ca\/wp-json\/wp\/v2\/product_tag?post=6376"}],"curies":[{"name":"wp","href":"https:\/\/api.w.org\/{rel}","templated":true}]}}