{"id":6373,"date":"2024-03-04T09:12:37","date_gmt":"2024-03-04T09:12:37","guid":{"rendered":"https:\/\/yourplastics.es\/producto\/sorral-dahna\/"},"modified":"2024-03-04T09:12:37","modified_gmt":"2024-03-04T09:12:37","slug":"sorral-dahna","status":"publish","type":"product","link":"https:\/\/yourplastics.es\/ca\/producto\/sorral-dahna\/","title":{"rendered":"Sorral Dahna"},"content":{"rendered":"<ul>\n<li>Format quadrat de 200 cm<\/li>\n<li>Al\u00e7ada: 28 cm<\/li>\n<li>Taules de seient: 4 x 17 x 200 cm<\/li>\n<li>Senzilla instal\u00b7laci\u00f3 (prearmat)<\/li>\n<\/ul>\n<p>Perfils laterals: 2 barres rodones \u00d8 12 cm. Seient: 4 x 17 cm. Per armar, sense fons.<\/p>\n<div class=\"table--section-header content--title\"><strong>Caracter\u00edstiques<\/strong><\/div>\n<table style=\"height: 250px;\" width=\"544\">\n<tbody>\n<tr>\n<td class=\"product--attribute\">Selecci\u00f3<\/td>\n<td class=\"product--attribute\">Sorral Dahna<\/td>\n<\/tr>\n<tr>\n<td class=\"product--attribute\">Qualitat (Material)<\/td>\n<td class=\"product--attribute\">hanit<sup>\u00ae<\/sup><\/td>\n<\/tr>\n<tr>\n<td class=\"product--attribute\">Color<\/td>\n<td class=\"product--attribute\">gris-blau-verd<\/td>\n<\/tr>\n<tr>\n<td class=\"product--attribute\">Llarg<\/td>\n<td class=\"product--attribute\">200 cm<\/td>\n<\/tr>\n<tr>\n<td class=\"product--attribute\">Ample<\/td>\n<td class=\"product--attribute\">200 cm<\/td>\n<\/tr>\n<tr>\n<td class=\"product--attribute\">Alt<\/td>\n<td class=\"product--attribute\">28 cm<\/td>\n<\/tr>\n<tr>\n<td class=\"product--attribute\">Pes<\/td>\n<td class=\"product--attribute\">185 kg<\/td>\n<\/tr>\n<tr>\n<td class=\"product--attribute\">Superf\u00edcie<\/td>\n<td class=\"product--attribute\">200 x 200 x 28 cm<\/td>\n<\/tr>\n<tr>\n<td class=\"product--attribute\">Form (en la geometria)<\/td>\n<td class=\"product--attribute\">quadrat<\/td>\n<\/tr>\n<\/tbody>\n<\/table>\n","protected":false},"excerpt":{"rendered":"<div class=\"content--title\">Informaci\u00f3 del producte &#8220;Arenero Dahna&#8221;<\/div>\n<div class=\"product--description\">S\u00f3n troncs d&#8217;arbres? Les pallissades li brinden al sorral Dahna una aparen\u00e7a de pla\u00e7a de jocs del bosc. Aquest sorral amb els seus c\u00f2modes seients no nom\u00e9s conven\u00e7 per les seves formes naturals sin\u00f3 tamb\u00e9 per la seva senzilla instal\u00b7laci\u00f3. Els seus colors atrauran els nens r\u00e0pidament.<\/div>\n","protected":false},"featured_media":2752,"comment_status":"open","ping_status":"closed","template":"","meta":[],"product_cat":[176,175],"product_tag":[],"class_list":{"0":"post-6373","1":"product","2":"type-product","3":"status-publish","4":"has-post-thumbnail","6":"product_cat-parcs-i-jocs-infantils","7":"product_cat-sorrals","9":"first","10":"instock","11":"shipping-taxable","12":"product-type-simple"},"yoast_head":"<!-- This site is optimized with the Yoast SEO plugin v23.2 - https:\/\/yoast.com\/wordpress\/plugins\/seo\/ -->\n<title>Sorral Dahna - Yourplastics.es<\/title>\n<meta name=\"robots\" content=\"index, follow, max-snippet:-1, max-image-preview:large, max-video-preview:-1\" \/>\n<link rel=\"canonical\" href=\"https:\/\/yourplastics.es\/ca\/producto\/sorral-dahna\/\" \/>\n<meta property=\"og:locale\" content=\"ca_ES\" \/>\n<meta property=\"og:type\" content=\"article\" \/>\n<meta property=\"og:title\" content=\"Sorral Dahna - Yourplastics.es\" \/>\n<meta property=\"og:description\" content=\"Informaci\u00f3 del producte &quot;Arenero Dahna&quot; S\u00f3n troncs d&#039;arbres? Les pallissades li brinden al sorral Dahna una aparen\u00e7a de pla\u00e7a de jocs del bosc. Aquest sorral amb els seus c\u00f2modes seients no nom\u00e9s conven\u00e7 per les seves formes naturals sin\u00f3 tamb\u00e9 per la seva senzilla instal\u00b7laci\u00f3. Els seus colors atrauran els nens r\u00e0pidament.\" \/>\n<meta property=\"og:url\" content=\"https:\/\/yourplastics.es\/ca\/producto\/sorral-dahna\/\" \/>\n<meta property=\"og:site_name\" content=\"Yourplastics.es\" \/>\n<meta property=\"og:image\" content=\"https:\/\/yourplastics.es\/wp-content\/uploads\/2024\/03\/602100-4_Sandkasten_Dahna_3D_Gray_Blue_Green_3255.jpg\" \/>\n\t<meta property=\"og:image:width\" content=\"1600\" \/>\n\t<meta property=\"og:image:height\" content=\"580\" \/>\n\t<meta property=\"og:image:type\" content=\"image\/jpeg\" \/>\n<meta name=\"twitter:card\" content=\"summary_large_image\" \/>\n<script type=\"application\/ld+json\" class=\"yoast-schema-graph\">{\"@context\":\"https:\/\/schema.org\",\"@graph\":[{\"@type\":\"WebPage\",\"@id\":\"https:\/\/yourplastics.es\/ca\/producto\/sorral-dahna\/\",\"url\":\"https:\/\/yourplastics.es\/ca\/producto\/sorral-dahna\/\",\"name\":\"Sorral Dahna - Yourplastics.es\",\"isPartOf\":{\"@id\":\"https:\/\/yourplastics.es\/#website\"},\"primaryImageOfPage\":{\"@id\":\"https:\/\/yourplastics.es\/ca\/producto\/sorral-dahna\/#primaryimage\"},\"image\":{\"@id\":\"https:\/\/yourplastics.es\/ca\/producto\/sorral-dahna\/#primaryimage\"},\"thumbnailUrl\":\"https:\/\/yourplastics.es\/wp-content\/uploads\/2024\/03\/602100-4_Sandkasten_Dahna_3D_Gray_Blue_Green_3255.jpg\",\"datePublished\":\"2024-03-04T09:12:37+00:00\",\"dateModified\":\"2024-03-04T09:12:37+00:00\",\"breadcrumb\":{\"@id\":\"https:\/\/yourplastics.es\/ca\/producto\/sorral-dahna\/#breadcrumb\"},\"inLanguage\":\"ca\",\"potentialAction\":[{\"@type\":\"ReadAction\",\"target\":[\"https:\/\/yourplastics.es\/ca\/producto\/sorral-dahna\/\"]}]},{\"@type\":\"ImageObject\",\"inLanguage\":\"ca\",\"@id\":\"https:\/\/yourplastics.es\/ca\/producto\/sorral-dahna\/#primaryimage\",\"url\":\"https:\/\/yourplastics.es\/wp-content\/uploads\/2024\/03\/602100-4_Sandkasten_Dahna_3D_Gray_Blue_Green_3255.jpg\",\"contentUrl\":\"https:\/\/yourplastics.es\/wp-content\/uploads\/2024\/03\/602100-4_Sandkasten_Dahna_3D_Gray_Blue_Green_3255.jpg\",\"width\":1600,\"height\":580},{\"@type\":\"BreadcrumbList\",\"@id\":\"https:\/\/yourplastics.es\/ca\/producto\/sorral-dahna\/#breadcrumb\",\"itemListElement\":[{\"@type\":\"ListItem\",\"position\":1,\"name\":\"Home\",\"item\":\"https:\/\/yourplastics.es\/ca\/\"},{\"@type\":\"ListItem\",\"position\":2,\"name\":\"Botiga\",\"item\":\"https:\/\/yourplastics.es\/ca\/tienda-2\/\"},{\"@type\":\"ListItem\",\"position\":3,\"name\":\"Sorral Dahna\"}]},{\"@type\":\"WebSite\",\"@id\":\"https:\/\/yourplastics.es\/#website\",\"url\":\"https:\/\/yourplastics.es\/\",\"name\":\"Yourplastics\",\"description\":\"\",\"publisher\":{\"@id\":\"https:\/\/yourplastics.es\/#organization\"},\"potentialAction\":[{\"@type\":\"SearchAction\",\"target\":{\"@type\":\"EntryPoint\",\"urlTemplate\":\"https:\/\/yourplastics.es\/?s={search_term_string}\"},\"query-input\":\"required name=search_term_string\"}],\"inLanguage\":\"ca\"},{\"@type\":\"Organization\",\"@id\":\"https:\/\/yourplastics.es\/#organization\",\"name\":\"Yourplastics\",\"url\":\"https:\/\/yourplastics.es\/\",\"logo\":{\"@type\":\"ImageObject\",\"inLanguage\":\"ca\",\"@id\":\"https:\/\/yourplastics.es\/#\/schema\/logo\/image\/\",\"url\":\"https:\/\/yourplastics.es\/wp-content\/uploads\/2024\/08\/logo2-400x163-1.png\",\"contentUrl\":\"https:\/\/yourplastics.es\/wp-content\/uploads\/2024\/08\/logo2-400x163-1.png\",\"width\":400,\"height\":163,\"caption\":\"Yourplastics\"},\"image\":{\"@id\":\"https:\/\/yourplastics.es\/#\/schema\/logo\/image\/\"}}]}<\/script>\n<!-- \/ Yoast SEO plugin. -->","yoast_head_json":{"title":"Sorral Dahna - Yourplastics.es","robots":{"index":"index","follow":"follow","max-snippet":"max-snippet:-1","max-image-preview":"max-image-preview:large","max-video-preview":"max-video-preview:-1"},"canonical":"https:\/\/yourplastics.es\/ca\/producto\/sorral-dahna\/","og_locale":"ca_ES","og_type":"article","og_title":"Sorral Dahna - Yourplastics.es","og_description":"Informaci\u00f3 del producte \"Arenero Dahna\" S\u00f3n troncs d'arbres? Les pallissades li brinden al sorral Dahna una aparen\u00e7a de pla\u00e7a de jocs del bosc. Aquest sorral amb els seus c\u00f2modes seients no nom\u00e9s conven\u00e7 per les seves formes naturals sin\u00f3 tamb\u00e9 per la seva senzilla instal\u00b7laci\u00f3. Els seus colors atrauran els nens r\u00e0pidament.","og_url":"https:\/\/yourplastics.es\/ca\/producto\/sorral-dahna\/","og_site_name":"Yourplastics.es","og_image":[{"width":1600,"height":580,"url":"https:\/\/yourplastics.es\/wp-content\/uploads\/2024\/03\/602100-4_Sandkasten_Dahna_3D_Gray_Blue_Green_3255.jpg","type":"image\/jpeg"}],"twitter_card":"summary_large_image","schema":{"@context":"https:\/\/schema.org","@graph":[{"@type":"WebPage","@id":"https:\/\/yourplastics.es\/ca\/producto\/sorral-dahna\/","url":"https:\/\/yourplastics.es\/ca\/producto\/sorral-dahna\/","name":"Sorral Dahna - Yourplastics.es","isPartOf":{"@id":"https:\/\/yourplastics.es\/#website"},"primaryImageOfPage":{"@id":"https:\/\/yourplastics.es\/ca\/producto\/sorral-dahna\/#primaryimage"},"image":{"@id":"https:\/\/yourplastics.es\/ca\/producto\/sorral-dahna\/#primaryimage"},"thumbnailUrl":"https:\/\/yourplastics.es\/wp-content\/uploads\/2024\/03\/602100-4_Sandkasten_Dahna_3D_Gray_Blue_Green_3255.jpg","datePublished":"2024-03-04T09:12:37+00:00","dateModified":"2024-03-04T09:12:37+00:00","breadcrumb":{"@id":"https:\/\/yourplastics.es\/ca\/producto\/sorral-dahna\/#breadcrumb"},"inLanguage":"ca","potentialAction":[{"@type":"ReadAction","target":["https:\/\/yourplastics.es\/ca\/producto\/sorral-dahna\/"]}]},{"@type":"ImageObject","inLanguage":"ca","@id":"https:\/\/yourplastics.es\/ca\/producto\/sorral-dahna\/#primaryimage","url":"https:\/\/yourplastics.es\/wp-content\/uploads\/2024\/03\/602100-4_Sandkasten_Dahna_3D_Gray_Blue_Green_3255.jpg","contentUrl":"https:\/\/yourplastics.es\/wp-content\/uploads\/2024\/03\/602100-4_Sandkasten_Dahna_3D_Gray_Blue_Green_3255.jpg","width":1600,"height":580},{"@type":"BreadcrumbList","@id":"https:\/\/yourplastics.es\/ca\/producto\/sorral-dahna\/#breadcrumb","itemListElement":[{"@type":"ListItem","position":1,"name":"Home","item":"https:\/\/yourplastics.es\/ca\/"},{"@type":"ListItem","position":2,"name":"Botiga","item":"https:\/\/yourplastics.es\/ca\/tienda-2\/"},{"@type":"ListItem","position":3,"name":"Sorral Dahna"}]},{"@type":"WebSite","@id":"https:\/\/yourplastics.es\/#website","url":"https:\/\/yourplastics.es\/","name":"Yourplastics","description":"","publisher":{"@id":"https:\/\/yourplastics.es\/#organization"},"potentialAction":[{"@type":"SearchAction","target":{"@type":"EntryPoint","urlTemplate":"https:\/\/yourplastics.es\/?s={search_term_string}"},"query-input":"required name=search_term_string"}],"inLanguage":"ca"},{"@type":"Organization","@id":"https:\/\/yourplastics.es\/#organization","name":"Yourplastics","url":"https:\/\/yourplastics.es\/","logo":{"@type":"ImageObject","inLanguage":"ca","@id":"https:\/\/yourplastics.es\/#\/schema\/logo\/image\/","url":"https:\/\/yourplastics.es\/wp-content\/uploads\/2024\/08\/logo2-400x163-1.png","contentUrl":"https:\/\/yourplastics.es\/wp-content\/uploads\/2024\/08\/logo2-400x163-1.png","width":400,"height":163,"caption":"Yourplastics"},"image":{"@id":"https:\/\/yourplastics.es\/#\/schema\/logo\/image\/"}}]}},"_links":{"self":[{"href":"https:\/\/yourplastics.es\/ca\/wp-json\/wp\/v2\/product\/6373","targetHints":{"allow":["GET"]}}],"collection":[{"href":"https:\/\/yourplastics.es\/ca\/wp-json\/wp\/v2\/product"}],"about":[{"href":"https:\/\/yourplastics.es\/ca\/wp-json\/wp\/v2\/types\/product"}],"replies":[{"embeddable":true,"href":"https:\/\/yourplastics.es\/ca\/wp-json\/wp\/v2\/comments?post=6373"}],"wp:featuredmedia":[{"embeddable":true,"href":"https:\/\/yourplastics.es\/ca\/wp-json\/wp\/v2\/media\/2752"}],"wp:attachment":[{"href":"https:\/\/yourplastics.es\/ca\/wp-json\/wp\/v2\/media?parent=6373"}],"wp:term":[{"taxonomy":"product_cat","embeddable":true,"href":"https:\/\/yourplastics.es\/ca\/wp-json\/wp\/v2\/product_cat?post=6373"},{"taxonomy":"product_tag","embeddable":true,"href":"https:\/\/yourplastics.es\/ca\/wp-json\/wp\/v2\/product_tag?post=6373"}],"curies":[{"name":"wp","href":"https:\/\/api.w.org\/{rel}","templated":true}]}}