{"id":6372,"date":"2024-03-04T09:12:37","date_gmt":"2024-03-04T09:12:37","guid":{"rendered":"https:\/\/yourplastics.es\/producto\/sorral-lut\/"},"modified":"2024-03-04T09:12:37","modified_gmt":"2024-03-04T09:12:37","slug":"sorral-lut","status":"publish","type":"product","link":"https:\/\/yourplastics.es\/ca\/producto\/sorral-lut\/","title":{"rendered":"Sorral Lut"},"content":{"rendered":"<ul>\n<li>Llarg x ample: 285 x 105 cm<\/li>\n<li>Al\u00e7ada: 30 cm<\/li>\n<li>Quatre colors a elecci\u00f3<\/li>\n<li>S&#8217;entrega totalment armat<\/li>\n<li>La millor forma de pot<\/li>\n<li>El parad\u00eds per als m\u00e9s petits<\/li>\n<\/ul>\n<p>Perfils laterals: 3,0 x 12,5 cm. Seient: 4 x 10\/19 cm. Mesures: exteriors del seient. Muntat, sense fons. Altres mesures per comanda.<\/p>\n","protected":false},"excerpt":{"rendered":"<div class=\"content--title\">Informaci\u00f3 del producte &#8220;Arenero Lut&#8221;<\/div>\n<div class=\"product--description\">El sorral especial \u2013 el model &#8220;Lut&#8221; es presenta en forma d&#8217;un pot. S&#8217;envia completament muntat. Aquest sorral \u00e9s el punt d&#8217;atracci\u00f3 a qualsevol parc de jocs infantils. Les seves dimensions i la taula central de seient fan del Llut un parad\u00eds per als m\u00e9s petits.<\/div>\n","protected":false},"featured_media":2761,"comment_status":"open","ping_status":"closed","template":"","meta":[],"product_cat":[176,175],"product_tag":[],"class_list":{"0":"post-6372","1":"product","2":"type-product","3":"status-publish","4":"has-post-thumbnail","6":"product_cat-parcs-i-jocs-infantils","7":"product_cat-sorrals","9":"first","10":"instock","11":"shipping-taxable","12":"product-type-simple"},"yoast_head":"<!-- This site is optimized with the Yoast SEO plugin v23.2 - https:\/\/yoast.com\/wordpress\/plugins\/seo\/ -->\n<title>Sorral Lut - Yourplastics.es<\/title>\n<meta name=\"robots\" content=\"index, follow, max-snippet:-1, max-image-preview:large, max-video-preview:-1\" \/>\n<link rel=\"canonical\" href=\"https:\/\/yourplastics.es\/ca\/producto\/sorral-lut\/\" \/>\n<meta property=\"og:locale\" content=\"ca_ES\" \/>\n<meta property=\"og:type\" content=\"article\" \/>\n<meta property=\"og:title\" content=\"Sorral Lut - Yourplastics.es\" \/>\n<meta property=\"og:description\" content=\"Informaci\u00f3 del producte &quot;Arenero Lut&quot; El sorral especial \u2013 el model &quot;Lut&quot; es presenta en forma d&#039;un pot. S&#039;envia completament muntat. Aquest sorral \u00e9s el punt d&#039;atracci\u00f3 a qualsevol parc de jocs infantils. Les seves dimensions i la taula central de seient fan del Llut un parad\u00eds per als m\u00e9s petits.\" \/>\n<meta property=\"og:url\" content=\"https:\/\/yourplastics.es\/ca\/producto\/sorral-lut\/\" \/>\n<meta property=\"og:site_name\" content=\"Yourplastics.es\" \/>\n<meta property=\"og:image\" content=\"https:\/\/yourplastics.es\/wp-content\/uploads\/2024\/03\/602400_Sandkasten_Lut_3D_Brown_920.jpg\" \/>\n\t<meta property=\"og:image:width\" content=\"1600\" \/>\n\t<meta property=\"og:image:height\" content=\"529\" \/>\n\t<meta property=\"og:image:type\" content=\"image\/jpeg\" \/>\n<meta name=\"twitter:card\" content=\"summary_large_image\" \/>\n<script type=\"application\/ld+json\" class=\"yoast-schema-graph\">{\"@context\":\"https:\/\/schema.org\",\"@graph\":[{\"@type\":\"WebPage\",\"@id\":\"https:\/\/yourplastics.es\/ca\/producto\/sorral-lut\/\",\"url\":\"https:\/\/yourplastics.es\/ca\/producto\/sorral-lut\/\",\"name\":\"Sorral Lut - Yourplastics.es\",\"isPartOf\":{\"@id\":\"https:\/\/yourplastics.es\/#website\"},\"primaryImageOfPage\":{\"@id\":\"https:\/\/yourplastics.es\/ca\/producto\/sorral-lut\/#primaryimage\"},\"image\":{\"@id\":\"https:\/\/yourplastics.es\/ca\/producto\/sorral-lut\/#primaryimage\"},\"thumbnailUrl\":\"https:\/\/yourplastics.es\/wp-content\/uploads\/2024\/03\/602400_Sandkasten_Lut_3D_Brown_920.jpg\",\"datePublished\":\"2024-03-04T09:12:37+00:00\",\"dateModified\":\"2024-03-04T09:12:37+00:00\",\"breadcrumb\":{\"@id\":\"https:\/\/yourplastics.es\/ca\/producto\/sorral-lut\/#breadcrumb\"},\"inLanguage\":\"ca\",\"potentialAction\":[{\"@type\":\"ReadAction\",\"target\":[\"https:\/\/yourplastics.es\/ca\/producto\/sorral-lut\/\"]}]},{\"@type\":\"ImageObject\",\"inLanguage\":\"ca\",\"@id\":\"https:\/\/yourplastics.es\/ca\/producto\/sorral-lut\/#primaryimage\",\"url\":\"https:\/\/yourplastics.es\/wp-content\/uploads\/2024\/03\/602400_Sandkasten_Lut_3D_Brown_920.jpg\",\"contentUrl\":\"https:\/\/yourplastics.es\/wp-content\/uploads\/2024\/03\/602400_Sandkasten_Lut_3D_Brown_920.jpg\",\"width\":1600,\"height\":529},{\"@type\":\"BreadcrumbList\",\"@id\":\"https:\/\/yourplastics.es\/ca\/producto\/sorral-lut\/#breadcrumb\",\"itemListElement\":[{\"@type\":\"ListItem\",\"position\":1,\"name\":\"Home\",\"item\":\"https:\/\/yourplastics.es\/ca\/\"},{\"@type\":\"ListItem\",\"position\":2,\"name\":\"Botiga\",\"item\":\"https:\/\/yourplastics.es\/ca\/tienda-2\/\"},{\"@type\":\"ListItem\",\"position\":3,\"name\":\"Sorral Lut\"}]},{\"@type\":\"WebSite\",\"@id\":\"https:\/\/yourplastics.es\/#website\",\"url\":\"https:\/\/yourplastics.es\/\",\"name\":\"Yourplastics\",\"description\":\"\",\"publisher\":{\"@id\":\"https:\/\/yourplastics.es\/#organization\"},\"potentialAction\":[{\"@type\":\"SearchAction\",\"target\":{\"@type\":\"EntryPoint\",\"urlTemplate\":\"https:\/\/yourplastics.es\/?s={search_term_string}\"},\"query-input\":\"required name=search_term_string\"}],\"inLanguage\":\"ca\"},{\"@type\":\"Organization\",\"@id\":\"https:\/\/yourplastics.es\/#organization\",\"name\":\"Yourplastics\",\"url\":\"https:\/\/yourplastics.es\/\",\"logo\":{\"@type\":\"ImageObject\",\"inLanguage\":\"ca\",\"@id\":\"https:\/\/yourplastics.es\/#\/schema\/logo\/image\/\",\"url\":\"https:\/\/yourplastics.es\/wp-content\/uploads\/2024\/08\/logo2-400x163-1.png\",\"contentUrl\":\"https:\/\/yourplastics.es\/wp-content\/uploads\/2024\/08\/logo2-400x163-1.png\",\"width\":400,\"height\":163,\"caption\":\"Yourplastics\"},\"image\":{\"@id\":\"https:\/\/yourplastics.es\/#\/schema\/logo\/image\/\"}}]}<\/script>\n<!-- \/ Yoast SEO plugin. -->","yoast_head_json":{"title":"Sorral Lut - Yourplastics.es","robots":{"index":"index","follow":"follow","max-snippet":"max-snippet:-1","max-image-preview":"max-image-preview:large","max-video-preview":"max-video-preview:-1"},"canonical":"https:\/\/yourplastics.es\/ca\/producto\/sorral-lut\/","og_locale":"ca_ES","og_type":"article","og_title":"Sorral Lut - Yourplastics.es","og_description":"Informaci\u00f3 del producte \"Arenero Lut\" El sorral especial \u2013 el model \"Lut\" es presenta en forma d'un pot. S'envia completament muntat. Aquest sorral \u00e9s el punt d'atracci\u00f3 a qualsevol parc de jocs infantils. Les seves dimensions i la taula central de seient fan del Llut un parad\u00eds per als m\u00e9s petits.","og_url":"https:\/\/yourplastics.es\/ca\/producto\/sorral-lut\/","og_site_name":"Yourplastics.es","og_image":[{"width":1600,"height":529,"url":"https:\/\/yourplastics.es\/wp-content\/uploads\/2024\/03\/602400_Sandkasten_Lut_3D_Brown_920.jpg","type":"image\/jpeg"}],"twitter_card":"summary_large_image","schema":{"@context":"https:\/\/schema.org","@graph":[{"@type":"WebPage","@id":"https:\/\/yourplastics.es\/ca\/producto\/sorral-lut\/","url":"https:\/\/yourplastics.es\/ca\/producto\/sorral-lut\/","name":"Sorral Lut - Yourplastics.es","isPartOf":{"@id":"https:\/\/yourplastics.es\/#website"},"primaryImageOfPage":{"@id":"https:\/\/yourplastics.es\/ca\/producto\/sorral-lut\/#primaryimage"},"image":{"@id":"https:\/\/yourplastics.es\/ca\/producto\/sorral-lut\/#primaryimage"},"thumbnailUrl":"https:\/\/yourplastics.es\/wp-content\/uploads\/2024\/03\/602400_Sandkasten_Lut_3D_Brown_920.jpg","datePublished":"2024-03-04T09:12:37+00:00","dateModified":"2024-03-04T09:12:37+00:00","breadcrumb":{"@id":"https:\/\/yourplastics.es\/ca\/producto\/sorral-lut\/#breadcrumb"},"inLanguage":"ca","potentialAction":[{"@type":"ReadAction","target":["https:\/\/yourplastics.es\/ca\/producto\/sorral-lut\/"]}]},{"@type":"ImageObject","inLanguage":"ca","@id":"https:\/\/yourplastics.es\/ca\/producto\/sorral-lut\/#primaryimage","url":"https:\/\/yourplastics.es\/wp-content\/uploads\/2024\/03\/602400_Sandkasten_Lut_3D_Brown_920.jpg","contentUrl":"https:\/\/yourplastics.es\/wp-content\/uploads\/2024\/03\/602400_Sandkasten_Lut_3D_Brown_920.jpg","width":1600,"height":529},{"@type":"BreadcrumbList","@id":"https:\/\/yourplastics.es\/ca\/producto\/sorral-lut\/#breadcrumb","itemListElement":[{"@type":"ListItem","position":1,"name":"Home","item":"https:\/\/yourplastics.es\/ca\/"},{"@type":"ListItem","position":2,"name":"Botiga","item":"https:\/\/yourplastics.es\/ca\/tienda-2\/"},{"@type":"ListItem","position":3,"name":"Sorral Lut"}]},{"@type":"WebSite","@id":"https:\/\/yourplastics.es\/#website","url":"https:\/\/yourplastics.es\/","name":"Yourplastics","description":"","publisher":{"@id":"https:\/\/yourplastics.es\/#organization"},"potentialAction":[{"@type":"SearchAction","target":{"@type":"EntryPoint","urlTemplate":"https:\/\/yourplastics.es\/?s={search_term_string}"},"query-input":"required name=search_term_string"}],"inLanguage":"ca"},{"@type":"Organization","@id":"https:\/\/yourplastics.es\/#organization","name":"Yourplastics","url":"https:\/\/yourplastics.es\/","logo":{"@type":"ImageObject","inLanguage":"ca","@id":"https:\/\/yourplastics.es\/#\/schema\/logo\/image\/","url":"https:\/\/yourplastics.es\/wp-content\/uploads\/2024\/08\/logo2-400x163-1.png","contentUrl":"https:\/\/yourplastics.es\/wp-content\/uploads\/2024\/08\/logo2-400x163-1.png","width":400,"height":163,"caption":"Yourplastics"},"image":{"@id":"https:\/\/yourplastics.es\/#\/schema\/logo\/image\/"}}]}},"_links":{"self":[{"href":"https:\/\/yourplastics.es\/ca\/wp-json\/wp\/v2\/product\/6372","targetHints":{"allow":["GET"]}}],"collection":[{"href":"https:\/\/yourplastics.es\/ca\/wp-json\/wp\/v2\/product"}],"about":[{"href":"https:\/\/yourplastics.es\/ca\/wp-json\/wp\/v2\/types\/product"}],"replies":[{"embeddable":true,"href":"https:\/\/yourplastics.es\/ca\/wp-json\/wp\/v2\/comments?post=6372"}],"wp:featuredmedia":[{"embeddable":true,"href":"https:\/\/yourplastics.es\/ca\/wp-json\/wp\/v2\/media\/2761"}],"wp:attachment":[{"href":"https:\/\/yourplastics.es\/ca\/wp-json\/wp\/v2\/media?parent=6372"}],"wp:term":[{"taxonomy":"product_cat","embeddable":true,"href":"https:\/\/yourplastics.es\/ca\/wp-json\/wp\/v2\/product_cat?post=6372"},{"taxonomy":"product_tag","embeddable":true,"href":"https:\/\/yourplastics.es\/ca\/wp-json\/wp\/v2\/product_tag?post=6372"}],"curies":[{"name":"wp","href":"https:\/\/api.w.org\/{rel}","templated":true}]}}