{"id":6371,"date":"2024-03-04T09:12:37","date_gmt":"2024-03-04T09:12:37","guid":{"rendered":"https:\/\/yourplastics.es\/producto\/sorral-namib\/"},"modified":"2024-03-04T09:12:37","modified_gmt":"2024-03-04T09:12:37","slug":"sorral-namib","status":"publish","type":"product","link":"https:\/\/yourplastics.es\/ca\/producto\/sorral-namib\/","title":{"rendered":"Sorral Namib"},"content":{"rendered":"<ul>\n<li>Format: quadrats de 200, 300, 400 i 500 cm<\/li>\n<li>Al\u00e7ada: 31 cm<\/li>\n<li>Perfils laterals: 9 x 9 cm<\/li>\n<li>Seient: 19 x 4 cm<\/li>\n<li>El sorral cl\u00e0ssic<\/li>\n<\/ul>\n<p>Perfils laterals: 9 x 9 cm. Seient: 4 x 19 cm. Mesures: exteriors del seient. Per armar, sense fons. Altres mesures per comanda.<\/p>\n","protected":false},"excerpt":{"rendered":"<div class=\"content--title\">Informaci\u00f3 del producte &#8220;Arenero Namib&#8221;<\/div>\n<div class=\"product--description\">Amb el model &#8220;Namib&#8221; us oferim un sorral en la seva forma cl\u00e0ssica: quadrat, amb una s\u00f2lida base, ampli espai per seure i en quatre mides. Aqu\u00ed els nens troben un lloc on sentir-se a gust i poder-se desenvolupar alegrement. Pares i educadors poden estar tranquils ja que aquest sorral est\u00e0 lliure d&#8217;estelles i d&#8217;additius contaminants.<\/div>\n","protected":false},"featured_media":2765,"comment_status":"closed","ping_status":"closed","template":"","meta":[],"product_cat":[176,175],"product_tag":[],"class_list":{"0":"post-6371","1":"product","2":"type-product","3":"status-publish","4":"has-post-thumbnail","6":"product_cat-parcs-i-jocs-infantils","7":"product_cat-sorrals","9":"first","10":"instock","11":"shipping-taxable","12":"product-type-simple"},"yoast_head":"<!-- This site is optimized with the Yoast SEO plugin v23.2 - https:\/\/yoast.com\/wordpress\/plugins\/seo\/ -->\n<title>Sorral Namib - Yourplastics.es<\/title>\n<meta name=\"robots\" content=\"index, follow, max-snippet:-1, max-image-preview:large, max-video-preview:-1\" \/>\n<link rel=\"canonical\" href=\"https:\/\/yourplastics.es\/ca\/producto\/sorral-namib\/\" \/>\n<meta property=\"og:locale\" content=\"ca_ES\" \/>\n<meta property=\"og:type\" content=\"article\" \/>\n<meta property=\"og:title\" content=\"Sorral Namib - Yourplastics.es\" \/>\n<meta property=\"og:description\" content=\"Informaci\u00f3 del producte &quot;Arenero Namib&quot; Amb el model &quot;Namib&quot; us oferim un sorral en la seva forma cl\u00e0ssica: quadrat, amb una s\u00f2lida base, ampli espai per seure i en quatre mides. Aqu\u00ed els nens troben un lloc on sentir-se a gust i poder-se desenvolupar alegrement. Pares i educadors poden estar tranquils ja que aquest sorral est\u00e0 lliure d&#039;estelles i d&#039;additius contaminants.\" \/>\n<meta property=\"og:url\" content=\"https:\/\/yourplastics.es\/ca\/producto\/sorral-namib\/\" \/>\n<meta property=\"og:site_name\" content=\"Yourplastics.es\" \/>\n<meta property=\"og:image\" content=\"https:\/\/yourplastics.es\/wp-content\/uploads\/2024\/03\/602100-3_Sandkasten_Namib_3D_1317.jpg\" \/>\n\t<meta property=\"og:image:width\" content=\"1600\" \/>\n\t<meta property=\"og:image:height\" content=\"639\" \/>\n\t<meta property=\"og:image:type\" content=\"image\/jpeg\" \/>\n<meta name=\"twitter:card\" content=\"summary_large_image\" \/>\n<script type=\"application\/ld+json\" class=\"yoast-schema-graph\">{\"@context\":\"https:\/\/schema.org\",\"@graph\":[{\"@type\":\"WebPage\",\"@id\":\"https:\/\/yourplastics.es\/ca\/producto\/sorral-namib\/\",\"url\":\"https:\/\/yourplastics.es\/ca\/producto\/sorral-namib\/\",\"name\":\"Sorral Namib - Yourplastics.es\",\"isPartOf\":{\"@id\":\"https:\/\/yourplastics.es\/#website\"},\"primaryImageOfPage\":{\"@id\":\"https:\/\/yourplastics.es\/ca\/producto\/sorral-namib\/#primaryimage\"},\"image\":{\"@id\":\"https:\/\/yourplastics.es\/ca\/producto\/sorral-namib\/#primaryimage\"},\"thumbnailUrl\":\"https:\/\/yourplastics.es\/wp-content\/uploads\/2024\/03\/602100-3_Sandkasten_Namib_3D_1317.jpg\",\"datePublished\":\"2024-03-04T09:12:37+00:00\",\"dateModified\":\"2024-03-04T09:12:37+00:00\",\"breadcrumb\":{\"@id\":\"https:\/\/yourplastics.es\/ca\/producto\/sorral-namib\/#breadcrumb\"},\"inLanguage\":\"ca\",\"potentialAction\":[{\"@type\":\"ReadAction\",\"target\":[\"https:\/\/yourplastics.es\/ca\/producto\/sorral-namib\/\"]}]},{\"@type\":\"ImageObject\",\"inLanguage\":\"ca\",\"@id\":\"https:\/\/yourplastics.es\/ca\/producto\/sorral-namib\/#primaryimage\",\"url\":\"https:\/\/yourplastics.es\/wp-content\/uploads\/2024\/03\/602100-3_Sandkasten_Namib_3D_1317.jpg\",\"contentUrl\":\"https:\/\/yourplastics.es\/wp-content\/uploads\/2024\/03\/602100-3_Sandkasten_Namib_3D_1317.jpg\",\"width\":1600,\"height\":639},{\"@type\":\"BreadcrumbList\",\"@id\":\"https:\/\/yourplastics.es\/ca\/producto\/sorral-namib\/#breadcrumb\",\"itemListElement\":[{\"@type\":\"ListItem\",\"position\":1,\"name\":\"Home\",\"item\":\"https:\/\/yourplastics.es\/ca\/\"},{\"@type\":\"ListItem\",\"position\":2,\"name\":\"Botiga\",\"item\":\"https:\/\/yourplastics.es\/ca\/tienda-2\/\"},{\"@type\":\"ListItem\",\"position\":3,\"name\":\"Sorral Namib\"}]},{\"@type\":\"WebSite\",\"@id\":\"https:\/\/yourplastics.es\/#website\",\"url\":\"https:\/\/yourplastics.es\/\",\"name\":\"Yourplastics\",\"description\":\"\",\"publisher\":{\"@id\":\"https:\/\/yourplastics.es\/#organization\"},\"potentialAction\":[{\"@type\":\"SearchAction\",\"target\":{\"@type\":\"EntryPoint\",\"urlTemplate\":\"https:\/\/yourplastics.es\/?s={search_term_string}\"},\"query-input\":\"required name=search_term_string\"}],\"inLanguage\":\"ca\"},{\"@type\":\"Organization\",\"@id\":\"https:\/\/yourplastics.es\/#organization\",\"name\":\"Yourplastics\",\"url\":\"https:\/\/yourplastics.es\/\",\"logo\":{\"@type\":\"ImageObject\",\"inLanguage\":\"ca\",\"@id\":\"https:\/\/yourplastics.es\/#\/schema\/logo\/image\/\",\"url\":\"https:\/\/yourplastics.es\/wp-content\/uploads\/2024\/08\/logo2-400x163-1.png\",\"contentUrl\":\"https:\/\/yourplastics.es\/wp-content\/uploads\/2024\/08\/logo2-400x163-1.png\",\"width\":400,\"height\":163,\"caption\":\"Yourplastics\"},\"image\":{\"@id\":\"https:\/\/yourplastics.es\/#\/schema\/logo\/image\/\"}}]}<\/script>\n<!-- \/ Yoast SEO plugin. -->","yoast_head_json":{"title":"Sorral Namib - Yourplastics.es","robots":{"index":"index","follow":"follow","max-snippet":"max-snippet:-1","max-image-preview":"max-image-preview:large","max-video-preview":"max-video-preview:-1"},"canonical":"https:\/\/yourplastics.es\/ca\/producto\/sorral-namib\/","og_locale":"ca_ES","og_type":"article","og_title":"Sorral Namib - Yourplastics.es","og_description":"Informaci\u00f3 del producte \"Arenero Namib\" Amb el model \"Namib\" us oferim un sorral en la seva forma cl\u00e0ssica: quadrat, amb una s\u00f2lida base, ampli espai per seure i en quatre mides. Aqu\u00ed els nens troben un lloc on sentir-se a gust i poder-se desenvolupar alegrement. Pares i educadors poden estar tranquils ja que aquest sorral est\u00e0 lliure d'estelles i d'additius contaminants.","og_url":"https:\/\/yourplastics.es\/ca\/producto\/sorral-namib\/","og_site_name":"Yourplastics.es","og_image":[{"width":1600,"height":639,"url":"https:\/\/yourplastics.es\/wp-content\/uploads\/2024\/03\/602100-3_Sandkasten_Namib_3D_1317.jpg","type":"image\/jpeg"}],"twitter_card":"summary_large_image","schema":{"@context":"https:\/\/schema.org","@graph":[{"@type":"WebPage","@id":"https:\/\/yourplastics.es\/ca\/producto\/sorral-namib\/","url":"https:\/\/yourplastics.es\/ca\/producto\/sorral-namib\/","name":"Sorral Namib - Yourplastics.es","isPartOf":{"@id":"https:\/\/yourplastics.es\/#website"},"primaryImageOfPage":{"@id":"https:\/\/yourplastics.es\/ca\/producto\/sorral-namib\/#primaryimage"},"image":{"@id":"https:\/\/yourplastics.es\/ca\/producto\/sorral-namib\/#primaryimage"},"thumbnailUrl":"https:\/\/yourplastics.es\/wp-content\/uploads\/2024\/03\/602100-3_Sandkasten_Namib_3D_1317.jpg","datePublished":"2024-03-04T09:12:37+00:00","dateModified":"2024-03-04T09:12:37+00:00","breadcrumb":{"@id":"https:\/\/yourplastics.es\/ca\/producto\/sorral-namib\/#breadcrumb"},"inLanguage":"ca","potentialAction":[{"@type":"ReadAction","target":["https:\/\/yourplastics.es\/ca\/producto\/sorral-namib\/"]}]},{"@type":"ImageObject","inLanguage":"ca","@id":"https:\/\/yourplastics.es\/ca\/producto\/sorral-namib\/#primaryimage","url":"https:\/\/yourplastics.es\/wp-content\/uploads\/2024\/03\/602100-3_Sandkasten_Namib_3D_1317.jpg","contentUrl":"https:\/\/yourplastics.es\/wp-content\/uploads\/2024\/03\/602100-3_Sandkasten_Namib_3D_1317.jpg","width":1600,"height":639},{"@type":"BreadcrumbList","@id":"https:\/\/yourplastics.es\/ca\/producto\/sorral-namib\/#breadcrumb","itemListElement":[{"@type":"ListItem","position":1,"name":"Home","item":"https:\/\/yourplastics.es\/ca\/"},{"@type":"ListItem","position":2,"name":"Botiga","item":"https:\/\/yourplastics.es\/ca\/tienda-2\/"},{"@type":"ListItem","position":3,"name":"Sorral Namib"}]},{"@type":"WebSite","@id":"https:\/\/yourplastics.es\/#website","url":"https:\/\/yourplastics.es\/","name":"Yourplastics","description":"","publisher":{"@id":"https:\/\/yourplastics.es\/#organization"},"potentialAction":[{"@type":"SearchAction","target":{"@type":"EntryPoint","urlTemplate":"https:\/\/yourplastics.es\/?s={search_term_string}"},"query-input":"required name=search_term_string"}],"inLanguage":"ca"},{"@type":"Organization","@id":"https:\/\/yourplastics.es\/#organization","name":"Yourplastics","url":"https:\/\/yourplastics.es\/","logo":{"@type":"ImageObject","inLanguage":"ca","@id":"https:\/\/yourplastics.es\/#\/schema\/logo\/image\/","url":"https:\/\/yourplastics.es\/wp-content\/uploads\/2024\/08\/logo2-400x163-1.png","contentUrl":"https:\/\/yourplastics.es\/wp-content\/uploads\/2024\/08\/logo2-400x163-1.png","width":400,"height":163,"caption":"Yourplastics"},"image":{"@id":"https:\/\/yourplastics.es\/#\/schema\/logo\/image\/"}}]}},"_links":{"self":[{"href":"https:\/\/yourplastics.es\/ca\/wp-json\/wp\/v2\/product\/6371","targetHints":{"allow":["GET"]}}],"collection":[{"href":"https:\/\/yourplastics.es\/ca\/wp-json\/wp\/v2\/product"}],"about":[{"href":"https:\/\/yourplastics.es\/ca\/wp-json\/wp\/v2\/types\/product"}],"replies":[{"embeddable":true,"href":"https:\/\/yourplastics.es\/ca\/wp-json\/wp\/v2\/comments?post=6371"}],"wp:featuredmedia":[{"embeddable":true,"href":"https:\/\/yourplastics.es\/ca\/wp-json\/wp\/v2\/media\/2765"}],"wp:attachment":[{"href":"https:\/\/yourplastics.es\/ca\/wp-json\/wp\/v2\/media?parent=6371"}],"wp:term":[{"taxonomy":"product_cat","embeddable":true,"href":"https:\/\/yourplastics.es\/ca\/wp-json\/wp\/v2\/product_cat?post=6371"},{"taxonomy":"product_tag","embeddable":true,"href":"https:\/\/yourplastics.es\/ca\/wp-json\/wp\/v2\/product_tag?post=6371"}],"curies":[{"name":"wp","href":"https:\/\/api.w.org\/{rel}","templated":true}]}}