{"id":6370,"date":"2024-03-04T09:13:01","date_gmt":"2024-03-04T09:13:01","guid":{"rendered":"https:\/\/yourplastics.es\/producto\/sorral-sahara\/"},"modified":"2024-03-04T09:13:01","modified_gmt":"2024-03-04T09:13:01","slug":"sorral-sahara","status":"publish","type":"product","link":"https:\/\/yourplastics.es\/ca\/producto\/sorral-sahara\/","title":{"rendered":"Sorral Sahara"},"content":{"rendered":"<ul>\n<li>Llarg x ample x alt: 200\/300 x 200\/300 x 27 cm<\/li>\n<li>Perfil: 8 x 23 cm<\/li>\n<\/ul>\n<p>Perfils laterals: 8 x 23 cm. Seient: 4 x 19 cm. Mesures: exteriors del seient. Per armar, sense fons. Altres mesures per comanda.<\/p>\n","protected":false},"excerpt":{"rendered":"<div class=\"content--title\">Informaci\u00f3 del producte &#8220;Arenero Sahara&#8221;<\/div>\n<div class=\"product--description\">El sorral &#8220;Sahara&#8221; es presenta en 2 mides i quatre diferents colors. El seu material \u00e9s l\u00f2gicament hanit<sup>\u00ae<\/sup> \u2013 l&#8217;alternativa intel\u00b7ligent per a la fusta, el ciment i l&#8217;acer! \u00e9s clar doncs els avantatges s\u00f3n immensos: no ho afecta la intemp\u00e8rie, no es podreix, no s&#8217;estella, baix manteniment, UV-neutre i robust. Exactament el que \u00e9s correcte per als nens d&#8217;avui.<\/div>\n","protected":false},"featured_media":2772,"comment_status":"closed","ping_status":"closed","template":"","meta":[],"product_cat":[176,175],"product_tag":[],"class_list":{"0":"post-6370","1":"product","2":"type-product","3":"status-publish","4":"has-post-thumbnail","6":"product_cat-parcs-i-jocs-infantils","7":"product_cat-sorrals","9":"first","10":"instock","11":"shipping-taxable","12":"product-type-simple"},"yoast_head":"<!-- This site is optimized with the Yoast SEO plugin v23.2 - https:\/\/yoast.com\/wordpress\/plugins\/seo\/ -->\n<title>Sorral Sahara - Yourplastics.es<\/title>\n<meta name=\"robots\" content=\"index, follow, max-snippet:-1, max-image-preview:large, max-video-preview:-1\" \/>\n<link rel=\"canonical\" href=\"https:\/\/yourplastics.es\/ca\/producto\/sorral-sahara\/\" \/>\n<meta property=\"og:locale\" content=\"ca_ES\" \/>\n<meta property=\"og:type\" content=\"article\" \/>\n<meta property=\"og:title\" content=\"Sorral Sahara - Yourplastics.es\" \/>\n<meta property=\"og:description\" content=\"Informaci\u00f3 del producte &quot;Arenero Sahara&quot; El sorral &quot;Sahara&quot; es presenta en 2 mides i quatre diferents colors. El seu material \u00e9s l\u00f2gicament hanit\u00ae \u2013 l&#039;alternativa intel\u00b7ligent per a la fusta, el ciment i l&#039;acer! \u00e9s clar doncs els avantatges s\u00f3n immensos: no ho afecta la intemp\u00e8rie, no es podreix, no s&#039;estella, baix manteniment, UV-neutre i robust. Exactament el que \u00e9s correcte per als nens d&#039;avui.\" \/>\n<meta property=\"og:url\" content=\"https:\/\/yourplastics.es\/ca\/producto\/sorral-sahara\/\" \/>\n<meta property=\"og:site_name\" content=\"Yourplastics.es\" \/>\n<meta property=\"og:image\" content=\"https:\/\/yourplastics.es\/wp-content\/uploads\/2024\/03\/602100-1_Sandkasten_Sahara_3D_Brown_1312.jpg\" \/>\n\t<meta property=\"og:image:width\" content=\"1600\" \/>\n\t<meta property=\"og:image:height\" content=\"569\" \/>\n\t<meta property=\"og:image:type\" content=\"image\/jpeg\" \/>\n<meta name=\"twitter:card\" content=\"summary_large_image\" \/>\n<script type=\"application\/ld+json\" class=\"yoast-schema-graph\">{\"@context\":\"https:\/\/schema.org\",\"@graph\":[{\"@type\":\"WebPage\",\"@id\":\"https:\/\/yourplastics.es\/ca\/producto\/sorral-sahara\/\",\"url\":\"https:\/\/yourplastics.es\/ca\/producto\/sorral-sahara\/\",\"name\":\"Sorral Sahara - Yourplastics.es\",\"isPartOf\":{\"@id\":\"https:\/\/yourplastics.es\/#website\"},\"primaryImageOfPage\":{\"@id\":\"https:\/\/yourplastics.es\/ca\/producto\/sorral-sahara\/#primaryimage\"},\"image\":{\"@id\":\"https:\/\/yourplastics.es\/ca\/producto\/sorral-sahara\/#primaryimage\"},\"thumbnailUrl\":\"https:\/\/yourplastics.es\/wp-content\/uploads\/2024\/03\/602100-1_Sandkasten_Sahara_3D_Brown_1312.jpg\",\"datePublished\":\"2024-03-04T09:13:01+00:00\",\"dateModified\":\"2024-03-04T09:13:01+00:00\",\"breadcrumb\":{\"@id\":\"https:\/\/yourplastics.es\/ca\/producto\/sorral-sahara\/#breadcrumb\"},\"inLanguage\":\"ca\",\"potentialAction\":[{\"@type\":\"ReadAction\",\"target\":[\"https:\/\/yourplastics.es\/ca\/producto\/sorral-sahara\/\"]}]},{\"@type\":\"ImageObject\",\"inLanguage\":\"ca\",\"@id\":\"https:\/\/yourplastics.es\/ca\/producto\/sorral-sahara\/#primaryimage\",\"url\":\"https:\/\/yourplastics.es\/wp-content\/uploads\/2024\/03\/602100-1_Sandkasten_Sahara_3D_Brown_1312.jpg\",\"contentUrl\":\"https:\/\/yourplastics.es\/wp-content\/uploads\/2024\/03\/602100-1_Sandkasten_Sahara_3D_Brown_1312.jpg\",\"width\":1600,\"height\":569},{\"@type\":\"BreadcrumbList\",\"@id\":\"https:\/\/yourplastics.es\/ca\/producto\/sorral-sahara\/#breadcrumb\",\"itemListElement\":[{\"@type\":\"ListItem\",\"position\":1,\"name\":\"Home\",\"item\":\"https:\/\/yourplastics.es\/ca\/\"},{\"@type\":\"ListItem\",\"position\":2,\"name\":\"Botiga\",\"item\":\"https:\/\/yourplastics.es\/ca\/tienda-2\/\"},{\"@type\":\"ListItem\",\"position\":3,\"name\":\"Sorral Sahara\"}]},{\"@type\":\"WebSite\",\"@id\":\"https:\/\/yourplastics.es\/#website\",\"url\":\"https:\/\/yourplastics.es\/\",\"name\":\"Yourplastics\",\"description\":\"\",\"publisher\":{\"@id\":\"https:\/\/yourplastics.es\/#organization\"},\"potentialAction\":[{\"@type\":\"SearchAction\",\"target\":{\"@type\":\"EntryPoint\",\"urlTemplate\":\"https:\/\/yourplastics.es\/?s={search_term_string}\"},\"query-input\":\"required name=search_term_string\"}],\"inLanguage\":\"ca\"},{\"@type\":\"Organization\",\"@id\":\"https:\/\/yourplastics.es\/#organization\",\"name\":\"Yourplastics\",\"url\":\"https:\/\/yourplastics.es\/\",\"logo\":{\"@type\":\"ImageObject\",\"inLanguage\":\"ca\",\"@id\":\"https:\/\/yourplastics.es\/#\/schema\/logo\/image\/\",\"url\":\"https:\/\/yourplastics.es\/wp-content\/uploads\/2024\/08\/logo2-400x163-1.png\",\"contentUrl\":\"https:\/\/yourplastics.es\/wp-content\/uploads\/2024\/08\/logo2-400x163-1.png\",\"width\":400,\"height\":163,\"caption\":\"Yourplastics\"},\"image\":{\"@id\":\"https:\/\/yourplastics.es\/#\/schema\/logo\/image\/\"}}]}<\/script>\n<!-- \/ Yoast SEO plugin. -->","yoast_head_json":{"title":"Sorral Sahara - Yourplastics.es","robots":{"index":"index","follow":"follow","max-snippet":"max-snippet:-1","max-image-preview":"max-image-preview:large","max-video-preview":"max-video-preview:-1"},"canonical":"https:\/\/yourplastics.es\/ca\/producto\/sorral-sahara\/","og_locale":"ca_ES","og_type":"article","og_title":"Sorral Sahara - Yourplastics.es","og_description":"Informaci\u00f3 del producte \"Arenero Sahara\" El sorral \"Sahara\" es presenta en 2 mides i quatre diferents colors. El seu material \u00e9s l\u00f2gicament hanit\u00ae \u2013 l'alternativa intel\u00b7ligent per a la fusta, el ciment i l'acer! \u00e9s clar doncs els avantatges s\u00f3n immensos: no ho afecta la intemp\u00e8rie, no es podreix, no s'estella, baix manteniment, UV-neutre i robust. Exactament el que \u00e9s correcte per als nens d'avui.","og_url":"https:\/\/yourplastics.es\/ca\/producto\/sorral-sahara\/","og_site_name":"Yourplastics.es","og_image":[{"width":1600,"height":569,"url":"https:\/\/yourplastics.es\/wp-content\/uploads\/2024\/03\/602100-1_Sandkasten_Sahara_3D_Brown_1312.jpg","type":"image\/jpeg"}],"twitter_card":"summary_large_image","schema":{"@context":"https:\/\/schema.org","@graph":[{"@type":"WebPage","@id":"https:\/\/yourplastics.es\/ca\/producto\/sorral-sahara\/","url":"https:\/\/yourplastics.es\/ca\/producto\/sorral-sahara\/","name":"Sorral Sahara - Yourplastics.es","isPartOf":{"@id":"https:\/\/yourplastics.es\/#website"},"primaryImageOfPage":{"@id":"https:\/\/yourplastics.es\/ca\/producto\/sorral-sahara\/#primaryimage"},"image":{"@id":"https:\/\/yourplastics.es\/ca\/producto\/sorral-sahara\/#primaryimage"},"thumbnailUrl":"https:\/\/yourplastics.es\/wp-content\/uploads\/2024\/03\/602100-1_Sandkasten_Sahara_3D_Brown_1312.jpg","datePublished":"2024-03-04T09:13:01+00:00","dateModified":"2024-03-04T09:13:01+00:00","breadcrumb":{"@id":"https:\/\/yourplastics.es\/ca\/producto\/sorral-sahara\/#breadcrumb"},"inLanguage":"ca","potentialAction":[{"@type":"ReadAction","target":["https:\/\/yourplastics.es\/ca\/producto\/sorral-sahara\/"]}]},{"@type":"ImageObject","inLanguage":"ca","@id":"https:\/\/yourplastics.es\/ca\/producto\/sorral-sahara\/#primaryimage","url":"https:\/\/yourplastics.es\/wp-content\/uploads\/2024\/03\/602100-1_Sandkasten_Sahara_3D_Brown_1312.jpg","contentUrl":"https:\/\/yourplastics.es\/wp-content\/uploads\/2024\/03\/602100-1_Sandkasten_Sahara_3D_Brown_1312.jpg","width":1600,"height":569},{"@type":"BreadcrumbList","@id":"https:\/\/yourplastics.es\/ca\/producto\/sorral-sahara\/#breadcrumb","itemListElement":[{"@type":"ListItem","position":1,"name":"Home","item":"https:\/\/yourplastics.es\/ca\/"},{"@type":"ListItem","position":2,"name":"Botiga","item":"https:\/\/yourplastics.es\/ca\/tienda-2\/"},{"@type":"ListItem","position":3,"name":"Sorral Sahara"}]},{"@type":"WebSite","@id":"https:\/\/yourplastics.es\/#website","url":"https:\/\/yourplastics.es\/","name":"Yourplastics","description":"","publisher":{"@id":"https:\/\/yourplastics.es\/#organization"},"potentialAction":[{"@type":"SearchAction","target":{"@type":"EntryPoint","urlTemplate":"https:\/\/yourplastics.es\/?s={search_term_string}"},"query-input":"required name=search_term_string"}],"inLanguage":"ca"},{"@type":"Organization","@id":"https:\/\/yourplastics.es\/#organization","name":"Yourplastics","url":"https:\/\/yourplastics.es\/","logo":{"@type":"ImageObject","inLanguage":"ca","@id":"https:\/\/yourplastics.es\/#\/schema\/logo\/image\/","url":"https:\/\/yourplastics.es\/wp-content\/uploads\/2024\/08\/logo2-400x163-1.png","contentUrl":"https:\/\/yourplastics.es\/wp-content\/uploads\/2024\/08\/logo2-400x163-1.png","width":400,"height":163,"caption":"Yourplastics"},"image":{"@id":"https:\/\/yourplastics.es\/#\/schema\/logo\/image\/"}}]}},"_links":{"self":[{"href":"https:\/\/yourplastics.es\/ca\/wp-json\/wp\/v2\/product\/6370","targetHints":{"allow":["GET"]}}],"collection":[{"href":"https:\/\/yourplastics.es\/ca\/wp-json\/wp\/v2\/product"}],"about":[{"href":"https:\/\/yourplastics.es\/ca\/wp-json\/wp\/v2\/types\/product"}],"replies":[{"embeddable":true,"href":"https:\/\/yourplastics.es\/ca\/wp-json\/wp\/v2\/comments?post=6370"}],"wp:featuredmedia":[{"embeddable":true,"href":"https:\/\/yourplastics.es\/ca\/wp-json\/wp\/v2\/media\/2772"}],"wp:attachment":[{"href":"https:\/\/yourplastics.es\/ca\/wp-json\/wp\/v2\/media?parent=6370"}],"wp:term":[{"taxonomy":"product_cat","embeddable":true,"href":"https:\/\/yourplastics.es\/ca\/wp-json\/wp\/v2\/product_cat?post=6370"},{"taxonomy":"product_tag","embeddable":true,"href":"https:\/\/yourplastics.es\/ca\/wp-json\/wp\/v2\/product_tag?post=6370"}],"curies":[{"name":"wp","href":"https:\/\/api.w.org\/{rel}","templated":true}]}}