{"id":6369,"date":"2024-03-04T09:13:01","date_gmt":"2024-03-04T09:13:01","guid":{"rendered":"https:\/\/yourplastics.es\/producto\/sorral-mojave\/"},"modified":"2024-03-04T09:13:01","modified_gmt":"2024-03-04T09:13:01","slug":"sorral-mojave","status":"publish","type":"product","link":"https:\/\/yourplastics.es\/ca\/producto\/sorral-mojave\/","title":{"rendered":"Sorral Mojave"},"content":{"rendered":"<ul>\n<li>Di\u00e0metre: 240, 300 i 400 cm<\/li>\n<li>Al\u00e7ada: 21 cm<\/li>\n<li>Perfils laterals: 15,5 x 21 cm<\/li>\n<li>Muntatge senzill<\/li>\n<li>S&#8217;entrega desarmat<\/li>\n<\/ul>\n<p>Perfils laterals: 15,5 x 21 cm. Mesures: exteriors. Per armar, sense fons. Altres mesures per comanda.<\/p>\n","protected":false},"excerpt":{"rendered":"<div class=\"content--title\">Informaci\u00f3 del producte &#8220;Arenero Mojave&#8221;<\/div>\n<div class=\"product--description\">L&#8217;excepcional del model &#8220;Mojave&#8221; \u00e9s la seva forma octogonal, la que, juntament amb les seves tres mides, obre noves possibilitats en el disseny dels parcs infantils. La seva baixa altura no brinda cap obstacle per a la diversi\u00f3. Feu d&#8217;aquest sorral el centre d&#8217;atenci\u00f3 i alegria de la vostra pla\u00e7a de jocs.<\/div>\n","protected":false},"featured_media":2778,"comment_status":"closed","ping_status":"closed","template":"","meta":[],"product_cat":[176,175],"product_tag":[],"class_list":{"0":"post-6369","1":"product","2":"type-product","3":"status-publish","4":"has-post-thumbnail","6":"product_cat-parcs-i-jocs-infantils","7":"product_cat-sorrals","9":"first","10":"instock","11":"shipping-taxable","12":"product-type-simple"},"yoast_head":"<!-- This site is optimized with the Yoast SEO plugin v23.2 - https:\/\/yoast.com\/wordpress\/plugins\/seo\/ -->\n<title>Sorral Mojave - Yourplastics.es<\/title>\n<meta name=\"robots\" content=\"index, follow, max-snippet:-1, max-image-preview:large, max-video-preview:-1\" \/>\n<link rel=\"canonical\" href=\"https:\/\/yourplastics.es\/ca\/producto\/sorral-mojave\/\" \/>\n<meta property=\"og:locale\" content=\"ca_ES\" \/>\n<meta property=\"og:type\" content=\"article\" \/>\n<meta property=\"og:title\" content=\"Sorral Mojave - Yourplastics.es\" \/>\n<meta property=\"og:description\" content=\"Informaci\u00f3 del producte &quot;Arenero Mojave&quot; L&#039;excepcional del model &quot;Mojave&quot; \u00e9s la seva forma octogonal, la que, juntament amb les seves tres mides, obre noves possibilitats en el disseny dels parcs infantils. La seva baixa altura no brinda cap obstacle per a la diversi\u00f3. Feu d&#039;aquest sorral el centre d&#039;atenci\u00f3 i alegria de la vostra pla\u00e7a de jocs.\" \/>\n<meta property=\"og:url\" content=\"https:\/\/yourplastics.es\/ca\/producto\/sorral-mojave\/\" \/>\n<meta property=\"og:site_name\" content=\"Yourplastics.es\" \/>\n<meta property=\"og:image\" content=\"https:\/\/yourplastics.es\/wp-content\/uploads\/2024\/03\/602300_Sandkasten_Mojave_3D_Typ1_917.jpg\" \/>\n\t<meta property=\"og:image:width\" content=\"1600\" \/>\n\t<meta property=\"og:image:height\" content=\"568\" \/>\n\t<meta property=\"og:image:type\" content=\"image\/jpeg\" \/>\n<meta name=\"twitter:card\" content=\"summary_large_image\" \/>\n<script type=\"application\/ld+json\" class=\"yoast-schema-graph\">{\"@context\":\"https:\/\/schema.org\",\"@graph\":[{\"@type\":\"WebPage\",\"@id\":\"https:\/\/yourplastics.es\/ca\/producto\/sorral-mojave\/\",\"url\":\"https:\/\/yourplastics.es\/ca\/producto\/sorral-mojave\/\",\"name\":\"Sorral Mojave - Yourplastics.es\",\"isPartOf\":{\"@id\":\"https:\/\/yourplastics.es\/#website\"},\"primaryImageOfPage\":{\"@id\":\"https:\/\/yourplastics.es\/ca\/producto\/sorral-mojave\/#primaryimage\"},\"image\":{\"@id\":\"https:\/\/yourplastics.es\/ca\/producto\/sorral-mojave\/#primaryimage\"},\"thumbnailUrl\":\"https:\/\/yourplastics.es\/wp-content\/uploads\/2024\/03\/602300_Sandkasten_Mojave_3D_Typ1_917.jpg\",\"datePublished\":\"2024-03-04T09:13:01+00:00\",\"dateModified\":\"2024-03-04T09:13:01+00:00\",\"breadcrumb\":{\"@id\":\"https:\/\/yourplastics.es\/ca\/producto\/sorral-mojave\/#breadcrumb\"},\"inLanguage\":\"ca\",\"potentialAction\":[{\"@type\":\"ReadAction\",\"target\":[\"https:\/\/yourplastics.es\/ca\/producto\/sorral-mojave\/\"]}]},{\"@type\":\"ImageObject\",\"inLanguage\":\"ca\",\"@id\":\"https:\/\/yourplastics.es\/ca\/producto\/sorral-mojave\/#primaryimage\",\"url\":\"https:\/\/yourplastics.es\/wp-content\/uploads\/2024\/03\/602300_Sandkasten_Mojave_3D_Typ1_917.jpg\",\"contentUrl\":\"https:\/\/yourplastics.es\/wp-content\/uploads\/2024\/03\/602300_Sandkasten_Mojave_3D_Typ1_917.jpg\",\"width\":1600,\"height\":568},{\"@type\":\"BreadcrumbList\",\"@id\":\"https:\/\/yourplastics.es\/ca\/producto\/sorral-mojave\/#breadcrumb\",\"itemListElement\":[{\"@type\":\"ListItem\",\"position\":1,\"name\":\"Home\",\"item\":\"https:\/\/yourplastics.es\/ca\/\"},{\"@type\":\"ListItem\",\"position\":2,\"name\":\"Botiga\",\"item\":\"https:\/\/yourplastics.es\/ca\/tienda-2\/\"},{\"@type\":\"ListItem\",\"position\":3,\"name\":\"Sorral Mojave\"}]},{\"@type\":\"WebSite\",\"@id\":\"https:\/\/yourplastics.es\/#website\",\"url\":\"https:\/\/yourplastics.es\/\",\"name\":\"Yourplastics\",\"description\":\"\",\"publisher\":{\"@id\":\"https:\/\/yourplastics.es\/#organization\"},\"potentialAction\":[{\"@type\":\"SearchAction\",\"target\":{\"@type\":\"EntryPoint\",\"urlTemplate\":\"https:\/\/yourplastics.es\/?s={search_term_string}\"},\"query-input\":\"required name=search_term_string\"}],\"inLanguage\":\"ca\"},{\"@type\":\"Organization\",\"@id\":\"https:\/\/yourplastics.es\/#organization\",\"name\":\"Yourplastics\",\"url\":\"https:\/\/yourplastics.es\/\",\"logo\":{\"@type\":\"ImageObject\",\"inLanguage\":\"ca\",\"@id\":\"https:\/\/yourplastics.es\/#\/schema\/logo\/image\/\",\"url\":\"https:\/\/yourplastics.es\/wp-content\/uploads\/2024\/08\/logo2-400x163-1.png\",\"contentUrl\":\"https:\/\/yourplastics.es\/wp-content\/uploads\/2024\/08\/logo2-400x163-1.png\",\"width\":400,\"height\":163,\"caption\":\"Yourplastics\"},\"image\":{\"@id\":\"https:\/\/yourplastics.es\/#\/schema\/logo\/image\/\"}}]}<\/script>\n<!-- \/ Yoast SEO plugin. -->","yoast_head_json":{"title":"Sorral Mojave - Yourplastics.es","robots":{"index":"index","follow":"follow","max-snippet":"max-snippet:-1","max-image-preview":"max-image-preview:large","max-video-preview":"max-video-preview:-1"},"canonical":"https:\/\/yourplastics.es\/ca\/producto\/sorral-mojave\/","og_locale":"ca_ES","og_type":"article","og_title":"Sorral Mojave - Yourplastics.es","og_description":"Informaci\u00f3 del producte \"Arenero Mojave\" L'excepcional del model \"Mojave\" \u00e9s la seva forma octogonal, la que, juntament amb les seves tres mides, obre noves possibilitats en el disseny dels parcs infantils. La seva baixa altura no brinda cap obstacle per a la diversi\u00f3. Feu d'aquest sorral el centre d'atenci\u00f3 i alegria de la vostra pla\u00e7a de jocs.","og_url":"https:\/\/yourplastics.es\/ca\/producto\/sorral-mojave\/","og_site_name":"Yourplastics.es","og_image":[{"width":1600,"height":568,"url":"https:\/\/yourplastics.es\/wp-content\/uploads\/2024\/03\/602300_Sandkasten_Mojave_3D_Typ1_917.jpg","type":"image\/jpeg"}],"twitter_card":"summary_large_image","schema":{"@context":"https:\/\/schema.org","@graph":[{"@type":"WebPage","@id":"https:\/\/yourplastics.es\/ca\/producto\/sorral-mojave\/","url":"https:\/\/yourplastics.es\/ca\/producto\/sorral-mojave\/","name":"Sorral Mojave - Yourplastics.es","isPartOf":{"@id":"https:\/\/yourplastics.es\/#website"},"primaryImageOfPage":{"@id":"https:\/\/yourplastics.es\/ca\/producto\/sorral-mojave\/#primaryimage"},"image":{"@id":"https:\/\/yourplastics.es\/ca\/producto\/sorral-mojave\/#primaryimage"},"thumbnailUrl":"https:\/\/yourplastics.es\/wp-content\/uploads\/2024\/03\/602300_Sandkasten_Mojave_3D_Typ1_917.jpg","datePublished":"2024-03-04T09:13:01+00:00","dateModified":"2024-03-04T09:13:01+00:00","breadcrumb":{"@id":"https:\/\/yourplastics.es\/ca\/producto\/sorral-mojave\/#breadcrumb"},"inLanguage":"ca","potentialAction":[{"@type":"ReadAction","target":["https:\/\/yourplastics.es\/ca\/producto\/sorral-mojave\/"]}]},{"@type":"ImageObject","inLanguage":"ca","@id":"https:\/\/yourplastics.es\/ca\/producto\/sorral-mojave\/#primaryimage","url":"https:\/\/yourplastics.es\/wp-content\/uploads\/2024\/03\/602300_Sandkasten_Mojave_3D_Typ1_917.jpg","contentUrl":"https:\/\/yourplastics.es\/wp-content\/uploads\/2024\/03\/602300_Sandkasten_Mojave_3D_Typ1_917.jpg","width":1600,"height":568},{"@type":"BreadcrumbList","@id":"https:\/\/yourplastics.es\/ca\/producto\/sorral-mojave\/#breadcrumb","itemListElement":[{"@type":"ListItem","position":1,"name":"Home","item":"https:\/\/yourplastics.es\/ca\/"},{"@type":"ListItem","position":2,"name":"Botiga","item":"https:\/\/yourplastics.es\/ca\/tienda-2\/"},{"@type":"ListItem","position":3,"name":"Sorral Mojave"}]},{"@type":"WebSite","@id":"https:\/\/yourplastics.es\/#website","url":"https:\/\/yourplastics.es\/","name":"Yourplastics","description":"","publisher":{"@id":"https:\/\/yourplastics.es\/#organization"},"potentialAction":[{"@type":"SearchAction","target":{"@type":"EntryPoint","urlTemplate":"https:\/\/yourplastics.es\/?s={search_term_string}"},"query-input":"required name=search_term_string"}],"inLanguage":"ca"},{"@type":"Organization","@id":"https:\/\/yourplastics.es\/#organization","name":"Yourplastics","url":"https:\/\/yourplastics.es\/","logo":{"@type":"ImageObject","inLanguage":"ca","@id":"https:\/\/yourplastics.es\/#\/schema\/logo\/image\/","url":"https:\/\/yourplastics.es\/wp-content\/uploads\/2024\/08\/logo2-400x163-1.png","contentUrl":"https:\/\/yourplastics.es\/wp-content\/uploads\/2024\/08\/logo2-400x163-1.png","width":400,"height":163,"caption":"Yourplastics"},"image":{"@id":"https:\/\/yourplastics.es\/#\/schema\/logo\/image\/"}}]}},"_links":{"self":[{"href":"https:\/\/yourplastics.es\/ca\/wp-json\/wp\/v2\/product\/6369","targetHints":{"allow":["GET"]}}],"collection":[{"href":"https:\/\/yourplastics.es\/ca\/wp-json\/wp\/v2\/product"}],"about":[{"href":"https:\/\/yourplastics.es\/ca\/wp-json\/wp\/v2\/types\/product"}],"replies":[{"embeddable":true,"href":"https:\/\/yourplastics.es\/ca\/wp-json\/wp\/v2\/comments?post=6369"}],"wp:featuredmedia":[{"embeddable":true,"href":"https:\/\/yourplastics.es\/ca\/wp-json\/wp\/v2\/media\/2778"}],"wp:attachment":[{"href":"https:\/\/yourplastics.es\/ca\/wp-json\/wp\/v2\/media?parent=6369"}],"wp:term":[{"taxonomy":"product_cat","embeddable":true,"href":"https:\/\/yourplastics.es\/ca\/wp-json\/wp\/v2\/product_cat?post=6369"},{"taxonomy":"product_tag","embeddable":true,"href":"https:\/\/yourplastics.es\/ca\/wp-json\/wp\/v2\/product_tag?post=6369"}],"curies":[{"name":"wp","href":"https:\/\/api.w.org\/{rel}","templated":true}]}}