{"id":6366,"date":"2024-03-04T09:13:30","date_gmt":"2024-03-04T09:13:30","guid":{"rendered":"https:\/\/yourplastics.es\/producto\/sistema-de-sorral-thar\/"},"modified":"2024-03-04T09:13:30","modified_gmt":"2024-03-04T09:13:30","slug":"sistema-de-sorral-thar","status":"publish","type":"product","link":"https:\/\/yourplastics.es\/ca\/producto\/sistema-de-sorral-thar\/","title":{"rendered":"Sistema de Sorral Thar"},"content":{"rendered":"<ul>\n<li>Construcci\u00f3 de sorrals amb sistema<\/li>\n<li>Facilita la construcci\u00f3<\/li>\n<li>Per terra durs i tous<\/li>\n<li>Els perfils a U redueixen el pes del material<\/li>\n<li>Disponible en diverses mides<\/li>\n<li>Al\u00e7ada: 16 cm<\/li>\n<\/ul>\n<p>Per armar, sense fons. Altres mesures per comanda.<\/p>\n","protected":false},"excerpt":{"rendered":"<div class=\"content--title\">Informaci\u00f3 del producte &#8220;Sistema de Sorral Thar&#8221;<\/div>\n<div class=\"product--description\">Amb el sistema &#8220;Thar&#8221; oferim un perfecte set de muntatge per a la construcci\u00f3 d&#8217;assegurances i durables sorrals. Com que les seves peces s\u00f3n f\u00e0cils d&#8217;interconnectar aconseguim una r\u00e0pida i senzilla instal\u00b7laci\u00f3. No hi ha riscos de fer-se mal al no haver-hi cargols visibles, no s&#8217;estella. hanit<sup>\u00ae<\/sup> \u00e9s el material segur per a les mans dels nostres nens!<\/div>\n","protected":false},"featured_media":2798,"comment_status":"open","ping_status":"closed","template":"","meta":[],"product_cat":[176,169],"product_tag":[],"class_list":{"0":"post-6366","1":"product","2":"type-product","3":"status-publish","4":"has-post-thumbnail","6":"product_cat-parcs-i-jocs-infantils","7":"product_cat-sistema-sorral","9":"first","10":"instock","11":"shipping-taxable","12":"product-type-simple"},"yoast_head":"<!-- This site is optimized with the Yoast SEO plugin v23.2 - https:\/\/yoast.com\/wordpress\/plugins\/seo\/ -->\n<title>Sistema de Sorral Thar - Yourplastics.es<\/title>\n<meta name=\"robots\" content=\"index, follow, max-snippet:-1, max-image-preview:large, max-video-preview:-1\" \/>\n<link rel=\"canonical\" href=\"https:\/\/yourplastics.es\/ca\/producto\/sistema-de-sorral-thar\/\" \/>\n<meta property=\"og:locale\" content=\"ca_ES\" \/>\n<meta property=\"og:type\" content=\"article\" \/>\n<meta property=\"og:title\" content=\"Sistema de Sorral Thar - Yourplastics.es\" \/>\n<meta property=\"og:description\" content=\"Informaci\u00f3 del producte &quot;Sistema de Sorral Thar&quot; Amb el sistema &quot;Thar&quot; oferim un perfecte set de muntatge per a la construcci\u00f3 d&#039;assegurances i durables sorrals. Com que les seves peces s\u00f3n f\u00e0cils d&#039;interconnectar aconseguim una r\u00e0pida i senzilla instal\u00b7laci\u00f3. No hi ha riscos de fer-se mal al no haver-hi cargols visibles, no s&#039;estella. hanit\u00ae \u00e9s el material segur per a les mans dels nostres nens!\" \/>\n<meta property=\"og:url\" content=\"https:\/\/yourplastics.es\/ca\/producto\/sistema-de-sorral-thar\/\" \/>\n<meta property=\"og:site_name\" content=\"Yourplastics.es\" \/>\n<meta property=\"og:image\" content=\"https:\/\/yourplastics.es\/wp-content\/uploads\/2024\/03\/602500_Sandkasten_Thar_3D_2584.jpg\" \/>\n\t<meta property=\"og:image:width\" content=\"1600\" \/>\n\t<meta property=\"og:image:height\" content=\"566\" \/>\n\t<meta property=\"og:image:type\" content=\"image\/jpeg\" \/>\n<meta name=\"twitter:card\" content=\"summary_large_image\" \/>\n<script type=\"application\/ld+json\" class=\"yoast-schema-graph\">{\"@context\":\"https:\/\/schema.org\",\"@graph\":[{\"@type\":\"WebPage\",\"@id\":\"https:\/\/yourplastics.es\/ca\/producto\/sistema-de-sorral-thar\/\",\"url\":\"https:\/\/yourplastics.es\/ca\/producto\/sistema-de-sorral-thar\/\",\"name\":\"Sistema de Sorral Thar - Yourplastics.es\",\"isPartOf\":{\"@id\":\"https:\/\/yourplastics.es\/#website\"},\"primaryImageOfPage\":{\"@id\":\"https:\/\/yourplastics.es\/ca\/producto\/sistema-de-sorral-thar\/#primaryimage\"},\"image\":{\"@id\":\"https:\/\/yourplastics.es\/ca\/producto\/sistema-de-sorral-thar\/#primaryimage\"},\"thumbnailUrl\":\"https:\/\/yourplastics.es\/wp-content\/uploads\/2024\/03\/602500_Sandkasten_Thar_3D_2584.jpg\",\"datePublished\":\"2024-03-04T09:13:30+00:00\",\"dateModified\":\"2024-03-04T09:13:30+00:00\",\"breadcrumb\":{\"@id\":\"https:\/\/yourplastics.es\/ca\/producto\/sistema-de-sorral-thar\/#breadcrumb\"},\"inLanguage\":\"ca\",\"potentialAction\":[{\"@type\":\"ReadAction\",\"target\":[\"https:\/\/yourplastics.es\/ca\/producto\/sistema-de-sorral-thar\/\"]}]},{\"@type\":\"ImageObject\",\"inLanguage\":\"ca\",\"@id\":\"https:\/\/yourplastics.es\/ca\/producto\/sistema-de-sorral-thar\/#primaryimage\",\"url\":\"https:\/\/yourplastics.es\/wp-content\/uploads\/2024\/03\/602500_Sandkasten_Thar_3D_2584.jpg\",\"contentUrl\":\"https:\/\/yourplastics.es\/wp-content\/uploads\/2024\/03\/602500_Sandkasten_Thar_3D_2584.jpg\",\"width\":1600,\"height\":566},{\"@type\":\"BreadcrumbList\",\"@id\":\"https:\/\/yourplastics.es\/ca\/producto\/sistema-de-sorral-thar\/#breadcrumb\",\"itemListElement\":[{\"@type\":\"ListItem\",\"position\":1,\"name\":\"Home\",\"item\":\"https:\/\/yourplastics.es\/ca\/\"},{\"@type\":\"ListItem\",\"position\":2,\"name\":\"Botiga\",\"item\":\"https:\/\/yourplastics.es\/ca\/tienda-2\/\"},{\"@type\":\"ListItem\",\"position\":3,\"name\":\"Sistema de Sorral Thar\"}]},{\"@type\":\"WebSite\",\"@id\":\"https:\/\/yourplastics.es\/#website\",\"url\":\"https:\/\/yourplastics.es\/\",\"name\":\"Yourplastics\",\"description\":\"\",\"publisher\":{\"@id\":\"https:\/\/yourplastics.es\/#organization\"},\"potentialAction\":[{\"@type\":\"SearchAction\",\"target\":{\"@type\":\"EntryPoint\",\"urlTemplate\":\"https:\/\/yourplastics.es\/?s={search_term_string}\"},\"query-input\":\"required name=search_term_string\"}],\"inLanguage\":\"ca\"},{\"@type\":\"Organization\",\"@id\":\"https:\/\/yourplastics.es\/#organization\",\"name\":\"Yourplastics\",\"url\":\"https:\/\/yourplastics.es\/\",\"logo\":{\"@type\":\"ImageObject\",\"inLanguage\":\"ca\",\"@id\":\"https:\/\/yourplastics.es\/#\/schema\/logo\/image\/\",\"url\":\"https:\/\/yourplastics.es\/wp-content\/uploads\/2024\/08\/logo2-400x163-1.png\",\"contentUrl\":\"https:\/\/yourplastics.es\/wp-content\/uploads\/2024\/08\/logo2-400x163-1.png\",\"width\":400,\"height\":163,\"caption\":\"Yourplastics\"},\"image\":{\"@id\":\"https:\/\/yourplastics.es\/#\/schema\/logo\/image\/\"}}]}<\/script>\n<!-- \/ Yoast SEO plugin. -->","yoast_head_json":{"title":"Sistema de Sorral Thar - Yourplastics.es","robots":{"index":"index","follow":"follow","max-snippet":"max-snippet:-1","max-image-preview":"max-image-preview:large","max-video-preview":"max-video-preview:-1"},"canonical":"https:\/\/yourplastics.es\/ca\/producto\/sistema-de-sorral-thar\/","og_locale":"ca_ES","og_type":"article","og_title":"Sistema de Sorral Thar - Yourplastics.es","og_description":"Informaci\u00f3 del producte \"Sistema de Sorral Thar\" Amb el sistema \"Thar\" oferim un perfecte set de muntatge per a la construcci\u00f3 d'assegurances i durables sorrals. Com que les seves peces s\u00f3n f\u00e0cils d'interconnectar aconseguim una r\u00e0pida i senzilla instal\u00b7laci\u00f3. No hi ha riscos de fer-se mal al no haver-hi cargols visibles, no s'estella. hanit\u00ae \u00e9s el material segur per a les mans dels nostres nens!","og_url":"https:\/\/yourplastics.es\/ca\/producto\/sistema-de-sorral-thar\/","og_site_name":"Yourplastics.es","og_image":[{"width":1600,"height":566,"url":"https:\/\/yourplastics.es\/wp-content\/uploads\/2024\/03\/602500_Sandkasten_Thar_3D_2584.jpg","type":"image\/jpeg"}],"twitter_card":"summary_large_image","schema":{"@context":"https:\/\/schema.org","@graph":[{"@type":"WebPage","@id":"https:\/\/yourplastics.es\/ca\/producto\/sistema-de-sorral-thar\/","url":"https:\/\/yourplastics.es\/ca\/producto\/sistema-de-sorral-thar\/","name":"Sistema de Sorral Thar - Yourplastics.es","isPartOf":{"@id":"https:\/\/yourplastics.es\/#website"},"primaryImageOfPage":{"@id":"https:\/\/yourplastics.es\/ca\/producto\/sistema-de-sorral-thar\/#primaryimage"},"image":{"@id":"https:\/\/yourplastics.es\/ca\/producto\/sistema-de-sorral-thar\/#primaryimage"},"thumbnailUrl":"https:\/\/yourplastics.es\/wp-content\/uploads\/2024\/03\/602500_Sandkasten_Thar_3D_2584.jpg","datePublished":"2024-03-04T09:13:30+00:00","dateModified":"2024-03-04T09:13:30+00:00","breadcrumb":{"@id":"https:\/\/yourplastics.es\/ca\/producto\/sistema-de-sorral-thar\/#breadcrumb"},"inLanguage":"ca","potentialAction":[{"@type":"ReadAction","target":["https:\/\/yourplastics.es\/ca\/producto\/sistema-de-sorral-thar\/"]}]},{"@type":"ImageObject","inLanguage":"ca","@id":"https:\/\/yourplastics.es\/ca\/producto\/sistema-de-sorral-thar\/#primaryimage","url":"https:\/\/yourplastics.es\/wp-content\/uploads\/2024\/03\/602500_Sandkasten_Thar_3D_2584.jpg","contentUrl":"https:\/\/yourplastics.es\/wp-content\/uploads\/2024\/03\/602500_Sandkasten_Thar_3D_2584.jpg","width":1600,"height":566},{"@type":"BreadcrumbList","@id":"https:\/\/yourplastics.es\/ca\/producto\/sistema-de-sorral-thar\/#breadcrumb","itemListElement":[{"@type":"ListItem","position":1,"name":"Home","item":"https:\/\/yourplastics.es\/ca\/"},{"@type":"ListItem","position":2,"name":"Botiga","item":"https:\/\/yourplastics.es\/ca\/tienda-2\/"},{"@type":"ListItem","position":3,"name":"Sistema de Sorral Thar"}]},{"@type":"WebSite","@id":"https:\/\/yourplastics.es\/#website","url":"https:\/\/yourplastics.es\/","name":"Yourplastics","description":"","publisher":{"@id":"https:\/\/yourplastics.es\/#organization"},"potentialAction":[{"@type":"SearchAction","target":{"@type":"EntryPoint","urlTemplate":"https:\/\/yourplastics.es\/?s={search_term_string}"},"query-input":"required name=search_term_string"}],"inLanguage":"ca"},{"@type":"Organization","@id":"https:\/\/yourplastics.es\/#organization","name":"Yourplastics","url":"https:\/\/yourplastics.es\/","logo":{"@type":"ImageObject","inLanguage":"ca","@id":"https:\/\/yourplastics.es\/#\/schema\/logo\/image\/","url":"https:\/\/yourplastics.es\/wp-content\/uploads\/2024\/08\/logo2-400x163-1.png","contentUrl":"https:\/\/yourplastics.es\/wp-content\/uploads\/2024\/08\/logo2-400x163-1.png","width":400,"height":163,"caption":"Yourplastics"},"image":{"@id":"https:\/\/yourplastics.es\/#\/schema\/logo\/image\/"}}]}},"_links":{"self":[{"href":"https:\/\/yourplastics.es\/ca\/wp-json\/wp\/v2\/product\/6366","targetHints":{"allow":["GET"]}}],"collection":[{"href":"https:\/\/yourplastics.es\/ca\/wp-json\/wp\/v2\/product"}],"about":[{"href":"https:\/\/yourplastics.es\/ca\/wp-json\/wp\/v2\/types\/product"}],"replies":[{"embeddable":true,"href":"https:\/\/yourplastics.es\/ca\/wp-json\/wp\/v2\/comments?post=6366"}],"wp:featuredmedia":[{"embeddable":true,"href":"https:\/\/yourplastics.es\/ca\/wp-json\/wp\/v2\/media\/2798"}],"wp:attachment":[{"href":"https:\/\/yourplastics.es\/ca\/wp-json\/wp\/v2\/media?parent=6366"}],"wp:term":[{"taxonomy":"product_cat","embeddable":true,"href":"https:\/\/yourplastics.es\/ca\/wp-json\/wp\/v2\/product_cat?post=6366"},{"taxonomy":"product_tag","embeddable":true,"href":"https:\/\/yourplastics.es\/ca\/wp-json\/wp\/v2\/product_tag?post=6366"}],"curies":[{"name":"wp","href":"https:\/\/api.w.org\/{rel}","templated":true}]}}