{"id":6365,"date":"2024-03-04T09:13:30","date_gmt":"2024-03-04T09:13:30","guid":{"rendered":"https:\/\/yourplastics.es\/producto\/maceter-infantil-terra\/"},"modified":"2024-03-04T09:13:30","modified_gmt":"2024-03-04T09:13:30","slug":"maceter-infantil-terra","status":"publish","type":"product","link":"https:\/\/yourplastics.es\/ca\/producto\/maceter-infantil-terra\/","title":{"rendered":"Maceter infantil Terra"},"content":{"rendered":"<ul>\n<li>Mida (LxAxA): 190 x 90 x 63 cm<\/li>\n<li>Al\u00e7ada per a nens<\/li>\n<li>No s&#8217;astella<\/li>\n<li>Gran avantatge sobre la fusta: No es podreix<\/li>\n<li>El millor contacte dels nens amb la natura<\/li>\n<\/ul>\n<p>Per armar, sense fons.<\/p>\n","protected":false},"excerpt":{"rendered":"<div class=\"content--title\">Informaci\u00f3 del producte &#8220;Maceter infantil Terra&#8221;<\/div>\n<div class=\"product--description\">Aquesta \u00e9s la versi\u00f3 per a nens dels nostres testos. La millor part \u00e9s que fins i tot les primeres experi\u00e8ncies amb plantes s\u00f3n sempre coronades amb l&#8217;\u00e8xit. Aix\u00f2 \u00e9s aix\u00ed pel fet que amb el nostre tester el treball del petit jardiner \u00e9s molt f\u00e0cil, aprenent ells, per si mateixos, des d&#8217;hora a tenir una relaci\u00f3 respectuosa amb la natura \u2013 encara que un no tingui un gran jard\u00ed.<\/div>\n","protected":false},"featured_media":2806,"comment_status":"open","ping_status":"closed","template":"","meta":[],"product_cat":[176,173],"product_tag":[],"class_list":{"0":"post-6365","1":"product","2":"type-product","3":"status-publish","4":"has-post-thumbnail","6":"product_cat-parcs-i-jocs-infantils","7":"product_cat-testos-infantils","9":"first","10":"instock","11":"shipping-taxable","12":"product-type-simple"},"yoast_head":"<!-- This site is optimized with the Yoast SEO plugin v23.2 - https:\/\/yoast.com\/wordpress\/plugins\/seo\/ -->\n<title>Maceter infantil Terra - Yourplastics.es<\/title>\n<meta name=\"robots\" content=\"index, follow, max-snippet:-1, max-image-preview:large, max-video-preview:-1\" \/>\n<link rel=\"canonical\" href=\"https:\/\/yourplastics.es\/ca\/producto\/maceter-infantil-terra\/\" \/>\n<meta property=\"og:locale\" content=\"ca_ES\" \/>\n<meta property=\"og:type\" content=\"article\" \/>\n<meta property=\"og:title\" content=\"Maceter infantil Terra - Yourplastics.es\" \/>\n<meta property=\"og:description\" content=\"Informaci\u00f3 del producte &quot;Maceter infantil Terra&quot; Aquesta \u00e9s la versi\u00f3 per a nens dels nostres testos. La millor part \u00e9s que fins i tot les primeres experi\u00e8ncies amb plantes s\u00f3n sempre coronades amb l&#039;\u00e8xit. Aix\u00f2 \u00e9s aix\u00ed pel fet que amb el nostre tester el treball del petit jardiner \u00e9s molt f\u00e0cil, aprenent ells, per si mateixos, des d&#039;hora a tenir una relaci\u00f3 respectuosa amb la natura \u2013 encara que un no tingui un gran jard\u00ed.\" \/>\n<meta property=\"og:url\" content=\"https:\/\/yourplastics.es\/ca\/producto\/maceter-infantil-terra\/\" \/>\n<meta property=\"og:site_name\" content=\"Yourplastics.es\" \/>\n<meta property=\"og:image\" content=\"https:\/\/yourplastics.es\/wp-content\/uploads\/2024\/03\/506200_Kinderhochbeet_Terra_3D_2587.jpg\" \/>\n\t<meta property=\"og:image:width\" content=\"1600\" \/>\n\t<meta property=\"og:image:height\" content=\"654\" \/>\n\t<meta property=\"og:image:type\" content=\"image\/jpeg\" \/>\n<meta name=\"twitter:card\" content=\"summary_large_image\" \/>\n<script type=\"application\/ld+json\" class=\"yoast-schema-graph\">{\"@context\":\"https:\/\/schema.org\",\"@graph\":[{\"@type\":\"WebPage\",\"@id\":\"https:\/\/yourplastics.es\/ca\/producto\/maceter-infantil-terra\/\",\"url\":\"https:\/\/yourplastics.es\/ca\/producto\/maceter-infantil-terra\/\",\"name\":\"Maceter infantil Terra - Yourplastics.es\",\"isPartOf\":{\"@id\":\"https:\/\/yourplastics.es\/#website\"},\"primaryImageOfPage\":{\"@id\":\"https:\/\/yourplastics.es\/ca\/producto\/maceter-infantil-terra\/#primaryimage\"},\"image\":{\"@id\":\"https:\/\/yourplastics.es\/ca\/producto\/maceter-infantil-terra\/#primaryimage\"},\"thumbnailUrl\":\"https:\/\/yourplastics.es\/wp-content\/uploads\/2024\/03\/506200_Kinderhochbeet_Terra_3D_2587.jpg\",\"datePublished\":\"2024-03-04T09:13:30+00:00\",\"dateModified\":\"2024-03-04T09:13:30+00:00\",\"breadcrumb\":{\"@id\":\"https:\/\/yourplastics.es\/ca\/producto\/maceter-infantil-terra\/#breadcrumb\"},\"inLanguage\":\"ca\",\"potentialAction\":[{\"@type\":\"ReadAction\",\"target\":[\"https:\/\/yourplastics.es\/ca\/producto\/maceter-infantil-terra\/\"]}]},{\"@type\":\"ImageObject\",\"inLanguage\":\"ca\",\"@id\":\"https:\/\/yourplastics.es\/ca\/producto\/maceter-infantil-terra\/#primaryimage\",\"url\":\"https:\/\/yourplastics.es\/wp-content\/uploads\/2024\/03\/506200_Kinderhochbeet_Terra_3D_2587.jpg\",\"contentUrl\":\"https:\/\/yourplastics.es\/wp-content\/uploads\/2024\/03\/506200_Kinderhochbeet_Terra_3D_2587.jpg\",\"width\":1600,\"height\":654},{\"@type\":\"BreadcrumbList\",\"@id\":\"https:\/\/yourplastics.es\/ca\/producto\/maceter-infantil-terra\/#breadcrumb\",\"itemListElement\":[{\"@type\":\"ListItem\",\"position\":1,\"name\":\"Home\",\"item\":\"https:\/\/yourplastics.es\/ca\/\"},{\"@type\":\"ListItem\",\"position\":2,\"name\":\"Botiga\",\"item\":\"https:\/\/yourplastics.es\/ca\/tienda-2\/\"},{\"@type\":\"ListItem\",\"position\":3,\"name\":\"Maceter infantil Terra\"}]},{\"@type\":\"WebSite\",\"@id\":\"https:\/\/yourplastics.es\/#website\",\"url\":\"https:\/\/yourplastics.es\/\",\"name\":\"Yourplastics\",\"description\":\"\",\"publisher\":{\"@id\":\"https:\/\/yourplastics.es\/#organization\"},\"potentialAction\":[{\"@type\":\"SearchAction\",\"target\":{\"@type\":\"EntryPoint\",\"urlTemplate\":\"https:\/\/yourplastics.es\/?s={search_term_string}\"},\"query-input\":\"required name=search_term_string\"}],\"inLanguage\":\"ca\"},{\"@type\":\"Organization\",\"@id\":\"https:\/\/yourplastics.es\/#organization\",\"name\":\"Yourplastics\",\"url\":\"https:\/\/yourplastics.es\/\",\"logo\":{\"@type\":\"ImageObject\",\"inLanguage\":\"ca\",\"@id\":\"https:\/\/yourplastics.es\/#\/schema\/logo\/image\/\",\"url\":\"https:\/\/yourplastics.es\/wp-content\/uploads\/2024\/08\/logo2-400x163-1.png\",\"contentUrl\":\"https:\/\/yourplastics.es\/wp-content\/uploads\/2024\/08\/logo2-400x163-1.png\",\"width\":400,\"height\":163,\"caption\":\"Yourplastics\"},\"image\":{\"@id\":\"https:\/\/yourplastics.es\/#\/schema\/logo\/image\/\"}}]}<\/script>\n<!-- \/ Yoast SEO plugin. -->","yoast_head_json":{"title":"Maceter infantil Terra - Yourplastics.es","robots":{"index":"index","follow":"follow","max-snippet":"max-snippet:-1","max-image-preview":"max-image-preview:large","max-video-preview":"max-video-preview:-1"},"canonical":"https:\/\/yourplastics.es\/ca\/producto\/maceter-infantil-terra\/","og_locale":"ca_ES","og_type":"article","og_title":"Maceter infantil Terra - Yourplastics.es","og_description":"Informaci\u00f3 del producte \"Maceter infantil Terra\" Aquesta \u00e9s la versi\u00f3 per a nens dels nostres testos. La millor part \u00e9s que fins i tot les primeres experi\u00e8ncies amb plantes s\u00f3n sempre coronades amb l'\u00e8xit. Aix\u00f2 \u00e9s aix\u00ed pel fet que amb el nostre tester el treball del petit jardiner \u00e9s molt f\u00e0cil, aprenent ells, per si mateixos, des d'hora a tenir una relaci\u00f3 respectuosa amb la natura \u2013 encara que un no tingui un gran jard\u00ed.","og_url":"https:\/\/yourplastics.es\/ca\/producto\/maceter-infantil-terra\/","og_site_name":"Yourplastics.es","og_image":[{"width":1600,"height":654,"url":"https:\/\/yourplastics.es\/wp-content\/uploads\/2024\/03\/506200_Kinderhochbeet_Terra_3D_2587.jpg","type":"image\/jpeg"}],"twitter_card":"summary_large_image","schema":{"@context":"https:\/\/schema.org","@graph":[{"@type":"WebPage","@id":"https:\/\/yourplastics.es\/ca\/producto\/maceter-infantil-terra\/","url":"https:\/\/yourplastics.es\/ca\/producto\/maceter-infantil-terra\/","name":"Maceter infantil Terra - Yourplastics.es","isPartOf":{"@id":"https:\/\/yourplastics.es\/#website"},"primaryImageOfPage":{"@id":"https:\/\/yourplastics.es\/ca\/producto\/maceter-infantil-terra\/#primaryimage"},"image":{"@id":"https:\/\/yourplastics.es\/ca\/producto\/maceter-infantil-terra\/#primaryimage"},"thumbnailUrl":"https:\/\/yourplastics.es\/wp-content\/uploads\/2024\/03\/506200_Kinderhochbeet_Terra_3D_2587.jpg","datePublished":"2024-03-04T09:13:30+00:00","dateModified":"2024-03-04T09:13:30+00:00","breadcrumb":{"@id":"https:\/\/yourplastics.es\/ca\/producto\/maceter-infantil-terra\/#breadcrumb"},"inLanguage":"ca","potentialAction":[{"@type":"ReadAction","target":["https:\/\/yourplastics.es\/ca\/producto\/maceter-infantil-terra\/"]}]},{"@type":"ImageObject","inLanguage":"ca","@id":"https:\/\/yourplastics.es\/ca\/producto\/maceter-infantil-terra\/#primaryimage","url":"https:\/\/yourplastics.es\/wp-content\/uploads\/2024\/03\/506200_Kinderhochbeet_Terra_3D_2587.jpg","contentUrl":"https:\/\/yourplastics.es\/wp-content\/uploads\/2024\/03\/506200_Kinderhochbeet_Terra_3D_2587.jpg","width":1600,"height":654},{"@type":"BreadcrumbList","@id":"https:\/\/yourplastics.es\/ca\/producto\/maceter-infantil-terra\/#breadcrumb","itemListElement":[{"@type":"ListItem","position":1,"name":"Home","item":"https:\/\/yourplastics.es\/ca\/"},{"@type":"ListItem","position":2,"name":"Botiga","item":"https:\/\/yourplastics.es\/ca\/tienda-2\/"},{"@type":"ListItem","position":3,"name":"Maceter infantil Terra"}]},{"@type":"WebSite","@id":"https:\/\/yourplastics.es\/#website","url":"https:\/\/yourplastics.es\/","name":"Yourplastics","description":"","publisher":{"@id":"https:\/\/yourplastics.es\/#organization"},"potentialAction":[{"@type":"SearchAction","target":{"@type":"EntryPoint","urlTemplate":"https:\/\/yourplastics.es\/?s={search_term_string}"},"query-input":"required name=search_term_string"}],"inLanguage":"ca"},{"@type":"Organization","@id":"https:\/\/yourplastics.es\/#organization","name":"Yourplastics","url":"https:\/\/yourplastics.es\/","logo":{"@type":"ImageObject","inLanguage":"ca","@id":"https:\/\/yourplastics.es\/#\/schema\/logo\/image\/","url":"https:\/\/yourplastics.es\/wp-content\/uploads\/2024\/08\/logo2-400x163-1.png","contentUrl":"https:\/\/yourplastics.es\/wp-content\/uploads\/2024\/08\/logo2-400x163-1.png","width":400,"height":163,"caption":"Yourplastics"},"image":{"@id":"https:\/\/yourplastics.es\/#\/schema\/logo\/image\/"}}]}},"_links":{"self":[{"href":"https:\/\/yourplastics.es\/ca\/wp-json\/wp\/v2\/product\/6365","targetHints":{"allow":["GET"]}}],"collection":[{"href":"https:\/\/yourplastics.es\/ca\/wp-json\/wp\/v2\/product"}],"about":[{"href":"https:\/\/yourplastics.es\/ca\/wp-json\/wp\/v2\/types\/product"}],"replies":[{"embeddable":true,"href":"https:\/\/yourplastics.es\/ca\/wp-json\/wp\/v2\/comments?post=6365"}],"wp:featuredmedia":[{"embeddable":true,"href":"https:\/\/yourplastics.es\/ca\/wp-json\/wp\/v2\/media\/2806"}],"wp:attachment":[{"href":"https:\/\/yourplastics.es\/ca\/wp-json\/wp\/v2\/media?parent=6365"}],"wp:term":[{"taxonomy":"product_cat","embeddable":true,"href":"https:\/\/yourplastics.es\/ca\/wp-json\/wp\/v2\/product_cat?post=6365"},{"taxonomy":"product_tag","embeddable":true,"href":"https:\/\/yourplastics.es\/ca\/wp-json\/wp\/v2\/product_tag?post=6365"}],"curies":[{"name":"wp","href":"https:\/\/api.w.org\/{rel}","templated":true}]}}