{"id":6355,"date":"2024-03-04T09:10:52","date_gmt":"2024-03-04T09:10:52","guid":{"rendered":"https:\/\/yourplastics.es\/producto\/gelosies-panells-docultacio\/"},"modified":"2024-05-23T09:54:21","modified_gmt":"2024-05-23T09:54:21","slug":"gelosies-panells-docultacio","status":"publish","type":"product","link":"https:\/\/yourplastics.es\/ca\/producto\/gelosies-panells-docultacio\/","title":{"rendered":"Gelosies &#8211; Panells d&#8217;ocultaci\u00f3"},"content":{"rendered":"<ul>\n<li>Ample: 150 cm<\/li>\n<li>Al\u00e7ada: 180 cm<\/li>\n<li>Amb format tubular o pla<\/li>\n<li>F\u00e0cil instal\u00b7laci\u00f3<\/li>\n<li>Sense manteniment i inastillable<\/li>\n<li>Protecci\u00f3 decorativa contra les vistes i el vent<\/li>\n<\/ul>\n<p>Per a la construcci\u00f3 d&#8217;una tanca de privadesa recomanem els nostres pals refor\u00e7ats 9 x 9 cm, aix\u00ed com els pals quadrats 4 x 4 cm amb punta com a suports centrals. Tingueu en compte la nostra recomanaci\u00f3 d&#8217;instal\u00b7laci\u00f3.<\/p>\n<h3 data-fontsize=\"20\" data-lineheight=\"29\">Informaci\u00f3 addicional<\/h3>\n<table class=\"woocommerce-product-attributes shop_attributes\">\n<tbody>\n<tr class=\"woocommerce-product-attributes-item woocommerce-product-attributes-item--attribute_caracter%c3%adstiques\">\n<th class=\"woocommerce-product-attributes-item__label\">Caracter\u00edstiques<\/th>\n<td class=\"woocommerce-product-attributes-item__value\">Suport central 4,0 x 4,0 cm, Element &#8220;HAZEL&#8221;, Element &#8220;RIBBON&#8221;, Pal 9,0 x 9,0 cm refor\u00e7at i fresat<\/td>\n<\/tr>\n<tr class=\"woocommerce-product-attributes-item woocommerce-product-attributes-item--attribute_al%c3%a7ada\">\n<th class=\"woocommerce-product-attributes-item__label\">Al\u00e7ada<\/th>\n<td class=\"woocommerce-product-attributes-item__value\">45 cm, 180 cm, 190 cm, 240 cm<\/td>\n<\/tr>\n<\/tbody>\n<\/table>\n","protected":false},"excerpt":{"rendered":"<div class=\"content--title\">Informaci\u00f3 del producte &#8220;Gelosies \u2013 Panells d&#8217;ocultaci\u00f3&#8221;<\/div>\n<div class=\"product--description\">Millori la seva qualitat de vida augmentant la seva privadesa i protegint-se de mirades indiscretes. Embelliu el vostre entorn ocultant les coses que no voleu que es vegin, per exemple, pots d&#8217;escombraries o equips de jardineria. El nostre modern sistema de Gelosies \u2013 Panells d&#8217;ocultaci\u00f3 \u2013 hanit<sup>\u00ae<\/sup> ens recorda les velles gelosies de fusta per\u00f2 sense els grans inconvenients, com la putrefacci\u00f3, els alts nivells de manteniment, els contaminants de la pintura o vern\u00eds i els riscos de lesions per estelles. Els panells de privadesa hanit<sup>\u00ae<\/sup> s\u00f3n robustos, ecol\u00f2gics i sense manteniment, agradant r\u00e0pidament per la seva aparen\u00e7a atractiva. Estan disponibles en dues versions: Gelosia tubular, amb una traceria de barres rodones o Gelosia plana, amb una traceria de cintes.<\/div>\n","protected":false},"featured_media":2662,"comment_status":"open","ping_status":"closed","template":"","meta":[],"product_cat":[163,167],"product_tag":[],"class_list":{"0":"post-6355","1":"product","2":"type-product","3":"status-publish","4":"has-post-thumbnail","6":"product_cat-proteccio-visual","7":"product_cat-tancats-i-tanques","9":"first","10":"instock","11":"shipping-taxable","12":"product-type-simple"},"yoast_head":"<!-- This site is optimized with the Yoast SEO plugin v23.2 - https:\/\/yoast.com\/wordpress\/plugins\/seo\/ -->\n<title>Gelosies - Panells d&#039;ocultaci\u00f3 - Yourplastics.es<\/title>\n<meta name=\"robots\" content=\"index, follow, max-snippet:-1, max-image-preview:large, max-video-preview:-1\" \/>\n<link rel=\"canonical\" href=\"https:\/\/yourplastics.es\/ca\/producto\/gelosies-panells-docultacio\/\" \/>\n<meta property=\"og:locale\" content=\"ca_ES\" \/>\n<meta property=\"og:type\" content=\"article\" \/>\n<meta property=\"og:title\" content=\"Gelosies - Panells d&#039;ocultaci\u00f3 - Yourplastics.es\" \/>\n<meta property=\"og:description\" content=\"Informaci\u00f3 del producte &quot;Gelosies \u2013 Panells d&#039;ocultaci\u00f3&quot; Millori la seva qualitat de vida augmentant la seva privadesa i protegint-se de mirades indiscretes. Embelliu el vostre entorn ocultant les coses que no voleu que es vegin, per exemple, pots d&#039;escombraries o equips de jardineria. El nostre modern sistema de Gelosies \u2013 Panells d&#039;ocultaci\u00f3 \u2013 hanit\u00ae ens recorda les velles gelosies de fusta per\u00f2 sense els grans inconvenients, com la putrefacci\u00f3, els alts nivells de manteniment, els contaminants de la pintura o vern\u00eds i els riscos de lesions per estelles. Els panells de privadesa hanit\u00ae s\u00f3n robustos, ecol\u00f2gics i sense manteniment, agradant r\u00e0pidament per la seva aparen\u00e7a atractiva. Estan disponibles en dues versions: Gelosia tubular, amb una traceria de barres rodones o Gelosia plana, amb una traceria de cintes.\" \/>\n<meta property=\"og:url\" content=\"https:\/\/yourplastics.es\/ca\/producto\/gelosies-panells-docultacio\/\" \/>\n<meta property=\"og:site_name\" content=\"Yourplastics.es\" \/>\n<meta property=\"article:modified_time\" content=\"2024-05-23T09:54:21+00:00\" \/>\n<meta property=\"og:image\" content=\"https:\/\/yourplastics.es\/wp-content\/uploads\/2024\/03\/308000_Flecht_Sichtschutz_3D_Alle_3081.jpg\" \/>\n\t<meta property=\"og:image:width\" content=\"1600\" \/>\n\t<meta property=\"og:image:height\" content=\"1100\" \/>\n\t<meta property=\"og:image:type\" content=\"image\/jpeg\" \/>\n<meta name=\"twitter:card\" content=\"summary_large_image\" \/>\n<script type=\"application\/ld+json\" class=\"yoast-schema-graph\">{\"@context\":\"https:\/\/schema.org\",\"@graph\":[{\"@type\":\"WebPage\",\"@id\":\"https:\/\/yourplastics.es\/ca\/producto\/gelosies-panells-docultacio\/\",\"url\":\"https:\/\/yourplastics.es\/ca\/producto\/gelosies-panells-docultacio\/\",\"name\":\"Gelosies - Panells d'ocultaci\u00f3 - Yourplastics.es\",\"isPartOf\":{\"@id\":\"https:\/\/yourplastics.es\/#website\"},\"primaryImageOfPage\":{\"@id\":\"https:\/\/yourplastics.es\/ca\/producto\/gelosies-panells-docultacio\/#primaryimage\"},\"image\":{\"@id\":\"https:\/\/yourplastics.es\/ca\/producto\/gelosies-panells-docultacio\/#primaryimage\"},\"thumbnailUrl\":\"https:\/\/yourplastics.es\/wp-content\/uploads\/2024\/03\/308000_Flecht_Sichtschutz_3D_Alle_3081.jpg\",\"datePublished\":\"2024-03-04T09:10:52+00:00\",\"dateModified\":\"2024-05-23T09:54:21+00:00\",\"breadcrumb\":{\"@id\":\"https:\/\/yourplastics.es\/ca\/producto\/gelosies-panells-docultacio\/#breadcrumb\"},\"inLanguage\":\"ca\",\"potentialAction\":[{\"@type\":\"ReadAction\",\"target\":[\"https:\/\/yourplastics.es\/ca\/producto\/gelosies-panells-docultacio\/\"]}]},{\"@type\":\"ImageObject\",\"inLanguage\":\"ca\",\"@id\":\"https:\/\/yourplastics.es\/ca\/producto\/gelosies-panells-docultacio\/#primaryimage\",\"url\":\"https:\/\/yourplastics.es\/wp-content\/uploads\/2024\/03\/308000_Flecht_Sichtschutz_3D_Alle_3081.jpg\",\"contentUrl\":\"https:\/\/yourplastics.es\/wp-content\/uploads\/2024\/03\/308000_Flecht_Sichtschutz_3D_Alle_3081.jpg\",\"width\":1600,\"height\":1100},{\"@type\":\"BreadcrumbList\",\"@id\":\"https:\/\/yourplastics.es\/ca\/producto\/gelosies-panells-docultacio\/#breadcrumb\",\"itemListElement\":[{\"@type\":\"ListItem\",\"position\":1,\"name\":\"Home\",\"item\":\"https:\/\/yourplastics.es\/ca\/\"},{\"@type\":\"ListItem\",\"position\":2,\"name\":\"Botiga\",\"item\":\"https:\/\/yourplastics.es\/ca\/tienda-2\/\"},{\"@type\":\"ListItem\",\"position\":3,\"name\":\"Gelosies &#8211; Panells d&#8217;ocultaci\u00f3\"}]},{\"@type\":\"WebSite\",\"@id\":\"https:\/\/yourplastics.es\/#website\",\"url\":\"https:\/\/yourplastics.es\/\",\"name\":\"Yourplastics\",\"description\":\"\",\"publisher\":{\"@id\":\"https:\/\/yourplastics.es\/#organization\"},\"potentialAction\":[{\"@type\":\"SearchAction\",\"target\":{\"@type\":\"EntryPoint\",\"urlTemplate\":\"https:\/\/yourplastics.es\/?s={search_term_string}\"},\"query-input\":\"required name=search_term_string\"}],\"inLanguage\":\"ca\"},{\"@type\":\"Organization\",\"@id\":\"https:\/\/yourplastics.es\/#organization\",\"name\":\"Yourplastics\",\"url\":\"https:\/\/yourplastics.es\/\",\"logo\":{\"@type\":\"ImageObject\",\"inLanguage\":\"ca\",\"@id\":\"https:\/\/yourplastics.es\/#\/schema\/logo\/image\/\",\"url\":\"https:\/\/yourplastics.es\/wp-content\/uploads\/2024\/08\/logo2-400x163-1.png\",\"contentUrl\":\"https:\/\/yourplastics.es\/wp-content\/uploads\/2024\/08\/logo2-400x163-1.png\",\"width\":400,\"height\":163,\"caption\":\"Yourplastics\"},\"image\":{\"@id\":\"https:\/\/yourplastics.es\/#\/schema\/logo\/image\/\"}}]}<\/script>\n<!-- \/ Yoast SEO plugin. -->","yoast_head_json":{"title":"Gelosies - Panells d'ocultaci\u00f3 - Yourplastics.es","robots":{"index":"index","follow":"follow","max-snippet":"max-snippet:-1","max-image-preview":"max-image-preview:large","max-video-preview":"max-video-preview:-1"},"canonical":"https:\/\/yourplastics.es\/ca\/producto\/gelosies-panells-docultacio\/","og_locale":"ca_ES","og_type":"article","og_title":"Gelosies - Panells d'ocultaci\u00f3 - Yourplastics.es","og_description":"Informaci\u00f3 del producte \"Gelosies \u2013 Panells d'ocultaci\u00f3\" Millori la seva qualitat de vida augmentant la seva privadesa i protegint-se de mirades indiscretes. Embelliu el vostre entorn ocultant les coses que no voleu que es vegin, per exemple, pots d'escombraries o equips de jardineria. El nostre modern sistema de Gelosies \u2013 Panells d'ocultaci\u00f3 \u2013 hanit\u00ae ens recorda les velles gelosies de fusta per\u00f2 sense els grans inconvenients, com la putrefacci\u00f3, els alts nivells de manteniment, els contaminants de la pintura o vern\u00eds i els riscos de lesions per estelles. Els panells de privadesa hanit\u00ae s\u00f3n robustos, ecol\u00f2gics i sense manteniment, agradant r\u00e0pidament per la seva aparen\u00e7a atractiva. Estan disponibles en dues versions: Gelosia tubular, amb una traceria de barres rodones o Gelosia plana, amb una traceria de cintes.","og_url":"https:\/\/yourplastics.es\/ca\/producto\/gelosies-panells-docultacio\/","og_site_name":"Yourplastics.es","article_modified_time":"2024-05-23T09:54:21+00:00","og_image":[{"width":1600,"height":1100,"url":"https:\/\/yourplastics.es\/wp-content\/uploads\/2024\/03\/308000_Flecht_Sichtschutz_3D_Alle_3081.jpg","type":"image\/jpeg"}],"twitter_card":"summary_large_image","schema":{"@context":"https:\/\/schema.org","@graph":[{"@type":"WebPage","@id":"https:\/\/yourplastics.es\/ca\/producto\/gelosies-panells-docultacio\/","url":"https:\/\/yourplastics.es\/ca\/producto\/gelosies-panells-docultacio\/","name":"Gelosies - Panells d'ocultaci\u00f3 - Yourplastics.es","isPartOf":{"@id":"https:\/\/yourplastics.es\/#website"},"primaryImageOfPage":{"@id":"https:\/\/yourplastics.es\/ca\/producto\/gelosies-panells-docultacio\/#primaryimage"},"image":{"@id":"https:\/\/yourplastics.es\/ca\/producto\/gelosies-panells-docultacio\/#primaryimage"},"thumbnailUrl":"https:\/\/yourplastics.es\/wp-content\/uploads\/2024\/03\/308000_Flecht_Sichtschutz_3D_Alle_3081.jpg","datePublished":"2024-03-04T09:10:52+00:00","dateModified":"2024-05-23T09:54:21+00:00","breadcrumb":{"@id":"https:\/\/yourplastics.es\/ca\/producto\/gelosies-panells-docultacio\/#breadcrumb"},"inLanguage":"ca","potentialAction":[{"@type":"ReadAction","target":["https:\/\/yourplastics.es\/ca\/producto\/gelosies-panells-docultacio\/"]}]},{"@type":"ImageObject","inLanguage":"ca","@id":"https:\/\/yourplastics.es\/ca\/producto\/gelosies-panells-docultacio\/#primaryimage","url":"https:\/\/yourplastics.es\/wp-content\/uploads\/2024\/03\/308000_Flecht_Sichtschutz_3D_Alle_3081.jpg","contentUrl":"https:\/\/yourplastics.es\/wp-content\/uploads\/2024\/03\/308000_Flecht_Sichtschutz_3D_Alle_3081.jpg","width":1600,"height":1100},{"@type":"BreadcrumbList","@id":"https:\/\/yourplastics.es\/ca\/producto\/gelosies-panells-docultacio\/#breadcrumb","itemListElement":[{"@type":"ListItem","position":1,"name":"Home","item":"https:\/\/yourplastics.es\/ca\/"},{"@type":"ListItem","position":2,"name":"Botiga","item":"https:\/\/yourplastics.es\/ca\/tienda-2\/"},{"@type":"ListItem","position":3,"name":"Gelosies &#8211; Panells d&#8217;ocultaci\u00f3"}]},{"@type":"WebSite","@id":"https:\/\/yourplastics.es\/#website","url":"https:\/\/yourplastics.es\/","name":"Yourplastics","description":"","publisher":{"@id":"https:\/\/yourplastics.es\/#organization"},"potentialAction":[{"@type":"SearchAction","target":{"@type":"EntryPoint","urlTemplate":"https:\/\/yourplastics.es\/?s={search_term_string}"},"query-input":"required name=search_term_string"}],"inLanguage":"ca"},{"@type":"Organization","@id":"https:\/\/yourplastics.es\/#organization","name":"Yourplastics","url":"https:\/\/yourplastics.es\/","logo":{"@type":"ImageObject","inLanguage":"ca","@id":"https:\/\/yourplastics.es\/#\/schema\/logo\/image\/","url":"https:\/\/yourplastics.es\/wp-content\/uploads\/2024\/08\/logo2-400x163-1.png","contentUrl":"https:\/\/yourplastics.es\/wp-content\/uploads\/2024\/08\/logo2-400x163-1.png","width":400,"height":163,"caption":"Yourplastics"},"image":{"@id":"https:\/\/yourplastics.es\/#\/schema\/logo\/image\/"}}]}},"_links":{"self":[{"href":"https:\/\/yourplastics.es\/ca\/wp-json\/wp\/v2\/product\/6355","targetHints":{"allow":["GET"]}}],"collection":[{"href":"https:\/\/yourplastics.es\/ca\/wp-json\/wp\/v2\/product"}],"about":[{"href":"https:\/\/yourplastics.es\/ca\/wp-json\/wp\/v2\/types\/product"}],"replies":[{"embeddable":true,"href":"https:\/\/yourplastics.es\/ca\/wp-json\/wp\/v2\/comments?post=6355"}],"wp:featuredmedia":[{"embeddable":true,"href":"https:\/\/yourplastics.es\/ca\/wp-json\/wp\/v2\/media\/2662"}],"wp:attachment":[{"href":"https:\/\/yourplastics.es\/ca\/wp-json\/wp\/v2\/media?parent=6355"}],"wp:term":[{"taxonomy":"product_cat","embeddable":true,"href":"https:\/\/yourplastics.es\/ca\/wp-json\/wp\/v2\/product_cat?post=6355"},{"taxonomy":"product_tag","embeddable":true,"href":"https:\/\/yourplastics.es\/ca\/wp-json\/wp\/v2\/product_tag?post=6355"}],"curies":[{"name":"wp","href":"https:\/\/api.w.org\/{rel}","templated":true}]}}