{"id":6351,"date":"2024-03-04T09:10:52","date_gmt":"2024-03-04T09:10:52","guid":{"rendered":"https:\/\/yourplastics.es\/producto\/sistema-per-a-paret-ocultacio\/"},"modified":"2024-03-04T09:10:52","modified_gmt":"2024-03-04T09:10:52","slug":"sistema-per-a-paret-ocultacio","status":"publish","type":"product","link":"https:\/\/yourplastics.es\/ca\/producto\/sistema-per-a-paret-ocultacio\/","title":{"rendered":"Sistema per a paret ocultaci\u00f3"},"content":{"rendered":"<div class=\"product--configurator\">\n<div class=\"configurator--variant\">\n<form class=\"configurator--form\" action=\"https:\/\/www.hahnkunststoffe.de\/es\/detail\/index\/sArticle\/7081\" method=\"post\">\n<div class=\"variant--group\"><\/div>\n<div class=\"variant--group\">\n<div class=\"variant--option\"><\/div>\n<\/div>\n<div class=\"variant--group\"><\/div>\n<\/form>\n<\/div>\n<\/div>\n<form class=\"buybox--form\" action=\"https:\/\/www.hahnkunststoffe.de\/es\/checkout\/addArticle\" method=\"post\" name=\"sAddToBasket\" data-add-article=\"true\" data-eventname=\"submit\" data-showmodal=\"false\" data-addarticleurl=\"https:\/\/www.hahnkunststoffe.de\/es\/checkout\/ajaxAddArticleCart\">\n<div class=\"buybox--button-container block-group\">\n<div class=\"bbh-disabled tt-light tooltipstered\"><\/div>\n<\/div>\n<\/form>\n","protected":false},"excerpt":{"rendered":"<p>El nostre Sistema per a Paret d&#8217;ocultaci\u00f3 feta de pl\u00e0stic reciclat hanit<sup>\u00ae<\/sup> \u00e9s la soluci\u00f3 ideal per emmagatzemar els reciclables i els contenidors d&#8217;escombraries. \u00c9s una bona manera de dissimular els antiest\u00e8tics contenidors d&#8217;escombraries i crear aix\u00ed un ordre elegant al jard\u00ed oa l&#8217;entrada del pati. Alhora, la Sistema per a Paret d&#8217;ocultaci\u00f3 \u00e9s pr\u00e0ctica, estable i ben ventilada. La lleugera inclinaci\u00f3 de les taules tamb\u00e9 en dificulta la visi\u00f3 des de l&#8217;exterior. El resultat: un aspecte net i ordenat a la seva pr\u00f2pia propietat o en un complex d&#8217;apartaments.<\/p>\n<p>\u00bb Sistema complet<br \/>\n\u00bb Muntatge senzill<br \/>\n\u00bb Sense manteniment<\/p>\n","protected":false},"featured_media":4951,"comment_status":"closed","ping_status":"closed","template":"","meta":[],"product_cat":[163],"product_tag":[],"class_list":{"0":"post-6351","1":"product","2":"type-product","3":"status-publish","4":"has-post-thumbnail","6":"product_cat-proteccio-visual","8":"first","9":"instock","10":"shipping-taxable","11":"product-type-simple"},"yoast_head":"<!-- This site is optimized with the Yoast SEO plugin v23.2 - https:\/\/yoast.com\/wordpress\/plugins\/seo\/ -->\n<title>Sistema per a paret ocultaci\u00f3 - Yourplastics.es<\/title>\n<meta name=\"robots\" content=\"index, follow, max-snippet:-1, max-image-preview:large, max-video-preview:-1\" \/>\n<link rel=\"canonical\" href=\"https:\/\/yourplastics.es\/ca\/producto\/sistema-per-a-paret-ocultacio\/\" \/>\n<meta property=\"og:locale\" content=\"ca_ES\" \/>\n<meta property=\"og:type\" content=\"article\" \/>\n<meta property=\"og:title\" content=\"Sistema per a paret ocultaci\u00f3 - Yourplastics.es\" \/>\n<meta property=\"og:description\" content=\"El nostre Sistema per a Paret d&#039;ocultaci\u00f3 feta de pl\u00e0stic reciclat hanit\u00ae \u00e9s la soluci\u00f3 ideal per emmagatzemar els reciclables i els contenidors d&#039;escombraries. \u00c9s una bona manera de dissimular els antiest\u00e8tics contenidors d&#039;escombraries i crear aix\u00ed un ordre elegant al jard\u00ed oa l&#039;entrada del pati. Alhora, la Sistema per a Paret d&#039;ocultaci\u00f3 \u00e9s pr\u00e0ctica, estable i ben ventilada. La lleugera inclinaci\u00f3 de les taules tamb\u00e9 en dificulta la visi\u00f3 des de l&#039;exterior. El resultat: un aspecte net i ordenat a la seva pr\u00f2pia propietat o en un complex d&#039;apartaments. \u00bb Sistema complet \u00bb Muntatge senzill \u00bb Sense manteniment\" \/>\n<meta property=\"og:url\" content=\"https:\/\/yourplastics.es\/ca\/producto\/sistema-per-a-paret-ocultacio\/\" \/>\n<meta property=\"og:site_name\" content=\"Yourplastics.es\" \/>\n<meta property=\"og:image\" content=\"https:\/\/yourplastics.es\/wp-content\/uploads\/2024\/03\/pared-ocultacion2-w-NOVEDAD.jpg\" \/>\n\t<meta property=\"og:image:width\" content=\"1627\" \/>\n\t<meta property=\"og:image:height\" content=\"600\" \/>\n\t<meta property=\"og:image:type\" content=\"image\/jpeg\" \/>\n<meta name=\"twitter:card\" content=\"summary_large_image\" \/>\n<script type=\"application\/ld+json\" class=\"yoast-schema-graph\">{\"@context\":\"https:\/\/schema.org\",\"@graph\":[{\"@type\":\"WebPage\",\"@id\":\"https:\/\/yourplastics.es\/ca\/producto\/sistema-per-a-paret-ocultacio\/\",\"url\":\"https:\/\/yourplastics.es\/ca\/producto\/sistema-per-a-paret-ocultacio\/\",\"name\":\"Sistema per a paret ocultaci\u00f3 - Yourplastics.es\",\"isPartOf\":{\"@id\":\"https:\/\/yourplastics.es\/#website\"},\"primaryImageOfPage\":{\"@id\":\"https:\/\/yourplastics.es\/ca\/producto\/sistema-per-a-paret-ocultacio\/#primaryimage\"},\"image\":{\"@id\":\"https:\/\/yourplastics.es\/ca\/producto\/sistema-per-a-paret-ocultacio\/#primaryimage\"},\"thumbnailUrl\":\"https:\/\/yourplastics.es\/wp-content\/uploads\/2024\/03\/pared-ocultacion2-w-NOVEDAD.jpg\",\"datePublished\":\"2024-03-04T09:10:52+00:00\",\"dateModified\":\"2024-03-04T09:10:52+00:00\",\"breadcrumb\":{\"@id\":\"https:\/\/yourplastics.es\/ca\/producto\/sistema-per-a-paret-ocultacio\/#breadcrumb\"},\"inLanguage\":\"ca\",\"potentialAction\":[{\"@type\":\"ReadAction\",\"target\":[\"https:\/\/yourplastics.es\/ca\/producto\/sistema-per-a-paret-ocultacio\/\"]}]},{\"@type\":\"ImageObject\",\"inLanguage\":\"ca\",\"@id\":\"https:\/\/yourplastics.es\/ca\/producto\/sistema-per-a-paret-ocultacio\/#primaryimage\",\"url\":\"https:\/\/yourplastics.es\/wp-content\/uploads\/2024\/03\/pared-ocultacion2-w-NOVEDAD.jpg\",\"contentUrl\":\"https:\/\/yourplastics.es\/wp-content\/uploads\/2024\/03\/pared-ocultacion2-w-NOVEDAD.jpg\",\"width\":1627,\"height\":600},{\"@type\":\"BreadcrumbList\",\"@id\":\"https:\/\/yourplastics.es\/ca\/producto\/sistema-per-a-paret-ocultacio\/#breadcrumb\",\"itemListElement\":[{\"@type\":\"ListItem\",\"position\":1,\"name\":\"Home\",\"item\":\"https:\/\/yourplastics.es\/ca\/\"},{\"@type\":\"ListItem\",\"position\":2,\"name\":\"Botiga\",\"item\":\"https:\/\/yourplastics.es\/ca\/tienda-2\/\"},{\"@type\":\"ListItem\",\"position\":3,\"name\":\"Sistema per a paret ocultaci\u00f3\"}]},{\"@type\":\"WebSite\",\"@id\":\"https:\/\/yourplastics.es\/#website\",\"url\":\"https:\/\/yourplastics.es\/\",\"name\":\"Yourplastics\",\"description\":\"\",\"publisher\":{\"@id\":\"https:\/\/yourplastics.es\/#organization\"},\"potentialAction\":[{\"@type\":\"SearchAction\",\"target\":{\"@type\":\"EntryPoint\",\"urlTemplate\":\"https:\/\/yourplastics.es\/?s={search_term_string}\"},\"query-input\":\"required name=search_term_string\"}],\"inLanguage\":\"ca\"},{\"@type\":\"Organization\",\"@id\":\"https:\/\/yourplastics.es\/#organization\",\"name\":\"Yourplastics\",\"url\":\"https:\/\/yourplastics.es\/\",\"logo\":{\"@type\":\"ImageObject\",\"inLanguage\":\"ca\",\"@id\":\"https:\/\/yourplastics.es\/#\/schema\/logo\/image\/\",\"url\":\"https:\/\/yourplastics.es\/wp-content\/uploads\/2024\/08\/logo2-400x163-1.png\",\"contentUrl\":\"https:\/\/yourplastics.es\/wp-content\/uploads\/2024\/08\/logo2-400x163-1.png\",\"width\":400,\"height\":163,\"caption\":\"Yourplastics\"},\"image\":{\"@id\":\"https:\/\/yourplastics.es\/#\/schema\/logo\/image\/\"}}]}<\/script>\n<!-- \/ Yoast SEO plugin. -->","yoast_head_json":{"title":"Sistema per a paret ocultaci\u00f3 - Yourplastics.es","robots":{"index":"index","follow":"follow","max-snippet":"max-snippet:-1","max-image-preview":"max-image-preview:large","max-video-preview":"max-video-preview:-1"},"canonical":"https:\/\/yourplastics.es\/ca\/producto\/sistema-per-a-paret-ocultacio\/","og_locale":"ca_ES","og_type":"article","og_title":"Sistema per a paret ocultaci\u00f3 - Yourplastics.es","og_description":"El nostre Sistema per a Paret d'ocultaci\u00f3 feta de pl\u00e0stic reciclat hanit\u00ae \u00e9s la soluci\u00f3 ideal per emmagatzemar els reciclables i els contenidors d'escombraries. \u00c9s una bona manera de dissimular els antiest\u00e8tics contenidors d'escombraries i crear aix\u00ed un ordre elegant al jard\u00ed oa l'entrada del pati. Alhora, la Sistema per a Paret d'ocultaci\u00f3 \u00e9s pr\u00e0ctica, estable i ben ventilada. La lleugera inclinaci\u00f3 de les taules tamb\u00e9 en dificulta la visi\u00f3 des de l'exterior. El resultat: un aspecte net i ordenat a la seva pr\u00f2pia propietat o en un complex d'apartaments. \u00bb Sistema complet \u00bb Muntatge senzill \u00bb Sense manteniment","og_url":"https:\/\/yourplastics.es\/ca\/producto\/sistema-per-a-paret-ocultacio\/","og_site_name":"Yourplastics.es","og_image":[{"width":1627,"height":600,"url":"https:\/\/yourplastics.es\/wp-content\/uploads\/2024\/03\/pared-ocultacion2-w-NOVEDAD.jpg","type":"image\/jpeg"}],"twitter_card":"summary_large_image","schema":{"@context":"https:\/\/schema.org","@graph":[{"@type":"WebPage","@id":"https:\/\/yourplastics.es\/ca\/producto\/sistema-per-a-paret-ocultacio\/","url":"https:\/\/yourplastics.es\/ca\/producto\/sistema-per-a-paret-ocultacio\/","name":"Sistema per a paret ocultaci\u00f3 - Yourplastics.es","isPartOf":{"@id":"https:\/\/yourplastics.es\/#website"},"primaryImageOfPage":{"@id":"https:\/\/yourplastics.es\/ca\/producto\/sistema-per-a-paret-ocultacio\/#primaryimage"},"image":{"@id":"https:\/\/yourplastics.es\/ca\/producto\/sistema-per-a-paret-ocultacio\/#primaryimage"},"thumbnailUrl":"https:\/\/yourplastics.es\/wp-content\/uploads\/2024\/03\/pared-ocultacion2-w-NOVEDAD.jpg","datePublished":"2024-03-04T09:10:52+00:00","dateModified":"2024-03-04T09:10:52+00:00","breadcrumb":{"@id":"https:\/\/yourplastics.es\/ca\/producto\/sistema-per-a-paret-ocultacio\/#breadcrumb"},"inLanguage":"ca","potentialAction":[{"@type":"ReadAction","target":["https:\/\/yourplastics.es\/ca\/producto\/sistema-per-a-paret-ocultacio\/"]}]},{"@type":"ImageObject","inLanguage":"ca","@id":"https:\/\/yourplastics.es\/ca\/producto\/sistema-per-a-paret-ocultacio\/#primaryimage","url":"https:\/\/yourplastics.es\/wp-content\/uploads\/2024\/03\/pared-ocultacion2-w-NOVEDAD.jpg","contentUrl":"https:\/\/yourplastics.es\/wp-content\/uploads\/2024\/03\/pared-ocultacion2-w-NOVEDAD.jpg","width":1627,"height":600},{"@type":"BreadcrumbList","@id":"https:\/\/yourplastics.es\/ca\/producto\/sistema-per-a-paret-ocultacio\/#breadcrumb","itemListElement":[{"@type":"ListItem","position":1,"name":"Home","item":"https:\/\/yourplastics.es\/ca\/"},{"@type":"ListItem","position":2,"name":"Botiga","item":"https:\/\/yourplastics.es\/ca\/tienda-2\/"},{"@type":"ListItem","position":3,"name":"Sistema per a paret ocultaci\u00f3"}]},{"@type":"WebSite","@id":"https:\/\/yourplastics.es\/#website","url":"https:\/\/yourplastics.es\/","name":"Yourplastics","description":"","publisher":{"@id":"https:\/\/yourplastics.es\/#organization"},"potentialAction":[{"@type":"SearchAction","target":{"@type":"EntryPoint","urlTemplate":"https:\/\/yourplastics.es\/?s={search_term_string}"},"query-input":"required name=search_term_string"}],"inLanguage":"ca"},{"@type":"Organization","@id":"https:\/\/yourplastics.es\/#organization","name":"Yourplastics","url":"https:\/\/yourplastics.es\/","logo":{"@type":"ImageObject","inLanguage":"ca","@id":"https:\/\/yourplastics.es\/#\/schema\/logo\/image\/","url":"https:\/\/yourplastics.es\/wp-content\/uploads\/2024\/08\/logo2-400x163-1.png","contentUrl":"https:\/\/yourplastics.es\/wp-content\/uploads\/2024\/08\/logo2-400x163-1.png","width":400,"height":163,"caption":"Yourplastics"},"image":{"@id":"https:\/\/yourplastics.es\/#\/schema\/logo\/image\/"}}]}},"_links":{"self":[{"href":"https:\/\/yourplastics.es\/ca\/wp-json\/wp\/v2\/product\/6351","targetHints":{"allow":["GET"]}}],"collection":[{"href":"https:\/\/yourplastics.es\/ca\/wp-json\/wp\/v2\/product"}],"about":[{"href":"https:\/\/yourplastics.es\/ca\/wp-json\/wp\/v2\/types\/product"}],"replies":[{"embeddable":true,"href":"https:\/\/yourplastics.es\/ca\/wp-json\/wp\/v2\/comments?post=6351"}],"wp:featuredmedia":[{"embeddable":true,"href":"https:\/\/yourplastics.es\/ca\/wp-json\/wp\/v2\/media\/4951"}],"wp:attachment":[{"href":"https:\/\/yourplastics.es\/ca\/wp-json\/wp\/v2\/media?parent=6351"}],"wp:term":[{"taxonomy":"product_cat","embeddable":true,"href":"https:\/\/yourplastics.es\/ca\/wp-json\/wp\/v2\/product_cat?post=6351"},{"taxonomy":"product_tag","embeddable":true,"href":"https:\/\/yourplastics.es\/ca\/wp-json\/wp\/v2\/product_tag?post=6351"}],"curies":[{"name":"wp","href":"https:\/\/api.w.org\/{rel}","templated":true}]}}