{"id":6346,"date":"2024-03-04T09:10:26","date_gmt":"2024-03-04T09:10:26","guid":{"rendered":"https:\/\/yourplastics.es\/producto\/sistema-de-baranes\/"},"modified":"2024-05-23T10:00:26","modified_gmt":"2024-05-23T10:00:26","slug":"sistema-de-baranes","status":"publish","type":"product","link":"https:\/\/yourplastics.es\/ca\/producto\/sistema-de-baranes\/","title":{"rendered":"Sistema de baranes"},"content":{"rendered":"<ul>\n<li>Llarg pal: 150 cm<\/li>\n<li>Llarg travesser: 250 i 280 cm<\/li>\n<li>Di\u00e0metre: 12 cm<\/li>\n<li>Versatilitat al muntatge<\/li>\n<li>Senzill canvis d&#8217;adreces<\/li>\n<li>Lliure elecci\u00f3 de travessers<\/li>\n<\/ul>\n<p>Atenci\u00f3: quan s&#8217;utilitza com una barana, tingueu en compte les instruccions d&#8217;instal\u00b7laci\u00f3.<\/p>\n<div class=\"content--tabcontainer1\">\n<div id=\"tabcontainer1\" class=\"tabcontainer1\">\n<p>Refor\u00e7 del travesser:<br \/>\nMaterial: Tub d&#8217;acer galvanitzat, S235<br \/>\nDi\u00e0metre: aprox. 42,4 mm<br \/>\nGruix de paret: aprox. 2,5 mm<\/p>\n<p>&nbsp;<\/p>\n<h3 data-fontsize=\"20\" data-lineheight=\"29\">Informaci\u00f3 addicional<\/h3>\n<table class=\"woocommerce-product-attributes shop_attributes\">\n<tbody>\n<tr class=\"woocommerce-product-attributes-item woocommerce-product-attributes-item--attribute_color\">\n<th class=\"woocommerce-product-attributes-item__label\">Color<\/th>\n<td class=\"woocommerce-product-attributes-item__value\">gris, marr\u00f3<\/td>\n<\/tr>\n<tr class=\"woocommerce-product-attributes-item woocommerce-product-attributes-item--attribute_caracter%c3%adstiques\">\n<th class=\"woocommerce-product-attributes-item__label\">Caracter\u00edstiques<\/th>\n<td class=\"woocommerce-product-attributes-item__value\">Pal 12 x 150 cm (\u00f8 x L), Travesser 12 x 250 cm (\u00f8 x L) amb refor\u00e7, Travesser 12 x 280 cm (\u00f8 x L) amb refor\u00e7, Kit de muntatge per a un travesser<\/td>\n<\/tr>\n<\/tbody>\n<\/table>\n<\/div>\n<\/div>\n","protected":false},"excerpt":{"rendered":"<div class=\"content--title\">Informaci\u00f3 del producte &#8220;Sistema de baranes&#8221;<\/div>\n<div class=\"product--description\">\n<p>El nostre sistema de baranes hanit<sup>\u00ae<\/sup> &#8211; \u00e9s tan simple com enginy\u00f3s. Est\u00e0 compost per pals i travessers refor\u00e7ats, que amb un senzill sistema de connexi\u00f3 incl\u00f2s es poden construir una gran varietat de dissenys per a diferents prop\u00f2sits: fer una passarel\u00b7la m\u00e9s segura, punts de suport en un cam\u00ed o senyalitzar una via d&#8217;acc\u00e9s.<\/p>\n<\/div>\n","protected":false},"featured_media":2637,"comment_status":"open","ping_status":"closed","template":"","meta":[],"product_cat":[164,167],"product_tag":[],"class_list":{"0":"post-6346","1":"product","2":"type-product","3":"status-publish","4":"has-post-thumbnail","6":"product_cat-sistema-de-tancats","7":"product_cat-tancats-i-tanques","9":"first","10":"instock","11":"shipping-taxable","12":"product-type-simple"},"yoast_head":"<!-- This site is optimized with the Yoast SEO plugin v23.2 - https:\/\/yoast.com\/wordpress\/plugins\/seo\/ -->\n<title>Sistema de baranes - Yourplastics.es<\/title>\n<meta name=\"robots\" content=\"index, follow, max-snippet:-1, max-image-preview:large, max-video-preview:-1\" \/>\n<link rel=\"canonical\" href=\"https:\/\/yourplastics.es\/ca\/producto\/sistema-de-baranes\/\" \/>\n<meta property=\"og:locale\" content=\"ca_ES\" \/>\n<meta property=\"og:type\" content=\"article\" \/>\n<meta property=\"og:title\" content=\"Sistema de baranes - Yourplastics.es\" \/>\n<meta property=\"og:description\" content=\"Informaci\u00f3 del producte &quot;Sistema de baranes&quot;   El nostre sistema de baranes hanit\u00ae - \u00e9s tan simple com enginy\u00f3s. Est\u00e0 compost per pals i travessers refor\u00e7ats, que amb un senzill sistema de connexi\u00f3 incl\u00f2s es poden construir una gran varietat de dissenys per a diferents prop\u00f2sits: fer una passarel\u00b7la m\u00e9s segura, punts de suport en un cam\u00ed o senyalitzar una via d&#039;acc\u00e9s.\" \/>\n<meta property=\"og:url\" content=\"https:\/\/yourplastics.es\/ca\/producto\/sistema-de-baranes\/\" \/>\n<meta property=\"og:site_name\" content=\"Yourplastics.es\" \/>\n<meta property=\"article:modified_time\" content=\"2024-05-23T10:00:26+00:00\" \/>\n<meta property=\"og:image\" content=\"https:\/\/yourplastics.es\/wp-content\/uploads\/2024\/03\/305000_Gelaendersystem_3D_1410.jpg\" \/>\n\t<meta property=\"og:image:width\" content=\"1600\" \/>\n\t<meta property=\"og:image:height\" content=\"863\" \/>\n\t<meta property=\"og:image:type\" content=\"image\/jpeg\" \/>\n<meta name=\"twitter:card\" content=\"summary_large_image\" \/>\n<script type=\"application\/ld+json\" class=\"yoast-schema-graph\">{\"@context\":\"https:\/\/schema.org\",\"@graph\":[{\"@type\":\"WebPage\",\"@id\":\"https:\/\/yourplastics.es\/ca\/producto\/sistema-de-baranes\/\",\"url\":\"https:\/\/yourplastics.es\/ca\/producto\/sistema-de-baranes\/\",\"name\":\"Sistema de baranes - Yourplastics.es\",\"isPartOf\":{\"@id\":\"https:\/\/yourplastics.es\/#website\"},\"primaryImageOfPage\":{\"@id\":\"https:\/\/yourplastics.es\/ca\/producto\/sistema-de-baranes\/#primaryimage\"},\"image\":{\"@id\":\"https:\/\/yourplastics.es\/ca\/producto\/sistema-de-baranes\/#primaryimage\"},\"thumbnailUrl\":\"https:\/\/yourplastics.es\/wp-content\/uploads\/2024\/03\/305000_Gelaendersystem_3D_1410.jpg\",\"datePublished\":\"2024-03-04T09:10:26+00:00\",\"dateModified\":\"2024-05-23T10:00:26+00:00\",\"breadcrumb\":{\"@id\":\"https:\/\/yourplastics.es\/ca\/producto\/sistema-de-baranes\/#breadcrumb\"},\"inLanguage\":\"ca\",\"potentialAction\":[{\"@type\":\"ReadAction\",\"target\":[\"https:\/\/yourplastics.es\/ca\/producto\/sistema-de-baranes\/\"]}]},{\"@type\":\"ImageObject\",\"inLanguage\":\"ca\",\"@id\":\"https:\/\/yourplastics.es\/ca\/producto\/sistema-de-baranes\/#primaryimage\",\"url\":\"https:\/\/yourplastics.es\/wp-content\/uploads\/2024\/03\/305000_Gelaendersystem_3D_1410.jpg\",\"contentUrl\":\"https:\/\/yourplastics.es\/wp-content\/uploads\/2024\/03\/305000_Gelaendersystem_3D_1410.jpg\",\"width\":1600,\"height\":863},{\"@type\":\"BreadcrumbList\",\"@id\":\"https:\/\/yourplastics.es\/ca\/producto\/sistema-de-baranes\/#breadcrumb\",\"itemListElement\":[{\"@type\":\"ListItem\",\"position\":1,\"name\":\"Home\",\"item\":\"https:\/\/yourplastics.es\/ca\/\"},{\"@type\":\"ListItem\",\"position\":2,\"name\":\"Botiga\",\"item\":\"https:\/\/yourplastics.es\/ca\/tienda-2\/\"},{\"@type\":\"ListItem\",\"position\":3,\"name\":\"Sistema de baranes\"}]},{\"@type\":\"WebSite\",\"@id\":\"https:\/\/yourplastics.es\/#website\",\"url\":\"https:\/\/yourplastics.es\/\",\"name\":\"Yourplastics\",\"description\":\"\",\"publisher\":{\"@id\":\"https:\/\/yourplastics.es\/#organization\"},\"potentialAction\":[{\"@type\":\"SearchAction\",\"target\":{\"@type\":\"EntryPoint\",\"urlTemplate\":\"https:\/\/yourplastics.es\/?s={search_term_string}\"},\"query-input\":\"required name=search_term_string\"}],\"inLanguage\":\"ca\"},{\"@type\":\"Organization\",\"@id\":\"https:\/\/yourplastics.es\/#organization\",\"name\":\"Yourplastics\",\"url\":\"https:\/\/yourplastics.es\/\",\"logo\":{\"@type\":\"ImageObject\",\"inLanguage\":\"ca\",\"@id\":\"https:\/\/yourplastics.es\/#\/schema\/logo\/image\/\",\"url\":\"https:\/\/yourplastics.es\/wp-content\/uploads\/2024\/08\/logo2-400x163-1.png\",\"contentUrl\":\"https:\/\/yourplastics.es\/wp-content\/uploads\/2024\/08\/logo2-400x163-1.png\",\"width\":400,\"height\":163,\"caption\":\"Yourplastics\"},\"image\":{\"@id\":\"https:\/\/yourplastics.es\/#\/schema\/logo\/image\/\"}}]}<\/script>\n<!-- \/ Yoast SEO plugin. -->","yoast_head_json":{"title":"Sistema de baranes - Yourplastics.es","robots":{"index":"index","follow":"follow","max-snippet":"max-snippet:-1","max-image-preview":"max-image-preview:large","max-video-preview":"max-video-preview:-1"},"canonical":"https:\/\/yourplastics.es\/ca\/producto\/sistema-de-baranes\/","og_locale":"ca_ES","og_type":"article","og_title":"Sistema de baranes - Yourplastics.es","og_description":"Informaci\u00f3 del producte \"Sistema de baranes\"   El nostre sistema de baranes hanit\u00ae - \u00e9s tan simple com enginy\u00f3s. Est\u00e0 compost per pals i travessers refor\u00e7ats, que amb un senzill sistema de connexi\u00f3 incl\u00f2s es poden construir una gran varietat de dissenys per a diferents prop\u00f2sits: fer una passarel\u00b7la m\u00e9s segura, punts de suport en un cam\u00ed o senyalitzar una via d'acc\u00e9s.","og_url":"https:\/\/yourplastics.es\/ca\/producto\/sistema-de-baranes\/","og_site_name":"Yourplastics.es","article_modified_time":"2024-05-23T10:00:26+00:00","og_image":[{"width":1600,"height":863,"url":"https:\/\/yourplastics.es\/wp-content\/uploads\/2024\/03\/305000_Gelaendersystem_3D_1410.jpg","type":"image\/jpeg"}],"twitter_card":"summary_large_image","schema":{"@context":"https:\/\/schema.org","@graph":[{"@type":"WebPage","@id":"https:\/\/yourplastics.es\/ca\/producto\/sistema-de-baranes\/","url":"https:\/\/yourplastics.es\/ca\/producto\/sistema-de-baranes\/","name":"Sistema de baranes - Yourplastics.es","isPartOf":{"@id":"https:\/\/yourplastics.es\/#website"},"primaryImageOfPage":{"@id":"https:\/\/yourplastics.es\/ca\/producto\/sistema-de-baranes\/#primaryimage"},"image":{"@id":"https:\/\/yourplastics.es\/ca\/producto\/sistema-de-baranes\/#primaryimage"},"thumbnailUrl":"https:\/\/yourplastics.es\/wp-content\/uploads\/2024\/03\/305000_Gelaendersystem_3D_1410.jpg","datePublished":"2024-03-04T09:10:26+00:00","dateModified":"2024-05-23T10:00:26+00:00","breadcrumb":{"@id":"https:\/\/yourplastics.es\/ca\/producto\/sistema-de-baranes\/#breadcrumb"},"inLanguage":"ca","potentialAction":[{"@type":"ReadAction","target":["https:\/\/yourplastics.es\/ca\/producto\/sistema-de-baranes\/"]}]},{"@type":"ImageObject","inLanguage":"ca","@id":"https:\/\/yourplastics.es\/ca\/producto\/sistema-de-baranes\/#primaryimage","url":"https:\/\/yourplastics.es\/wp-content\/uploads\/2024\/03\/305000_Gelaendersystem_3D_1410.jpg","contentUrl":"https:\/\/yourplastics.es\/wp-content\/uploads\/2024\/03\/305000_Gelaendersystem_3D_1410.jpg","width":1600,"height":863},{"@type":"BreadcrumbList","@id":"https:\/\/yourplastics.es\/ca\/producto\/sistema-de-baranes\/#breadcrumb","itemListElement":[{"@type":"ListItem","position":1,"name":"Home","item":"https:\/\/yourplastics.es\/ca\/"},{"@type":"ListItem","position":2,"name":"Botiga","item":"https:\/\/yourplastics.es\/ca\/tienda-2\/"},{"@type":"ListItem","position":3,"name":"Sistema de baranes"}]},{"@type":"WebSite","@id":"https:\/\/yourplastics.es\/#website","url":"https:\/\/yourplastics.es\/","name":"Yourplastics","description":"","publisher":{"@id":"https:\/\/yourplastics.es\/#organization"},"potentialAction":[{"@type":"SearchAction","target":{"@type":"EntryPoint","urlTemplate":"https:\/\/yourplastics.es\/?s={search_term_string}"},"query-input":"required name=search_term_string"}],"inLanguage":"ca"},{"@type":"Organization","@id":"https:\/\/yourplastics.es\/#organization","name":"Yourplastics","url":"https:\/\/yourplastics.es\/","logo":{"@type":"ImageObject","inLanguage":"ca","@id":"https:\/\/yourplastics.es\/#\/schema\/logo\/image\/","url":"https:\/\/yourplastics.es\/wp-content\/uploads\/2024\/08\/logo2-400x163-1.png","contentUrl":"https:\/\/yourplastics.es\/wp-content\/uploads\/2024\/08\/logo2-400x163-1.png","width":400,"height":163,"caption":"Yourplastics"},"image":{"@id":"https:\/\/yourplastics.es\/#\/schema\/logo\/image\/"}}]}},"_links":{"self":[{"href":"https:\/\/yourplastics.es\/ca\/wp-json\/wp\/v2\/product\/6346","targetHints":{"allow":["GET"]}}],"collection":[{"href":"https:\/\/yourplastics.es\/ca\/wp-json\/wp\/v2\/product"}],"about":[{"href":"https:\/\/yourplastics.es\/ca\/wp-json\/wp\/v2\/types\/product"}],"replies":[{"embeddable":true,"href":"https:\/\/yourplastics.es\/ca\/wp-json\/wp\/v2\/comments?post=6346"}],"wp:featuredmedia":[{"embeddable":true,"href":"https:\/\/yourplastics.es\/ca\/wp-json\/wp\/v2\/media\/2637"}],"wp:attachment":[{"href":"https:\/\/yourplastics.es\/ca\/wp-json\/wp\/v2\/media?parent=6346"}],"wp:term":[{"taxonomy":"product_cat","embeddable":true,"href":"https:\/\/yourplastics.es\/ca\/wp-json\/wp\/v2\/product_cat?post=6346"},{"taxonomy":"product_tag","embeddable":true,"href":"https:\/\/yourplastics.es\/ca\/wp-json\/wp\/v2\/product_tag?post=6346"}],"curies":[{"name":"wp","href":"https:\/\/api.w.org\/{rel}","templated":true}]}}