{"id":6342,"date":"2024-03-04T09:15:53","date_gmt":"2024-03-04T09:15:53","guid":{"rendered":"https:\/\/yourplastics.es\/producto\/taula-calero\/"},"modified":"2024-03-04T09:15:53","modified_gmt":"2024-03-04T09:15:53","slug":"taula-calero","status":"publish","type":"product","link":"https:\/\/yourplastics.es\/ca\/producto\/taula-calero\/","title":{"rendered":"Taula Calero"},"content":{"rendered":"<ul>\n<li>Superf\u00edcie de la taula: 67 x 150 cm<\/li>\n<li>Al\u00e7ada de la taula: 75 cm<\/li>\n<li>Less is more \u2013 La nostra taula Calero<\/li>\n<li>Opcional: ancoratge Tipus 2<\/li>\n<\/ul>\n<p>Bancs i taules s\u00f3n subministrats desarmats. Instruccions i material per al muntatge inclosos.<\/p>\n<p>7 perfils per a taula: 132 x 9 x 9 cm<br \/>\nAl\u00e7ada de la taula: 75 cm<br \/>\nSuperf\u00edcie de la taula: 67 x 150 cm<br \/>\nOpcional: sistema d&#8217;ancoratges tipus 2<\/p>\n","protected":false},"excerpt":{"rendered":"<div class=\"content--title\">Informaci\u00f3 del producte &#8220;Mesa Calero&#8221;<\/div>\n<div class=\"product--description\">La forma completament minimalista i cubista del model &#8220;Calero&#8221; fa d&#8217;aquesta taula un objecte de disseny que conven\u00e7 per la seva conseq\u00fc\u00e8ncia. Juntament amb els bancs del mateix programa crea un conjunt que encaixa perfectament en entorns urbans i moderns, o on espec\u00edficament cal establir contrastos.<\/div>\n","protected":false},"featured_media":2936,"comment_status":"open","ping_status":"closed","template":"","meta":[],"product_cat":[200,193],"product_tag":[],"class_list":{"0":"post-6342","1":"product","2":"type-product","3":"status-publish","4":"has-post-thumbnail","6":"product_cat-parcs-i-jardins","7":"product_cat-taules","9":"first","10":"instock","11":"shipping-taxable","12":"product-type-simple"},"yoast_head":"<!-- This site is optimized with the Yoast SEO plugin v23.2 - https:\/\/yoast.com\/wordpress\/plugins\/seo\/ -->\n<title>Taula Calero - Yourplastics.es<\/title>\n<meta name=\"robots\" content=\"index, follow, max-snippet:-1, max-image-preview:large, max-video-preview:-1\" \/>\n<link rel=\"canonical\" href=\"https:\/\/yourplastics.es\/ca\/producto\/taula-calero\/\" \/>\n<meta property=\"og:locale\" content=\"ca_ES\" \/>\n<meta property=\"og:type\" content=\"article\" \/>\n<meta property=\"og:title\" content=\"Taula Calero - Yourplastics.es\" \/>\n<meta property=\"og:description\" content=\"Informaci\u00f3 del producte &quot;Mesa Calero&quot; La forma completament minimalista i cubista del model &quot;Calero&quot; fa d&#039;aquesta taula un objecte de disseny que conven\u00e7 per la seva conseq\u00fc\u00e8ncia. Juntament amb els bancs del mateix programa crea un conjunt que encaixa perfectament en entorns urbans i moderns, o on espec\u00edficament cal establir contrastos.\" \/>\n<meta property=\"og:url\" content=\"https:\/\/yourplastics.es\/ca\/producto\/taula-calero\/\" \/>\n<meta property=\"og:site_name\" content=\"Yourplastics.es\" \/>\n<meta property=\"og:image\" content=\"https:\/\/yourplastics.es\/wp-content\/uploads\/2024\/03\/505100-2_Tisch_Calero_3D_Brown_1303.jpg\" \/>\n\t<meta property=\"og:image:width\" content=\"1600\" \/>\n\t<meta property=\"og:image:height\" content=\"768\" \/>\n\t<meta property=\"og:image:type\" content=\"image\/jpeg\" \/>\n<meta name=\"twitter:card\" content=\"summary_large_image\" \/>\n<script type=\"application\/ld+json\" class=\"yoast-schema-graph\">{\"@context\":\"https:\/\/schema.org\",\"@graph\":[{\"@type\":\"WebPage\",\"@id\":\"https:\/\/yourplastics.es\/ca\/producto\/taula-calero\/\",\"url\":\"https:\/\/yourplastics.es\/ca\/producto\/taula-calero\/\",\"name\":\"Taula Calero - Yourplastics.es\",\"isPartOf\":{\"@id\":\"https:\/\/yourplastics.es\/#website\"},\"primaryImageOfPage\":{\"@id\":\"https:\/\/yourplastics.es\/ca\/producto\/taula-calero\/#primaryimage\"},\"image\":{\"@id\":\"https:\/\/yourplastics.es\/ca\/producto\/taula-calero\/#primaryimage\"},\"thumbnailUrl\":\"https:\/\/yourplastics.es\/wp-content\/uploads\/2024\/03\/505100-2_Tisch_Calero_3D_Brown_1303.jpg\",\"datePublished\":\"2024-03-04T09:15:53+00:00\",\"dateModified\":\"2024-03-04T09:15:53+00:00\",\"breadcrumb\":{\"@id\":\"https:\/\/yourplastics.es\/ca\/producto\/taula-calero\/#breadcrumb\"},\"inLanguage\":\"ca\",\"potentialAction\":[{\"@type\":\"ReadAction\",\"target\":[\"https:\/\/yourplastics.es\/ca\/producto\/taula-calero\/\"]}]},{\"@type\":\"ImageObject\",\"inLanguage\":\"ca\",\"@id\":\"https:\/\/yourplastics.es\/ca\/producto\/taula-calero\/#primaryimage\",\"url\":\"https:\/\/yourplastics.es\/wp-content\/uploads\/2024\/03\/505100-2_Tisch_Calero_3D_Brown_1303.jpg\",\"contentUrl\":\"https:\/\/yourplastics.es\/wp-content\/uploads\/2024\/03\/505100-2_Tisch_Calero_3D_Brown_1303.jpg\",\"width\":1600,\"height\":768},{\"@type\":\"BreadcrumbList\",\"@id\":\"https:\/\/yourplastics.es\/ca\/producto\/taula-calero\/#breadcrumb\",\"itemListElement\":[{\"@type\":\"ListItem\",\"position\":1,\"name\":\"Home\",\"item\":\"https:\/\/yourplastics.es\/ca\/\"},{\"@type\":\"ListItem\",\"position\":2,\"name\":\"Botiga\",\"item\":\"https:\/\/yourplastics.es\/ca\/tienda-2\/\"},{\"@type\":\"ListItem\",\"position\":3,\"name\":\"Taula Calero\"}]},{\"@type\":\"WebSite\",\"@id\":\"https:\/\/yourplastics.es\/#website\",\"url\":\"https:\/\/yourplastics.es\/\",\"name\":\"Yourplastics\",\"description\":\"\",\"publisher\":{\"@id\":\"https:\/\/yourplastics.es\/#organization\"},\"potentialAction\":[{\"@type\":\"SearchAction\",\"target\":{\"@type\":\"EntryPoint\",\"urlTemplate\":\"https:\/\/yourplastics.es\/?s={search_term_string}\"},\"query-input\":\"required name=search_term_string\"}],\"inLanguage\":\"ca\"},{\"@type\":\"Organization\",\"@id\":\"https:\/\/yourplastics.es\/#organization\",\"name\":\"Yourplastics\",\"url\":\"https:\/\/yourplastics.es\/\",\"logo\":{\"@type\":\"ImageObject\",\"inLanguage\":\"ca\",\"@id\":\"https:\/\/yourplastics.es\/#\/schema\/logo\/image\/\",\"url\":\"https:\/\/yourplastics.es\/wp-content\/uploads\/2024\/08\/logo2-400x163-1.png\",\"contentUrl\":\"https:\/\/yourplastics.es\/wp-content\/uploads\/2024\/08\/logo2-400x163-1.png\",\"width\":400,\"height\":163,\"caption\":\"Yourplastics\"},\"image\":{\"@id\":\"https:\/\/yourplastics.es\/#\/schema\/logo\/image\/\"}}]}<\/script>\n<!-- \/ Yoast SEO plugin. -->","yoast_head_json":{"title":"Taula Calero - Yourplastics.es","robots":{"index":"index","follow":"follow","max-snippet":"max-snippet:-1","max-image-preview":"max-image-preview:large","max-video-preview":"max-video-preview:-1"},"canonical":"https:\/\/yourplastics.es\/ca\/producto\/taula-calero\/","og_locale":"ca_ES","og_type":"article","og_title":"Taula Calero - Yourplastics.es","og_description":"Informaci\u00f3 del producte \"Mesa Calero\" La forma completament minimalista i cubista del model \"Calero\" fa d'aquesta taula un objecte de disseny que conven\u00e7 per la seva conseq\u00fc\u00e8ncia. Juntament amb els bancs del mateix programa crea un conjunt que encaixa perfectament en entorns urbans i moderns, o on espec\u00edficament cal establir contrastos.","og_url":"https:\/\/yourplastics.es\/ca\/producto\/taula-calero\/","og_site_name":"Yourplastics.es","og_image":[{"width":1600,"height":768,"url":"https:\/\/yourplastics.es\/wp-content\/uploads\/2024\/03\/505100-2_Tisch_Calero_3D_Brown_1303.jpg","type":"image\/jpeg"}],"twitter_card":"summary_large_image","schema":{"@context":"https:\/\/schema.org","@graph":[{"@type":"WebPage","@id":"https:\/\/yourplastics.es\/ca\/producto\/taula-calero\/","url":"https:\/\/yourplastics.es\/ca\/producto\/taula-calero\/","name":"Taula Calero - Yourplastics.es","isPartOf":{"@id":"https:\/\/yourplastics.es\/#website"},"primaryImageOfPage":{"@id":"https:\/\/yourplastics.es\/ca\/producto\/taula-calero\/#primaryimage"},"image":{"@id":"https:\/\/yourplastics.es\/ca\/producto\/taula-calero\/#primaryimage"},"thumbnailUrl":"https:\/\/yourplastics.es\/wp-content\/uploads\/2024\/03\/505100-2_Tisch_Calero_3D_Brown_1303.jpg","datePublished":"2024-03-04T09:15:53+00:00","dateModified":"2024-03-04T09:15:53+00:00","breadcrumb":{"@id":"https:\/\/yourplastics.es\/ca\/producto\/taula-calero\/#breadcrumb"},"inLanguage":"ca","potentialAction":[{"@type":"ReadAction","target":["https:\/\/yourplastics.es\/ca\/producto\/taula-calero\/"]}]},{"@type":"ImageObject","inLanguage":"ca","@id":"https:\/\/yourplastics.es\/ca\/producto\/taula-calero\/#primaryimage","url":"https:\/\/yourplastics.es\/wp-content\/uploads\/2024\/03\/505100-2_Tisch_Calero_3D_Brown_1303.jpg","contentUrl":"https:\/\/yourplastics.es\/wp-content\/uploads\/2024\/03\/505100-2_Tisch_Calero_3D_Brown_1303.jpg","width":1600,"height":768},{"@type":"BreadcrumbList","@id":"https:\/\/yourplastics.es\/ca\/producto\/taula-calero\/#breadcrumb","itemListElement":[{"@type":"ListItem","position":1,"name":"Home","item":"https:\/\/yourplastics.es\/ca\/"},{"@type":"ListItem","position":2,"name":"Botiga","item":"https:\/\/yourplastics.es\/ca\/tienda-2\/"},{"@type":"ListItem","position":3,"name":"Taula Calero"}]},{"@type":"WebSite","@id":"https:\/\/yourplastics.es\/#website","url":"https:\/\/yourplastics.es\/","name":"Yourplastics","description":"","publisher":{"@id":"https:\/\/yourplastics.es\/#organization"},"potentialAction":[{"@type":"SearchAction","target":{"@type":"EntryPoint","urlTemplate":"https:\/\/yourplastics.es\/?s={search_term_string}"},"query-input":"required name=search_term_string"}],"inLanguage":"ca"},{"@type":"Organization","@id":"https:\/\/yourplastics.es\/#organization","name":"Yourplastics","url":"https:\/\/yourplastics.es\/","logo":{"@type":"ImageObject","inLanguage":"ca","@id":"https:\/\/yourplastics.es\/#\/schema\/logo\/image\/","url":"https:\/\/yourplastics.es\/wp-content\/uploads\/2024\/08\/logo2-400x163-1.png","contentUrl":"https:\/\/yourplastics.es\/wp-content\/uploads\/2024\/08\/logo2-400x163-1.png","width":400,"height":163,"caption":"Yourplastics"},"image":{"@id":"https:\/\/yourplastics.es\/#\/schema\/logo\/image\/"}}]}},"_links":{"self":[{"href":"https:\/\/yourplastics.es\/ca\/wp-json\/wp\/v2\/product\/6342","targetHints":{"allow":["GET"]}}],"collection":[{"href":"https:\/\/yourplastics.es\/ca\/wp-json\/wp\/v2\/product"}],"about":[{"href":"https:\/\/yourplastics.es\/ca\/wp-json\/wp\/v2\/types\/product"}],"replies":[{"embeddable":true,"href":"https:\/\/yourplastics.es\/ca\/wp-json\/wp\/v2\/comments?post=6342"}],"wp:featuredmedia":[{"embeddable":true,"href":"https:\/\/yourplastics.es\/ca\/wp-json\/wp\/v2\/media\/2936"}],"wp:attachment":[{"href":"https:\/\/yourplastics.es\/ca\/wp-json\/wp\/v2\/media?parent=6342"}],"wp:term":[{"taxonomy":"product_cat","embeddable":true,"href":"https:\/\/yourplastics.es\/ca\/wp-json\/wp\/v2\/product_cat?post=6342"},{"taxonomy":"product_tag","embeddable":true,"href":"https:\/\/yourplastics.es\/ca\/wp-json\/wp\/v2\/product_tag?post=6342"}],"curies":[{"name":"wp","href":"https:\/\/api.w.org\/{rel}","templated":true}]}}