{"id":6341,"date":"2024-03-04T09:10:01","date_gmt":"2024-03-04T09:10:01","guid":{"rendered":"https:\/\/yourplastics.es\/producto\/sistema-de-barana-dacoblament\/"},"modified":"2024-05-23T10:02:14","modified_gmt":"2024-05-23T10:02:14","slug":"sistema-de-barana-dacoblament","status":"publish","type":"product","link":"https:\/\/yourplastics.es\/ca\/producto\/sistema-de-barana-dacoblament\/","title":{"rendered":"Sistema de barana d&#8217;acoblament"},"content":{"rendered":"<ul>\n<li>Mida del pal: 12 x 12 x 150 cm<\/li>\n<li>Mida del travesser: 8 x 225 cm<\/li>\n<li>Baranes modulars<\/li>\n<li>Una sola inversi\u00f3 \u2013 guany per sempre<\/li>\n<li>\u00d2ptim per a animals<\/li>\n<li>\u00c0mplies combinacions<\/li>\n<\/ul>\n<p>Atenci\u00f3: quan s&#8217;utilitza com una barana, tingueu en compte les instruccions d&#8217;instal\u00b7laci\u00f3.<\/p>\n<div class=\"content--tabcontainer1\">\n<div id=\"tabcontainer1\" class=\"tabcontainer1\">\n<p>Refor\u00e7 del travesser:<br \/>\nMaterial: Tub d&#8217;acer<br \/>\nDi\u00e0metre: aprox. 26,9 mm<br \/>\nGruix de paret: aprox. 2,0 mm<\/p>\n<p>&nbsp;<\/p>\n<h3 data-fontsize=\"20\" data-lineheight=\"29\">Informaci\u00f3 addicional<\/h3>\n<table class=\"woocommerce-product-attributes shop_attributes\">\n<tbody>\n<tr class=\"woocommerce-product-attributes-item woocommerce-product-attributes-item--attribute_color\">\n<th class=\"woocommerce-product-attributes-item__label\">Color<\/th>\n<td class=\"woocommerce-product-attributes-item__value\">gris, marr\u00f3<\/td>\n<\/tr>\n<tr class=\"woocommerce-product-attributes-item woocommerce-product-attributes-item--attribute_caracter%c3%adstiques\">\n<th class=\"woocommerce-product-attributes-item__label\">Caracter\u00edstiques<\/th>\n<td class=\"woocommerce-product-attributes-item__value\">Travesser \u00f8 8,0 cm, Pal de secci\u00f3 12,0 x 12,0 cm, Pal terminal 12,0 x 12,0 cm<\/td>\n<\/tr>\n<\/tbody>\n<\/table>\n<\/div>\n<\/div>\n","protected":false},"excerpt":{"rendered":"<div class=\"content--title\">Informaci\u00f3 del producte &#8220;Tancats&#8221;<\/div>\n<div class=\"product--description\">\n<p>La genial, senzilla i \u00f2ptima soluci\u00f3 de hanit<sup>\u00ae<\/sup> per a la construcci\u00f3 de barreres i baranes. Aquest sistema est\u00e0 compost per pals i travessers. Les barres transversals refor\u00e7ades s&#8217;insereixen en les figures dels pals, que pr\u00e8viament van ser enterrats, cargolant-les per fixar-les. Cantonades i canvis de direcci\u00f3 s\u00f3n senzillament realitzables amb la utilitzaci\u00f3 dels pals terminals corresponents.<\/p>\n<\/div>\n","protected":false},"featured_media":2621,"comment_status":"closed","ping_status":"closed","template":"","meta":[],"product_cat":[164,167],"product_tag":[],"class_list":{"0":"post-6341","1":"product","2":"type-product","3":"status-publish","4":"has-post-thumbnail","6":"product_cat-sistema-de-tancats","7":"product_cat-tancats-i-tanques","9":"first","10":"instock","11":"shipping-taxable","12":"product-type-simple"},"yoast_head":"<!-- This site is optimized with the Yoast SEO plugin v23.2 - https:\/\/yoast.com\/wordpress\/plugins\/seo\/ -->\n<title>Sistema de barana d&#039;acoblament - Yourplastics.es<\/title>\n<meta name=\"robots\" content=\"index, follow, max-snippet:-1, max-image-preview:large, max-video-preview:-1\" \/>\n<link rel=\"canonical\" href=\"https:\/\/yourplastics.es\/ca\/producto\/sistema-de-barana-dacoblament\/\" \/>\n<meta property=\"og:locale\" content=\"ca_ES\" \/>\n<meta property=\"og:type\" content=\"article\" \/>\n<meta property=\"og:title\" content=\"Sistema de barana d&#039;acoblament - Yourplastics.es\" \/>\n<meta property=\"og:description\" content=\"Informaci\u00f3 del producte &quot;Tancats&quot;   La genial, senzilla i \u00f2ptima soluci\u00f3 de hanit\u00ae per a la construcci\u00f3 de barreres i baranes. Aquest sistema est\u00e0 compost per pals i travessers. Les barres transversals refor\u00e7ades s&#039;insereixen en les figures dels pals, que pr\u00e8viament van ser enterrats, cargolant-les per fixar-les. Cantonades i canvis de direcci\u00f3 s\u00f3n senzillament realitzables amb la utilitzaci\u00f3 dels pals terminals corresponents.\" \/>\n<meta property=\"og:url\" content=\"https:\/\/yourplastics.es\/ca\/producto\/sistema-de-barana-dacoblament\/\" \/>\n<meta property=\"og:site_name\" content=\"Yourplastics.es\" \/>\n<meta property=\"article:modified_time\" content=\"2024-05-23T10:02:14+00:00\" \/>\n<meta property=\"og:image\" content=\"https:\/\/yourplastics.es\/wp-content\/uploads\/2024\/03\/304000_Koppelgelaender_Zusammenbau_3D_Brown_856.jpg\" \/>\n\t<meta property=\"og:image:width\" content=\"1600\" \/>\n\t<meta property=\"og:image:height\" content=\"443\" \/>\n\t<meta property=\"og:image:type\" content=\"image\/jpeg\" \/>\n<meta name=\"twitter:card\" content=\"summary_large_image\" \/>\n<script type=\"application\/ld+json\" class=\"yoast-schema-graph\">{\"@context\":\"https:\/\/schema.org\",\"@graph\":[{\"@type\":\"WebPage\",\"@id\":\"https:\/\/yourplastics.es\/ca\/producto\/sistema-de-barana-dacoblament\/\",\"url\":\"https:\/\/yourplastics.es\/ca\/producto\/sistema-de-barana-dacoblament\/\",\"name\":\"Sistema de barana d'acoblament - Yourplastics.es\",\"isPartOf\":{\"@id\":\"https:\/\/yourplastics.es\/#website\"},\"primaryImageOfPage\":{\"@id\":\"https:\/\/yourplastics.es\/ca\/producto\/sistema-de-barana-dacoblament\/#primaryimage\"},\"image\":{\"@id\":\"https:\/\/yourplastics.es\/ca\/producto\/sistema-de-barana-dacoblament\/#primaryimage\"},\"thumbnailUrl\":\"https:\/\/yourplastics.es\/wp-content\/uploads\/2024\/03\/304000_Koppelgelaender_Zusammenbau_3D_Brown_856.jpg\",\"datePublished\":\"2024-03-04T09:10:01+00:00\",\"dateModified\":\"2024-05-23T10:02:14+00:00\",\"breadcrumb\":{\"@id\":\"https:\/\/yourplastics.es\/ca\/producto\/sistema-de-barana-dacoblament\/#breadcrumb\"},\"inLanguage\":\"ca\",\"potentialAction\":[{\"@type\":\"ReadAction\",\"target\":[\"https:\/\/yourplastics.es\/ca\/producto\/sistema-de-barana-dacoblament\/\"]}]},{\"@type\":\"ImageObject\",\"inLanguage\":\"ca\",\"@id\":\"https:\/\/yourplastics.es\/ca\/producto\/sistema-de-barana-dacoblament\/#primaryimage\",\"url\":\"https:\/\/yourplastics.es\/wp-content\/uploads\/2024\/03\/304000_Koppelgelaender_Zusammenbau_3D_Brown_856.jpg\",\"contentUrl\":\"https:\/\/yourplastics.es\/wp-content\/uploads\/2024\/03\/304000_Koppelgelaender_Zusammenbau_3D_Brown_856.jpg\",\"width\":1600,\"height\":443},{\"@type\":\"BreadcrumbList\",\"@id\":\"https:\/\/yourplastics.es\/ca\/producto\/sistema-de-barana-dacoblament\/#breadcrumb\",\"itemListElement\":[{\"@type\":\"ListItem\",\"position\":1,\"name\":\"Home\",\"item\":\"https:\/\/yourplastics.es\/ca\/\"},{\"@type\":\"ListItem\",\"position\":2,\"name\":\"Botiga\",\"item\":\"https:\/\/yourplastics.es\/ca\/tienda-2\/\"},{\"@type\":\"ListItem\",\"position\":3,\"name\":\"Sistema de barana d&#8217;acoblament\"}]},{\"@type\":\"WebSite\",\"@id\":\"https:\/\/yourplastics.es\/#website\",\"url\":\"https:\/\/yourplastics.es\/\",\"name\":\"Yourplastics\",\"description\":\"\",\"publisher\":{\"@id\":\"https:\/\/yourplastics.es\/#organization\"},\"potentialAction\":[{\"@type\":\"SearchAction\",\"target\":{\"@type\":\"EntryPoint\",\"urlTemplate\":\"https:\/\/yourplastics.es\/?s={search_term_string}\"},\"query-input\":\"required name=search_term_string\"}],\"inLanguage\":\"ca\"},{\"@type\":\"Organization\",\"@id\":\"https:\/\/yourplastics.es\/#organization\",\"name\":\"Yourplastics\",\"url\":\"https:\/\/yourplastics.es\/\",\"logo\":{\"@type\":\"ImageObject\",\"inLanguage\":\"ca\",\"@id\":\"https:\/\/yourplastics.es\/#\/schema\/logo\/image\/\",\"url\":\"https:\/\/yourplastics.es\/wp-content\/uploads\/2024\/08\/logo2-400x163-1.png\",\"contentUrl\":\"https:\/\/yourplastics.es\/wp-content\/uploads\/2024\/08\/logo2-400x163-1.png\",\"width\":400,\"height\":163,\"caption\":\"Yourplastics\"},\"image\":{\"@id\":\"https:\/\/yourplastics.es\/#\/schema\/logo\/image\/\"}}]}<\/script>\n<!-- \/ Yoast SEO plugin. -->","yoast_head_json":{"title":"Sistema de barana d'acoblament - Yourplastics.es","robots":{"index":"index","follow":"follow","max-snippet":"max-snippet:-1","max-image-preview":"max-image-preview:large","max-video-preview":"max-video-preview:-1"},"canonical":"https:\/\/yourplastics.es\/ca\/producto\/sistema-de-barana-dacoblament\/","og_locale":"ca_ES","og_type":"article","og_title":"Sistema de barana d'acoblament - Yourplastics.es","og_description":"Informaci\u00f3 del producte \"Tancats\"   La genial, senzilla i \u00f2ptima soluci\u00f3 de hanit\u00ae per a la construcci\u00f3 de barreres i baranes. Aquest sistema est\u00e0 compost per pals i travessers. Les barres transversals refor\u00e7ades s'insereixen en les figures dels pals, que pr\u00e8viament van ser enterrats, cargolant-les per fixar-les. Cantonades i canvis de direcci\u00f3 s\u00f3n senzillament realitzables amb la utilitzaci\u00f3 dels pals terminals corresponents.","og_url":"https:\/\/yourplastics.es\/ca\/producto\/sistema-de-barana-dacoblament\/","og_site_name":"Yourplastics.es","article_modified_time":"2024-05-23T10:02:14+00:00","og_image":[{"width":1600,"height":443,"url":"https:\/\/yourplastics.es\/wp-content\/uploads\/2024\/03\/304000_Koppelgelaender_Zusammenbau_3D_Brown_856.jpg","type":"image\/jpeg"}],"twitter_card":"summary_large_image","schema":{"@context":"https:\/\/schema.org","@graph":[{"@type":"WebPage","@id":"https:\/\/yourplastics.es\/ca\/producto\/sistema-de-barana-dacoblament\/","url":"https:\/\/yourplastics.es\/ca\/producto\/sistema-de-barana-dacoblament\/","name":"Sistema de barana d'acoblament - Yourplastics.es","isPartOf":{"@id":"https:\/\/yourplastics.es\/#website"},"primaryImageOfPage":{"@id":"https:\/\/yourplastics.es\/ca\/producto\/sistema-de-barana-dacoblament\/#primaryimage"},"image":{"@id":"https:\/\/yourplastics.es\/ca\/producto\/sistema-de-barana-dacoblament\/#primaryimage"},"thumbnailUrl":"https:\/\/yourplastics.es\/wp-content\/uploads\/2024\/03\/304000_Koppelgelaender_Zusammenbau_3D_Brown_856.jpg","datePublished":"2024-03-04T09:10:01+00:00","dateModified":"2024-05-23T10:02:14+00:00","breadcrumb":{"@id":"https:\/\/yourplastics.es\/ca\/producto\/sistema-de-barana-dacoblament\/#breadcrumb"},"inLanguage":"ca","potentialAction":[{"@type":"ReadAction","target":["https:\/\/yourplastics.es\/ca\/producto\/sistema-de-barana-dacoblament\/"]}]},{"@type":"ImageObject","inLanguage":"ca","@id":"https:\/\/yourplastics.es\/ca\/producto\/sistema-de-barana-dacoblament\/#primaryimage","url":"https:\/\/yourplastics.es\/wp-content\/uploads\/2024\/03\/304000_Koppelgelaender_Zusammenbau_3D_Brown_856.jpg","contentUrl":"https:\/\/yourplastics.es\/wp-content\/uploads\/2024\/03\/304000_Koppelgelaender_Zusammenbau_3D_Brown_856.jpg","width":1600,"height":443},{"@type":"BreadcrumbList","@id":"https:\/\/yourplastics.es\/ca\/producto\/sistema-de-barana-dacoblament\/#breadcrumb","itemListElement":[{"@type":"ListItem","position":1,"name":"Home","item":"https:\/\/yourplastics.es\/ca\/"},{"@type":"ListItem","position":2,"name":"Botiga","item":"https:\/\/yourplastics.es\/ca\/tienda-2\/"},{"@type":"ListItem","position":3,"name":"Sistema de barana d&#8217;acoblament"}]},{"@type":"WebSite","@id":"https:\/\/yourplastics.es\/#website","url":"https:\/\/yourplastics.es\/","name":"Yourplastics","description":"","publisher":{"@id":"https:\/\/yourplastics.es\/#organization"},"potentialAction":[{"@type":"SearchAction","target":{"@type":"EntryPoint","urlTemplate":"https:\/\/yourplastics.es\/?s={search_term_string}"},"query-input":"required name=search_term_string"}],"inLanguage":"ca"},{"@type":"Organization","@id":"https:\/\/yourplastics.es\/#organization","name":"Yourplastics","url":"https:\/\/yourplastics.es\/","logo":{"@type":"ImageObject","inLanguage":"ca","@id":"https:\/\/yourplastics.es\/#\/schema\/logo\/image\/","url":"https:\/\/yourplastics.es\/wp-content\/uploads\/2024\/08\/logo2-400x163-1.png","contentUrl":"https:\/\/yourplastics.es\/wp-content\/uploads\/2024\/08\/logo2-400x163-1.png","width":400,"height":163,"caption":"Yourplastics"},"image":{"@id":"https:\/\/yourplastics.es\/#\/schema\/logo\/image\/"}}]}},"_links":{"self":[{"href":"https:\/\/yourplastics.es\/ca\/wp-json\/wp\/v2\/product\/6341","targetHints":{"allow":["GET"]}}],"collection":[{"href":"https:\/\/yourplastics.es\/ca\/wp-json\/wp\/v2\/product"}],"about":[{"href":"https:\/\/yourplastics.es\/ca\/wp-json\/wp\/v2\/types\/product"}],"replies":[{"embeddable":true,"href":"https:\/\/yourplastics.es\/ca\/wp-json\/wp\/v2\/comments?post=6341"}],"wp:featuredmedia":[{"embeddable":true,"href":"https:\/\/yourplastics.es\/ca\/wp-json\/wp\/v2\/media\/2621"}],"wp:attachment":[{"href":"https:\/\/yourplastics.es\/ca\/wp-json\/wp\/v2\/media?parent=6341"}],"wp:term":[{"taxonomy":"product_cat","embeddable":true,"href":"https:\/\/yourplastics.es\/ca\/wp-json\/wp\/v2\/product_cat?post=6341"},{"taxonomy":"product_tag","embeddable":true,"href":"https:\/\/yourplastics.es\/ca\/wp-json\/wp\/v2\/product_tag?post=6341"}],"curies":[{"name":"wp","href":"https:\/\/api.w.org\/{rel}","templated":true}]}}