{"id":6340,"date":"2024-03-04T09:15:53","date_gmt":"2024-03-04T09:15:53","guid":{"rendered":"https:\/\/yourplastics.es\/producto\/calero-bar\/"},"modified":"2024-03-04T09:15:53","modified_gmt":"2024-03-04T09:15:53","slug":"calero-bar","status":"publish","type":"product","link":"https:\/\/yourplastics.es\/ca\/producto\/calero-bar\/","title":{"rendered":"Calero Bar"},"content":{"rendered":"","protected":false},"excerpt":{"rendered":"<p>El Set de banc i taula Calero m\u00e9s venut.<br \/>\nAmb els tamborets i taula alta es pot dissenyar variades opcions ja sigui a bars, cafeteries, mercats o terrasses privades.<br \/>\nEl muntatge \u00e9s molt senzill ja que els tamborets es lliuren muntats parcialment i la taula consta d&#8217;unes poques peces individuals que es poden cargolar de manera r\u00e0pida i f\u00e0cil.<br \/>\nDisseny simple i variable.<\/p>\n<ul>\n<li>Banqueta Calero<\/li>\n<li>La zona del seient: 38 x 50 cm<\/li>\n<li>Al\u00e7ada del seient: 80 cm<\/li>\n<\/ul>\n<ul>\n<li>Taula alta Calero<\/li>\n<li>\u00c0rea de la taula: 68 x 150 cm<\/li>\n<li>Al\u00e7ada de la taula: 110 cm<\/li>\n<\/ul>\n","protected":false},"featured_media":5202,"comment_status":"closed","ping_status":"closed","template":"","meta":[],"product_cat":[198,200,168],"product_tag":[],"class_list":{"0":"post-6340","1":"product","2":"type-product","3":"status-publish","4":"has-post-thumbnail","6":"product_cat-bancs","7":"product_cat-parcs-i-jardins","8":"product_cat-set-taules-i-bancs","10":"first","11":"instock","12":"featured","13":"shipping-taxable","14":"product-type-simple"},"yoast_head":"<!-- This site is optimized with the Yoast SEO plugin v23.2 - https:\/\/yoast.com\/wordpress\/plugins\/seo\/ -->\n<title>Calero Bar - Yourplastics.es<\/title>\n<meta name=\"robots\" content=\"index, follow, max-snippet:-1, max-image-preview:large, max-video-preview:-1\" \/>\n<link rel=\"canonical\" href=\"https:\/\/yourplastics.es\/ca\/producto\/calero-bar\/\" \/>\n<meta property=\"og:locale\" content=\"ca_ES\" \/>\n<meta property=\"og:type\" content=\"article\" \/>\n<meta property=\"og:title\" content=\"Calero Bar - Yourplastics.es\" \/>\n<meta property=\"og:description\" content=\"El Set de banc i taula Calero m\u00e9s venut. Amb els tamborets i taula alta es pot dissenyar variades opcions ja sigui a bars, cafeteries, mercats o terrasses privades. El muntatge \u00e9s molt senzill ja que els tamborets es lliuren muntats parcialment i la taula consta d&#039;unes poques peces individuals que es poden cargolar de manera r\u00e0pida i f\u00e0cil. Disseny simple i variable.  Banqueta Calero  La zona del seient: 38 x 50 cm  Al\u00e7ada del seient: 80 cm   Taula alta Calero  \u00c0rea de la taula: 68 x 150 cm  Al\u00e7ada de la taula: 110 cm\" \/>\n<meta property=\"og:url\" content=\"https:\/\/yourplastics.es\/ca\/producto\/calero-bar\/\" \/>\n<meta property=\"og:site_name\" content=\"Yourplastics.es\" \/>\n<meta property=\"og:image\" content=\"https:\/\/yourplastics.es\/wp-content\/uploads\/2024\/03\/Set-Calero-scaled.jpg\" \/>\n\t<meta property=\"og:image:width\" content=\"2560\" \/>\n\t<meta property=\"og:image:height\" content=\"1646\" \/>\n\t<meta property=\"og:image:type\" content=\"image\/jpeg\" \/>\n<meta name=\"twitter:card\" content=\"summary_large_image\" \/>\n<script type=\"application\/ld+json\" class=\"yoast-schema-graph\">{\"@context\":\"https:\/\/schema.org\",\"@graph\":[{\"@type\":\"WebPage\",\"@id\":\"https:\/\/yourplastics.es\/ca\/producto\/calero-bar\/\",\"url\":\"https:\/\/yourplastics.es\/ca\/producto\/calero-bar\/\",\"name\":\"Calero Bar - Yourplastics.es\",\"isPartOf\":{\"@id\":\"https:\/\/yourplastics.es\/#website\"},\"primaryImageOfPage\":{\"@id\":\"https:\/\/yourplastics.es\/ca\/producto\/calero-bar\/#primaryimage\"},\"image\":{\"@id\":\"https:\/\/yourplastics.es\/ca\/producto\/calero-bar\/#primaryimage\"},\"thumbnailUrl\":\"https:\/\/yourplastics.es\/wp-content\/uploads\/2024\/03\/Set-Calero-scaled.jpg\",\"datePublished\":\"2024-03-04T09:15:53+00:00\",\"dateModified\":\"2024-03-04T09:15:53+00:00\",\"breadcrumb\":{\"@id\":\"https:\/\/yourplastics.es\/ca\/producto\/calero-bar\/#breadcrumb\"},\"inLanguage\":\"ca\",\"potentialAction\":[{\"@type\":\"ReadAction\",\"target\":[\"https:\/\/yourplastics.es\/ca\/producto\/calero-bar\/\"]}]},{\"@type\":\"ImageObject\",\"inLanguage\":\"ca\",\"@id\":\"https:\/\/yourplastics.es\/ca\/producto\/calero-bar\/#primaryimage\",\"url\":\"https:\/\/yourplastics.es\/wp-content\/uploads\/2024\/03\/Set-Calero-scaled.jpg\",\"contentUrl\":\"https:\/\/yourplastics.es\/wp-content\/uploads\/2024\/03\/Set-Calero-scaled.jpg\",\"width\":2560,\"height\":1646},{\"@type\":\"BreadcrumbList\",\"@id\":\"https:\/\/yourplastics.es\/ca\/producto\/calero-bar\/#breadcrumb\",\"itemListElement\":[{\"@type\":\"ListItem\",\"position\":1,\"name\":\"Home\",\"item\":\"https:\/\/yourplastics.es\/ca\/\"},{\"@type\":\"ListItem\",\"position\":2,\"name\":\"Botiga\",\"item\":\"https:\/\/yourplastics.es\/ca\/tienda-2\/\"},{\"@type\":\"ListItem\",\"position\":3,\"name\":\"Calero Bar\"}]},{\"@type\":\"WebSite\",\"@id\":\"https:\/\/yourplastics.es\/#website\",\"url\":\"https:\/\/yourplastics.es\/\",\"name\":\"Yourplastics\",\"description\":\"\",\"publisher\":{\"@id\":\"https:\/\/yourplastics.es\/#organization\"},\"potentialAction\":[{\"@type\":\"SearchAction\",\"target\":{\"@type\":\"EntryPoint\",\"urlTemplate\":\"https:\/\/yourplastics.es\/?s={search_term_string}\"},\"query-input\":\"required name=search_term_string\"}],\"inLanguage\":\"ca\"},{\"@type\":\"Organization\",\"@id\":\"https:\/\/yourplastics.es\/#organization\",\"name\":\"Yourplastics\",\"url\":\"https:\/\/yourplastics.es\/\",\"logo\":{\"@type\":\"ImageObject\",\"inLanguage\":\"ca\",\"@id\":\"https:\/\/yourplastics.es\/#\/schema\/logo\/image\/\",\"url\":\"https:\/\/yourplastics.es\/wp-content\/uploads\/2024\/08\/logo2-400x163-1.png\",\"contentUrl\":\"https:\/\/yourplastics.es\/wp-content\/uploads\/2024\/08\/logo2-400x163-1.png\",\"width\":400,\"height\":163,\"caption\":\"Yourplastics\"},\"image\":{\"@id\":\"https:\/\/yourplastics.es\/#\/schema\/logo\/image\/\"}}]}<\/script>\n<!-- \/ Yoast SEO plugin. -->","yoast_head_json":{"title":"Calero Bar - Yourplastics.es","robots":{"index":"index","follow":"follow","max-snippet":"max-snippet:-1","max-image-preview":"max-image-preview:large","max-video-preview":"max-video-preview:-1"},"canonical":"https:\/\/yourplastics.es\/ca\/producto\/calero-bar\/","og_locale":"ca_ES","og_type":"article","og_title":"Calero Bar - Yourplastics.es","og_description":"El Set de banc i taula Calero m\u00e9s venut. Amb els tamborets i taula alta es pot dissenyar variades opcions ja sigui a bars, cafeteries, mercats o terrasses privades. El muntatge \u00e9s molt senzill ja que els tamborets es lliuren muntats parcialment i la taula consta d'unes poques peces individuals que es poden cargolar de manera r\u00e0pida i f\u00e0cil. Disseny simple i variable.  Banqueta Calero  La zona del seient: 38 x 50 cm  Al\u00e7ada del seient: 80 cm   Taula alta Calero  \u00c0rea de la taula: 68 x 150 cm  Al\u00e7ada de la taula: 110 cm","og_url":"https:\/\/yourplastics.es\/ca\/producto\/calero-bar\/","og_site_name":"Yourplastics.es","og_image":[{"width":2560,"height":1646,"url":"https:\/\/yourplastics.es\/wp-content\/uploads\/2024\/03\/Set-Calero-scaled.jpg","type":"image\/jpeg"}],"twitter_card":"summary_large_image","schema":{"@context":"https:\/\/schema.org","@graph":[{"@type":"WebPage","@id":"https:\/\/yourplastics.es\/ca\/producto\/calero-bar\/","url":"https:\/\/yourplastics.es\/ca\/producto\/calero-bar\/","name":"Calero Bar - Yourplastics.es","isPartOf":{"@id":"https:\/\/yourplastics.es\/#website"},"primaryImageOfPage":{"@id":"https:\/\/yourplastics.es\/ca\/producto\/calero-bar\/#primaryimage"},"image":{"@id":"https:\/\/yourplastics.es\/ca\/producto\/calero-bar\/#primaryimage"},"thumbnailUrl":"https:\/\/yourplastics.es\/wp-content\/uploads\/2024\/03\/Set-Calero-scaled.jpg","datePublished":"2024-03-04T09:15:53+00:00","dateModified":"2024-03-04T09:15:53+00:00","breadcrumb":{"@id":"https:\/\/yourplastics.es\/ca\/producto\/calero-bar\/#breadcrumb"},"inLanguage":"ca","potentialAction":[{"@type":"ReadAction","target":["https:\/\/yourplastics.es\/ca\/producto\/calero-bar\/"]}]},{"@type":"ImageObject","inLanguage":"ca","@id":"https:\/\/yourplastics.es\/ca\/producto\/calero-bar\/#primaryimage","url":"https:\/\/yourplastics.es\/wp-content\/uploads\/2024\/03\/Set-Calero-scaled.jpg","contentUrl":"https:\/\/yourplastics.es\/wp-content\/uploads\/2024\/03\/Set-Calero-scaled.jpg","width":2560,"height":1646},{"@type":"BreadcrumbList","@id":"https:\/\/yourplastics.es\/ca\/producto\/calero-bar\/#breadcrumb","itemListElement":[{"@type":"ListItem","position":1,"name":"Home","item":"https:\/\/yourplastics.es\/ca\/"},{"@type":"ListItem","position":2,"name":"Botiga","item":"https:\/\/yourplastics.es\/ca\/tienda-2\/"},{"@type":"ListItem","position":3,"name":"Calero Bar"}]},{"@type":"WebSite","@id":"https:\/\/yourplastics.es\/#website","url":"https:\/\/yourplastics.es\/","name":"Yourplastics","description":"","publisher":{"@id":"https:\/\/yourplastics.es\/#organization"},"potentialAction":[{"@type":"SearchAction","target":{"@type":"EntryPoint","urlTemplate":"https:\/\/yourplastics.es\/?s={search_term_string}"},"query-input":"required name=search_term_string"}],"inLanguage":"ca"},{"@type":"Organization","@id":"https:\/\/yourplastics.es\/#organization","name":"Yourplastics","url":"https:\/\/yourplastics.es\/","logo":{"@type":"ImageObject","inLanguage":"ca","@id":"https:\/\/yourplastics.es\/#\/schema\/logo\/image\/","url":"https:\/\/yourplastics.es\/wp-content\/uploads\/2024\/08\/logo2-400x163-1.png","contentUrl":"https:\/\/yourplastics.es\/wp-content\/uploads\/2024\/08\/logo2-400x163-1.png","width":400,"height":163,"caption":"Yourplastics"},"image":{"@id":"https:\/\/yourplastics.es\/#\/schema\/logo\/image\/"}}]}},"_links":{"self":[{"href":"https:\/\/yourplastics.es\/ca\/wp-json\/wp\/v2\/product\/6340","targetHints":{"allow":["GET"]}}],"collection":[{"href":"https:\/\/yourplastics.es\/ca\/wp-json\/wp\/v2\/product"}],"about":[{"href":"https:\/\/yourplastics.es\/ca\/wp-json\/wp\/v2\/types\/product"}],"replies":[{"embeddable":true,"href":"https:\/\/yourplastics.es\/ca\/wp-json\/wp\/v2\/comments?post=6340"}],"wp:featuredmedia":[{"embeddable":true,"href":"https:\/\/yourplastics.es\/ca\/wp-json\/wp\/v2\/media\/5202"}],"wp:attachment":[{"href":"https:\/\/yourplastics.es\/ca\/wp-json\/wp\/v2\/media?parent=6340"}],"wp:term":[{"taxonomy":"product_cat","embeddable":true,"href":"https:\/\/yourplastics.es\/ca\/wp-json\/wp\/v2\/product_cat?post=6340"},{"taxonomy":"product_tag","embeddable":true,"href":"https:\/\/yourplastics.es\/ca\/wp-json\/wp\/v2\/product_tag?post=6340"}],"curies":[{"name":"wp","href":"https:\/\/api.w.org\/{rel}","templated":true}]}}