{"id":6339,"date":"2024-03-04T09:15:53","date_gmt":"2024-03-04T09:15:53","guid":{"rendered":"https:\/\/yourplastics.es\/producto\/set-bavaria\/"},"modified":"2024-03-04T09:15:53","modified_gmt":"2024-03-04T09:15:53","slug":"set-bavaria","status":"publish","type":"product","link":"https:\/\/yourplastics.es\/ca\/producto\/set-bavaria\/","title":{"rendered":"Set Bavaria"},"content":{"rendered":"<ul>\n<li>Ample: 200 cm<\/li>\n<li>L&#8217;origen dels bancs<\/li>\n<li>Taula de taula sencera<\/li>\n<li>Suport i seients d&#8217;una sola pe\u00e7a<\/li>\n<li>Bellesa rustical<\/li>\n<li>Qualitat immillorable<\/li>\n<\/ul>\n<p>Bancs i taules s\u00f3n subministrats desarmats. Instruccions i material per al muntatge inclosos.<\/p>\n<p>Taula per a banc: tipus Kompakt<br \/>\nBanc amb respatller &#8211; 1 taula de seient: 200 x 40 x 7,5\/6,5 cm<br \/>\nBanc amb respatller &#8211; 1 taula de respatller: 200 x 27,5 x 6,5\/5,5 cm<br \/>\nBanc sense respatller &#8211; 1 taula de seient: 200 x 40 x 7,5\/6,5 cm<br \/>\nAl\u00e7ada del seient: 47 cm<br \/>\n2 taules per a taula: 200 x 40 x 7,5\/6,5 cm<br \/>\nAl\u00e7ada de la taula: 76 cm<br \/>\nSuperf\u00edcie de la taula: 80 x 200 cm<br \/>\nOpcional: sistema d&#8217;ancoratges tipus 1<\/p>\n<div class=\"table--section-header content--title\"><strong>Caracter\u00edstiques<\/strong><\/div>\n<table style=\"height: 163px;\" width=\"423\">\n<tbody>\n<tr>\n<td class=\"product--attribute\">Selecci\u00f3<\/td>\n<td class=\"product--attribute\">Llarg: 200 cm<\/td>\n<\/tr>\n<tr>\n<td class=\"product--attribute\">Qualitat (Material)<\/td>\n<td class=\"product--attribute\">hanit<sup>\u00ae<\/sup><\/td>\n<\/tr>\n<tr>\n<td class=\"product--attribute\">Color<\/td>\n<td class=\"product--attribute\">marr\u00f3<\/td>\n<\/tr>\n<tr>\n<td class=\"product--attribute\">Pes<\/td>\n<td class=\"product--attribute\">379 kg<\/td>\n<\/tr>\n<tr>\n<td class=\"product--attribute\">Superf\u00edcie<\/td>\n<td class=\"product--attribute\">200 x 220 x 80 cm cm<\/td>\n<\/tr>\n<tr>\n<td class=\"product--attribute\">Mode d&#8217;enviament<\/td>\n<td class=\"product--attribute\">muntat parcialment<\/td>\n<\/tr>\n<\/tbody>\n<\/table>\n","protected":false},"excerpt":{"rendered":"<div class=\"content--title\">Informaci\u00f3 del producte &#8220;Set Bavaria&#8221;<\/div>\n<div class=\"product--description\">L&#8217;aspecte r\u00fastic de grup Bavaria est\u00e0 dominat per l&#8217;\u00f2ptica massissa de la taula de taula, els seients i respatllers. El seu gruix i la resist\u00e8ncia troben aqu\u00ed el seu lloc. Aquest conjunt s&#8217;adapta per excel\u00b7l\u00e8ncia als entorns on la natura juga el seu paper principal: boscos, parcs naturals i muntanyencs, per\u00f2 tamb\u00e9 als t\u00edpics &#8220;Biergarten&#8221;.<\/div>\n","protected":false},"featured_media":2953,"comment_status":"open","ping_status":"closed","template":"","meta":[],"product_cat":[200,168],"product_tag":[],"class_list":{"0":"post-6339","1":"product","2":"type-product","3":"status-publish","4":"has-post-thumbnail","6":"product_cat-parcs-i-jardins","7":"product_cat-set-taules-i-bancs","9":"first","10":"instock","11":"shipping-taxable","12":"product-type-simple"},"yoast_head":"<!-- This site is optimized with the Yoast SEO plugin v23.2 - https:\/\/yoast.com\/wordpress\/plugins\/seo\/ -->\n<title>Set Bavaria - Yourplastics.es<\/title>\n<meta name=\"robots\" content=\"index, follow, max-snippet:-1, max-image-preview:large, max-video-preview:-1\" \/>\n<link rel=\"canonical\" href=\"https:\/\/yourplastics.es\/ca\/producto\/set-bavaria\/\" \/>\n<meta property=\"og:locale\" content=\"ca_ES\" \/>\n<meta property=\"og:type\" content=\"article\" \/>\n<meta property=\"og:title\" content=\"Set Bavaria - Yourplastics.es\" \/>\n<meta property=\"og:description\" content=\"Informaci\u00f3 del producte &quot;Set Bavaria&quot; L&#039;aspecte r\u00fastic de grup Bavaria est\u00e0 dominat per l&#039;\u00f2ptica massissa de la taula de taula, els seients i respatllers. El seu gruix i la resist\u00e8ncia troben aqu\u00ed el seu lloc. Aquest conjunt s&#039;adapta per excel\u00b7l\u00e8ncia als entorns on la natura juga el seu paper principal: boscos, parcs naturals i muntanyencs, per\u00f2 tamb\u00e9 als t\u00edpics &quot;Biergarten&quot;.\" \/>\n<meta property=\"og:url\" content=\"https:\/\/yourplastics.es\/ca\/producto\/set-bavaria\/\" \/>\n<meta property=\"og:site_name\" content=\"Yourplastics.es\" \/>\n<meta property=\"og:image\" content=\"https:\/\/yourplastics.es\/wp-content\/uploads\/2024\/03\/Set2_Bankset_Bavaria_3D_2011.jpg\" \/>\n\t<meta property=\"og:image:width\" content=\"1600\" \/>\n\t<meta property=\"og:image:height\" content=\"761\" \/>\n\t<meta property=\"og:image:type\" content=\"image\/jpeg\" \/>\n<meta name=\"twitter:card\" content=\"summary_large_image\" \/>\n<meta name=\"twitter:label1\" content=\"Temps estimat de lectura\" \/>\n\t<meta name=\"twitter:data1\" content=\"1 minut\" \/>\n<script type=\"application\/ld+json\" class=\"yoast-schema-graph\">{\"@context\":\"https:\/\/schema.org\",\"@graph\":[{\"@type\":\"WebPage\",\"@id\":\"https:\/\/yourplastics.es\/ca\/producto\/set-bavaria\/\",\"url\":\"https:\/\/yourplastics.es\/ca\/producto\/set-bavaria\/\",\"name\":\"Set Bavaria - Yourplastics.es\",\"isPartOf\":{\"@id\":\"https:\/\/yourplastics.es\/#website\"},\"primaryImageOfPage\":{\"@id\":\"https:\/\/yourplastics.es\/ca\/producto\/set-bavaria\/#primaryimage\"},\"image\":{\"@id\":\"https:\/\/yourplastics.es\/ca\/producto\/set-bavaria\/#primaryimage\"},\"thumbnailUrl\":\"https:\/\/yourplastics.es\/wp-content\/uploads\/2024\/03\/Set2_Bankset_Bavaria_3D_2011.jpg\",\"datePublished\":\"2024-03-04T09:15:53+00:00\",\"dateModified\":\"2024-03-04T09:15:53+00:00\",\"breadcrumb\":{\"@id\":\"https:\/\/yourplastics.es\/ca\/producto\/set-bavaria\/#breadcrumb\"},\"inLanguage\":\"ca\",\"potentialAction\":[{\"@type\":\"ReadAction\",\"target\":[\"https:\/\/yourplastics.es\/ca\/producto\/set-bavaria\/\"]}]},{\"@type\":\"ImageObject\",\"inLanguage\":\"ca\",\"@id\":\"https:\/\/yourplastics.es\/ca\/producto\/set-bavaria\/#primaryimage\",\"url\":\"https:\/\/yourplastics.es\/wp-content\/uploads\/2024\/03\/Set2_Bankset_Bavaria_3D_2011.jpg\",\"contentUrl\":\"https:\/\/yourplastics.es\/wp-content\/uploads\/2024\/03\/Set2_Bankset_Bavaria_3D_2011.jpg\",\"width\":1600,\"height\":761},{\"@type\":\"BreadcrumbList\",\"@id\":\"https:\/\/yourplastics.es\/ca\/producto\/set-bavaria\/#breadcrumb\",\"itemListElement\":[{\"@type\":\"ListItem\",\"position\":1,\"name\":\"Home\",\"item\":\"https:\/\/yourplastics.es\/ca\/\"},{\"@type\":\"ListItem\",\"position\":2,\"name\":\"Botiga\",\"item\":\"https:\/\/yourplastics.es\/ca\/tienda-2\/\"},{\"@type\":\"ListItem\",\"position\":3,\"name\":\"Set Bavaria\"}]},{\"@type\":\"WebSite\",\"@id\":\"https:\/\/yourplastics.es\/#website\",\"url\":\"https:\/\/yourplastics.es\/\",\"name\":\"Yourplastics\",\"description\":\"\",\"publisher\":{\"@id\":\"https:\/\/yourplastics.es\/#organization\"},\"potentialAction\":[{\"@type\":\"SearchAction\",\"target\":{\"@type\":\"EntryPoint\",\"urlTemplate\":\"https:\/\/yourplastics.es\/?s={search_term_string}\"},\"query-input\":\"required name=search_term_string\"}],\"inLanguage\":\"ca\"},{\"@type\":\"Organization\",\"@id\":\"https:\/\/yourplastics.es\/#organization\",\"name\":\"Yourplastics\",\"url\":\"https:\/\/yourplastics.es\/\",\"logo\":{\"@type\":\"ImageObject\",\"inLanguage\":\"ca\",\"@id\":\"https:\/\/yourplastics.es\/#\/schema\/logo\/image\/\",\"url\":\"https:\/\/yourplastics.es\/wp-content\/uploads\/2024\/08\/logo2-400x163-1.png\",\"contentUrl\":\"https:\/\/yourplastics.es\/wp-content\/uploads\/2024\/08\/logo2-400x163-1.png\",\"width\":400,\"height\":163,\"caption\":\"Yourplastics\"},\"image\":{\"@id\":\"https:\/\/yourplastics.es\/#\/schema\/logo\/image\/\"}}]}<\/script>\n<!-- \/ Yoast SEO plugin. -->","yoast_head_json":{"title":"Set Bavaria - Yourplastics.es","robots":{"index":"index","follow":"follow","max-snippet":"max-snippet:-1","max-image-preview":"max-image-preview:large","max-video-preview":"max-video-preview:-1"},"canonical":"https:\/\/yourplastics.es\/ca\/producto\/set-bavaria\/","og_locale":"ca_ES","og_type":"article","og_title":"Set Bavaria - Yourplastics.es","og_description":"Informaci\u00f3 del producte \"Set Bavaria\" L'aspecte r\u00fastic de grup Bavaria est\u00e0 dominat per l'\u00f2ptica massissa de la taula de taula, els seients i respatllers. El seu gruix i la resist\u00e8ncia troben aqu\u00ed el seu lloc. Aquest conjunt s'adapta per excel\u00b7l\u00e8ncia als entorns on la natura juga el seu paper principal: boscos, parcs naturals i muntanyencs, per\u00f2 tamb\u00e9 als t\u00edpics \"Biergarten\".","og_url":"https:\/\/yourplastics.es\/ca\/producto\/set-bavaria\/","og_site_name":"Yourplastics.es","og_image":[{"width":1600,"height":761,"url":"https:\/\/yourplastics.es\/wp-content\/uploads\/2024\/03\/Set2_Bankset_Bavaria_3D_2011.jpg","type":"image\/jpeg"}],"twitter_card":"summary_large_image","twitter_misc":{"Temps estimat de lectura":"1 minut"},"schema":{"@context":"https:\/\/schema.org","@graph":[{"@type":"WebPage","@id":"https:\/\/yourplastics.es\/ca\/producto\/set-bavaria\/","url":"https:\/\/yourplastics.es\/ca\/producto\/set-bavaria\/","name":"Set Bavaria - Yourplastics.es","isPartOf":{"@id":"https:\/\/yourplastics.es\/#website"},"primaryImageOfPage":{"@id":"https:\/\/yourplastics.es\/ca\/producto\/set-bavaria\/#primaryimage"},"image":{"@id":"https:\/\/yourplastics.es\/ca\/producto\/set-bavaria\/#primaryimage"},"thumbnailUrl":"https:\/\/yourplastics.es\/wp-content\/uploads\/2024\/03\/Set2_Bankset_Bavaria_3D_2011.jpg","datePublished":"2024-03-04T09:15:53+00:00","dateModified":"2024-03-04T09:15:53+00:00","breadcrumb":{"@id":"https:\/\/yourplastics.es\/ca\/producto\/set-bavaria\/#breadcrumb"},"inLanguage":"ca","potentialAction":[{"@type":"ReadAction","target":["https:\/\/yourplastics.es\/ca\/producto\/set-bavaria\/"]}]},{"@type":"ImageObject","inLanguage":"ca","@id":"https:\/\/yourplastics.es\/ca\/producto\/set-bavaria\/#primaryimage","url":"https:\/\/yourplastics.es\/wp-content\/uploads\/2024\/03\/Set2_Bankset_Bavaria_3D_2011.jpg","contentUrl":"https:\/\/yourplastics.es\/wp-content\/uploads\/2024\/03\/Set2_Bankset_Bavaria_3D_2011.jpg","width":1600,"height":761},{"@type":"BreadcrumbList","@id":"https:\/\/yourplastics.es\/ca\/producto\/set-bavaria\/#breadcrumb","itemListElement":[{"@type":"ListItem","position":1,"name":"Home","item":"https:\/\/yourplastics.es\/ca\/"},{"@type":"ListItem","position":2,"name":"Botiga","item":"https:\/\/yourplastics.es\/ca\/tienda-2\/"},{"@type":"ListItem","position":3,"name":"Set Bavaria"}]},{"@type":"WebSite","@id":"https:\/\/yourplastics.es\/#website","url":"https:\/\/yourplastics.es\/","name":"Yourplastics","description":"","publisher":{"@id":"https:\/\/yourplastics.es\/#organization"},"potentialAction":[{"@type":"SearchAction","target":{"@type":"EntryPoint","urlTemplate":"https:\/\/yourplastics.es\/?s={search_term_string}"},"query-input":"required name=search_term_string"}],"inLanguage":"ca"},{"@type":"Organization","@id":"https:\/\/yourplastics.es\/#organization","name":"Yourplastics","url":"https:\/\/yourplastics.es\/","logo":{"@type":"ImageObject","inLanguage":"ca","@id":"https:\/\/yourplastics.es\/#\/schema\/logo\/image\/","url":"https:\/\/yourplastics.es\/wp-content\/uploads\/2024\/08\/logo2-400x163-1.png","contentUrl":"https:\/\/yourplastics.es\/wp-content\/uploads\/2024\/08\/logo2-400x163-1.png","width":400,"height":163,"caption":"Yourplastics"},"image":{"@id":"https:\/\/yourplastics.es\/#\/schema\/logo\/image\/"}}]}},"_links":{"self":[{"href":"https:\/\/yourplastics.es\/ca\/wp-json\/wp\/v2\/product\/6339","targetHints":{"allow":["GET"]}}],"collection":[{"href":"https:\/\/yourplastics.es\/ca\/wp-json\/wp\/v2\/product"}],"about":[{"href":"https:\/\/yourplastics.es\/ca\/wp-json\/wp\/v2\/types\/product"}],"replies":[{"embeddable":true,"href":"https:\/\/yourplastics.es\/ca\/wp-json\/wp\/v2\/comments?post=6339"}],"wp:featuredmedia":[{"embeddable":true,"href":"https:\/\/yourplastics.es\/ca\/wp-json\/wp\/v2\/media\/2953"}],"wp:attachment":[{"href":"https:\/\/yourplastics.es\/ca\/wp-json\/wp\/v2\/media?parent=6339"}],"wp:term":[{"taxonomy":"product_cat","embeddable":true,"href":"https:\/\/yourplastics.es\/ca\/wp-json\/wp\/v2\/product_cat?post=6339"},{"taxonomy":"product_tag","embeddable":true,"href":"https:\/\/yourplastics.es\/ca\/wp-json\/wp\/v2\/product_tag?post=6339"}],"curies":[{"name":"wp","href":"https:\/\/api.w.org\/{rel}","templated":true}]}}