{"id":6338,"date":"2024-03-04T09:10:01","date_gmt":"2024-03-04T09:10:01","guid":{"rendered":"https:\/\/yourplastics.es\/producto\/sistema-de-tanca-dacoblament\/"},"modified":"2024-05-23T09:45:33","modified_gmt":"2024-05-23T09:45:33","slug":"sistema-de-tanca-dacoblament","status":"publish","type":"product","link":"https:\/\/yourplastics.es\/ca\/producto\/sistema-de-tanca-dacoblament\/","title":{"rendered":"Sistema de tanca d&#8217;acoblament"},"content":{"rendered":"<p>Mides pals: 11 x 10 x 230 cm<\/p>\n<ul>\n<li>Mides travesser: 4,2 x 12 x 250 cm<\/li>\n<li>Els pals a elecci\u00f3 amb 3 oder 5 forats<\/li>\n<li>Senzill Sistema d&#8217;encastre que facilita la instal\u00b7laci\u00f3<\/li>\n<li>Extremadament fort pels refor\u00e7os met\u00e0l\u00b7lics<\/li>\n<\/ul>\n<p>Material de muntatge incl\u00f2s.<\/p>\n<div class=\"content--tabcontainer1\">\n<div id=\"tabcontainer1\" class=\"tabcontainer1\">\n<p>Refor\u00e7 del travesser:<br \/>\nMaterial: Tub quadrat d&#8217;acer galvanitzat S235<br \/>\nMides: 50 x 20 mm<br \/>\nGruix de paret: 2,0 mm<\/p>\n<p>Refor\u00e7 del Pal:<br \/>\nMaterial: Tub d&#8217;acer galvanitzat, S235<br \/>\nDi\u00e0metre: aprox. 42,4 mm<br \/>\nGruix de paret: aprox. 2,5 mm<\/p>\n<p>&nbsp;<\/p>\n<h3 data-fontsize=\"20\" data-lineheight=\"29\">Informaci\u00f3 addicional<\/h3>\n<table class=\"woocommerce-product-attributes shop_attributes\">\n<tbody>\n<tr class=\"woocommerce-product-attributes-item woocommerce-product-attributes-item--attribute_caracter%c3%adstiques\">\n<th class=\"woocommerce-product-attributes-item__label\">Caracter\u00edstiques<\/th>\n<td class=\"woocommerce-product-attributes-item__value\">Pal11,0 x 10,0 cm (per a 3 barres) amb refor\u00e7, Pal 11,0 x 10,0 cm (per a 5 barres) amb refor\u00e7, Pals terminals 11,0 x 10,0 cm (per a 3 barres) amb refor\u00e7, Pals terminals 11,0 x 10,0 cm (per a 5 barres) amb refor\u00e7, Travesser 4,2 x 12,0 cm amb refor\u00e7, Pe\u00e7a connectora 10,0 x 11,0 cm<\/td>\n<\/tr>\n<\/tbody>\n<\/table>\n<\/div>\n<\/div>\n","protected":false},"excerpt":{"rendered":"<div class=\"content--title\">Informaci\u00f3 del producte &#8220;Tancat&#8221;<\/div>\n<div class=\"product--description\">\n<p>Aix\u00ed de convenient i f\u00e0cil es pot obtenir una gran qualitat al costat de la cl\u00e0ssica \u00f2ptica de la tanca de 3 o 5 travessers. Nom\u00e9s cal inserir els travessers als orificis dels pals i fixar-los amb un cargol. I LLEST! A m\u00e9s, els pals i taules no nom\u00e9s estan fets de hanit<sup>\u00ae<\/sup> resistent i durador, sin\u00f3 que tamb\u00e9 estan refor\u00e7ats internament amb metall. La tanca eterna. Les cantonades i els canvis de direcci\u00f3 es fan f\u00e0cilment amb el nostre adaptador de pl\u00e0stic reciclat.<\/p>\n<\/div>\n","protected":false},"featured_media":2604,"comment_status":"closed","ping_status":"closed","template":"","meta":[],"product_cat":[167,165],"product_tag":[],"class_list":{"0":"post-6338","1":"product","2":"type-product","3":"status-publish","4":"has-post-thumbnail","6":"product_cat-tancats-i-tanques","7":"product_cat-tanques","9":"first","10":"instock","11":"shipping-taxable","12":"product-type-simple"},"yoast_head":"<!-- This site is optimized with the Yoast SEO plugin v23.2 - https:\/\/yoast.com\/wordpress\/plugins\/seo\/ -->\n<title>Sistema de tanca d&#039;acoblament - Yourplastics.es<\/title>\n<meta name=\"robots\" content=\"index, follow, max-snippet:-1, max-image-preview:large, max-video-preview:-1\" \/>\n<link rel=\"canonical\" href=\"https:\/\/yourplastics.es\/ca\/producto\/sistema-de-tanca-dacoblament\/\" \/>\n<meta property=\"og:locale\" content=\"ca_ES\" \/>\n<meta property=\"og:type\" content=\"article\" \/>\n<meta property=\"og:title\" content=\"Sistema de tanca d&#039;acoblament - Yourplastics.es\" \/>\n<meta property=\"og:description\" content=\"Informaci\u00f3 del producte &quot;Tancat&quot;   Aix\u00ed de convenient i f\u00e0cil es pot obtenir una gran qualitat al costat de la cl\u00e0ssica \u00f2ptica de la tanca de 3 o 5 travessers. Nom\u00e9s cal inserir els travessers als orificis dels pals i fixar-los amb un cargol. I LLEST! A m\u00e9s, els pals i taules no nom\u00e9s estan fets de hanit\u00ae resistent i durador, sin\u00f3 que tamb\u00e9 estan refor\u00e7ats internament amb metall. La tanca eterna. Les cantonades i els canvis de direcci\u00f3 es fan f\u00e0cilment amb el nostre adaptador de pl\u00e0stic reciclat.\" \/>\n<meta property=\"og:url\" content=\"https:\/\/yourplastics.es\/ca\/producto\/sistema-de-tanca-dacoblament\/\" \/>\n<meta property=\"og:site_name\" content=\"Yourplastics.es\" \/>\n<meta property=\"article:modified_time\" content=\"2024-05-23T09:45:33+00:00\" \/>\n<meta property=\"og:image\" content=\"https:\/\/yourplastics.es\/wp-content\/uploads\/2024\/03\/310000_Koppelzaun_3D_3QR_Zusammenbau_Brown_3264fAlMIpMgRcaw8.jpg\" \/>\n\t<meta property=\"og:image:width\" content=\"1600\" \/>\n\t<meta property=\"og:image:height\" content=\"836\" \/>\n\t<meta property=\"og:image:type\" content=\"image\/jpeg\" \/>\n<meta name=\"twitter:card\" content=\"summary_large_image\" \/>\n<meta name=\"twitter:label1\" content=\"Temps estimat de lectura\" \/>\n\t<meta name=\"twitter:data1\" content=\"1 minut\" \/>\n<script type=\"application\/ld+json\" class=\"yoast-schema-graph\">{\"@context\":\"https:\/\/schema.org\",\"@graph\":[{\"@type\":\"WebPage\",\"@id\":\"https:\/\/yourplastics.es\/ca\/producto\/sistema-de-tanca-dacoblament\/\",\"url\":\"https:\/\/yourplastics.es\/ca\/producto\/sistema-de-tanca-dacoblament\/\",\"name\":\"Sistema de tanca d'acoblament - Yourplastics.es\",\"isPartOf\":{\"@id\":\"https:\/\/yourplastics.es\/#website\"},\"primaryImageOfPage\":{\"@id\":\"https:\/\/yourplastics.es\/ca\/producto\/sistema-de-tanca-dacoblament\/#primaryimage\"},\"image\":{\"@id\":\"https:\/\/yourplastics.es\/ca\/producto\/sistema-de-tanca-dacoblament\/#primaryimage\"},\"thumbnailUrl\":\"https:\/\/yourplastics.es\/wp-content\/uploads\/2024\/03\/310000_Koppelzaun_3D_3QR_Zusammenbau_Brown_3264fAlMIpMgRcaw8.jpg\",\"datePublished\":\"2024-03-04T09:10:01+00:00\",\"dateModified\":\"2024-05-23T09:45:33+00:00\",\"breadcrumb\":{\"@id\":\"https:\/\/yourplastics.es\/ca\/producto\/sistema-de-tanca-dacoblament\/#breadcrumb\"},\"inLanguage\":\"ca\",\"potentialAction\":[{\"@type\":\"ReadAction\",\"target\":[\"https:\/\/yourplastics.es\/ca\/producto\/sistema-de-tanca-dacoblament\/\"]}]},{\"@type\":\"ImageObject\",\"inLanguage\":\"ca\",\"@id\":\"https:\/\/yourplastics.es\/ca\/producto\/sistema-de-tanca-dacoblament\/#primaryimage\",\"url\":\"https:\/\/yourplastics.es\/wp-content\/uploads\/2024\/03\/310000_Koppelzaun_3D_3QR_Zusammenbau_Brown_3264fAlMIpMgRcaw8.jpg\",\"contentUrl\":\"https:\/\/yourplastics.es\/wp-content\/uploads\/2024\/03\/310000_Koppelzaun_3D_3QR_Zusammenbau_Brown_3264fAlMIpMgRcaw8.jpg\",\"width\":1600,\"height\":836},{\"@type\":\"BreadcrumbList\",\"@id\":\"https:\/\/yourplastics.es\/ca\/producto\/sistema-de-tanca-dacoblament\/#breadcrumb\",\"itemListElement\":[{\"@type\":\"ListItem\",\"position\":1,\"name\":\"Home\",\"item\":\"https:\/\/yourplastics.es\/ca\/\"},{\"@type\":\"ListItem\",\"position\":2,\"name\":\"Botiga\",\"item\":\"https:\/\/yourplastics.es\/ca\/tienda-2\/\"},{\"@type\":\"ListItem\",\"position\":3,\"name\":\"Sistema de tanca d&#8217;acoblament\"}]},{\"@type\":\"WebSite\",\"@id\":\"https:\/\/yourplastics.es\/#website\",\"url\":\"https:\/\/yourplastics.es\/\",\"name\":\"Yourplastics\",\"description\":\"\",\"publisher\":{\"@id\":\"https:\/\/yourplastics.es\/#organization\"},\"potentialAction\":[{\"@type\":\"SearchAction\",\"target\":{\"@type\":\"EntryPoint\",\"urlTemplate\":\"https:\/\/yourplastics.es\/?s={search_term_string}\"},\"query-input\":\"required name=search_term_string\"}],\"inLanguage\":\"ca\"},{\"@type\":\"Organization\",\"@id\":\"https:\/\/yourplastics.es\/#organization\",\"name\":\"Yourplastics\",\"url\":\"https:\/\/yourplastics.es\/\",\"logo\":{\"@type\":\"ImageObject\",\"inLanguage\":\"ca\",\"@id\":\"https:\/\/yourplastics.es\/#\/schema\/logo\/image\/\",\"url\":\"https:\/\/yourplastics.es\/wp-content\/uploads\/2024\/08\/logo2-400x163-1.png\",\"contentUrl\":\"https:\/\/yourplastics.es\/wp-content\/uploads\/2024\/08\/logo2-400x163-1.png\",\"width\":400,\"height\":163,\"caption\":\"Yourplastics\"},\"image\":{\"@id\":\"https:\/\/yourplastics.es\/#\/schema\/logo\/image\/\"}}]}<\/script>\n<!-- \/ Yoast SEO plugin. -->","yoast_head_json":{"title":"Sistema de tanca d'acoblament - Yourplastics.es","robots":{"index":"index","follow":"follow","max-snippet":"max-snippet:-1","max-image-preview":"max-image-preview:large","max-video-preview":"max-video-preview:-1"},"canonical":"https:\/\/yourplastics.es\/ca\/producto\/sistema-de-tanca-dacoblament\/","og_locale":"ca_ES","og_type":"article","og_title":"Sistema de tanca d'acoblament - Yourplastics.es","og_description":"Informaci\u00f3 del producte \"Tancat\"   Aix\u00ed de convenient i f\u00e0cil es pot obtenir una gran qualitat al costat de la cl\u00e0ssica \u00f2ptica de la tanca de 3 o 5 travessers. Nom\u00e9s cal inserir els travessers als orificis dels pals i fixar-los amb un cargol. I LLEST! A m\u00e9s, els pals i taules no nom\u00e9s estan fets de hanit\u00ae resistent i durador, sin\u00f3 que tamb\u00e9 estan refor\u00e7ats internament amb metall. La tanca eterna. Les cantonades i els canvis de direcci\u00f3 es fan f\u00e0cilment amb el nostre adaptador de pl\u00e0stic reciclat.","og_url":"https:\/\/yourplastics.es\/ca\/producto\/sistema-de-tanca-dacoblament\/","og_site_name":"Yourplastics.es","article_modified_time":"2024-05-23T09:45:33+00:00","og_image":[{"width":1600,"height":836,"url":"https:\/\/yourplastics.es\/wp-content\/uploads\/2024\/03\/310000_Koppelzaun_3D_3QR_Zusammenbau_Brown_3264fAlMIpMgRcaw8.jpg","type":"image\/jpeg"}],"twitter_card":"summary_large_image","twitter_misc":{"Temps estimat de lectura":"1 minut"},"schema":{"@context":"https:\/\/schema.org","@graph":[{"@type":"WebPage","@id":"https:\/\/yourplastics.es\/ca\/producto\/sistema-de-tanca-dacoblament\/","url":"https:\/\/yourplastics.es\/ca\/producto\/sistema-de-tanca-dacoblament\/","name":"Sistema de tanca d'acoblament - Yourplastics.es","isPartOf":{"@id":"https:\/\/yourplastics.es\/#website"},"primaryImageOfPage":{"@id":"https:\/\/yourplastics.es\/ca\/producto\/sistema-de-tanca-dacoblament\/#primaryimage"},"image":{"@id":"https:\/\/yourplastics.es\/ca\/producto\/sistema-de-tanca-dacoblament\/#primaryimage"},"thumbnailUrl":"https:\/\/yourplastics.es\/wp-content\/uploads\/2024\/03\/310000_Koppelzaun_3D_3QR_Zusammenbau_Brown_3264fAlMIpMgRcaw8.jpg","datePublished":"2024-03-04T09:10:01+00:00","dateModified":"2024-05-23T09:45:33+00:00","breadcrumb":{"@id":"https:\/\/yourplastics.es\/ca\/producto\/sistema-de-tanca-dacoblament\/#breadcrumb"},"inLanguage":"ca","potentialAction":[{"@type":"ReadAction","target":["https:\/\/yourplastics.es\/ca\/producto\/sistema-de-tanca-dacoblament\/"]}]},{"@type":"ImageObject","inLanguage":"ca","@id":"https:\/\/yourplastics.es\/ca\/producto\/sistema-de-tanca-dacoblament\/#primaryimage","url":"https:\/\/yourplastics.es\/wp-content\/uploads\/2024\/03\/310000_Koppelzaun_3D_3QR_Zusammenbau_Brown_3264fAlMIpMgRcaw8.jpg","contentUrl":"https:\/\/yourplastics.es\/wp-content\/uploads\/2024\/03\/310000_Koppelzaun_3D_3QR_Zusammenbau_Brown_3264fAlMIpMgRcaw8.jpg","width":1600,"height":836},{"@type":"BreadcrumbList","@id":"https:\/\/yourplastics.es\/ca\/producto\/sistema-de-tanca-dacoblament\/#breadcrumb","itemListElement":[{"@type":"ListItem","position":1,"name":"Home","item":"https:\/\/yourplastics.es\/ca\/"},{"@type":"ListItem","position":2,"name":"Botiga","item":"https:\/\/yourplastics.es\/ca\/tienda-2\/"},{"@type":"ListItem","position":3,"name":"Sistema de tanca d&#8217;acoblament"}]},{"@type":"WebSite","@id":"https:\/\/yourplastics.es\/#website","url":"https:\/\/yourplastics.es\/","name":"Yourplastics","description":"","publisher":{"@id":"https:\/\/yourplastics.es\/#organization"},"potentialAction":[{"@type":"SearchAction","target":{"@type":"EntryPoint","urlTemplate":"https:\/\/yourplastics.es\/?s={search_term_string}"},"query-input":"required name=search_term_string"}],"inLanguage":"ca"},{"@type":"Organization","@id":"https:\/\/yourplastics.es\/#organization","name":"Yourplastics","url":"https:\/\/yourplastics.es\/","logo":{"@type":"ImageObject","inLanguage":"ca","@id":"https:\/\/yourplastics.es\/#\/schema\/logo\/image\/","url":"https:\/\/yourplastics.es\/wp-content\/uploads\/2024\/08\/logo2-400x163-1.png","contentUrl":"https:\/\/yourplastics.es\/wp-content\/uploads\/2024\/08\/logo2-400x163-1.png","width":400,"height":163,"caption":"Yourplastics"},"image":{"@id":"https:\/\/yourplastics.es\/#\/schema\/logo\/image\/"}}]}},"_links":{"self":[{"href":"https:\/\/yourplastics.es\/ca\/wp-json\/wp\/v2\/product\/6338","targetHints":{"allow":["GET"]}}],"collection":[{"href":"https:\/\/yourplastics.es\/ca\/wp-json\/wp\/v2\/product"}],"about":[{"href":"https:\/\/yourplastics.es\/ca\/wp-json\/wp\/v2\/types\/product"}],"replies":[{"embeddable":true,"href":"https:\/\/yourplastics.es\/ca\/wp-json\/wp\/v2\/comments?post=6338"}],"wp:featuredmedia":[{"embeddable":true,"href":"https:\/\/yourplastics.es\/ca\/wp-json\/wp\/v2\/media\/2604"}],"wp:attachment":[{"href":"https:\/\/yourplastics.es\/ca\/wp-json\/wp\/v2\/media?parent=6338"}],"wp:term":[{"taxonomy":"product_cat","embeddable":true,"href":"https:\/\/yourplastics.es\/ca\/wp-json\/wp\/v2\/product_cat?post=6338"},{"taxonomy":"product_tag","embeddable":true,"href":"https:\/\/yourplastics.es\/ca\/wp-json\/wp\/v2\/product_tag?post=6338"}],"curies":[{"name":"wp","href":"https:\/\/api.w.org\/{rel}","templated":true}]}}