{"id":6333,"date":"2024-03-04T09:09:38","date_gmt":"2024-03-04T09:09:38","guid":{"rendered":"https:\/\/yourplastics.es\/producto\/yourplastics-ultra-taula-per-a-tanques\/"},"modified":"2024-05-23T09:49:09","modified_gmt":"2024-05-23T09:49:09","slug":"yourplastics-ultra-taula-per-a-tanques","status":"publish","type":"product","link":"https:\/\/yourplastics.es\/ca\/producto\/yourplastics-ultra-taula-per-a-tanques\/","title":{"rendered":"YourPlastics\u00ae Ultra &#8211; Taula per a Tanques"},"content":{"rendered":"<ul>\n<li>Llarg: des de 90 fins a 360 cm<\/li>\n<li>Mides del perfil: 2,5 x 10 cm, 3,5 x 10 cm i 5 x 10 cm<\/li>\n<li>Ideal per a jard\u00ed d&#8217;infants i escoles<\/li>\n<li>Tamb\u00e9 utilitzable en reparacions<\/li>\n<li>F\u00e0cil processament<\/li>\n<li>Tamb\u00e9 en negre<\/li>\n<\/ul>\n<p>Paletitzat en palets descartables. Les unitats d&#8217;embalatge serveixen nom\u00e9s per orientaci\u00f3. No s\u00f3n quantitats m\u00ednimes a demanar.<\/p>\n<h3 data-fontsize=\"20\" data-lineheight=\"29\">Informaci\u00f3n adicional<\/h3>\n<table class=\"woocommerce-product-attributes shop_attributes\">\n<tbody>\n<tr class=\"woocommerce-product-attributes-item woocommerce-product-attributes-item--attribute_color\">\n<th class=\"woocommerce-product-attributes-item__label\">Color<\/th>\n<td class=\"woocommerce-product-attributes-item__value\">gris, marr\u00f3n, verde<\/td>\n<\/tr>\n<tr class=\"woocommerce-product-attributes-item woocommerce-product-attributes-item--attribute_caracter%c3%adsticas\">\n<th class=\"woocommerce-product-attributes-item__label\">Caracter\u00edsticas<\/th>\n<td class=\"woocommerce-product-attributes-item__value\">9,0 x 9,0 cm, 2,0 x 6,0 cm, 3,0 x 10,0 cm<\/td>\n<\/tr>\n<tr class=\"woocommerce-product-attributes-item woocommerce-product-attributes-item--attribute_alto\">\n<th class=\"woocommerce-product-attributes-item__label\">Alto<\/th>\n<td class=\"woocommerce-product-attributes-item__value\">60 cm, 75 cm, 80 cm, 100 cm, 120 cm, 125 cm, 150 cm, 175 cm, 200 cm<\/td>\n<\/tr>\n<\/tbody>\n<\/table>\n","protected":false},"excerpt":{"rendered":"<div class=\"content--title\">Informaci\u00f3 del producte &#8220;hanit<sup>\u00ae<\/sup> Ultra &#8211; Taula per a Tanques&#8221;<\/div>\n<div class=\"product--description\">Les nostres taules excepcionals per a tanques de hanit<sup>\u00ae<\/sup> Ultra convencen esteticament, tant que arriben a confondre&#8217;s amb fusta, com per la seva durabilitat i duresa. S\u00f3n homog\u00e8nies, no s&#8217;estellen, no els afecta la intemp\u00e8rie i no es podreixen.<\/div>\n","protected":false},"featured_media":2590,"comment_status":"closed","ping_status":"closed","template":"","meta":[],"product_cat":[167,165],"product_tag":[],"class_list":{"0":"post-6333","1":"product","2":"type-product","3":"status-publish","4":"has-post-thumbnail","6":"product_cat-tancats-i-tanques","7":"product_cat-tanques","9":"first","10":"instock","11":"shipping-taxable","12":"product-type-simple"},"yoast_head":"<!-- This site is optimized with the Yoast SEO plugin v23.2 - https:\/\/yoast.com\/wordpress\/plugins\/seo\/ -->\n<title>YourPlastics\u00ae Ultra - Taula per a Tanques - Yourplastics.es<\/title>\n<meta name=\"robots\" content=\"index, follow, max-snippet:-1, max-image-preview:large, max-video-preview:-1\" \/>\n<link rel=\"canonical\" href=\"https:\/\/yourplastics.es\/ca\/producto\/yourplastics-ultra-taula-per-a-tanques\/\" \/>\n<meta property=\"og:locale\" content=\"ca_ES\" \/>\n<meta property=\"og:type\" content=\"article\" \/>\n<meta property=\"og:title\" content=\"YourPlastics\u00ae Ultra - Taula per a Tanques - Yourplastics.es\" \/>\n<meta property=\"og:description\" content=\"Informaci\u00f3 del producte &quot;hanit\u00ae Ultra - Taula per a Tanques&quot; Les nostres taules excepcionals per a tanques de hanit\u00ae Ultra convencen esteticament, tant que arriben a confondre&#039;s amb fusta, com per la seva durabilitat i duresa. S\u00f3n homog\u00e8nies, no s&#039;estellen, no els afecta la intemp\u00e8rie i no es podreixen.\" \/>\n<meta property=\"og:url\" content=\"https:\/\/yourplastics.es\/ca\/producto\/yourplastics-ultra-taula-per-a-tanques\/\" \/>\n<meta property=\"og:site_name\" content=\"Yourplastics.es\" \/>\n<meta property=\"article:modified_time\" content=\"2024-05-23T09:49:09+00:00\" \/>\n<meta property=\"og:image\" content=\"https:\/\/yourplastics.es\/wp-content\/uploads\/2024\/03\/804000_Zaunlatten_ULTRA_3D_2550.jpg\" \/>\n\t<meta property=\"og:image:width\" content=\"1600\" \/>\n\t<meta property=\"og:image:height\" content=\"1027\" \/>\n\t<meta property=\"og:image:type\" content=\"image\/jpeg\" \/>\n<meta name=\"twitter:card\" content=\"summary_large_image\" \/>\n<script type=\"application\/ld+json\" class=\"yoast-schema-graph\">{\"@context\":\"https:\/\/schema.org\",\"@graph\":[{\"@type\":\"WebPage\",\"@id\":\"https:\/\/yourplastics.es\/ca\/producto\/yourplastics-ultra-taula-per-a-tanques\/\",\"url\":\"https:\/\/yourplastics.es\/ca\/producto\/yourplastics-ultra-taula-per-a-tanques\/\",\"name\":\"YourPlastics\u00ae Ultra - Taula per a Tanques - Yourplastics.es\",\"isPartOf\":{\"@id\":\"https:\/\/yourplastics.es\/#website\"},\"primaryImageOfPage\":{\"@id\":\"https:\/\/yourplastics.es\/ca\/producto\/yourplastics-ultra-taula-per-a-tanques\/#primaryimage\"},\"image\":{\"@id\":\"https:\/\/yourplastics.es\/ca\/producto\/yourplastics-ultra-taula-per-a-tanques\/#primaryimage\"},\"thumbnailUrl\":\"https:\/\/yourplastics.es\/wp-content\/uploads\/2024\/03\/804000_Zaunlatten_ULTRA_3D_2550.jpg\",\"datePublished\":\"2024-03-04T09:09:38+00:00\",\"dateModified\":\"2024-05-23T09:49:09+00:00\",\"breadcrumb\":{\"@id\":\"https:\/\/yourplastics.es\/ca\/producto\/yourplastics-ultra-taula-per-a-tanques\/#breadcrumb\"},\"inLanguage\":\"ca\",\"potentialAction\":[{\"@type\":\"ReadAction\",\"target\":[\"https:\/\/yourplastics.es\/ca\/producto\/yourplastics-ultra-taula-per-a-tanques\/\"]}]},{\"@type\":\"ImageObject\",\"inLanguage\":\"ca\",\"@id\":\"https:\/\/yourplastics.es\/ca\/producto\/yourplastics-ultra-taula-per-a-tanques\/#primaryimage\",\"url\":\"https:\/\/yourplastics.es\/wp-content\/uploads\/2024\/03\/804000_Zaunlatten_ULTRA_3D_2550.jpg\",\"contentUrl\":\"https:\/\/yourplastics.es\/wp-content\/uploads\/2024\/03\/804000_Zaunlatten_ULTRA_3D_2550.jpg\",\"width\":1600,\"height\":1027},{\"@type\":\"BreadcrumbList\",\"@id\":\"https:\/\/yourplastics.es\/ca\/producto\/yourplastics-ultra-taula-per-a-tanques\/#breadcrumb\",\"itemListElement\":[{\"@type\":\"ListItem\",\"position\":1,\"name\":\"Home\",\"item\":\"https:\/\/yourplastics.es\/ca\/\"},{\"@type\":\"ListItem\",\"position\":2,\"name\":\"Botiga\",\"item\":\"https:\/\/yourplastics.es\/ca\/tienda-2\/\"},{\"@type\":\"ListItem\",\"position\":3,\"name\":\"YourPlastics\u00ae Ultra &#8211; Taula per a Tanques\"}]},{\"@type\":\"WebSite\",\"@id\":\"https:\/\/yourplastics.es\/#website\",\"url\":\"https:\/\/yourplastics.es\/\",\"name\":\"Yourplastics\",\"description\":\"\",\"publisher\":{\"@id\":\"https:\/\/yourplastics.es\/#organization\"},\"potentialAction\":[{\"@type\":\"SearchAction\",\"target\":{\"@type\":\"EntryPoint\",\"urlTemplate\":\"https:\/\/yourplastics.es\/?s={search_term_string}\"},\"query-input\":\"required name=search_term_string\"}],\"inLanguage\":\"ca\"},{\"@type\":\"Organization\",\"@id\":\"https:\/\/yourplastics.es\/#organization\",\"name\":\"Yourplastics\",\"url\":\"https:\/\/yourplastics.es\/\",\"logo\":{\"@type\":\"ImageObject\",\"inLanguage\":\"ca\",\"@id\":\"https:\/\/yourplastics.es\/#\/schema\/logo\/image\/\",\"url\":\"https:\/\/yourplastics.es\/wp-content\/uploads\/2024\/08\/logo2-400x163-1.png\",\"contentUrl\":\"https:\/\/yourplastics.es\/wp-content\/uploads\/2024\/08\/logo2-400x163-1.png\",\"width\":400,\"height\":163,\"caption\":\"Yourplastics\"},\"image\":{\"@id\":\"https:\/\/yourplastics.es\/#\/schema\/logo\/image\/\"}}]}<\/script>\n<!-- \/ Yoast SEO plugin. -->","yoast_head_json":{"title":"YourPlastics\u00ae Ultra - Taula per a Tanques - Yourplastics.es","robots":{"index":"index","follow":"follow","max-snippet":"max-snippet:-1","max-image-preview":"max-image-preview:large","max-video-preview":"max-video-preview:-1"},"canonical":"https:\/\/yourplastics.es\/ca\/producto\/yourplastics-ultra-taula-per-a-tanques\/","og_locale":"ca_ES","og_type":"article","og_title":"YourPlastics\u00ae Ultra - Taula per a Tanques - Yourplastics.es","og_description":"Informaci\u00f3 del producte \"hanit\u00ae Ultra - Taula per a Tanques\" Les nostres taules excepcionals per a tanques de hanit\u00ae Ultra convencen esteticament, tant que arriben a confondre's amb fusta, com per la seva durabilitat i duresa. S\u00f3n homog\u00e8nies, no s'estellen, no els afecta la intemp\u00e8rie i no es podreixen.","og_url":"https:\/\/yourplastics.es\/ca\/producto\/yourplastics-ultra-taula-per-a-tanques\/","og_site_name":"Yourplastics.es","article_modified_time":"2024-05-23T09:49:09+00:00","og_image":[{"width":1600,"height":1027,"url":"https:\/\/yourplastics.es\/wp-content\/uploads\/2024\/03\/804000_Zaunlatten_ULTRA_3D_2550.jpg","type":"image\/jpeg"}],"twitter_card":"summary_large_image","schema":{"@context":"https:\/\/schema.org","@graph":[{"@type":"WebPage","@id":"https:\/\/yourplastics.es\/ca\/producto\/yourplastics-ultra-taula-per-a-tanques\/","url":"https:\/\/yourplastics.es\/ca\/producto\/yourplastics-ultra-taula-per-a-tanques\/","name":"YourPlastics\u00ae Ultra - Taula per a Tanques - Yourplastics.es","isPartOf":{"@id":"https:\/\/yourplastics.es\/#website"},"primaryImageOfPage":{"@id":"https:\/\/yourplastics.es\/ca\/producto\/yourplastics-ultra-taula-per-a-tanques\/#primaryimage"},"image":{"@id":"https:\/\/yourplastics.es\/ca\/producto\/yourplastics-ultra-taula-per-a-tanques\/#primaryimage"},"thumbnailUrl":"https:\/\/yourplastics.es\/wp-content\/uploads\/2024\/03\/804000_Zaunlatten_ULTRA_3D_2550.jpg","datePublished":"2024-03-04T09:09:38+00:00","dateModified":"2024-05-23T09:49:09+00:00","breadcrumb":{"@id":"https:\/\/yourplastics.es\/ca\/producto\/yourplastics-ultra-taula-per-a-tanques\/#breadcrumb"},"inLanguage":"ca","potentialAction":[{"@type":"ReadAction","target":["https:\/\/yourplastics.es\/ca\/producto\/yourplastics-ultra-taula-per-a-tanques\/"]}]},{"@type":"ImageObject","inLanguage":"ca","@id":"https:\/\/yourplastics.es\/ca\/producto\/yourplastics-ultra-taula-per-a-tanques\/#primaryimage","url":"https:\/\/yourplastics.es\/wp-content\/uploads\/2024\/03\/804000_Zaunlatten_ULTRA_3D_2550.jpg","contentUrl":"https:\/\/yourplastics.es\/wp-content\/uploads\/2024\/03\/804000_Zaunlatten_ULTRA_3D_2550.jpg","width":1600,"height":1027},{"@type":"BreadcrumbList","@id":"https:\/\/yourplastics.es\/ca\/producto\/yourplastics-ultra-taula-per-a-tanques\/#breadcrumb","itemListElement":[{"@type":"ListItem","position":1,"name":"Home","item":"https:\/\/yourplastics.es\/ca\/"},{"@type":"ListItem","position":2,"name":"Botiga","item":"https:\/\/yourplastics.es\/ca\/tienda-2\/"},{"@type":"ListItem","position":3,"name":"YourPlastics\u00ae Ultra &#8211; Taula per a Tanques"}]},{"@type":"WebSite","@id":"https:\/\/yourplastics.es\/#website","url":"https:\/\/yourplastics.es\/","name":"Yourplastics","description":"","publisher":{"@id":"https:\/\/yourplastics.es\/#organization"},"potentialAction":[{"@type":"SearchAction","target":{"@type":"EntryPoint","urlTemplate":"https:\/\/yourplastics.es\/?s={search_term_string}"},"query-input":"required name=search_term_string"}],"inLanguage":"ca"},{"@type":"Organization","@id":"https:\/\/yourplastics.es\/#organization","name":"Yourplastics","url":"https:\/\/yourplastics.es\/","logo":{"@type":"ImageObject","inLanguage":"ca","@id":"https:\/\/yourplastics.es\/#\/schema\/logo\/image\/","url":"https:\/\/yourplastics.es\/wp-content\/uploads\/2024\/08\/logo2-400x163-1.png","contentUrl":"https:\/\/yourplastics.es\/wp-content\/uploads\/2024\/08\/logo2-400x163-1.png","width":400,"height":163,"caption":"Yourplastics"},"image":{"@id":"https:\/\/yourplastics.es\/#\/schema\/logo\/image\/"}}]}},"_links":{"self":[{"href":"https:\/\/yourplastics.es\/ca\/wp-json\/wp\/v2\/product\/6333","targetHints":{"allow":["GET"]}}],"collection":[{"href":"https:\/\/yourplastics.es\/ca\/wp-json\/wp\/v2\/product"}],"about":[{"href":"https:\/\/yourplastics.es\/ca\/wp-json\/wp\/v2\/types\/product"}],"replies":[{"embeddable":true,"href":"https:\/\/yourplastics.es\/ca\/wp-json\/wp\/v2\/comments?post=6333"}],"wp:featuredmedia":[{"embeddable":true,"href":"https:\/\/yourplastics.es\/ca\/wp-json\/wp\/v2\/media\/2590"}],"wp:attachment":[{"href":"https:\/\/yourplastics.es\/ca\/wp-json\/wp\/v2\/media?parent=6333"}],"wp:term":[{"taxonomy":"product_cat","embeddable":true,"href":"https:\/\/yourplastics.es\/ca\/wp-json\/wp\/v2\/product_cat?post=6333"},{"taxonomy":"product_tag","embeddable":true,"href":"https:\/\/yourplastics.es\/ca\/wp-json\/wp\/v2\/product_tag?post=6333"}],"curies":[{"name":"wp","href":"https:\/\/api.w.org\/{rel}","templated":true}]}}