{"id":6330,"date":"2024-03-04T09:16:40","date_gmt":"2024-03-04T09:16:40","guid":{"rendered":"https:\/\/yourplastics.es\/producto\/set-eifel\/"},"modified":"2024-03-04T09:16:40","modified_gmt":"2024-03-04T09:16:40","slug":"set-eifel","status":"publish","type":"product","link":"https:\/\/yourplastics.es\/ca\/producto\/set-eifel\/","title":{"rendered":"Set Eifel"},"content":{"rendered":"<ul>\n<li>Ample: 200 cm<\/li>\n<li>Per enterrar<\/li>\n<li>Clar disseny<\/li>\n<li>Perfecte per a ambients moderns<\/li>\n<li>Etern i durador<\/li>\n<li>Banc amb i sense respatller<\/li>\n<li>El plaer del Picnic modern<\/li>\n<\/ul>\n<p>Al\u00e7ada exterior. Bancs i taules s\u00f3n subministrats desarmats. Instruccions i material per al muntatge inclosos.<\/p>\n<p>Taula per a banc: tipus Premium<br \/>\nBanc amb respatller &#8211; 5 taules per a bancs: 200 x 12 x 4,7 cm<br \/>\nBanc sense respatller &#8211; 3 taules per a bancs: 200 x 12 x 4,7 cm<br \/>\nAl\u00e7ada del seient: 45 cm<br \/>\n5 taula per taula: 200 x 12 x 4,7 cm<br \/>\nAl\u00e7ada de la taula: 76 cm<br \/>\nSuperf\u00edcie de la taula: 68 x 200 cm<br \/>\nPer enterrar<\/p>\n<div class=\"table--section-header content--title\"><strong>Caracter\u00edstiques<\/strong><\/div>\n<table style=\"height: 180px;\" width=\"438\">\n<tbody>\n<tr>\n<td class=\"product--attribute\">Selecci\u00f3<\/td>\n<td class=\"product--attribute\">Llarg: 200 cm<\/td>\n<\/tr>\n<tr>\n<td class=\"product--attribute\">Qualitat (Material)<\/td>\n<td class=\"product--attribute\">hanit<sup>\u00ae<\/sup><\/td>\n<\/tr>\n<tr>\n<td class=\"product--attribute\">Color<\/td>\n<td class=\"product--attribute\">marr\u00f3<\/td>\n<\/tr>\n<tr>\n<td class=\"product--attribute\">Pes<\/td>\n<td class=\"product--attribute\">343 kg<\/td>\n<\/tr>\n<tr>\n<td class=\"product--attribute\">Superf\u00edcie<\/td>\n<td class=\"product--attribute\">200 x 208 x 76 cm cm<\/td>\n<\/tr>\n<tr>\n<td class=\"product--attribute\">Mode d&#8217;enviament<\/td>\n<td class=\"product--attribute\">muntat parcialment<\/td>\n<\/tr>\n<\/tbody>\n<\/table>\n","protected":false},"excerpt":{"rendered":"<div class=\"content--title\">Informaci\u00f3 del producte &#8220;Set Eifel&#8221;<\/div>\n<div class=\"product--description\">El set de bancs Eifel conven\u00e7 per les l\u00ednies rectes i simples. Aquest conjunt de bancs i taula crea una impressi\u00f3 harmoniosa basada en la seva estable subestructura, cl\u00e0ssica i duradora. Hi s\u00f3n presents les variants de bancs amb respatller o sense.<\/div>\n","protected":false},"featured_media":2988,"comment_status":"open","ping_status":"closed","template":"","meta":[],"product_cat":[200,168],"product_tag":[],"class_list":{"0":"post-6330","1":"product","2":"type-product","3":"status-publish","4":"has-post-thumbnail","6":"product_cat-parcs-i-jardins","7":"product_cat-set-taules-i-bancs","9":"first","10":"instock","11":"shipping-taxable","12":"product-type-simple"},"yoast_head":"<!-- This site is optimized with the Yoast SEO plugin v23.2 - https:\/\/yoast.com\/wordpress\/plugins\/seo\/ -->\n<title>Set Eifel - Yourplastics.es<\/title>\n<meta name=\"robots\" content=\"index, follow, max-snippet:-1, max-image-preview:large, max-video-preview:-1\" \/>\n<link rel=\"canonical\" href=\"https:\/\/yourplastics.es\/ca\/producto\/set-eifel\/\" \/>\n<meta property=\"og:locale\" content=\"ca_ES\" \/>\n<meta property=\"og:type\" content=\"article\" \/>\n<meta property=\"og:title\" content=\"Set Eifel - Yourplastics.es\" \/>\n<meta property=\"og:description\" content=\"Informaci\u00f3 del producte &quot;Set Eifel&quot; El set de bancs Eifel conven\u00e7 per les l\u00ednies rectes i simples. Aquest conjunt de bancs i taula crea una impressi\u00f3 harmoniosa basada en la seva estable subestructura, cl\u00e0ssica i duradora. Hi s\u00f3n presents les variants de bancs amb respatller o sense.\" \/>\n<meta property=\"og:url\" content=\"https:\/\/yourplastics.es\/ca\/producto\/set-eifel\/\" \/>\n<meta property=\"og:site_name\" content=\"Yourplastics.es\" \/>\n<meta property=\"og:image\" content=\"https:\/\/yourplastics.es\/wp-content\/uploads\/2024\/03\/Set5_Bankset_Eifel_3D_2008.jpg\" \/>\n\t<meta property=\"og:image:width\" content=\"1600\" \/>\n\t<meta property=\"og:image:height\" content=\"771\" \/>\n\t<meta property=\"og:image:type\" content=\"image\/jpeg\" \/>\n<meta name=\"twitter:card\" content=\"summary_large_image\" \/>\n<meta name=\"twitter:label1\" content=\"Temps estimat de lectura\" \/>\n\t<meta name=\"twitter:data1\" content=\"1 minut\" \/>\n<script type=\"application\/ld+json\" class=\"yoast-schema-graph\">{\"@context\":\"https:\/\/schema.org\",\"@graph\":[{\"@type\":\"WebPage\",\"@id\":\"https:\/\/yourplastics.es\/ca\/producto\/set-eifel\/\",\"url\":\"https:\/\/yourplastics.es\/ca\/producto\/set-eifel\/\",\"name\":\"Set Eifel - Yourplastics.es\",\"isPartOf\":{\"@id\":\"https:\/\/yourplastics.es\/#website\"},\"primaryImageOfPage\":{\"@id\":\"https:\/\/yourplastics.es\/ca\/producto\/set-eifel\/#primaryimage\"},\"image\":{\"@id\":\"https:\/\/yourplastics.es\/ca\/producto\/set-eifel\/#primaryimage\"},\"thumbnailUrl\":\"https:\/\/yourplastics.es\/wp-content\/uploads\/2024\/03\/Set5_Bankset_Eifel_3D_2008.jpg\",\"datePublished\":\"2024-03-04T09:16:40+00:00\",\"dateModified\":\"2024-03-04T09:16:40+00:00\",\"breadcrumb\":{\"@id\":\"https:\/\/yourplastics.es\/ca\/producto\/set-eifel\/#breadcrumb\"},\"inLanguage\":\"ca\",\"potentialAction\":[{\"@type\":\"ReadAction\",\"target\":[\"https:\/\/yourplastics.es\/ca\/producto\/set-eifel\/\"]}]},{\"@type\":\"ImageObject\",\"inLanguage\":\"ca\",\"@id\":\"https:\/\/yourplastics.es\/ca\/producto\/set-eifel\/#primaryimage\",\"url\":\"https:\/\/yourplastics.es\/wp-content\/uploads\/2024\/03\/Set5_Bankset_Eifel_3D_2008.jpg\",\"contentUrl\":\"https:\/\/yourplastics.es\/wp-content\/uploads\/2024\/03\/Set5_Bankset_Eifel_3D_2008.jpg\",\"width\":1600,\"height\":771},{\"@type\":\"BreadcrumbList\",\"@id\":\"https:\/\/yourplastics.es\/ca\/producto\/set-eifel\/#breadcrumb\",\"itemListElement\":[{\"@type\":\"ListItem\",\"position\":1,\"name\":\"Home\",\"item\":\"https:\/\/yourplastics.es\/ca\/\"},{\"@type\":\"ListItem\",\"position\":2,\"name\":\"Botiga\",\"item\":\"https:\/\/yourplastics.es\/ca\/tienda-2\/\"},{\"@type\":\"ListItem\",\"position\":3,\"name\":\"Set Eifel\"}]},{\"@type\":\"WebSite\",\"@id\":\"https:\/\/yourplastics.es\/#website\",\"url\":\"https:\/\/yourplastics.es\/\",\"name\":\"Yourplastics\",\"description\":\"\",\"publisher\":{\"@id\":\"https:\/\/yourplastics.es\/#organization\"},\"potentialAction\":[{\"@type\":\"SearchAction\",\"target\":{\"@type\":\"EntryPoint\",\"urlTemplate\":\"https:\/\/yourplastics.es\/?s={search_term_string}\"},\"query-input\":\"required name=search_term_string\"}],\"inLanguage\":\"ca\"},{\"@type\":\"Organization\",\"@id\":\"https:\/\/yourplastics.es\/#organization\",\"name\":\"Yourplastics\",\"url\":\"https:\/\/yourplastics.es\/\",\"logo\":{\"@type\":\"ImageObject\",\"inLanguage\":\"ca\",\"@id\":\"https:\/\/yourplastics.es\/#\/schema\/logo\/image\/\",\"url\":\"https:\/\/yourplastics.es\/wp-content\/uploads\/2024\/08\/logo2-400x163-1.png\",\"contentUrl\":\"https:\/\/yourplastics.es\/wp-content\/uploads\/2024\/08\/logo2-400x163-1.png\",\"width\":400,\"height\":163,\"caption\":\"Yourplastics\"},\"image\":{\"@id\":\"https:\/\/yourplastics.es\/#\/schema\/logo\/image\/\"}}]}<\/script>\n<!-- \/ Yoast SEO plugin. -->","yoast_head_json":{"title":"Set Eifel - Yourplastics.es","robots":{"index":"index","follow":"follow","max-snippet":"max-snippet:-1","max-image-preview":"max-image-preview:large","max-video-preview":"max-video-preview:-1"},"canonical":"https:\/\/yourplastics.es\/ca\/producto\/set-eifel\/","og_locale":"ca_ES","og_type":"article","og_title":"Set Eifel - Yourplastics.es","og_description":"Informaci\u00f3 del producte \"Set Eifel\" El set de bancs Eifel conven\u00e7 per les l\u00ednies rectes i simples. Aquest conjunt de bancs i taula crea una impressi\u00f3 harmoniosa basada en la seva estable subestructura, cl\u00e0ssica i duradora. Hi s\u00f3n presents les variants de bancs amb respatller o sense.","og_url":"https:\/\/yourplastics.es\/ca\/producto\/set-eifel\/","og_site_name":"Yourplastics.es","og_image":[{"width":1600,"height":771,"url":"https:\/\/yourplastics.es\/wp-content\/uploads\/2024\/03\/Set5_Bankset_Eifel_3D_2008.jpg","type":"image\/jpeg"}],"twitter_card":"summary_large_image","twitter_misc":{"Temps estimat de lectura":"1 minut"},"schema":{"@context":"https:\/\/schema.org","@graph":[{"@type":"WebPage","@id":"https:\/\/yourplastics.es\/ca\/producto\/set-eifel\/","url":"https:\/\/yourplastics.es\/ca\/producto\/set-eifel\/","name":"Set Eifel - Yourplastics.es","isPartOf":{"@id":"https:\/\/yourplastics.es\/#website"},"primaryImageOfPage":{"@id":"https:\/\/yourplastics.es\/ca\/producto\/set-eifel\/#primaryimage"},"image":{"@id":"https:\/\/yourplastics.es\/ca\/producto\/set-eifel\/#primaryimage"},"thumbnailUrl":"https:\/\/yourplastics.es\/wp-content\/uploads\/2024\/03\/Set5_Bankset_Eifel_3D_2008.jpg","datePublished":"2024-03-04T09:16:40+00:00","dateModified":"2024-03-04T09:16:40+00:00","breadcrumb":{"@id":"https:\/\/yourplastics.es\/ca\/producto\/set-eifel\/#breadcrumb"},"inLanguage":"ca","potentialAction":[{"@type":"ReadAction","target":["https:\/\/yourplastics.es\/ca\/producto\/set-eifel\/"]}]},{"@type":"ImageObject","inLanguage":"ca","@id":"https:\/\/yourplastics.es\/ca\/producto\/set-eifel\/#primaryimage","url":"https:\/\/yourplastics.es\/wp-content\/uploads\/2024\/03\/Set5_Bankset_Eifel_3D_2008.jpg","contentUrl":"https:\/\/yourplastics.es\/wp-content\/uploads\/2024\/03\/Set5_Bankset_Eifel_3D_2008.jpg","width":1600,"height":771},{"@type":"BreadcrumbList","@id":"https:\/\/yourplastics.es\/ca\/producto\/set-eifel\/#breadcrumb","itemListElement":[{"@type":"ListItem","position":1,"name":"Home","item":"https:\/\/yourplastics.es\/ca\/"},{"@type":"ListItem","position":2,"name":"Botiga","item":"https:\/\/yourplastics.es\/ca\/tienda-2\/"},{"@type":"ListItem","position":3,"name":"Set Eifel"}]},{"@type":"WebSite","@id":"https:\/\/yourplastics.es\/#website","url":"https:\/\/yourplastics.es\/","name":"Yourplastics","description":"","publisher":{"@id":"https:\/\/yourplastics.es\/#organization"},"potentialAction":[{"@type":"SearchAction","target":{"@type":"EntryPoint","urlTemplate":"https:\/\/yourplastics.es\/?s={search_term_string}"},"query-input":"required name=search_term_string"}],"inLanguage":"ca"},{"@type":"Organization","@id":"https:\/\/yourplastics.es\/#organization","name":"Yourplastics","url":"https:\/\/yourplastics.es\/","logo":{"@type":"ImageObject","inLanguage":"ca","@id":"https:\/\/yourplastics.es\/#\/schema\/logo\/image\/","url":"https:\/\/yourplastics.es\/wp-content\/uploads\/2024\/08\/logo2-400x163-1.png","contentUrl":"https:\/\/yourplastics.es\/wp-content\/uploads\/2024\/08\/logo2-400x163-1.png","width":400,"height":163,"caption":"Yourplastics"},"image":{"@id":"https:\/\/yourplastics.es\/#\/schema\/logo\/image\/"}}]}},"_links":{"self":[{"href":"https:\/\/yourplastics.es\/ca\/wp-json\/wp\/v2\/product\/6330","targetHints":{"allow":["GET"]}}],"collection":[{"href":"https:\/\/yourplastics.es\/ca\/wp-json\/wp\/v2\/product"}],"about":[{"href":"https:\/\/yourplastics.es\/ca\/wp-json\/wp\/v2\/types\/product"}],"replies":[{"embeddable":true,"href":"https:\/\/yourplastics.es\/ca\/wp-json\/wp\/v2\/comments?post=6330"}],"wp:featuredmedia":[{"embeddable":true,"href":"https:\/\/yourplastics.es\/ca\/wp-json\/wp\/v2\/media\/2988"}],"wp:attachment":[{"href":"https:\/\/yourplastics.es\/ca\/wp-json\/wp\/v2\/media?parent=6330"}],"wp:term":[{"taxonomy":"product_cat","embeddable":true,"href":"https:\/\/yourplastics.es\/ca\/wp-json\/wp\/v2\/product_cat?post=6330"},{"taxonomy":"product_tag","embeddable":true,"href":"https:\/\/yourplastics.es\/ca\/wp-json\/wp\/v2\/product_tag?post=6330"}],"curies":[{"name":"wp","href":"https:\/\/api.w.org\/{rel}","templated":true}]}}