{"id":6321,"date":"2024-03-04T09:09:12","date_gmt":"2024-03-04T09:09:12","guid":{"rendered":"https:\/\/yourplastics.es\/producto\/botons-reflectors\/"},"modified":"2024-05-23T09:35:13","modified_gmt":"2024-05-23T09:35:13","slug":"botons-reflectors","status":"publish","type":"product","link":"https:\/\/yourplastics.es\/ca\/producto\/botons-reflectors\/","title":{"rendered":"Botons reflectors"},"content":{"rendered":"<ul>\n<li>Per a m\u00e9s seguretat<\/li>\n<li>\u00d2ptima visibilitat a la foscor<\/li>\n<li>Rodons i quadrats<\/li>\n<li>Es poden instal\u00b7lar posteriorment\n<div id=\"tabcontainer1\" class=\"tabcontainer1\">\n<p>Pal\u00b7litzades i bol\u00b7larads poden ser equipats posteriorment amb bandes i botons reflectors.<\/p>\n<p>&nbsp;<\/p>\n<h3 data-fontsize=\"20\" data-lineheight=\"29\">Informaci\u00f3 addicional<\/h3>\n<table class=\"woocommerce-product-attributes shop_attributes\">\n<tbody>\n<tr class=\"woocommerce-product-attributes-item woocommerce-product-attributes-item--attribute_color\">\n<th class=\"woocommerce-product-attributes-item__label\">Color<\/th>\n<td class=\"woocommerce-product-attributes-item__value\">blanc, vermell\/blanc<\/td>\n<\/tr>\n<tr class=\"woocommerce-product-attributes-item woocommerce-product-attributes-item--attribute_caracter%c3%adstiques\">\n<th class=\"woocommerce-product-attributes-item__label\">Caracter\u00edstiques<\/th>\n<td class=\"woocommerce-product-attributes-item__value\">Bandes reflectores, Botons reflectors<\/td>\n<\/tr>\n<tr class=\"woocommerce-product-attributes-item woocommerce-product-attributes-item--attribute_variants\">\n<th class=\"woocommerce-product-attributes-item__label\">Variants<\/th>\n<td class=\"woocommerce-product-attributes-item__value\">simple per la pilons de \u00f8 12, simple per la pilons de \u00f8 15, simple per la pilons de \u00f8 20, doble per la pilons de \u00f8 12, doble per la pilons de \u00f8 15, doble per la pilons de \u00f8 20, 2 x rodons i 1 x rectangular<\/td>\n<\/tr>\n<\/tbody>\n<\/table>\n<\/div>\n<\/li>\n<\/ul>\n","protected":false},"excerpt":{"rendered":"<div class=\"content--title\">Informaci\u00f3 del producte &#8220;Botons reflectors&#8221;<\/div>\n<div class=\"product--description\">\n<p>Els botons i les bandes reflectores ajuden a una millor visualitzaci\u00f3 i atenci\u00f3, i donen al bolard la funci\u00f3 de \u201cull de gat\u201d, que els pals de senyalitzaci\u00f3 tenen. Idea: tamb\u00e9 a les nostres pallissades i pals se li poden afegir elements reflectors<\/p>\n<\/div>\n","protected":false},"featured_media":2562,"comment_status":"open","ping_status":"closed","template":"","meta":[],"product_cat":[161,167],"product_tag":[],"class_list":{"0":"post-6321","1":"product","2":"type-product","3":"status-publish","4":"has-post-thumbnail","6":"product_cat-pilons","7":"product_cat-tancats-i-tanques","9":"first","10":"instock","11":"shipping-taxable","12":"product-type-simple"},"yoast_head":"<!-- This site is optimized with the Yoast SEO plugin v23.2 - https:\/\/yoast.com\/wordpress\/plugins\/seo\/ -->\n<title>Botons reflectors - Yourplastics.es<\/title>\n<meta name=\"robots\" content=\"index, follow, max-snippet:-1, max-image-preview:large, max-video-preview:-1\" \/>\n<link rel=\"canonical\" href=\"https:\/\/yourplastics.es\/ca\/producto\/botons-reflectors\/\" \/>\n<meta property=\"og:locale\" content=\"ca_ES\" \/>\n<meta property=\"og:type\" content=\"article\" \/>\n<meta property=\"og:title\" content=\"Botons reflectors - Yourplastics.es\" \/>\n<meta property=\"og:description\" content=\"Informaci\u00f3 del producte &quot;Botons reflectors&quot;   Els botons i les bandes reflectores ajuden a una millor visualitzaci\u00f3 i atenci\u00f3, i donen al bolard la funci\u00f3 de \u201cull de gat\u201d, que els pals de senyalitzaci\u00f3 tenen. Idea: tamb\u00e9 a les nostres pallissades i pals se li poden afegir elements reflectors\" \/>\n<meta property=\"og:url\" content=\"https:\/\/yourplastics.es\/ca\/producto\/botons-reflectors\/\" \/>\n<meta property=\"og:site_name\" content=\"Yourplastics.es\" \/>\n<meta property=\"article:modified_time\" content=\"2024-05-23T09:35:13+00:00\" \/>\n<meta property=\"og:image\" content=\"https:\/\/yourplastics.es\/wp-content\/uploads\/2024\/03\/301500_Reflektoren_3D_2571.jpg\" \/>\n\t<meta property=\"og:image:width\" content=\"1600\" \/>\n\t<meta property=\"og:image:height\" content=\"1143\" \/>\n\t<meta property=\"og:image:type\" content=\"image\/jpeg\" \/>\n<meta name=\"twitter:card\" content=\"summary_large_image\" \/>\n<script type=\"application\/ld+json\" class=\"yoast-schema-graph\">{\"@context\":\"https:\/\/schema.org\",\"@graph\":[{\"@type\":\"WebPage\",\"@id\":\"https:\/\/yourplastics.es\/ca\/producto\/botons-reflectors\/\",\"url\":\"https:\/\/yourplastics.es\/ca\/producto\/botons-reflectors\/\",\"name\":\"Botons reflectors - Yourplastics.es\",\"isPartOf\":{\"@id\":\"https:\/\/yourplastics.es\/#website\"},\"primaryImageOfPage\":{\"@id\":\"https:\/\/yourplastics.es\/ca\/producto\/botons-reflectors\/#primaryimage\"},\"image\":{\"@id\":\"https:\/\/yourplastics.es\/ca\/producto\/botons-reflectors\/#primaryimage\"},\"thumbnailUrl\":\"https:\/\/yourplastics.es\/wp-content\/uploads\/2024\/03\/301500_Reflektoren_3D_2571.jpg\",\"datePublished\":\"2024-03-04T09:09:12+00:00\",\"dateModified\":\"2024-05-23T09:35:13+00:00\",\"breadcrumb\":{\"@id\":\"https:\/\/yourplastics.es\/ca\/producto\/botons-reflectors\/#breadcrumb\"},\"inLanguage\":\"ca\",\"potentialAction\":[{\"@type\":\"ReadAction\",\"target\":[\"https:\/\/yourplastics.es\/ca\/producto\/botons-reflectors\/\"]}]},{\"@type\":\"ImageObject\",\"inLanguage\":\"ca\",\"@id\":\"https:\/\/yourplastics.es\/ca\/producto\/botons-reflectors\/#primaryimage\",\"url\":\"https:\/\/yourplastics.es\/wp-content\/uploads\/2024\/03\/301500_Reflektoren_3D_2571.jpg\",\"contentUrl\":\"https:\/\/yourplastics.es\/wp-content\/uploads\/2024\/03\/301500_Reflektoren_3D_2571.jpg\",\"width\":1600,\"height\":1143},{\"@type\":\"BreadcrumbList\",\"@id\":\"https:\/\/yourplastics.es\/ca\/producto\/botons-reflectors\/#breadcrumb\",\"itemListElement\":[{\"@type\":\"ListItem\",\"position\":1,\"name\":\"Home\",\"item\":\"https:\/\/yourplastics.es\/ca\/\"},{\"@type\":\"ListItem\",\"position\":2,\"name\":\"Botiga\",\"item\":\"https:\/\/yourplastics.es\/ca\/tienda-2\/\"},{\"@type\":\"ListItem\",\"position\":3,\"name\":\"Botons reflectors\"}]},{\"@type\":\"WebSite\",\"@id\":\"https:\/\/yourplastics.es\/#website\",\"url\":\"https:\/\/yourplastics.es\/\",\"name\":\"Yourplastics\",\"description\":\"\",\"publisher\":{\"@id\":\"https:\/\/yourplastics.es\/#organization\"},\"potentialAction\":[{\"@type\":\"SearchAction\",\"target\":{\"@type\":\"EntryPoint\",\"urlTemplate\":\"https:\/\/yourplastics.es\/?s={search_term_string}\"},\"query-input\":\"required name=search_term_string\"}],\"inLanguage\":\"ca\"},{\"@type\":\"Organization\",\"@id\":\"https:\/\/yourplastics.es\/#organization\",\"name\":\"Yourplastics\",\"url\":\"https:\/\/yourplastics.es\/\",\"logo\":{\"@type\":\"ImageObject\",\"inLanguage\":\"ca\",\"@id\":\"https:\/\/yourplastics.es\/#\/schema\/logo\/image\/\",\"url\":\"https:\/\/yourplastics.es\/wp-content\/uploads\/2024\/08\/logo2-400x163-1.png\",\"contentUrl\":\"https:\/\/yourplastics.es\/wp-content\/uploads\/2024\/08\/logo2-400x163-1.png\",\"width\":400,\"height\":163,\"caption\":\"Yourplastics\"},\"image\":{\"@id\":\"https:\/\/yourplastics.es\/#\/schema\/logo\/image\/\"}}]}<\/script>\n<!-- \/ Yoast SEO plugin. -->","yoast_head_json":{"title":"Botons reflectors - Yourplastics.es","robots":{"index":"index","follow":"follow","max-snippet":"max-snippet:-1","max-image-preview":"max-image-preview:large","max-video-preview":"max-video-preview:-1"},"canonical":"https:\/\/yourplastics.es\/ca\/producto\/botons-reflectors\/","og_locale":"ca_ES","og_type":"article","og_title":"Botons reflectors - Yourplastics.es","og_description":"Informaci\u00f3 del producte \"Botons reflectors\"   Els botons i les bandes reflectores ajuden a una millor visualitzaci\u00f3 i atenci\u00f3, i donen al bolard la funci\u00f3 de \u201cull de gat\u201d, que els pals de senyalitzaci\u00f3 tenen. Idea: tamb\u00e9 a les nostres pallissades i pals se li poden afegir elements reflectors","og_url":"https:\/\/yourplastics.es\/ca\/producto\/botons-reflectors\/","og_site_name":"Yourplastics.es","article_modified_time":"2024-05-23T09:35:13+00:00","og_image":[{"width":1600,"height":1143,"url":"https:\/\/yourplastics.es\/wp-content\/uploads\/2024\/03\/301500_Reflektoren_3D_2571.jpg","type":"image\/jpeg"}],"twitter_card":"summary_large_image","schema":{"@context":"https:\/\/schema.org","@graph":[{"@type":"WebPage","@id":"https:\/\/yourplastics.es\/ca\/producto\/botons-reflectors\/","url":"https:\/\/yourplastics.es\/ca\/producto\/botons-reflectors\/","name":"Botons reflectors - Yourplastics.es","isPartOf":{"@id":"https:\/\/yourplastics.es\/#website"},"primaryImageOfPage":{"@id":"https:\/\/yourplastics.es\/ca\/producto\/botons-reflectors\/#primaryimage"},"image":{"@id":"https:\/\/yourplastics.es\/ca\/producto\/botons-reflectors\/#primaryimage"},"thumbnailUrl":"https:\/\/yourplastics.es\/wp-content\/uploads\/2024\/03\/301500_Reflektoren_3D_2571.jpg","datePublished":"2024-03-04T09:09:12+00:00","dateModified":"2024-05-23T09:35:13+00:00","breadcrumb":{"@id":"https:\/\/yourplastics.es\/ca\/producto\/botons-reflectors\/#breadcrumb"},"inLanguage":"ca","potentialAction":[{"@type":"ReadAction","target":["https:\/\/yourplastics.es\/ca\/producto\/botons-reflectors\/"]}]},{"@type":"ImageObject","inLanguage":"ca","@id":"https:\/\/yourplastics.es\/ca\/producto\/botons-reflectors\/#primaryimage","url":"https:\/\/yourplastics.es\/wp-content\/uploads\/2024\/03\/301500_Reflektoren_3D_2571.jpg","contentUrl":"https:\/\/yourplastics.es\/wp-content\/uploads\/2024\/03\/301500_Reflektoren_3D_2571.jpg","width":1600,"height":1143},{"@type":"BreadcrumbList","@id":"https:\/\/yourplastics.es\/ca\/producto\/botons-reflectors\/#breadcrumb","itemListElement":[{"@type":"ListItem","position":1,"name":"Home","item":"https:\/\/yourplastics.es\/ca\/"},{"@type":"ListItem","position":2,"name":"Botiga","item":"https:\/\/yourplastics.es\/ca\/tienda-2\/"},{"@type":"ListItem","position":3,"name":"Botons reflectors"}]},{"@type":"WebSite","@id":"https:\/\/yourplastics.es\/#website","url":"https:\/\/yourplastics.es\/","name":"Yourplastics","description":"","publisher":{"@id":"https:\/\/yourplastics.es\/#organization"},"potentialAction":[{"@type":"SearchAction","target":{"@type":"EntryPoint","urlTemplate":"https:\/\/yourplastics.es\/?s={search_term_string}"},"query-input":"required name=search_term_string"}],"inLanguage":"ca"},{"@type":"Organization","@id":"https:\/\/yourplastics.es\/#organization","name":"Yourplastics","url":"https:\/\/yourplastics.es\/","logo":{"@type":"ImageObject","inLanguage":"ca","@id":"https:\/\/yourplastics.es\/#\/schema\/logo\/image\/","url":"https:\/\/yourplastics.es\/wp-content\/uploads\/2024\/08\/logo2-400x163-1.png","contentUrl":"https:\/\/yourplastics.es\/wp-content\/uploads\/2024\/08\/logo2-400x163-1.png","width":400,"height":163,"caption":"Yourplastics"},"image":{"@id":"https:\/\/yourplastics.es\/#\/schema\/logo\/image\/"}}]}},"_links":{"self":[{"href":"https:\/\/yourplastics.es\/ca\/wp-json\/wp\/v2\/product\/6321","targetHints":{"allow":["GET"]}}],"collection":[{"href":"https:\/\/yourplastics.es\/ca\/wp-json\/wp\/v2\/product"}],"about":[{"href":"https:\/\/yourplastics.es\/ca\/wp-json\/wp\/v2\/types\/product"}],"replies":[{"embeddable":true,"href":"https:\/\/yourplastics.es\/ca\/wp-json\/wp\/v2\/comments?post=6321"}],"wp:featuredmedia":[{"embeddable":true,"href":"https:\/\/yourplastics.es\/ca\/wp-json\/wp\/v2\/media\/2562"}],"wp:attachment":[{"href":"https:\/\/yourplastics.es\/ca\/wp-json\/wp\/v2\/media?parent=6321"}],"wp:term":[{"taxonomy":"product_cat","embeddable":true,"href":"https:\/\/yourplastics.es\/ca\/wp-json\/wp\/v2\/product_cat?post=6321"},{"taxonomy":"product_tag","embeddable":true,"href":"https:\/\/yourplastics.es\/ca\/wp-json\/wp\/v2\/product_tag?post=6321"}],"curies":[{"name":"wp","href":"https:\/\/api.w.org\/{rel}","templated":true}]}}