{"id":6316,"date":"2024-03-04T09:08:35","date_gmt":"2024-03-04T09:08:35","guid":{"rendered":"https:\/\/yourplastics.es\/producto\/bollard-amb-cap-hemisferic-o-20-cm-perfil-buit\/"},"modified":"2024-05-23T09:37:49","modified_gmt":"2024-05-23T09:37:49","slug":"bollard-amb-cap-hemisferic-o-20-cm-perfil-buit","status":"publish","type":"product","link":"https:\/\/yourplastics.es\/ca\/producto\/bollard-amb-cap-hemisferic-o-20-cm-perfil-buit\/","title":{"rendered":"Bol\u00b7lard amb cap hemisf\u00e8ric (\u00f8 20 cm &#8211; Perfil buit)"},"content":{"rendered":"<ul>\n<li>Llarg: 120 + 150 cm<\/li>\n<li>Di\u00e0metre: 20 cm<\/li>\n<li>Protecci\u00f3 m\u00e1xima<\/li>\n<li>Assegura espais lliures<\/li>\n<li>Reciclable<\/li>\n<li>D&#8217;una sola pe\u00e7a<\/li>\n<\/ul>\n<p>Les unitats d&#8217;embalatge nom\u00e9s serveixen per orientaci\u00f3. No s\u00f3n quantitats m\u00ednimes a demanar.<\/p>\n<div class=\"content--tabcontainer1\">\n<div id=\"tabcontainer1\" class=\"tabcontainer1\">\n<p>Els bol\u00b7lards poden ser amb bandes reflectores o sense. Nom\u00e9s els bol\u00b7lards amb bandes reflectores tenen el solc corresponent.<\/p>\n<p>Banda superior: 1,5 cm, vermell<br \/>\nBanda inferior: 1,5 cm, blanca<\/p>\n<p>Pal\u00b7litzades i bol\u00b7larads poden ser equipats posteriorment amb bandes i botons reflectors.<\/p>\n<p>&nbsp;<\/p>\n<h3 data-fontsize=\"20\" data-lineheight=\"29\">Informaci\u00f3 addicional<\/h3>\n<table class=\"woocommerce-product-attributes shop_attributes\">\n<tbody>\n<tr class=\"woocommerce-product-attributes-item woocommerce-product-attributes-item--attribute_color\">\n<th class=\"woocommerce-product-attributes-item__label\">Color<\/th>\n<td class=\"woocommerce-product-attributes-item__value\">gris, marr\u00f3<\/td>\n<\/tr>\n<tr class=\"woocommerce-product-attributes-item woocommerce-product-attributes-item--attribute_caracter%c3%adstiques\">\n<th class=\"woocommerce-product-attributes-item__label\">Caracter\u00edstiques<\/th>\n<td class=\"woocommerce-product-attributes-item__value\">\u00f8 20,0 cm sense bandes reflectores, \u00f8 20,0 amb 2 bandes reflectores<\/td>\n<\/tr>\n<tr class=\"woocommerce-product-attributes-item woocommerce-product-attributes-item--attribute_amplada\">\n<th class=\"woocommerce-product-attributes-item__label\">Amplada<\/th>\n<td class=\"woocommerce-product-attributes-item__value\">120 cm, 150 cm<\/td>\n<\/tr>\n<\/tbody>\n<\/table>\n<\/div>\n<\/div>\n","protected":false},"excerpt":{"rendered":"<div class=\"content--title\">Informaci\u00f3 del producte &#8220;Bolardo amb cap hemisf\u00e8ric (\u00f8 20 cm &#8211; Perfil buit)&#8221;<\/div>\n<div class=\"product--description\">\n<p>En la seva variant de 20 cm demostra el bol\u00b7lard amb cap hemisf\u00e8ric encara m\u00e9s la seva pres\u00e8ncia indicant: \u201cALT\u201d. El seu color gris ho assembla a un bol\u00b7lard de formig\u00f3, cosa que el fa cridar m\u00e9s l&#8217;atenci\u00f3.<\/p>\n<\/div>\n","protected":false},"featured_media":2551,"comment_status":"open","ping_status":"closed","template":"","meta":[],"product_cat":[161,167],"product_tag":[],"class_list":{"0":"post-6316","1":"product","2":"type-product","3":"status-publish","4":"has-post-thumbnail","6":"product_cat-pilons","7":"product_cat-tancats-i-tanques","9":"first","10":"instock","11":"shipping-taxable","12":"product-type-simple"},"yoast_head":"<!-- This site is optimized with the Yoast SEO plugin v23.2 - https:\/\/yoast.com\/wordpress\/plugins\/seo\/ -->\n<title>Bol\u00b7lard amb cap hemisf\u00e8ric (\u00f8 20 cm - Perfil buit) - Yourplastics.es<\/title>\n<meta name=\"robots\" content=\"index, follow, max-snippet:-1, max-image-preview:large, max-video-preview:-1\" \/>\n<link rel=\"canonical\" href=\"https:\/\/yourplastics.es\/ca\/producto\/bollard-amb-cap-hemisferic-o-20-cm-perfil-buit\/\" \/>\n<meta property=\"og:locale\" content=\"ca_ES\" \/>\n<meta property=\"og:type\" content=\"article\" \/>\n<meta property=\"og:title\" content=\"Bol\u00b7lard amb cap hemisf\u00e8ric (\u00f8 20 cm - Perfil buit) - Yourplastics.es\" \/>\n<meta property=\"og:description\" content=\"Informaci\u00f3 del producte &quot;Bolardo amb cap hemisf\u00e8ric (\u00f8 20 cm - Perfil buit)&quot;   En la seva variant de 20 cm demostra el bol\u00b7lard amb cap hemisf\u00e8ric encara m\u00e9s la seva pres\u00e8ncia indicant: \u201cALT\u201d. El seu color gris ho assembla a un bol\u00b7lard de formig\u00f3, cosa que el fa cridar m\u00e9s l&#039;atenci\u00f3.\" \/>\n<meta property=\"og:url\" content=\"https:\/\/yourplastics.es\/ca\/producto\/bollard-amb-cap-hemisferic-o-20-cm-perfil-buit\/\" \/>\n<meta property=\"og:site_name\" content=\"Yourplastics.es\" \/>\n<meta property=\"article:modified_time\" content=\"2024-05-23T09:37:49+00:00\" \/>\n<meta property=\"og:image\" content=\"https:\/\/yourplastics.es\/wp-content\/uploads\/2024\/03\/301112-22_Poller_Halbrundkopf_3D_2531.jpg\" \/>\n\t<meta property=\"og:image:width\" content=\"1600\" \/>\n\t<meta property=\"og:image:height\" content=\"1347\" \/>\n\t<meta property=\"og:image:type\" content=\"image\/jpeg\" \/>\n<meta name=\"twitter:card\" content=\"summary_large_image\" \/>\n<script type=\"application\/ld+json\" class=\"yoast-schema-graph\">{\"@context\":\"https:\/\/schema.org\",\"@graph\":[{\"@type\":\"WebPage\",\"@id\":\"https:\/\/yourplastics.es\/ca\/producto\/bollard-amb-cap-hemisferic-o-20-cm-perfil-buit\/\",\"url\":\"https:\/\/yourplastics.es\/ca\/producto\/bollard-amb-cap-hemisferic-o-20-cm-perfil-buit\/\",\"name\":\"Bol\u00b7lard amb cap hemisf\u00e8ric (\u00f8 20 cm - Perfil buit) - Yourplastics.es\",\"isPartOf\":{\"@id\":\"https:\/\/yourplastics.es\/#website\"},\"primaryImageOfPage\":{\"@id\":\"https:\/\/yourplastics.es\/ca\/producto\/bollard-amb-cap-hemisferic-o-20-cm-perfil-buit\/#primaryimage\"},\"image\":{\"@id\":\"https:\/\/yourplastics.es\/ca\/producto\/bollard-amb-cap-hemisferic-o-20-cm-perfil-buit\/#primaryimage\"},\"thumbnailUrl\":\"https:\/\/yourplastics.es\/wp-content\/uploads\/2024\/03\/301112-22_Poller_Halbrundkopf_3D_2531.jpg\",\"datePublished\":\"2024-03-04T09:08:35+00:00\",\"dateModified\":\"2024-05-23T09:37:49+00:00\",\"breadcrumb\":{\"@id\":\"https:\/\/yourplastics.es\/ca\/producto\/bollard-amb-cap-hemisferic-o-20-cm-perfil-buit\/#breadcrumb\"},\"inLanguage\":\"ca\",\"potentialAction\":[{\"@type\":\"ReadAction\",\"target\":[\"https:\/\/yourplastics.es\/ca\/producto\/bollard-amb-cap-hemisferic-o-20-cm-perfil-buit\/\"]}]},{\"@type\":\"ImageObject\",\"inLanguage\":\"ca\",\"@id\":\"https:\/\/yourplastics.es\/ca\/producto\/bollard-amb-cap-hemisferic-o-20-cm-perfil-buit\/#primaryimage\",\"url\":\"https:\/\/yourplastics.es\/wp-content\/uploads\/2024\/03\/301112-22_Poller_Halbrundkopf_3D_2531.jpg\",\"contentUrl\":\"https:\/\/yourplastics.es\/wp-content\/uploads\/2024\/03\/301112-22_Poller_Halbrundkopf_3D_2531.jpg\",\"width\":1600,\"height\":1347},{\"@type\":\"BreadcrumbList\",\"@id\":\"https:\/\/yourplastics.es\/ca\/producto\/bollard-amb-cap-hemisferic-o-20-cm-perfil-buit\/#breadcrumb\",\"itemListElement\":[{\"@type\":\"ListItem\",\"position\":1,\"name\":\"Home\",\"item\":\"https:\/\/yourplastics.es\/ca\/\"},{\"@type\":\"ListItem\",\"position\":2,\"name\":\"Botiga\",\"item\":\"https:\/\/yourplastics.es\/ca\/tienda-2\/\"},{\"@type\":\"ListItem\",\"position\":3,\"name\":\"Bol\u00b7lard amb cap hemisf\u00e8ric (\u00f8 20 cm &#8211; Perfil buit)\"}]},{\"@type\":\"WebSite\",\"@id\":\"https:\/\/yourplastics.es\/#website\",\"url\":\"https:\/\/yourplastics.es\/\",\"name\":\"Yourplastics\",\"description\":\"\",\"publisher\":{\"@id\":\"https:\/\/yourplastics.es\/#organization\"},\"potentialAction\":[{\"@type\":\"SearchAction\",\"target\":{\"@type\":\"EntryPoint\",\"urlTemplate\":\"https:\/\/yourplastics.es\/?s={search_term_string}\"},\"query-input\":\"required name=search_term_string\"}],\"inLanguage\":\"ca\"},{\"@type\":\"Organization\",\"@id\":\"https:\/\/yourplastics.es\/#organization\",\"name\":\"Yourplastics\",\"url\":\"https:\/\/yourplastics.es\/\",\"logo\":{\"@type\":\"ImageObject\",\"inLanguage\":\"ca\",\"@id\":\"https:\/\/yourplastics.es\/#\/schema\/logo\/image\/\",\"url\":\"https:\/\/yourplastics.es\/wp-content\/uploads\/2024\/08\/logo2-400x163-1.png\",\"contentUrl\":\"https:\/\/yourplastics.es\/wp-content\/uploads\/2024\/08\/logo2-400x163-1.png\",\"width\":400,\"height\":163,\"caption\":\"Yourplastics\"},\"image\":{\"@id\":\"https:\/\/yourplastics.es\/#\/schema\/logo\/image\/\"}}]}<\/script>\n<!-- \/ Yoast SEO plugin. -->","yoast_head_json":{"title":"Bol\u00b7lard amb cap hemisf\u00e8ric (\u00f8 20 cm - Perfil buit) - Yourplastics.es","robots":{"index":"index","follow":"follow","max-snippet":"max-snippet:-1","max-image-preview":"max-image-preview:large","max-video-preview":"max-video-preview:-1"},"canonical":"https:\/\/yourplastics.es\/ca\/producto\/bollard-amb-cap-hemisferic-o-20-cm-perfil-buit\/","og_locale":"ca_ES","og_type":"article","og_title":"Bol\u00b7lard amb cap hemisf\u00e8ric (\u00f8 20 cm - Perfil buit) - Yourplastics.es","og_description":"Informaci\u00f3 del producte \"Bolardo amb cap hemisf\u00e8ric (\u00f8 20 cm - Perfil buit)\"   En la seva variant de 20 cm demostra el bol\u00b7lard amb cap hemisf\u00e8ric encara m\u00e9s la seva pres\u00e8ncia indicant: \u201cALT\u201d. El seu color gris ho assembla a un bol\u00b7lard de formig\u00f3, cosa que el fa cridar m\u00e9s l'atenci\u00f3.","og_url":"https:\/\/yourplastics.es\/ca\/producto\/bollard-amb-cap-hemisferic-o-20-cm-perfil-buit\/","og_site_name":"Yourplastics.es","article_modified_time":"2024-05-23T09:37:49+00:00","og_image":[{"width":1600,"height":1347,"url":"https:\/\/yourplastics.es\/wp-content\/uploads\/2024\/03\/301112-22_Poller_Halbrundkopf_3D_2531.jpg","type":"image\/jpeg"}],"twitter_card":"summary_large_image","schema":{"@context":"https:\/\/schema.org","@graph":[{"@type":"WebPage","@id":"https:\/\/yourplastics.es\/ca\/producto\/bollard-amb-cap-hemisferic-o-20-cm-perfil-buit\/","url":"https:\/\/yourplastics.es\/ca\/producto\/bollard-amb-cap-hemisferic-o-20-cm-perfil-buit\/","name":"Bol\u00b7lard amb cap hemisf\u00e8ric (\u00f8 20 cm - Perfil buit) - Yourplastics.es","isPartOf":{"@id":"https:\/\/yourplastics.es\/#website"},"primaryImageOfPage":{"@id":"https:\/\/yourplastics.es\/ca\/producto\/bollard-amb-cap-hemisferic-o-20-cm-perfil-buit\/#primaryimage"},"image":{"@id":"https:\/\/yourplastics.es\/ca\/producto\/bollard-amb-cap-hemisferic-o-20-cm-perfil-buit\/#primaryimage"},"thumbnailUrl":"https:\/\/yourplastics.es\/wp-content\/uploads\/2024\/03\/301112-22_Poller_Halbrundkopf_3D_2531.jpg","datePublished":"2024-03-04T09:08:35+00:00","dateModified":"2024-05-23T09:37:49+00:00","breadcrumb":{"@id":"https:\/\/yourplastics.es\/ca\/producto\/bollard-amb-cap-hemisferic-o-20-cm-perfil-buit\/#breadcrumb"},"inLanguage":"ca","potentialAction":[{"@type":"ReadAction","target":["https:\/\/yourplastics.es\/ca\/producto\/bollard-amb-cap-hemisferic-o-20-cm-perfil-buit\/"]}]},{"@type":"ImageObject","inLanguage":"ca","@id":"https:\/\/yourplastics.es\/ca\/producto\/bollard-amb-cap-hemisferic-o-20-cm-perfil-buit\/#primaryimage","url":"https:\/\/yourplastics.es\/wp-content\/uploads\/2024\/03\/301112-22_Poller_Halbrundkopf_3D_2531.jpg","contentUrl":"https:\/\/yourplastics.es\/wp-content\/uploads\/2024\/03\/301112-22_Poller_Halbrundkopf_3D_2531.jpg","width":1600,"height":1347},{"@type":"BreadcrumbList","@id":"https:\/\/yourplastics.es\/ca\/producto\/bollard-amb-cap-hemisferic-o-20-cm-perfil-buit\/#breadcrumb","itemListElement":[{"@type":"ListItem","position":1,"name":"Home","item":"https:\/\/yourplastics.es\/ca\/"},{"@type":"ListItem","position":2,"name":"Botiga","item":"https:\/\/yourplastics.es\/ca\/tienda-2\/"},{"@type":"ListItem","position":3,"name":"Bol\u00b7lard amb cap hemisf\u00e8ric (\u00f8 20 cm &#8211; Perfil buit)"}]},{"@type":"WebSite","@id":"https:\/\/yourplastics.es\/#website","url":"https:\/\/yourplastics.es\/","name":"Yourplastics","description":"","publisher":{"@id":"https:\/\/yourplastics.es\/#organization"},"potentialAction":[{"@type":"SearchAction","target":{"@type":"EntryPoint","urlTemplate":"https:\/\/yourplastics.es\/?s={search_term_string}"},"query-input":"required name=search_term_string"}],"inLanguage":"ca"},{"@type":"Organization","@id":"https:\/\/yourplastics.es\/#organization","name":"Yourplastics","url":"https:\/\/yourplastics.es\/","logo":{"@type":"ImageObject","inLanguage":"ca","@id":"https:\/\/yourplastics.es\/#\/schema\/logo\/image\/","url":"https:\/\/yourplastics.es\/wp-content\/uploads\/2024\/08\/logo2-400x163-1.png","contentUrl":"https:\/\/yourplastics.es\/wp-content\/uploads\/2024\/08\/logo2-400x163-1.png","width":400,"height":163,"caption":"Yourplastics"},"image":{"@id":"https:\/\/yourplastics.es\/#\/schema\/logo\/image\/"}}]}},"_links":{"self":[{"href":"https:\/\/yourplastics.es\/ca\/wp-json\/wp\/v2\/product\/6316","targetHints":{"allow":["GET"]}}],"collection":[{"href":"https:\/\/yourplastics.es\/ca\/wp-json\/wp\/v2\/product"}],"about":[{"href":"https:\/\/yourplastics.es\/ca\/wp-json\/wp\/v2\/types\/product"}],"replies":[{"embeddable":true,"href":"https:\/\/yourplastics.es\/ca\/wp-json\/wp\/v2\/comments?post=6316"}],"wp:featuredmedia":[{"embeddable":true,"href":"https:\/\/yourplastics.es\/ca\/wp-json\/wp\/v2\/media\/2551"}],"wp:attachment":[{"href":"https:\/\/yourplastics.es\/ca\/wp-json\/wp\/v2\/media?parent=6316"}],"wp:term":[{"taxonomy":"product_cat","embeddable":true,"href":"https:\/\/yourplastics.es\/ca\/wp-json\/wp\/v2\/product_cat?post=6316"},{"taxonomy":"product_tag","embeddable":true,"href":"https:\/\/yourplastics.es\/ca\/wp-json\/wp\/v2\/product_tag?post=6316"}],"curies":[{"name":"wp","href":"https:\/\/api.w.org\/{rel}","templated":true}]}}