{"id":6307,"date":"2024-03-04T09:08:35","date_gmt":"2024-03-04T09:08:35","guid":{"rendered":"https:\/\/yourplastics.es\/producto\/bolard-amb-cap-diamant\/"},"modified":"2024-05-23T09:43:06","modified_gmt":"2024-05-23T09:43:06","slug":"bolard-amb-cap-diamant","status":"publish","type":"product","link":"https:\/\/yourplastics.es\/ca\/producto\/bolard-amb-cap-diamant\/","title":{"rendered":"Bol\u00b7lard amb cap diamant"},"content":{"rendered":"<ul>\n<li>Llarg: 140 cm<\/li>\n<li>Mides del perfil: 14 x 14 cm<\/li>\n<\/ul>\n<p>Les unitats d&#8217;embalatge nom\u00e9s serveixen per orientaci\u00f3. No s\u00f3n quantitats m\u00ednimes a demanar.<\/p>\n<div class=\"content--tabcontainer1\">\n<div id=\"tabcontainer1\" class=\"tabcontainer1\">\n<p>Els bol\u00b7lards poden ser amb bandes reflectores o sense. Nom\u00e9s els bol\u00b7lards amb bandes reflectores tenen el solc corresponent.<\/p>\n<p>Banda superior: 1,5 cm, vermell<br \/>\nBanda inferior: 1,5 cm, blanca<\/p>\n<p>Pal\u00b7litzades i bol\u00b7larads poden ser equipats posteriorment amb bandes i botons reflectors.<\/p>\n<p>&nbsp;<\/p>\n<h3 data-fontsize=\"20\" data-lineheight=\"29\">Informaci\u00f3 addicional<\/h3>\n<table class=\"woocommerce-product-attributes shop_attributes\">\n<tbody>\n<tr class=\"woocommerce-product-attributes-item woocommerce-product-attributes-item--attribute_color\">\n<th class=\"woocommerce-product-attributes-item__label\">Color<\/th>\n<td class=\"woocommerce-product-attributes-item__value\">gris, marr\u00f3, negre<\/td>\n<\/tr>\n<tr class=\"woocommerce-product-attributes-item woocommerce-product-attributes-item--attribute_caracter%c3%adstiques\">\n<th class=\"woocommerce-product-attributes-item__label\">Caracter\u00edstiques<\/th>\n<td class=\"woocommerce-product-attributes-item__value\">14,0 x 14,0 cm sense bandes reflectores, 14,0 x 14,0 cm amb 2 bandes reflectores<\/td>\n<\/tr>\n<\/tbody>\n<\/table>\n<\/div>\n<\/div>\n","protected":false},"excerpt":{"rendered":"<div class=\"content--title\">Informaci\u00f3 del producte &#8220;Bolardo amb cap diamant&#8221;<\/div>\n<div class=\"product--description\">\n<p>Els bol\u00b7lards hanit<sup>\u00ae<\/sup> s\u00f3n la efica\u00e7 ajuda, per guiar el tr\u00e0nsit als camins desitjats en forma tranquil\u00b7la. Protegeix les sendes de vianants i de bicicletes del mal aparcament. Pel cap en forma de diamant queda molt b\u00e9 en qualsevol entorn urb\u00e0.<\/p>\n<\/div>\n","protected":false},"featured_media":2523,"comment_status":"open","ping_status":"closed","template":"","meta":[],"product_cat":[161,167],"product_tag":[],"class_list":{"0":"post-6307","1":"product","2":"type-product","3":"status-publish","4":"has-post-thumbnail","6":"product_cat-pilons","7":"product_cat-tancats-i-tanques","9":"first","10":"instock","11":"shipping-taxable","12":"product-type-simple"},"yoast_head":"<!-- This site is optimized with the Yoast SEO plugin v23.2 - https:\/\/yoast.com\/wordpress\/plugins\/seo\/ -->\n<title>Bol\u00b7lard amb cap diamant - Yourplastics.es<\/title>\n<meta name=\"robots\" content=\"index, follow, max-snippet:-1, max-image-preview:large, max-video-preview:-1\" \/>\n<link rel=\"canonical\" href=\"https:\/\/yourplastics.es\/ca\/producto\/bolard-amb-cap-diamant\/\" \/>\n<meta property=\"og:locale\" content=\"ca_ES\" \/>\n<meta property=\"og:type\" content=\"article\" \/>\n<meta property=\"og:title\" content=\"Bol\u00b7lard amb cap diamant - Yourplastics.es\" \/>\n<meta property=\"og:description\" content=\"Informaci\u00f3 del producte &quot;Bolardo amb cap diamant&quot;   Els bol\u00b7lards hanit\u00ae s\u00f3n la efica\u00e7 ajuda, per guiar el tr\u00e0nsit als camins desitjats en forma tranquil\u00b7la. Protegeix les sendes de vianants i de bicicletes del mal aparcament. Pel cap en forma de diamant queda molt b\u00e9 en qualsevol entorn urb\u00e0.\" \/>\n<meta property=\"og:url\" content=\"https:\/\/yourplastics.es\/ca\/producto\/bolard-amb-cap-diamant\/\" \/>\n<meta property=\"og:site_name\" content=\"Yourplastics.es\" \/>\n<meta property=\"article:modified_time\" content=\"2024-05-23T09:43:06+00:00\" \/>\n<meta property=\"og:image\" content=\"https:\/\/yourplastics.es\/wp-content\/uploads\/2024\/03\/301200_Poller_Diamantkopf_3D_hohl_1721.jpg\" \/>\n\t<meta property=\"og:image:width\" content=\"1600\" \/>\n\t<meta property=\"og:image:height\" content=\"1015\" \/>\n\t<meta property=\"og:image:type\" content=\"image\/jpeg\" \/>\n<meta name=\"twitter:card\" content=\"summary_large_image\" \/>\n<script type=\"application\/ld+json\" class=\"yoast-schema-graph\">{\"@context\":\"https:\/\/schema.org\",\"@graph\":[{\"@type\":\"WebPage\",\"@id\":\"https:\/\/yourplastics.es\/ca\/producto\/bolard-amb-cap-diamant\/\",\"url\":\"https:\/\/yourplastics.es\/ca\/producto\/bolard-amb-cap-diamant\/\",\"name\":\"Bol\u00b7lard amb cap diamant - Yourplastics.es\",\"isPartOf\":{\"@id\":\"https:\/\/yourplastics.es\/#website\"},\"primaryImageOfPage\":{\"@id\":\"https:\/\/yourplastics.es\/ca\/producto\/bolard-amb-cap-diamant\/#primaryimage\"},\"image\":{\"@id\":\"https:\/\/yourplastics.es\/ca\/producto\/bolard-amb-cap-diamant\/#primaryimage\"},\"thumbnailUrl\":\"https:\/\/yourplastics.es\/wp-content\/uploads\/2024\/03\/301200_Poller_Diamantkopf_3D_hohl_1721.jpg\",\"datePublished\":\"2024-03-04T09:08:35+00:00\",\"dateModified\":\"2024-05-23T09:43:06+00:00\",\"breadcrumb\":{\"@id\":\"https:\/\/yourplastics.es\/ca\/producto\/bolard-amb-cap-diamant\/#breadcrumb\"},\"inLanguage\":\"ca\",\"potentialAction\":[{\"@type\":\"ReadAction\",\"target\":[\"https:\/\/yourplastics.es\/ca\/producto\/bolard-amb-cap-diamant\/\"]}]},{\"@type\":\"ImageObject\",\"inLanguage\":\"ca\",\"@id\":\"https:\/\/yourplastics.es\/ca\/producto\/bolard-amb-cap-diamant\/#primaryimage\",\"url\":\"https:\/\/yourplastics.es\/wp-content\/uploads\/2024\/03\/301200_Poller_Diamantkopf_3D_hohl_1721.jpg\",\"contentUrl\":\"https:\/\/yourplastics.es\/wp-content\/uploads\/2024\/03\/301200_Poller_Diamantkopf_3D_hohl_1721.jpg\",\"width\":1600,\"height\":1015},{\"@type\":\"BreadcrumbList\",\"@id\":\"https:\/\/yourplastics.es\/ca\/producto\/bolard-amb-cap-diamant\/#breadcrumb\",\"itemListElement\":[{\"@type\":\"ListItem\",\"position\":1,\"name\":\"Home\",\"item\":\"https:\/\/yourplastics.es\/ca\/\"},{\"@type\":\"ListItem\",\"position\":2,\"name\":\"Botiga\",\"item\":\"https:\/\/yourplastics.es\/ca\/tienda-2\/\"},{\"@type\":\"ListItem\",\"position\":3,\"name\":\"Bol\u00b7lard amb cap diamant\"}]},{\"@type\":\"WebSite\",\"@id\":\"https:\/\/yourplastics.es\/#website\",\"url\":\"https:\/\/yourplastics.es\/\",\"name\":\"Yourplastics\",\"description\":\"\",\"publisher\":{\"@id\":\"https:\/\/yourplastics.es\/#organization\"},\"potentialAction\":[{\"@type\":\"SearchAction\",\"target\":{\"@type\":\"EntryPoint\",\"urlTemplate\":\"https:\/\/yourplastics.es\/?s={search_term_string}\"},\"query-input\":\"required name=search_term_string\"}],\"inLanguage\":\"ca\"},{\"@type\":\"Organization\",\"@id\":\"https:\/\/yourplastics.es\/#organization\",\"name\":\"Yourplastics\",\"url\":\"https:\/\/yourplastics.es\/\",\"logo\":{\"@type\":\"ImageObject\",\"inLanguage\":\"ca\",\"@id\":\"https:\/\/yourplastics.es\/#\/schema\/logo\/image\/\",\"url\":\"https:\/\/yourplastics.es\/wp-content\/uploads\/2024\/08\/logo2-400x163-1.png\",\"contentUrl\":\"https:\/\/yourplastics.es\/wp-content\/uploads\/2024\/08\/logo2-400x163-1.png\",\"width\":400,\"height\":163,\"caption\":\"Yourplastics\"},\"image\":{\"@id\":\"https:\/\/yourplastics.es\/#\/schema\/logo\/image\/\"}}]}<\/script>\n<!-- \/ Yoast SEO plugin. -->","yoast_head_json":{"title":"Bol\u00b7lard amb cap diamant - Yourplastics.es","robots":{"index":"index","follow":"follow","max-snippet":"max-snippet:-1","max-image-preview":"max-image-preview:large","max-video-preview":"max-video-preview:-1"},"canonical":"https:\/\/yourplastics.es\/ca\/producto\/bolard-amb-cap-diamant\/","og_locale":"ca_ES","og_type":"article","og_title":"Bol\u00b7lard amb cap diamant - Yourplastics.es","og_description":"Informaci\u00f3 del producte \"Bolardo amb cap diamant\"   Els bol\u00b7lards hanit\u00ae s\u00f3n la efica\u00e7 ajuda, per guiar el tr\u00e0nsit als camins desitjats en forma tranquil\u00b7la. Protegeix les sendes de vianants i de bicicletes del mal aparcament. Pel cap en forma de diamant queda molt b\u00e9 en qualsevol entorn urb\u00e0.","og_url":"https:\/\/yourplastics.es\/ca\/producto\/bolard-amb-cap-diamant\/","og_site_name":"Yourplastics.es","article_modified_time":"2024-05-23T09:43:06+00:00","og_image":[{"width":1600,"height":1015,"url":"https:\/\/yourplastics.es\/wp-content\/uploads\/2024\/03\/301200_Poller_Diamantkopf_3D_hohl_1721.jpg","type":"image\/jpeg"}],"twitter_card":"summary_large_image","schema":{"@context":"https:\/\/schema.org","@graph":[{"@type":"WebPage","@id":"https:\/\/yourplastics.es\/ca\/producto\/bolard-amb-cap-diamant\/","url":"https:\/\/yourplastics.es\/ca\/producto\/bolard-amb-cap-diamant\/","name":"Bol\u00b7lard amb cap diamant - Yourplastics.es","isPartOf":{"@id":"https:\/\/yourplastics.es\/#website"},"primaryImageOfPage":{"@id":"https:\/\/yourplastics.es\/ca\/producto\/bolard-amb-cap-diamant\/#primaryimage"},"image":{"@id":"https:\/\/yourplastics.es\/ca\/producto\/bolard-amb-cap-diamant\/#primaryimage"},"thumbnailUrl":"https:\/\/yourplastics.es\/wp-content\/uploads\/2024\/03\/301200_Poller_Diamantkopf_3D_hohl_1721.jpg","datePublished":"2024-03-04T09:08:35+00:00","dateModified":"2024-05-23T09:43:06+00:00","breadcrumb":{"@id":"https:\/\/yourplastics.es\/ca\/producto\/bolard-amb-cap-diamant\/#breadcrumb"},"inLanguage":"ca","potentialAction":[{"@type":"ReadAction","target":["https:\/\/yourplastics.es\/ca\/producto\/bolard-amb-cap-diamant\/"]}]},{"@type":"ImageObject","inLanguage":"ca","@id":"https:\/\/yourplastics.es\/ca\/producto\/bolard-amb-cap-diamant\/#primaryimage","url":"https:\/\/yourplastics.es\/wp-content\/uploads\/2024\/03\/301200_Poller_Diamantkopf_3D_hohl_1721.jpg","contentUrl":"https:\/\/yourplastics.es\/wp-content\/uploads\/2024\/03\/301200_Poller_Diamantkopf_3D_hohl_1721.jpg","width":1600,"height":1015},{"@type":"BreadcrumbList","@id":"https:\/\/yourplastics.es\/ca\/producto\/bolard-amb-cap-diamant\/#breadcrumb","itemListElement":[{"@type":"ListItem","position":1,"name":"Home","item":"https:\/\/yourplastics.es\/ca\/"},{"@type":"ListItem","position":2,"name":"Botiga","item":"https:\/\/yourplastics.es\/ca\/tienda-2\/"},{"@type":"ListItem","position":3,"name":"Bol\u00b7lard amb cap diamant"}]},{"@type":"WebSite","@id":"https:\/\/yourplastics.es\/#website","url":"https:\/\/yourplastics.es\/","name":"Yourplastics","description":"","publisher":{"@id":"https:\/\/yourplastics.es\/#organization"},"potentialAction":[{"@type":"SearchAction","target":{"@type":"EntryPoint","urlTemplate":"https:\/\/yourplastics.es\/?s={search_term_string}"},"query-input":"required name=search_term_string"}],"inLanguage":"ca"},{"@type":"Organization","@id":"https:\/\/yourplastics.es\/#organization","name":"Yourplastics","url":"https:\/\/yourplastics.es\/","logo":{"@type":"ImageObject","inLanguage":"ca","@id":"https:\/\/yourplastics.es\/#\/schema\/logo\/image\/","url":"https:\/\/yourplastics.es\/wp-content\/uploads\/2024\/08\/logo2-400x163-1.png","contentUrl":"https:\/\/yourplastics.es\/wp-content\/uploads\/2024\/08\/logo2-400x163-1.png","width":400,"height":163,"caption":"Yourplastics"},"image":{"@id":"https:\/\/yourplastics.es\/#\/schema\/logo\/image\/"}}]}},"_links":{"self":[{"href":"https:\/\/yourplastics.es\/ca\/wp-json\/wp\/v2\/product\/6307","targetHints":{"allow":["GET"]}}],"collection":[{"href":"https:\/\/yourplastics.es\/ca\/wp-json\/wp\/v2\/product"}],"about":[{"href":"https:\/\/yourplastics.es\/ca\/wp-json\/wp\/v2\/types\/product"}],"replies":[{"embeddable":true,"href":"https:\/\/yourplastics.es\/ca\/wp-json\/wp\/v2\/comments?post=6307"}],"wp:featuredmedia":[{"embeddable":true,"href":"https:\/\/yourplastics.es\/ca\/wp-json\/wp\/v2\/media\/2523"}],"wp:attachment":[{"href":"https:\/\/yourplastics.es\/ca\/wp-json\/wp\/v2\/media?parent=6307"}],"wp:term":[{"taxonomy":"product_cat","embeddable":true,"href":"https:\/\/yourplastics.es\/ca\/wp-json\/wp\/v2\/product_cat?post=6307"},{"taxonomy":"product_tag","embeddable":true,"href":"https:\/\/yourplastics.es\/ca\/wp-json\/wp\/v2\/product_tag?post=6307"}],"curies":[{"name":"wp","href":"https:\/\/api.w.org\/{rel}","templated":true}]}}