{"id":6293,"date":"2024-03-04T09:08:34","date_gmt":"2024-03-04T09:08:34","guid":{"rendered":"https:\/\/yourplastics.es\/producto\/taula-reforcada\/"},"modified":"2024-05-23T09:08:11","modified_gmt":"2024-05-23T09:08:11","slug":"taula-reforcada","status":"publish","type":"product","link":"https:\/\/yourplastics.es\/ca\/producto\/taula-reforcada\/","title":{"rendered":"Taula (refor\u00e7ada)"},"content":{"rendered":"<ul>\n<li>Dimensions del perfil: 4,2 x 12 x 250 cm<\/li>\n<li>Extremadament estable degut al refor\u00e7 d&#8217;acer intern<\/li>\n<li>Perfecte per a obertures de majors envergadures<\/li>\n<li>Per a solucions individuals<\/li>\n<li>No li afecten les mossegades dels animals<\/li>\n<li>F\u00e0cil de mecanitzar, com la fusta<\/li>\n<\/ul>\n<p>Les unitats d&#8217;embalatge nom\u00e9s serveixen per orientaci\u00f3. No s\u00f3n quantitats m\u00ednimes a demanar. Els productes el llarg dels quals \u00e9s superior a 200 cm s&#8217;embalen en palets dobles.<\/p>\n<h3 data-fontsize=\"20\" data-lineheight=\"29\">Informaci\u00f3 addicional<\/h3>\n<table class=\"woocommerce-product-attributes shop_attributes\">\n<tbody>\n<tr class=\"woocommerce-product-attributes-item woocommerce-product-attributes-item--attribute_color\">\n<th class=\"woocommerce-product-attributes-item__label\">Color<\/th>\n<td class=\"woocommerce-product-attributes-item__value\">gris, marr\u00f3<\/td>\n<\/tr>\n<\/tbody>\n<\/table>\n","protected":false},"excerpt":{"rendered":"<div class=\"content--title\">Informaci\u00f3 del producte &#8220;Taula (refor\u00e7ada)&#8221;<\/div>\n<div class=\"product--description\">\n<p>El perfil indicat per a la construcci\u00f3 de tanques. Ja sigui en corrals, praderies, tanques, delimitaci\u00f3 de camins i baranes, els efectes de la putrefacci\u00f3 per la inteperie ja no existeixen. De la mateixa manera desapareix el problema de les mossegades dels animals i per tant el risc de lesions per estelles o perfils trencats, i tamb\u00e9 no hi ha riscos per a la salut per no tenir impregnacions t\u00f2xiques. A tots aquests beneficis cal afegir la robustesa, estabilitat, resist\u00e8ncia a la intemp\u00e8rie i llarga vida \u00fatil dels nous perfils refor\u00e7ats.<\/p>\n<\/div>\n","protected":false},"featured_media":2457,"comment_status":"open","ping_status":"closed","template":"","meta":[],"product_cat":[211,204],"product_tag":[],"class_list":{"0":"post-6293","1":"product","2":"type-product","3":"status-publish","4":"has-post-thumbnail","6":"product_cat-edificacio-i-construccio","7":"product_cat-taulons-tarimes","9":"first","10":"instock","11":"shipping-taxable","12":"product-type-simple"},"yoast_head":"<!-- This site is optimized with the Yoast SEO plugin v23.2 - https:\/\/yoast.com\/wordpress\/plugins\/seo\/ -->\n<title>Taula (refor\u00e7ada) - Yourplastics.es<\/title>\n<meta name=\"robots\" content=\"index, follow, max-snippet:-1, max-image-preview:large, max-video-preview:-1\" \/>\n<link rel=\"canonical\" href=\"https:\/\/yourplastics.es\/ca\/producto\/taula-reforcada\/\" \/>\n<meta property=\"og:locale\" content=\"ca_ES\" \/>\n<meta property=\"og:type\" content=\"article\" \/>\n<meta property=\"og:title\" content=\"Taula (refor\u00e7ada) - Yourplastics.es\" \/>\n<meta property=\"og:description\" content=\"Informaci\u00f3 del producte &quot;Taula (refor\u00e7ada)&quot;   El perfil indicat per a la construcci\u00f3 de tanques. Ja sigui en corrals, praderies, tanques, delimitaci\u00f3 de camins i baranes, els efectes de la putrefacci\u00f3 per la inteperie ja no existeixen. De la mateixa manera desapareix el problema de les mossegades dels animals i per tant el risc de lesions per estelles o perfils trencats, i tamb\u00e9 no hi ha riscos per a la salut per no tenir impregnacions t\u00f2xiques. A tots aquests beneficis cal afegir la robustesa, estabilitat, resist\u00e8ncia a la intemp\u00e8rie i llarga vida \u00fatil dels nous perfils refor\u00e7ats.\" \/>\n<meta property=\"og:url\" content=\"https:\/\/yourplastics.es\/ca\/producto\/taula-reforcada\/\" \/>\n<meta property=\"og:site_name\" content=\"Yourplastics.es\" \/>\n<meta property=\"article:modified_time\" content=\"2024-05-23T09:08:11+00:00\" \/>\n<meta property=\"og:image\" content=\"https:\/\/yourplastics.es\/wp-content\/uploads\/2024\/03\/102400_Brettprofile_armiert_3D_3256.jpg\" \/>\n\t<meta property=\"og:image:width\" content=\"1600\" \/>\n\t<meta property=\"og:image:height\" content=\"898\" \/>\n\t<meta property=\"og:image:type\" content=\"image\/jpeg\" \/>\n<meta name=\"twitter:card\" content=\"summary_large_image\" \/>\n<script type=\"application\/ld+json\" class=\"yoast-schema-graph\">{\"@context\":\"https:\/\/schema.org\",\"@graph\":[{\"@type\":\"WebPage\",\"@id\":\"https:\/\/yourplastics.es\/ca\/producto\/taula-reforcada\/\",\"url\":\"https:\/\/yourplastics.es\/ca\/producto\/taula-reforcada\/\",\"name\":\"Taula (refor\u00e7ada) - Yourplastics.es\",\"isPartOf\":{\"@id\":\"https:\/\/yourplastics.es\/#website\"},\"primaryImageOfPage\":{\"@id\":\"https:\/\/yourplastics.es\/ca\/producto\/taula-reforcada\/#primaryimage\"},\"image\":{\"@id\":\"https:\/\/yourplastics.es\/ca\/producto\/taula-reforcada\/#primaryimage\"},\"thumbnailUrl\":\"https:\/\/yourplastics.es\/wp-content\/uploads\/2024\/03\/102400_Brettprofile_armiert_3D_3256.jpg\",\"datePublished\":\"2024-03-04T09:08:34+00:00\",\"dateModified\":\"2024-05-23T09:08:11+00:00\",\"breadcrumb\":{\"@id\":\"https:\/\/yourplastics.es\/ca\/producto\/taula-reforcada\/#breadcrumb\"},\"inLanguage\":\"ca\",\"potentialAction\":[{\"@type\":\"ReadAction\",\"target\":[\"https:\/\/yourplastics.es\/ca\/producto\/taula-reforcada\/\"]}]},{\"@type\":\"ImageObject\",\"inLanguage\":\"ca\",\"@id\":\"https:\/\/yourplastics.es\/ca\/producto\/taula-reforcada\/#primaryimage\",\"url\":\"https:\/\/yourplastics.es\/wp-content\/uploads\/2024\/03\/102400_Brettprofile_armiert_3D_3256.jpg\",\"contentUrl\":\"https:\/\/yourplastics.es\/wp-content\/uploads\/2024\/03\/102400_Brettprofile_armiert_3D_3256.jpg\",\"width\":1600,\"height\":898},{\"@type\":\"BreadcrumbList\",\"@id\":\"https:\/\/yourplastics.es\/ca\/producto\/taula-reforcada\/#breadcrumb\",\"itemListElement\":[{\"@type\":\"ListItem\",\"position\":1,\"name\":\"Home\",\"item\":\"https:\/\/yourplastics.es\/ca\/\"},{\"@type\":\"ListItem\",\"position\":2,\"name\":\"Botiga\",\"item\":\"https:\/\/yourplastics.es\/ca\/tienda-2\/\"},{\"@type\":\"ListItem\",\"position\":3,\"name\":\"Taula (refor\u00e7ada)\"}]},{\"@type\":\"WebSite\",\"@id\":\"https:\/\/yourplastics.es\/#website\",\"url\":\"https:\/\/yourplastics.es\/\",\"name\":\"Yourplastics\",\"description\":\"\",\"publisher\":{\"@id\":\"https:\/\/yourplastics.es\/#organization\"},\"potentialAction\":[{\"@type\":\"SearchAction\",\"target\":{\"@type\":\"EntryPoint\",\"urlTemplate\":\"https:\/\/yourplastics.es\/?s={search_term_string}\"},\"query-input\":\"required name=search_term_string\"}],\"inLanguage\":\"ca\"},{\"@type\":\"Organization\",\"@id\":\"https:\/\/yourplastics.es\/#organization\",\"name\":\"Yourplastics\",\"url\":\"https:\/\/yourplastics.es\/\",\"logo\":{\"@type\":\"ImageObject\",\"inLanguage\":\"ca\",\"@id\":\"https:\/\/yourplastics.es\/#\/schema\/logo\/image\/\",\"url\":\"https:\/\/yourplastics.es\/wp-content\/uploads\/2024\/08\/logo2-400x163-1.png\",\"contentUrl\":\"https:\/\/yourplastics.es\/wp-content\/uploads\/2024\/08\/logo2-400x163-1.png\",\"width\":400,\"height\":163,\"caption\":\"Yourplastics\"},\"image\":{\"@id\":\"https:\/\/yourplastics.es\/#\/schema\/logo\/image\/\"}}]}<\/script>\n<!-- \/ Yoast SEO plugin. -->","yoast_head_json":{"title":"Taula (refor\u00e7ada) - Yourplastics.es","robots":{"index":"index","follow":"follow","max-snippet":"max-snippet:-1","max-image-preview":"max-image-preview:large","max-video-preview":"max-video-preview:-1"},"canonical":"https:\/\/yourplastics.es\/ca\/producto\/taula-reforcada\/","og_locale":"ca_ES","og_type":"article","og_title":"Taula (refor\u00e7ada) - Yourplastics.es","og_description":"Informaci\u00f3 del producte \"Taula (refor\u00e7ada)\"   El perfil indicat per a la construcci\u00f3 de tanques. Ja sigui en corrals, praderies, tanques, delimitaci\u00f3 de camins i baranes, els efectes de la putrefacci\u00f3 per la inteperie ja no existeixen. De la mateixa manera desapareix el problema de les mossegades dels animals i per tant el risc de lesions per estelles o perfils trencats, i tamb\u00e9 no hi ha riscos per a la salut per no tenir impregnacions t\u00f2xiques. A tots aquests beneficis cal afegir la robustesa, estabilitat, resist\u00e8ncia a la intemp\u00e8rie i llarga vida \u00fatil dels nous perfils refor\u00e7ats.","og_url":"https:\/\/yourplastics.es\/ca\/producto\/taula-reforcada\/","og_site_name":"Yourplastics.es","article_modified_time":"2024-05-23T09:08:11+00:00","og_image":[{"width":1600,"height":898,"url":"https:\/\/yourplastics.es\/wp-content\/uploads\/2024\/03\/102400_Brettprofile_armiert_3D_3256.jpg","type":"image\/jpeg"}],"twitter_card":"summary_large_image","schema":{"@context":"https:\/\/schema.org","@graph":[{"@type":"WebPage","@id":"https:\/\/yourplastics.es\/ca\/producto\/taula-reforcada\/","url":"https:\/\/yourplastics.es\/ca\/producto\/taula-reforcada\/","name":"Taula (refor\u00e7ada) - Yourplastics.es","isPartOf":{"@id":"https:\/\/yourplastics.es\/#website"},"primaryImageOfPage":{"@id":"https:\/\/yourplastics.es\/ca\/producto\/taula-reforcada\/#primaryimage"},"image":{"@id":"https:\/\/yourplastics.es\/ca\/producto\/taula-reforcada\/#primaryimage"},"thumbnailUrl":"https:\/\/yourplastics.es\/wp-content\/uploads\/2024\/03\/102400_Brettprofile_armiert_3D_3256.jpg","datePublished":"2024-03-04T09:08:34+00:00","dateModified":"2024-05-23T09:08:11+00:00","breadcrumb":{"@id":"https:\/\/yourplastics.es\/ca\/producto\/taula-reforcada\/#breadcrumb"},"inLanguage":"ca","potentialAction":[{"@type":"ReadAction","target":["https:\/\/yourplastics.es\/ca\/producto\/taula-reforcada\/"]}]},{"@type":"ImageObject","inLanguage":"ca","@id":"https:\/\/yourplastics.es\/ca\/producto\/taula-reforcada\/#primaryimage","url":"https:\/\/yourplastics.es\/wp-content\/uploads\/2024\/03\/102400_Brettprofile_armiert_3D_3256.jpg","contentUrl":"https:\/\/yourplastics.es\/wp-content\/uploads\/2024\/03\/102400_Brettprofile_armiert_3D_3256.jpg","width":1600,"height":898},{"@type":"BreadcrumbList","@id":"https:\/\/yourplastics.es\/ca\/producto\/taula-reforcada\/#breadcrumb","itemListElement":[{"@type":"ListItem","position":1,"name":"Home","item":"https:\/\/yourplastics.es\/ca\/"},{"@type":"ListItem","position":2,"name":"Botiga","item":"https:\/\/yourplastics.es\/ca\/tienda-2\/"},{"@type":"ListItem","position":3,"name":"Taula (refor\u00e7ada)"}]},{"@type":"WebSite","@id":"https:\/\/yourplastics.es\/#website","url":"https:\/\/yourplastics.es\/","name":"Yourplastics","description":"","publisher":{"@id":"https:\/\/yourplastics.es\/#organization"},"potentialAction":[{"@type":"SearchAction","target":{"@type":"EntryPoint","urlTemplate":"https:\/\/yourplastics.es\/?s={search_term_string}"},"query-input":"required name=search_term_string"}],"inLanguage":"ca"},{"@type":"Organization","@id":"https:\/\/yourplastics.es\/#organization","name":"Yourplastics","url":"https:\/\/yourplastics.es\/","logo":{"@type":"ImageObject","inLanguage":"ca","@id":"https:\/\/yourplastics.es\/#\/schema\/logo\/image\/","url":"https:\/\/yourplastics.es\/wp-content\/uploads\/2024\/08\/logo2-400x163-1.png","contentUrl":"https:\/\/yourplastics.es\/wp-content\/uploads\/2024\/08\/logo2-400x163-1.png","width":400,"height":163,"caption":"Yourplastics"},"image":{"@id":"https:\/\/yourplastics.es\/#\/schema\/logo\/image\/"}}]}},"_links":{"self":[{"href":"https:\/\/yourplastics.es\/ca\/wp-json\/wp\/v2\/product\/6293","targetHints":{"allow":["GET"]}}],"collection":[{"href":"https:\/\/yourplastics.es\/ca\/wp-json\/wp\/v2\/product"}],"about":[{"href":"https:\/\/yourplastics.es\/ca\/wp-json\/wp\/v2\/types\/product"}],"replies":[{"embeddable":true,"href":"https:\/\/yourplastics.es\/ca\/wp-json\/wp\/v2\/comments?post=6293"}],"wp:featuredmedia":[{"embeddable":true,"href":"https:\/\/yourplastics.es\/ca\/wp-json\/wp\/v2\/media\/2457"}],"wp:attachment":[{"href":"https:\/\/yourplastics.es\/ca\/wp-json\/wp\/v2\/media?parent=6293"}],"wp:term":[{"taxonomy":"product_cat","embeddable":true,"href":"https:\/\/yourplastics.es\/ca\/wp-json\/wp\/v2\/product_cat?post=6293"},{"taxonomy":"product_tag","embeddable":true,"href":"https:\/\/yourplastics.es\/ca\/wp-json\/wp\/v2\/product_tag?post=6293"}],"curies":[{"name":"wp","href":"https:\/\/api.w.org\/{rel}","templated":true}]}}