{"id":6284,"date":"2024-03-04T09:08:34","date_gmt":"2024-03-04T09:08:34","guid":{"rendered":"https:\/\/yourplastics.es\/producto\/barrera-anti-cau\/"},"modified":"2024-05-23T09:18:27","modified_gmt":"2024-05-23T09:18:27","slug":"barrera-anti-cau","status":"publish","type":"product","link":"https:\/\/yourplastics.es\/ca\/producto\/barrera-anti-cau\/","title":{"rendered":"Barrera anti cau"},"content":{"rendered":"<ul>\n<li>Gruix: 2,5 cm<\/li>\n<li>Alt: 40 y 50 cm<\/li>\n<li>Llarg: 200 cm<\/li>\n<li>Atura l&#8217;accionar dels animals<\/li>\n<li>Perforacions antinegats<\/li>\n<li>Per a \u00fas p\u00fablic o privat<\/li>\n<li>Excel\u00b7lent connexi\u00f3 amb el tancat<\/li>\n<\/ul>\n<p>Les unitats d&#8217;embalatge nom\u00e9s serveixen per orientaci\u00f3. No s\u00f3n quantitats m\u00ednimes a demanar. Embalat a palet doble.<\/p>\n<h3 data-fontsize=\"20\" data-lineheight=\"29\">Informaci\u00f3 addicional<\/h3>\n<table class=\"woocommerce-product-attributes shop_attributes\">\n<tbody>\n<tr class=\"woocommerce-product-attributes-item woocommerce-product-attributes-item--attribute_amplada\">\n<th class=\"woocommerce-product-attributes-item__label\">Amplada<\/th>\n<td class=\"woocommerce-product-attributes-item__value\">40 cm, 50 cm<\/td>\n<\/tr>\n<\/tbody>\n<\/table>\n","protected":false},"excerpt":{"rendered":"<div class=\"content--title\">Informaci\u00f3 del producte &#8220;Barrera antimadriguera&#8221;<\/div>\n<div class=\"product--description\">Perqu\u00e8 el tancat compleixi perfectament la seva funci\u00f3, nom\u00e9s l&#8217;ajuda de les nostres especials plaques antimadriguera ho aconsegueixen. El perill de l&#8217;accionar dels animals es redueix totalment i les perforacions existents permeten una uni\u00f3 segura de la placa amb la malla met\u00e0l\u00b7lica.<\/div>\n","protected":false},"featured_media":2425,"comment_status":"open","ping_status":"closed","template":"","meta":[],"product_cat":[211,205],"product_tag":[],"class_list":{"0":"post-6284","1":"product","2":"type-product","3":"status-publish","4":"has-post-thumbnail","6":"product_cat-edificacio-i-construccio","7":"product_cat-plaques-estandard","9":"first","10":"instock","11":"shipping-taxable","12":"product-type-simple"},"yoast_head":"<!-- This site is optimized with the Yoast SEO plugin v23.2 - https:\/\/yoast.com\/wordpress\/plugins\/seo\/ -->\n<title>Barrera anti cau - Yourplastics.es<\/title>\n<meta name=\"robots\" content=\"index, follow, max-snippet:-1, max-image-preview:large, max-video-preview:-1\" \/>\n<link rel=\"canonical\" href=\"https:\/\/yourplastics.es\/ca\/producto\/barrera-anti-cau\/\" \/>\n<meta property=\"og:locale\" content=\"ca_ES\" \/>\n<meta property=\"og:type\" content=\"article\" \/>\n<meta property=\"og:title\" content=\"Barrera anti cau - Yourplastics.es\" \/>\n<meta property=\"og:description\" content=\"Informaci\u00f3 del producte &quot;Barrera antimadriguera&quot; Perqu\u00e8 el tancat compleixi perfectament la seva funci\u00f3, nom\u00e9s l&#039;ajuda de les nostres especials plaques antimadriguera ho aconsegueixen. El perill de l&#039;accionar dels animals es redueix totalment i les perforacions existents permeten una uni\u00f3 segura de la placa amb la malla met\u00e0l\u00b7lica.\" \/>\n<meta property=\"og:url\" content=\"https:\/\/yourplastics.es\/ca\/producto\/barrera-anti-cau\/\" \/>\n<meta property=\"og:site_name\" content=\"Yourplastics.es\" \/>\n<meta property=\"article:modified_time\" content=\"2024-05-23T09:18:27+00:00\" \/>\n<meta property=\"og:image\" content=\"https:\/\/yourplastics.es\/wp-content\/uploads\/2024\/03\/UNTERGRABUNGSSCHUTZ_3D_2545nvlQ4xOvTK7g5.jpg\" \/>\n\t<meta property=\"og:image:width\" content=\"1600\" \/>\n\t<meta property=\"og:image:height\" content=\"691\" \/>\n\t<meta property=\"og:image:type\" content=\"image\/jpeg\" \/>\n<meta name=\"twitter:card\" content=\"summary_large_image\" \/>\n<script type=\"application\/ld+json\" class=\"yoast-schema-graph\">{\"@context\":\"https:\/\/schema.org\",\"@graph\":[{\"@type\":\"WebPage\",\"@id\":\"https:\/\/yourplastics.es\/ca\/producto\/barrera-anti-cau\/\",\"url\":\"https:\/\/yourplastics.es\/ca\/producto\/barrera-anti-cau\/\",\"name\":\"Barrera anti cau - Yourplastics.es\",\"isPartOf\":{\"@id\":\"https:\/\/yourplastics.es\/#website\"},\"primaryImageOfPage\":{\"@id\":\"https:\/\/yourplastics.es\/ca\/producto\/barrera-anti-cau\/#primaryimage\"},\"image\":{\"@id\":\"https:\/\/yourplastics.es\/ca\/producto\/barrera-anti-cau\/#primaryimage\"},\"thumbnailUrl\":\"https:\/\/yourplastics.es\/wp-content\/uploads\/2024\/03\/UNTERGRABUNGSSCHUTZ_3D_2545nvlQ4xOvTK7g5.jpg\",\"datePublished\":\"2024-03-04T09:08:34+00:00\",\"dateModified\":\"2024-05-23T09:18:27+00:00\",\"breadcrumb\":{\"@id\":\"https:\/\/yourplastics.es\/ca\/producto\/barrera-anti-cau\/#breadcrumb\"},\"inLanguage\":\"ca\",\"potentialAction\":[{\"@type\":\"ReadAction\",\"target\":[\"https:\/\/yourplastics.es\/ca\/producto\/barrera-anti-cau\/\"]}]},{\"@type\":\"ImageObject\",\"inLanguage\":\"ca\",\"@id\":\"https:\/\/yourplastics.es\/ca\/producto\/barrera-anti-cau\/#primaryimage\",\"url\":\"https:\/\/yourplastics.es\/wp-content\/uploads\/2024\/03\/UNTERGRABUNGSSCHUTZ_3D_2545nvlQ4xOvTK7g5.jpg\",\"contentUrl\":\"https:\/\/yourplastics.es\/wp-content\/uploads\/2024\/03\/UNTERGRABUNGSSCHUTZ_3D_2545nvlQ4xOvTK7g5.jpg\",\"width\":1600,\"height\":691},{\"@type\":\"BreadcrumbList\",\"@id\":\"https:\/\/yourplastics.es\/ca\/producto\/barrera-anti-cau\/#breadcrumb\",\"itemListElement\":[{\"@type\":\"ListItem\",\"position\":1,\"name\":\"Home\",\"item\":\"https:\/\/yourplastics.es\/ca\/\"},{\"@type\":\"ListItem\",\"position\":2,\"name\":\"Botiga\",\"item\":\"https:\/\/yourplastics.es\/ca\/tienda-2\/\"},{\"@type\":\"ListItem\",\"position\":3,\"name\":\"Barrera anti cau\"}]},{\"@type\":\"WebSite\",\"@id\":\"https:\/\/yourplastics.es\/#website\",\"url\":\"https:\/\/yourplastics.es\/\",\"name\":\"Yourplastics\",\"description\":\"\",\"publisher\":{\"@id\":\"https:\/\/yourplastics.es\/#organization\"},\"potentialAction\":[{\"@type\":\"SearchAction\",\"target\":{\"@type\":\"EntryPoint\",\"urlTemplate\":\"https:\/\/yourplastics.es\/?s={search_term_string}\"},\"query-input\":\"required name=search_term_string\"}],\"inLanguage\":\"ca\"},{\"@type\":\"Organization\",\"@id\":\"https:\/\/yourplastics.es\/#organization\",\"name\":\"Yourplastics\",\"url\":\"https:\/\/yourplastics.es\/\",\"logo\":{\"@type\":\"ImageObject\",\"inLanguage\":\"ca\",\"@id\":\"https:\/\/yourplastics.es\/#\/schema\/logo\/image\/\",\"url\":\"https:\/\/yourplastics.es\/wp-content\/uploads\/2024\/08\/logo2-400x163-1.png\",\"contentUrl\":\"https:\/\/yourplastics.es\/wp-content\/uploads\/2024\/08\/logo2-400x163-1.png\",\"width\":400,\"height\":163,\"caption\":\"Yourplastics\"},\"image\":{\"@id\":\"https:\/\/yourplastics.es\/#\/schema\/logo\/image\/\"}}]}<\/script>\n<!-- \/ Yoast SEO plugin. -->","yoast_head_json":{"title":"Barrera anti cau - Yourplastics.es","robots":{"index":"index","follow":"follow","max-snippet":"max-snippet:-1","max-image-preview":"max-image-preview:large","max-video-preview":"max-video-preview:-1"},"canonical":"https:\/\/yourplastics.es\/ca\/producto\/barrera-anti-cau\/","og_locale":"ca_ES","og_type":"article","og_title":"Barrera anti cau - Yourplastics.es","og_description":"Informaci\u00f3 del producte \"Barrera antimadriguera\" Perqu\u00e8 el tancat compleixi perfectament la seva funci\u00f3, nom\u00e9s l'ajuda de les nostres especials plaques antimadriguera ho aconsegueixen. El perill de l'accionar dels animals es redueix totalment i les perforacions existents permeten una uni\u00f3 segura de la placa amb la malla met\u00e0l\u00b7lica.","og_url":"https:\/\/yourplastics.es\/ca\/producto\/barrera-anti-cau\/","og_site_name":"Yourplastics.es","article_modified_time":"2024-05-23T09:18:27+00:00","og_image":[{"width":1600,"height":691,"url":"https:\/\/yourplastics.es\/wp-content\/uploads\/2024\/03\/UNTERGRABUNGSSCHUTZ_3D_2545nvlQ4xOvTK7g5.jpg","type":"image\/jpeg"}],"twitter_card":"summary_large_image","schema":{"@context":"https:\/\/schema.org","@graph":[{"@type":"WebPage","@id":"https:\/\/yourplastics.es\/ca\/producto\/barrera-anti-cau\/","url":"https:\/\/yourplastics.es\/ca\/producto\/barrera-anti-cau\/","name":"Barrera anti cau - Yourplastics.es","isPartOf":{"@id":"https:\/\/yourplastics.es\/#website"},"primaryImageOfPage":{"@id":"https:\/\/yourplastics.es\/ca\/producto\/barrera-anti-cau\/#primaryimage"},"image":{"@id":"https:\/\/yourplastics.es\/ca\/producto\/barrera-anti-cau\/#primaryimage"},"thumbnailUrl":"https:\/\/yourplastics.es\/wp-content\/uploads\/2024\/03\/UNTERGRABUNGSSCHUTZ_3D_2545nvlQ4xOvTK7g5.jpg","datePublished":"2024-03-04T09:08:34+00:00","dateModified":"2024-05-23T09:18:27+00:00","breadcrumb":{"@id":"https:\/\/yourplastics.es\/ca\/producto\/barrera-anti-cau\/#breadcrumb"},"inLanguage":"ca","potentialAction":[{"@type":"ReadAction","target":["https:\/\/yourplastics.es\/ca\/producto\/barrera-anti-cau\/"]}]},{"@type":"ImageObject","inLanguage":"ca","@id":"https:\/\/yourplastics.es\/ca\/producto\/barrera-anti-cau\/#primaryimage","url":"https:\/\/yourplastics.es\/wp-content\/uploads\/2024\/03\/UNTERGRABUNGSSCHUTZ_3D_2545nvlQ4xOvTK7g5.jpg","contentUrl":"https:\/\/yourplastics.es\/wp-content\/uploads\/2024\/03\/UNTERGRABUNGSSCHUTZ_3D_2545nvlQ4xOvTK7g5.jpg","width":1600,"height":691},{"@type":"BreadcrumbList","@id":"https:\/\/yourplastics.es\/ca\/producto\/barrera-anti-cau\/#breadcrumb","itemListElement":[{"@type":"ListItem","position":1,"name":"Home","item":"https:\/\/yourplastics.es\/ca\/"},{"@type":"ListItem","position":2,"name":"Botiga","item":"https:\/\/yourplastics.es\/ca\/tienda-2\/"},{"@type":"ListItem","position":3,"name":"Barrera anti cau"}]},{"@type":"WebSite","@id":"https:\/\/yourplastics.es\/#website","url":"https:\/\/yourplastics.es\/","name":"Yourplastics","description":"","publisher":{"@id":"https:\/\/yourplastics.es\/#organization"},"potentialAction":[{"@type":"SearchAction","target":{"@type":"EntryPoint","urlTemplate":"https:\/\/yourplastics.es\/?s={search_term_string}"},"query-input":"required name=search_term_string"}],"inLanguage":"ca"},{"@type":"Organization","@id":"https:\/\/yourplastics.es\/#organization","name":"Yourplastics","url":"https:\/\/yourplastics.es\/","logo":{"@type":"ImageObject","inLanguage":"ca","@id":"https:\/\/yourplastics.es\/#\/schema\/logo\/image\/","url":"https:\/\/yourplastics.es\/wp-content\/uploads\/2024\/08\/logo2-400x163-1.png","contentUrl":"https:\/\/yourplastics.es\/wp-content\/uploads\/2024\/08\/logo2-400x163-1.png","width":400,"height":163,"caption":"Yourplastics"},"image":{"@id":"https:\/\/yourplastics.es\/#\/schema\/logo\/image\/"}}]}},"_links":{"self":[{"href":"https:\/\/yourplastics.es\/ca\/wp-json\/wp\/v2\/product\/6284","targetHints":{"allow":["GET"]}}],"collection":[{"href":"https:\/\/yourplastics.es\/ca\/wp-json\/wp\/v2\/product"}],"about":[{"href":"https:\/\/yourplastics.es\/ca\/wp-json\/wp\/v2\/types\/product"}],"replies":[{"embeddable":true,"href":"https:\/\/yourplastics.es\/ca\/wp-json\/wp\/v2\/comments?post=6284"}],"wp:featuredmedia":[{"embeddable":true,"href":"https:\/\/yourplastics.es\/ca\/wp-json\/wp\/v2\/media\/2425"}],"wp:attachment":[{"href":"https:\/\/yourplastics.es\/ca\/wp-json\/wp\/v2\/media?parent=6284"}],"wp:term":[{"taxonomy":"product_cat","embeddable":true,"href":"https:\/\/yourplastics.es\/ca\/wp-json\/wp\/v2\/product_cat?post=6284"},{"taxonomy":"product_tag","embeddable":true,"href":"https:\/\/yourplastics.es\/ca\/wp-json\/wp\/v2\/product_tag?post=6284"}],"curies":[{"name":"wp","href":"https:\/\/api.w.org\/{rel}","templated":true}]}}