{"id":6281,"date":"2024-03-04T09:20:05","date_gmt":"2024-03-04T09:20:05","guid":{"rendered":"https:\/\/yourplastics.es\/producto\/grup-serengeti\/"},"modified":"2024-09-03T10:17:59","modified_gmt":"2024-09-03T10:17:59","slug":"grup-serengeti-set-picnic","status":"publish","type":"product","link":"https:\/\/yourplastics.es\/ca\/producto\/grup-serengeti-set-picnic\/","title":{"rendered":"Grup Serengeti"},"content":{"rendered":"<ul>\n<li>6 taules per a bancs: 200\/180 x 10 x 4,7 cm<\/li>\n<li>6 taules per a taula: 200\/180 x 12 x 4,7 cm<\/li>\n<li>Disponible una variant amb taula extra llarga<\/li>\n<li>Opcional: sistema d&#8217;ancoratges tipus 3<\/li>\n<\/ul>\n<p>Bancs i taules s\u00f3n subministrats desarmats. Instruccions i material per al muntatge inclosos.<\/p>\n<p>Taula per a banc Serengeti 1 i 2: tipus Premium<br \/>\nTaula per a banc Serengeti 3: tipus Klassik<br \/>\n6 taules per a bancs: 200\/180 x 10 x 4,7 cm<br \/>\n6 taula per taula: 240\/200\/180 x 12 x 4,7 cm<br \/>\nAl\u00e7ada del seient: 46 cm<br \/>\nAl\u00e7ada de la taula: 76 cm<br \/>\nSuperf\u00edcie de la taula: 77 x 240\/200\/180 cm<br \/>\nVariant disponible amb llarg extra de taula (240 cm)<br \/>\nOpcional: sistema d&#8217;ancoratges tipus 3<\/p>\n","protected":false},"excerpt":{"rendered":"<div class=\"content--title\">Informaci\u00f3 del set de picnic &#8220;Grup Serengeti&#8221;<\/div>\n<div class=\"product--description\">Amb el grup Serengeti es posa l&#8217;\u00e8mfasi en la definici\u00f3 de grup. Aquesta perfecta combinaci\u00f3 de taula i bancs est\u00e0 fermament establerta com a mobiliari en c\u00e0mpings, centres de vacances i hostals &#8211; resumint a tot arreu on la gent vol reunir-se per gaudir d&#8217;un bon moment a l&#8217;aire lliure. Aquest conjunt \u00e9s el 100% de pl\u00e0stic reciclat. Un producte ecol\u00f2gic, sostenible i durader a la intemp\u00e8rie.<\/div>\n","protected":false},"featured_media":3218,"comment_status":"closed","ping_status":"closed","template":"","meta":[],"product_cat":[200,191],"product_tag":[],"class_list":{"0":"post-6281","1":"product","2":"type-product","3":"status-publish","4":"has-post-thumbnail","6":"product_cat-parcs-i-jardins","7":"product_cat-sets-picnic-ca","9":"first","10":"instock","11":"featured","12":"shipping-taxable","13":"product-type-simple"},"yoast_head":"<!-- This site is optimized with the Yoast SEO plugin v23.2 - https:\/\/yoast.com\/wordpress\/plugins\/seo\/ -->\n<title>Grup Serengeti - set de picnic de pl\u00e0stic 100% reciclat - Yourplastics.es<\/title>\n<meta name=\"description\" content=\"El conjunt de taula i bancs de picnic definitiu. Fet de pl\u00e0stic 100% reciclat. Un producte ecol\u00f2gic, sostenible i durader a la intemp\u00e8rie.\" \/>\n<meta name=\"robots\" content=\"index, follow, max-snippet:-1, max-image-preview:large, max-video-preview:-1\" \/>\n<link rel=\"canonical\" href=\"https:\/\/yourplastics.es\/ca\/producto\/grup-serengeti-set-picnic\/\" \/>\n<meta property=\"og:locale\" content=\"ca_ES\" \/>\n<meta property=\"og:type\" content=\"article\" \/>\n<meta property=\"og:title\" content=\"Grup Serengeti - set de picnic de pl\u00e0stic 100% reciclat - Yourplastics.es\" \/>\n<meta property=\"og:description\" content=\"El conjunt de taula i bancs de picnic definitiu. Fet de pl\u00e0stic 100% reciclat. Un producte ecol\u00f2gic, sostenible i durader a la intemp\u00e8rie.\" \/>\n<meta property=\"og:url\" content=\"https:\/\/yourplastics.es\/ca\/producto\/grup-serengeti-set-picnic\/\" \/>\n<meta property=\"og:site_name\" content=\"Yourplastics.es\" \/>\n<meta property=\"article:modified_time\" content=\"2024-09-03T10:17:59+00:00\" \/>\n<meta name=\"twitter:card\" content=\"summary_large_image\" \/>\n<meta name=\"twitter:label1\" content=\"Temps estimat de lectura\" \/>\n\t<meta name=\"twitter:data1\" content=\"1 minut\" \/>\n<script type=\"application\/ld+json\" class=\"yoast-schema-graph\">{\"@context\":\"https:\/\/schema.org\",\"@graph\":[{\"@type\":\"WebPage\",\"@id\":\"https:\/\/yourplastics.es\/ca\/producto\/grup-serengeti-set-picnic\/\",\"url\":\"https:\/\/yourplastics.es\/ca\/producto\/grup-serengeti-set-picnic\/\",\"name\":\"Grup Serengeti - set de picnic de pl\u00e0stic 100% reciclat - Yourplastics.es\",\"isPartOf\":{\"@id\":\"https:\/\/yourplastics.es\/#website\"},\"primaryImageOfPage\":{\"@id\":\"https:\/\/yourplastics.es\/ca\/producto\/grup-serengeti-set-picnic\/#primaryimage\"},\"image\":{\"@id\":\"https:\/\/yourplastics.es\/ca\/producto\/grup-serengeti-set-picnic\/#primaryimage\"},\"thumbnailUrl\":\"https:\/\/yourplastics.es\/wp-content\/uploads\/2024\/03\/504100-2_Serengeti_3D_Brown_1_1305.jpg\",\"datePublished\":\"2024-03-04T09:20:05+00:00\",\"dateModified\":\"2024-09-03T10:17:59+00:00\",\"description\":\"El conjunt de taula i bancs de picnic definitiu. Fet de pl\u00e0stic 100% reciclat. Un producte ecol\u00f2gic, sostenible i durader a la intemp\u00e8rie.\",\"breadcrumb\":{\"@id\":\"https:\/\/yourplastics.es\/ca\/producto\/grup-serengeti-set-picnic\/#breadcrumb\"},\"inLanguage\":\"ca\",\"potentialAction\":[{\"@type\":\"ReadAction\",\"target\":[\"https:\/\/yourplastics.es\/ca\/producto\/grup-serengeti-set-picnic\/\"]}]},{\"@type\":\"ImageObject\",\"inLanguage\":\"ca\",\"@id\":\"https:\/\/yourplastics.es\/ca\/producto\/grup-serengeti-set-picnic\/#primaryimage\",\"url\":\"https:\/\/yourplastics.es\/wp-content\/uploads\/2024\/03\/504100-2_Serengeti_3D_Brown_1_1305.jpg\",\"contentUrl\":\"https:\/\/yourplastics.es\/wp-content\/uploads\/2024\/03\/504100-2_Serengeti_3D_Brown_1_1305.jpg\",\"width\":1600,\"height\":851},{\"@type\":\"BreadcrumbList\",\"@id\":\"https:\/\/yourplastics.es\/ca\/producto\/grup-serengeti-set-picnic\/#breadcrumb\",\"itemListElement\":[{\"@type\":\"ListItem\",\"position\":1,\"name\":\"Home\",\"item\":\"https:\/\/yourplastics.es\/ca\/\"},{\"@type\":\"ListItem\",\"position\":2,\"name\":\"Botiga\",\"item\":\"https:\/\/yourplastics.es\/ca\/tienda-2\/\"},{\"@type\":\"ListItem\",\"position\":3,\"name\":\"Grup Serengeti\"}]},{\"@type\":\"WebSite\",\"@id\":\"https:\/\/yourplastics.es\/#website\",\"url\":\"https:\/\/yourplastics.es\/\",\"name\":\"Yourplastics\",\"description\":\"\",\"publisher\":{\"@id\":\"https:\/\/yourplastics.es\/#organization\"},\"potentialAction\":[{\"@type\":\"SearchAction\",\"target\":{\"@type\":\"EntryPoint\",\"urlTemplate\":\"https:\/\/yourplastics.es\/?s={search_term_string}\"},\"query-input\":\"required name=search_term_string\"}],\"inLanguage\":\"ca\"},{\"@type\":\"Organization\",\"@id\":\"https:\/\/yourplastics.es\/#organization\",\"name\":\"Yourplastics\",\"url\":\"https:\/\/yourplastics.es\/\",\"logo\":{\"@type\":\"ImageObject\",\"inLanguage\":\"ca\",\"@id\":\"https:\/\/yourplastics.es\/#\/schema\/logo\/image\/\",\"url\":\"https:\/\/yourplastics.es\/wp-content\/uploads\/2024\/08\/logo2-400x163-1.png\",\"contentUrl\":\"https:\/\/yourplastics.es\/wp-content\/uploads\/2024\/08\/logo2-400x163-1.png\",\"width\":400,\"height\":163,\"caption\":\"Yourplastics\"},\"image\":{\"@id\":\"https:\/\/yourplastics.es\/#\/schema\/logo\/image\/\"}}]}<\/script>\n<!-- \/ Yoast SEO plugin. -->","yoast_head_json":{"title":"Grup Serengeti - set de picnic de pl\u00e0stic 100% reciclat - Yourplastics.es","description":"El conjunt de taula i bancs de picnic definitiu. Fet de pl\u00e0stic 100% reciclat. Un producte ecol\u00f2gic, sostenible i durader a la intemp\u00e8rie.","robots":{"index":"index","follow":"follow","max-snippet":"max-snippet:-1","max-image-preview":"max-image-preview:large","max-video-preview":"max-video-preview:-1"},"canonical":"https:\/\/yourplastics.es\/ca\/producto\/grup-serengeti-set-picnic\/","og_locale":"ca_ES","og_type":"article","og_title":"Grup Serengeti - set de picnic de pl\u00e0stic 100% reciclat - Yourplastics.es","og_description":"El conjunt de taula i bancs de picnic definitiu. Fet de pl\u00e0stic 100% reciclat. Un producte ecol\u00f2gic, sostenible i durader a la intemp\u00e8rie.","og_url":"https:\/\/yourplastics.es\/ca\/producto\/grup-serengeti-set-picnic\/","og_site_name":"Yourplastics.es","article_modified_time":"2024-09-03T10:17:59+00:00","twitter_card":"summary_large_image","twitter_misc":{"Temps estimat de lectura":"1 minut"},"schema":{"@context":"https:\/\/schema.org","@graph":[{"@type":"WebPage","@id":"https:\/\/yourplastics.es\/ca\/producto\/grup-serengeti-set-picnic\/","url":"https:\/\/yourplastics.es\/ca\/producto\/grup-serengeti-set-picnic\/","name":"Grup Serengeti - set de picnic de pl\u00e0stic 100% reciclat - Yourplastics.es","isPartOf":{"@id":"https:\/\/yourplastics.es\/#website"},"primaryImageOfPage":{"@id":"https:\/\/yourplastics.es\/ca\/producto\/grup-serengeti-set-picnic\/#primaryimage"},"image":{"@id":"https:\/\/yourplastics.es\/ca\/producto\/grup-serengeti-set-picnic\/#primaryimage"},"thumbnailUrl":"https:\/\/yourplastics.es\/wp-content\/uploads\/2024\/03\/504100-2_Serengeti_3D_Brown_1_1305.jpg","datePublished":"2024-03-04T09:20:05+00:00","dateModified":"2024-09-03T10:17:59+00:00","description":"El conjunt de taula i bancs de picnic definitiu. Fet de pl\u00e0stic 100% reciclat. Un producte ecol\u00f2gic, sostenible i durader a la intemp\u00e8rie.","breadcrumb":{"@id":"https:\/\/yourplastics.es\/ca\/producto\/grup-serengeti-set-picnic\/#breadcrumb"},"inLanguage":"ca","potentialAction":[{"@type":"ReadAction","target":["https:\/\/yourplastics.es\/ca\/producto\/grup-serengeti-set-picnic\/"]}]},{"@type":"ImageObject","inLanguage":"ca","@id":"https:\/\/yourplastics.es\/ca\/producto\/grup-serengeti-set-picnic\/#primaryimage","url":"https:\/\/yourplastics.es\/wp-content\/uploads\/2024\/03\/504100-2_Serengeti_3D_Brown_1_1305.jpg","contentUrl":"https:\/\/yourplastics.es\/wp-content\/uploads\/2024\/03\/504100-2_Serengeti_3D_Brown_1_1305.jpg","width":1600,"height":851},{"@type":"BreadcrumbList","@id":"https:\/\/yourplastics.es\/ca\/producto\/grup-serengeti-set-picnic\/#breadcrumb","itemListElement":[{"@type":"ListItem","position":1,"name":"Home","item":"https:\/\/yourplastics.es\/ca\/"},{"@type":"ListItem","position":2,"name":"Botiga","item":"https:\/\/yourplastics.es\/ca\/tienda-2\/"},{"@type":"ListItem","position":3,"name":"Grup Serengeti"}]},{"@type":"WebSite","@id":"https:\/\/yourplastics.es\/#website","url":"https:\/\/yourplastics.es\/","name":"Yourplastics","description":"","publisher":{"@id":"https:\/\/yourplastics.es\/#organization"},"potentialAction":[{"@type":"SearchAction","target":{"@type":"EntryPoint","urlTemplate":"https:\/\/yourplastics.es\/?s={search_term_string}"},"query-input":"required name=search_term_string"}],"inLanguage":"ca"},{"@type":"Organization","@id":"https:\/\/yourplastics.es\/#organization","name":"Yourplastics","url":"https:\/\/yourplastics.es\/","logo":{"@type":"ImageObject","inLanguage":"ca","@id":"https:\/\/yourplastics.es\/#\/schema\/logo\/image\/","url":"https:\/\/yourplastics.es\/wp-content\/uploads\/2024\/08\/logo2-400x163-1.png","contentUrl":"https:\/\/yourplastics.es\/wp-content\/uploads\/2024\/08\/logo2-400x163-1.png","width":400,"height":163,"caption":"Yourplastics"},"image":{"@id":"https:\/\/yourplastics.es\/#\/schema\/logo\/image\/"}}]}},"_links":{"self":[{"href":"https:\/\/yourplastics.es\/ca\/wp-json\/wp\/v2\/product\/6281","targetHints":{"allow":["GET"]}}],"collection":[{"href":"https:\/\/yourplastics.es\/ca\/wp-json\/wp\/v2\/product"}],"about":[{"href":"https:\/\/yourplastics.es\/ca\/wp-json\/wp\/v2\/types\/product"}],"replies":[{"embeddable":true,"href":"https:\/\/yourplastics.es\/ca\/wp-json\/wp\/v2\/comments?post=6281"}],"wp:featuredmedia":[{"embeddable":true,"href":"https:\/\/yourplastics.es\/ca\/wp-json\/wp\/v2\/media\/3218"}],"wp:attachment":[{"href":"https:\/\/yourplastics.es\/ca\/wp-json\/wp\/v2\/media?parent=6281"}],"wp:term":[{"taxonomy":"product_cat","embeddable":true,"href":"https:\/\/yourplastics.es\/ca\/wp-json\/wp\/v2\/product_cat?post=6281"},{"taxonomy":"product_tag","embeddable":true,"href":"https:\/\/yourplastics.es\/ca\/wp-json\/wp\/v2\/product_tag?post=6281"}],"curies":[{"name":"wp","href":"https:\/\/api.w.org\/{rel}","templated":true}]}}