{"id":6279,"date":"2024-03-04T09:20:28","date_gmt":"2024-03-04T09:20:28","guid":{"rendered":"https:\/\/yourplastics.es\/producto\/grup-isola\/"},"modified":"2024-09-03T10:17:54","modified_gmt":"2024-09-03T10:17:54","slug":"grup-isola-set-picnic","status":"publish","type":"product","link":"https:\/\/yourplastics.es\/ca\/producto\/grup-isola-set-picnic\/","title":{"rendered":"Grup Isola"},"content":{"rendered":"<ul>\n<li>6 taules per a bancs: 180\/200 x 10 x 4,7 cm<\/li>\n<li>1 taula per taula: 180\/200 x 75 x 6,5 cm<\/li>\n<li>Al\u00e7ada del seient: 46 cm<\/li>\n<li>Al\u00e7ada de la taula: 78 cm<\/li>\n<li>Disponible en dos llargs<\/li>\n<li>Opcional: sistema d&#8217;ancoratges tipus 3<\/li>\n<\/ul>\n<p>Bancs i taules s\u00f3n subministrats desarmats. Instruccions i material per al muntatge inclosos<\/p>\n<p>Taula per a banc: tipus Premium<br \/>\n6 taules per a bancs: 180\/200 x 10 x 4,7 cm<br \/>\n1 Mesaplatte: 180\/200 x 75 x 6,5 cm<br \/>\nAl\u00e7ada del seient: 46 cm<br \/>\nAl\u00e7ada de la taula: 78 cm<br \/>\nSuperf\u00edcie de la taula: 75 x 180\/200 cm<br \/>\nPer cargolar<br \/>\nOpcional: sistema d&#8217;ancoratges tipus 3<\/p>\n","protected":false},"excerpt":{"rendered":"<div class=\"content--title\">Informaci\u00f3 del producte &#8220;Grup Isola&#8221;<\/div>\n<div class=\"product--description\">El set per a p\u00edcnic &#8220;Isola&#8221; t\u00e9 la taula de taula tancada, d&#8217;una sola pe\u00e7a. Com que les ranures s\u00f3n nom\u00e9s decoratives, s&#8217;obtenen molts avantatges: la taula es posa f\u00e0cilment, no cauen joguines per les ranures obertes, no s&#8217;acumula brut\u00edcia \u2013 la seva neteja \u00e9s molt r\u00e0pida.<\/div>\n<div>Aquest conjunt \u00e9s el 100% de pl\u00e0stic reciclat. Un producte ecol\u00f2gic, sostenible i durader a la intemp\u00e8rie.<\/div>\n","protected":false},"featured_media":3245,"comment_status":"closed","ping_status":"closed","template":"","meta":[],"product_cat":[200,191],"product_tag":[],"class_list":{"0":"post-6279","1":"product","2":"type-product","3":"status-publish","4":"has-post-thumbnail","6":"product_cat-parcs-i-jardins","7":"product_cat-sets-picnic-ca","9":"first","10":"instock","11":"shipping-taxable","12":"product-type-simple"},"yoast_head":"<!-- This site is optimized with the Yoast SEO plugin v23.2 - https:\/\/yoast.com\/wordpress\/plugins\/seo\/ -->\n<title>Grup Isola - set de picnic de pl\u00e0stic 100% reciclat - Yourplastics.es<\/title>\n<meta name=\"description\" content=\"El conjunt de taula i bancs de picnic definitiu. Fet de pl\u00e0stic 100% reciclat. Un producte ecol\u00f2gic, sostenible i durader a la intemp\u00e8rie.\" \/>\n<meta name=\"robots\" content=\"index, follow, max-snippet:-1, max-image-preview:large, max-video-preview:-1\" \/>\n<link rel=\"canonical\" href=\"https:\/\/yourplastics.es\/ca\/producto\/grup-isola-set-picnic\/\" \/>\n<meta property=\"og:locale\" content=\"ca_ES\" \/>\n<meta property=\"og:type\" content=\"article\" \/>\n<meta property=\"og:title\" content=\"Grup Isola - set de picnic de pl\u00e0stic 100% reciclat - Yourplastics.es\" \/>\n<meta property=\"og:description\" content=\"El conjunt de taula i bancs de picnic definitiu. Fet de pl\u00e0stic 100% reciclat. Un producte ecol\u00f2gic, sostenible i durader a la intemp\u00e8rie.\" \/>\n<meta property=\"og:url\" content=\"https:\/\/yourplastics.es\/ca\/producto\/grup-isola-set-picnic\/\" \/>\n<meta property=\"og:site_name\" content=\"Yourplastics.es\" \/>\n<meta property=\"article:modified_time\" content=\"2024-09-03T10:17:54+00:00\" \/>\n<meta name=\"twitter:card\" content=\"summary_large_image\" \/>\n<meta name=\"twitter:label1\" content=\"Temps estimat de lectura\" \/>\n\t<meta name=\"twitter:data1\" content=\"1 minut\" \/>\n<script type=\"application\/ld+json\" class=\"yoast-schema-graph\">{\"@context\":\"https:\/\/schema.org\",\"@graph\":[{\"@type\":\"WebPage\",\"@id\":\"https:\/\/yourplastics.es\/ca\/producto\/grup-isola-set-picnic\/\",\"url\":\"https:\/\/yourplastics.es\/ca\/producto\/grup-isola-set-picnic\/\",\"name\":\"Grup Isola - set de picnic de pl\u00e0stic 100% reciclat - Yourplastics.es\",\"isPartOf\":{\"@id\":\"https:\/\/yourplastics.es\/#website\"},\"primaryImageOfPage\":{\"@id\":\"https:\/\/yourplastics.es\/ca\/producto\/grup-isola-set-picnic\/#primaryimage\"},\"image\":{\"@id\":\"https:\/\/yourplastics.es\/ca\/producto\/grup-isola-set-picnic\/#primaryimage\"},\"thumbnailUrl\":\"https:\/\/yourplastics.es\/wp-content\/uploads\/2024\/03\/504100-1_Bank_Isola_3D_1313.jpg\",\"datePublished\":\"2024-03-04T09:20:28+00:00\",\"dateModified\":\"2024-09-03T10:17:54+00:00\",\"description\":\"El conjunt de taula i bancs de picnic definitiu. Fet de pl\u00e0stic 100% reciclat. Un producte ecol\u00f2gic, sostenible i durader a la intemp\u00e8rie.\",\"breadcrumb\":{\"@id\":\"https:\/\/yourplastics.es\/ca\/producto\/grup-isola-set-picnic\/#breadcrumb\"},\"inLanguage\":\"ca\",\"potentialAction\":[{\"@type\":\"ReadAction\",\"target\":[\"https:\/\/yourplastics.es\/ca\/producto\/grup-isola-set-picnic\/\"]}]},{\"@type\":\"ImageObject\",\"inLanguage\":\"ca\",\"@id\":\"https:\/\/yourplastics.es\/ca\/producto\/grup-isola-set-picnic\/#primaryimage\",\"url\":\"https:\/\/yourplastics.es\/wp-content\/uploads\/2024\/03\/504100-1_Bank_Isola_3D_1313.jpg\",\"contentUrl\":\"https:\/\/yourplastics.es\/wp-content\/uploads\/2024\/03\/504100-1_Bank_Isola_3D_1313.jpg\",\"width\":1600,\"height\":857},{\"@type\":\"BreadcrumbList\",\"@id\":\"https:\/\/yourplastics.es\/ca\/producto\/grup-isola-set-picnic\/#breadcrumb\",\"itemListElement\":[{\"@type\":\"ListItem\",\"position\":1,\"name\":\"Home\",\"item\":\"https:\/\/yourplastics.es\/ca\/\"},{\"@type\":\"ListItem\",\"position\":2,\"name\":\"Botiga\",\"item\":\"https:\/\/yourplastics.es\/ca\/tienda-2\/\"},{\"@type\":\"ListItem\",\"position\":3,\"name\":\"Grup Isola\"}]},{\"@type\":\"WebSite\",\"@id\":\"https:\/\/yourplastics.es\/#website\",\"url\":\"https:\/\/yourplastics.es\/\",\"name\":\"Yourplastics\",\"description\":\"\",\"publisher\":{\"@id\":\"https:\/\/yourplastics.es\/#organization\"},\"potentialAction\":[{\"@type\":\"SearchAction\",\"target\":{\"@type\":\"EntryPoint\",\"urlTemplate\":\"https:\/\/yourplastics.es\/?s={search_term_string}\"},\"query-input\":\"required name=search_term_string\"}],\"inLanguage\":\"ca\"},{\"@type\":\"Organization\",\"@id\":\"https:\/\/yourplastics.es\/#organization\",\"name\":\"Yourplastics\",\"url\":\"https:\/\/yourplastics.es\/\",\"logo\":{\"@type\":\"ImageObject\",\"inLanguage\":\"ca\",\"@id\":\"https:\/\/yourplastics.es\/#\/schema\/logo\/image\/\",\"url\":\"https:\/\/yourplastics.es\/wp-content\/uploads\/2024\/08\/logo2-400x163-1.png\",\"contentUrl\":\"https:\/\/yourplastics.es\/wp-content\/uploads\/2024\/08\/logo2-400x163-1.png\",\"width\":400,\"height\":163,\"caption\":\"Yourplastics\"},\"image\":{\"@id\":\"https:\/\/yourplastics.es\/#\/schema\/logo\/image\/\"}}]}<\/script>\n<!-- \/ Yoast SEO plugin. -->","yoast_head_json":{"title":"Grup Isola - set de picnic de pl\u00e0stic 100% reciclat - Yourplastics.es","description":"El conjunt de taula i bancs de picnic definitiu. Fet de pl\u00e0stic 100% reciclat. Un producte ecol\u00f2gic, sostenible i durader a la intemp\u00e8rie.","robots":{"index":"index","follow":"follow","max-snippet":"max-snippet:-1","max-image-preview":"max-image-preview:large","max-video-preview":"max-video-preview:-1"},"canonical":"https:\/\/yourplastics.es\/ca\/producto\/grup-isola-set-picnic\/","og_locale":"ca_ES","og_type":"article","og_title":"Grup Isola - set de picnic de pl\u00e0stic 100% reciclat - Yourplastics.es","og_description":"El conjunt de taula i bancs de picnic definitiu. Fet de pl\u00e0stic 100% reciclat. Un producte ecol\u00f2gic, sostenible i durader a la intemp\u00e8rie.","og_url":"https:\/\/yourplastics.es\/ca\/producto\/grup-isola-set-picnic\/","og_site_name":"Yourplastics.es","article_modified_time":"2024-09-03T10:17:54+00:00","twitter_card":"summary_large_image","twitter_misc":{"Temps estimat de lectura":"1 minut"},"schema":{"@context":"https:\/\/schema.org","@graph":[{"@type":"WebPage","@id":"https:\/\/yourplastics.es\/ca\/producto\/grup-isola-set-picnic\/","url":"https:\/\/yourplastics.es\/ca\/producto\/grup-isola-set-picnic\/","name":"Grup Isola - set de picnic de pl\u00e0stic 100% reciclat - Yourplastics.es","isPartOf":{"@id":"https:\/\/yourplastics.es\/#website"},"primaryImageOfPage":{"@id":"https:\/\/yourplastics.es\/ca\/producto\/grup-isola-set-picnic\/#primaryimage"},"image":{"@id":"https:\/\/yourplastics.es\/ca\/producto\/grup-isola-set-picnic\/#primaryimage"},"thumbnailUrl":"https:\/\/yourplastics.es\/wp-content\/uploads\/2024\/03\/504100-1_Bank_Isola_3D_1313.jpg","datePublished":"2024-03-04T09:20:28+00:00","dateModified":"2024-09-03T10:17:54+00:00","description":"El conjunt de taula i bancs de picnic definitiu. Fet de pl\u00e0stic 100% reciclat. Un producte ecol\u00f2gic, sostenible i durader a la intemp\u00e8rie.","breadcrumb":{"@id":"https:\/\/yourplastics.es\/ca\/producto\/grup-isola-set-picnic\/#breadcrumb"},"inLanguage":"ca","potentialAction":[{"@type":"ReadAction","target":["https:\/\/yourplastics.es\/ca\/producto\/grup-isola-set-picnic\/"]}]},{"@type":"ImageObject","inLanguage":"ca","@id":"https:\/\/yourplastics.es\/ca\/producto\/grup-isola-set-picnic\/#primaryimage","url":"https:\/\/yourplastics.es\/wp-content\/uploads\/2024\/03\/504100-1_Bank_Isola_3D_1313.jpg","contentUrl":"https:\/\/yourplastics.es\/wp-content\/uploads\/2024\/03\/504100-1_Bank_Isola_3D_1313.jpg","width":1600,"height":857},{"@type":"BreadcrumbList","@id":"https:\/\/yourplastics.es\/ca\/producto\/grup-isola-set-picnic\/#breadcrumb","itemListElement":[{"@type":"ListItem","position":1,"name":"Home","item":"https:\/\/yourplastics.es\/ca\/"},{"@type":"ListItem","position":2,"name":"Botiga","item":"https:\/\/yourplastics.es\/ca\/tienda-2\/"},{"@type":"ListItem","position":3,"name":"Grup Isola"}]},{"@type":"WebSite","@id":"https:\/\/yourplastics.es\/#website","url":"https:\/\/yourplastics.es\/","name":"Yourplastics","description":"","publisher":{"@id":"https:\/\/yourplastics.es\/#organization"},"potentialAction":[{"@type":"SearchAction","target":{"@type":"EntryPoint","urlTemplate":"https:\/\/yourplastics.es\/?s={search_term_string}"},"query-input":"required name=search_term_string"}],"inLanguage":"ca"},{"@type":"Organization","@id":"https:\/\/yourplastics.es\/#organization","name":"Yourplastics","url":"https:\/\/yourplastics.es\/","logo":{"@type":"ImageObject","inLanguage":"ca","@id":"https:\/\/yourplastics.es\/#\/schema\/logo\/image\/","url":"https:\/\/yourplastics.es\/wp-content\/uploads\/2024\/08\/logo2-400x163-1.png","contentUrl":"https:\/\/yourplastics.es\/wp-content\/uploads\/2024\/08\/logo2-400x163-1.png","width":400,"height":163,"caption":"Yourplastics"},"image":{"@id":"https:\/\/yourplastics.es\/#\/schema\/logo\/image\/"}}]}},"_links":{"self":[{"href":"https:\/\/yourplastics.es\/ca\/wp-json\/wp\/v2\/product\/6279","targetHints":{"allow":["GET"]}}],"collection":[{"href":"https:\/\/yourplastics.es\/ca\/wp-json\/wp\/v2\/product"}],"about":[{"href":"https:\/\/yourplastics.es\/ca\/wp-json\/wp\/v2\/types\/product"}],"replies":[{"embeddable":true,"href":"https:\/\/yourplastics.es\/ca\/wp-json\/wp\/v2\/comments?post=6279"}],"wp:featuredmedia":[{"embeddable":true,"href":"https:\/\/yourplastics.es\/ca\/wp-json\/wp\/v2\/media\/3245"}],"wp:attachment":[{"href":"https:\/\/yourplastics.es\/ca\/wp-json\/wp\/v2\/media?parent=6279"}],"wp:term":[{"taxonomy":"product_cat","embeddable":true,"href":"https:\/\/yourplastics.es\/ca\/wp-json\/wp\/v2\/product_cat?post=6279"},{"taxonomy":"product_tag","embeddable":true,"href":"https:\/\/yourplastics.es\/ca\/wp-json\/wp\/v2\/product_tag?post=6279"}],"curies":[{"name":"wp","href":"https:\/\/api.w.org\/{rel}","templated":true}]}}