{"id":6277,"date":"2024-03-04T09:20:28","date_gmt":"2024-03-04T09:20:28","guid":{"rendered":"https:\/\/yourplastics.es\/producto\/grup-stelvio\/"},"modified":"2024-03-13T08:06:28","modified_gmt":"2024-03-13T08:06:28","slug":"grup-stelvio","status":"publish","type":"product","link":"https:\/\/yourplastics.es\/ca\/producto\/grup-stelvio\/","title":{"rendered":"Grup Stelvio"},"content":{"rendered":"<ul>\n<li>12 taules per a bancs: 150 x 10 x 4,7 cm<\/li>\n<li>13 taules per a taula: 150 x 10 x 4,7 cm<\/li>\n<li>Al\u00e7ada del seient: 45 cm<\/li>\n<li>Al\u00e7ada de la taula: 75 cm<\/li>\n<li>Estructura de metall<\/li>\n<\/ul>\n<p>Bancs i taules s\u00f3n subministrats desarmats. Instruccions i material per al muntatge inclosos.<\/p>\n<p>Taula per a banc: tipus Premium<br \/>\n12 taules per a bancs: 150 x 10 x 4,7 cm<br \/>\n13 taules per a taula: 150 x 10 x 4,7 cm<br \/>\nAl\u00e7ada del seient: 45 cm<br \/>\nAl\u00e7ada de la taula: 75 cm<br \/>\nSuperf\u00edcie de la taula: 150 x 150 cm<br \/>\nPeus: acer galvanitzat<br \/>\nPer cargolar<\/p>\n<div class=\"table--section-header content--title\"><strong>Caracter\u00edstiques<\/strong><\/div>\n<table style=\"height: 505px;\" width=\"637\">\n<tbody>\n<tr>\n<td class=\"product--attribute\">Selecci\u00f3<\/td>\n<td class=\"product--attribute\">Llarg: 252 cm<\/td>\n<\/tr>\n<tr>\n<td class=\"product--attribute\">Qualitat (Material)<\/td>\n<td class=\"product--attribute\">hanit<sup>\u00ae<\/sup><\/td>\n<\/tr>\n<tr>\n<td class=\"product--attribute\">Color<\/td>\n<td class=\"product--attribute\">marr\u00f3<\/td>\n<\/tr>\n<tr>\n<td class=\"product--attribute\">Ample<\/td>\n<td class=\"product--attribute\">252,1 cm<\/td>\n<\/tr>\n<tr>\n<td class=\"product--attribute\">Alt<\/td>\n<td class=\"product--attribute\">75 cm<\/td>\n<\/tr>\n<tr>\n<td class=\"product--attribute\">Ample<\/td>\n<td class=\"product--attribute\">249,8 cm<\/td>\n<\/tr>\n<tr>\n<td class=\"product--attribute\">Pes<\/td>\n<td class=\"product--attribute\">285 kg<\/td>\n<\/tr>\n<tr>\n<td class=\"product--attribute\">Superf\u00edcie<\/td>\n<td class=\"product--attribute\">252 x 250 x 75 cm<\/td>\n<\/tr>\n<tr>\n<td class=\"product--attribute\">Tipus d&#8217;ancoratge<\/td>\n<td class=\"product--attribute\">adossat<\/td>\n<\/tr>\n<tr>\n<td class=\"product--attribute\">Al\u00e7ada del seient<\/td>\n<td class=\"product--attribute\">45 cm<\/td>\n<\/tr>\n<tr>\n<td class=\"product--attribute\">Refor\u00e7<\/td>\n<td class=\"product--attribute\">Refor\u00e7 interior<\/td>\n<\/tr>\n<tr>\n<td class=\"product--attribute\">Tipus de seient<\/td>\n<td class=\"product--attribute\">TIPUS-30 amb 4 x 3 taules 4,7x10x150<\/td>\n<\/tr>\n<tr>\n<td class=\"product--attribute\">Tipus de respatller<\/td>\n<td class=\"product--attribute\">TIPUS-99 sense respatller<\/td>\n<\/tr>\n<tr>\n<td class=\"product--attribute\">Superf\u00edcie art\u00edstica de la taula<\/td>\n<td class=\"product--attribute\">TIPUS-23 amb 13 taules 4,7x10x150<\/td>\n<\/tr>\n<tr>\n<td class=\"product--attribute\">Tipus de taules<\/td>\n<td class=\"product--attribute\">Premium<\/td>\n<\/tr>\n<tr>\n<td class=\"product--attribute\">Material del peu<\/td>\n<td class=\"product--attribute\">Acer galvanitzat<\/td>\n<\/tr>\n<tr>\n<td class=\"product--attribute\">Mode d&#8217;enviament<\/td>\n<td class=\"product--attribute\">muntat parcialment<\/td>\n<\/tr>\n<\/tbody>\n<\/table>\n","protected":false},"excerpt":{"rendered":"<div class=\"content--title\">Informaci\u00f3 del producte &#8220;Grup Stelvio&#8221;<\/div>\n<div class=\"product--description\">Aquest set de bancs i taula t\u00e9 una \u00f2ptica molt moderna. Conven\u00e7 mitjan\u00e7ant una delicada estructura de metall on recolza tant la taula com les taules per a banc. Aquestes caracter\u00edstiques permeten al set Stelvio estar present a les imatges de la gran ciutat i de l&#8217;arquitectura moderna.<\/div>\n","protected":false},"featured_media":3255,"comment_status":"closed","ping_status":"closed","template":"","meta":[],"product_cat":[200,191],"product_tag":[],"class_list":{"0":"post-6277","1":"product","2":"type-product","3":"status-publish","4":"has-post-thumbnail","6":"product_cat-parcs-i-jardins","7":"product_cat-sets-picnic-ca","9":"first","10":"instock","11":"shipping-taxable","12":"product-type-simple"},"yoast_head":"<!-- This site is optimized with the Yoast SEO plugin v23.2 - https:\/\/yoast.com\/wordpress\/plugins\/seo\/ -->\n<title>Grup Stelvio - Yourplastics.es<\/title>\n<meta name=\"robots\" content=\"index, follow, max-snippet:-1, max-image-preview:large, max-video-preview:-1\" \/>\n<link rel=\"canonical\" href=\"https:\/\/yourplastics.es\/ca\/producto\/grup-stelvio\/\" \/>\n<meta property=\"og:locale\" content=\"ca_ES\" \/>\n<meta property=\"og:type\" content=\"article\" \/>\n<meta property=\"og:title\" content=\"Grup Stelvio - Yourplastics.es\" \/>\n<meta property=\"og:description\" content=\"Informaci\u00f3 del producte &quot;Grup Stelvio&quot; Aquest set de bancs i taula t\u00e9 una \u00f2ptica molt moderna. Conven\u00e7 mitjan\u00e7ant una delicada estructura de metall on recolza tant la taula com les taules per a banc. Aquestes caracter\u00edstiques permeten al set Stelvio estar present a les imatges de la gran ciutat i de l&#039;arquitectura moderna.\" \/>\n<meta property=\"og:url\" content=\"https:\/\/yourplastics.es\/ca\/producto\/grup-stelvio\/\" \/>\n<meta property=\"og:site_name\" content=\"Yourplastics.es\" \/>\n<meta property=\"article:modified_time\" content=\"2024-03-13T08:06:28+00:00\" \/>\n<meta property=\"og:image\" content=\"https:\/\/yourplastics.es\/wp-content\/uploads\/2024\/03\/BBL10150_Sitzgruppe_Stelvio_3D_1129.jpg\" \/>\n\t<meta property=\"og:image:width\" content=\"1600\" \/>\n\t<meta property=\"og:image:height\" content=\"784\" \/>\n\t<meta property=\"og:image:type\" content=\"image\/jpeg\" \/>\n<meta name=\"twitter:card\" content=\"summary_large_image\" \/>\n<meta name=\"twitter:label1\" content=\"Temps estimat de lectura\" \/>\n\t<meta name=\"twitter:data1\" content=\"1 minut\" \/>\n<script type=\"application\/ld+json\" class=\"yoast-schema-graph\">{\"@context\":\"https:\/\/schema.org\",\"@graph\":[{\"@type\":\"WebPage\",\"@id\":\"https:\/\/yourplastics.es\/ca\/producto\/grup-stelvio\/\",\"url\":\"https:\/\/yourplastics.es\/ca\/producto\/grup-stelvio\/\",\"name\":\"Grup Stelvio - Yourplastics.es\",\"isPartOf\":{\"@id\":\"https:\/\/yourplastics.es\/#website\"},\"primaryImageOfPage\":{\"@id\":\"https:\/\/yourplastics.es\/ca\/producto\/grup-stelvio\/#primaryimage\"},\"image\":{\"@id\":\"https:\/\/yourplastics.es\/ca\/producto\/grup-stelvio\/#primaryimage\"},\"thumbnailUrl\":\"https:\/\/yourplastics.es\/wp-content\/uploads\/2024\/03\/BBL10150_Sitzgruppe_Stelvio_3D_1129.jpg\",\"datePublished\":\"2024-03-04T09:20:28+00:00\",\"dateModified\":\"2024-03-13T08:06:28+00:00\",\"breadcrumb\":{\"@id\":\"https:\/\/yourplastics.es\/ca\/producto\/grup-stelvio\/#breadcrumb\"},\"inLanguage\":\"ca\",\"potentialAction\":[{\"@type\":\"ReadAction\",\"target\":[\"https:\/\/yourplastics.es\/ca\/producto\/grup-stelvio\/\"]}]},{\"@type\":\"ImageObject\",\"inLanguage\":\"ca\",\"@id\":\"https:\/\/yourplastics.es\/ca\/producto\/grup-stelvio\/#primaryimage\",\"url\":\"https:\/\/yourplastics.es\/wp-content\/uploads\/2024\/03\/BBL10150_Sitzgruppe_Stelvio_3D_1129.jpg\",\"contentUrl\":\"https:\/\/yourplastics.es\/wp-content\/uploads\/2024\/03\/BBL10150_Sitzgruppe_Stelvio_3D_1129.jpg\",\"width\":1600,\"height\":784},{\"@type\":\"BreadcrumbList\",\"@id\":\"https:\/\/yourplastics.es\/ca\/producto\/grup-stelvio\/#breadcrumb\",\"itemListElement\":[{\"@type\":\"ListItem\",\"position\":1,\"name\":\"Home\",\"item\":\"https:\/\/yourplastics.es\/ca\/\"},{\"@type\":\"ListItem\",\"position\":2,\"name\":\"Botiga\",\"item\":\"https:\/\/yourplastics.es\/ca\/tienda-2\/\"},{\"@type\":\"ListItem\",\"position\":3,\"name\":\"Grup Stelvio\"}]},{\"@type\":\"WebSite\",\"@id\":\"https:\/\/yourplastics.es\/#website\",\"url\":\"https:\/\/yourplastics.es\/\",\"name\":\"Yourplastics\",\"description\":\"\",\"publisher\":{\"@id\":\"https:\/\/yourplastics.es\/#organization\"},\"potentialAction\":[{\"@type\":\"SearchAction\",\"target\":{\"@type\":\"EntryPoint\",\"urlTemplate\":\"https:\/\/yourplastics.es\/?s={search_term_string}\"},\"query-input\":\"required name=search_term_string\"}],\"inLanguage\":\"ca\"},{\"@type\":\"Organization\",\"@id\":\"https:\/\/yourplastics.es\/#organization\",\"name\":\"Yourplastics\",\"url\":\"https:\/\/yourplastics.es\/\",\"logo\":{\"@type\":\"ImageObject\",\"inLanguage\":\"ca\",\"@id\":\"https:\/\/yourplastics.es\/#\/schema\/logo\/image\/\",\"url\":\"https:\/\/yourplastics.es\/wp-content\/uploads\/2024\/08\/logo2-400x163-1.png\",\"contentUrl\":\"https:\/\/yourplastics.es\/wp-content\/uploads\/2024\/08\/logo2-400x163-1.png\",\"width\":400,\"height\":163,\"caption\":\"Yourplastics\"},\"image\":{\"@id\":\"https:\/\/yourplastics.es\/#\/schema\/logo\/image\/\"}}]}<\/script>\n<!-- \/ Yoast SEO plugin. -->","yoast_head_json":{"title":"Grup Stelvio - Yourplastics.es","robots":{"index":"index","follow":"follow","max-snippet":"max-snippet:-1","max-image-preview":"max-image-preview:large","max-video-preview":"max-video-preview:-1"},"canonical":"https:\/\/yourplastics.es\/ca\/producto\/grup-stelvio\/","og_locale":"ca_ES","og_type":"article","og_title":"Grup Stelvio - Yourplastics.es","og_description":"Informaci\u00f3 del producte \"Grup Stelvio\" Aquest set de bancs i taula t\u00e9 una \u00f2ptica molt moderna. Conven\u00e7 mitjan\u00e7ant una delicada estructura de metall on recolza tant la taula com les taules per a banc. Aquestes caracter\u00edstiques permeten al set Stelvio estar present a les imatges de la gran ciutat i de l'arquitectura moderna.","og_url":"https:\/\/yourplastics.es\/ca\/producto\/grup-stelvio\/","og_site_name":"Yourplastics.es","article_modified_time":"2024-03-13T08:06:28+00:00","og_image":[{"width":1600,"height":784,"url":"https:\/\/yourplastics.es\/wp-content\/uploads\/2024\/03\/BBL10150_Sitzgruppe_Stelvio_3D_1129.jpg","type":"image\/jpeg"}],"twitter_card":"summary_large_image","twitter_misc":{"Temps estimat de lectura":"1 minut"},"schema":{"@context":"https:\/\/schema.org","@graph":[{"@type":"WebPage","@id":"https:\/\/yourplastics.es\/ca\/producto\/grup-stelvio\/","url":"https:\/\/yourplastics.es\/ca\/producto\/grup-stelvio\/","name":"Grup Stelvio - Yourplastics.es","isPartOf":{"@id":"https:\/\/yourplastics.es\/#website"},"primaryImageOfPage":{"@id":"https:\/\/yourplastics.es\/ca\/producto\/grup-stelvio\/#primaryimage"},"image":{"@id":"https:\/\/yourplastics.es\/ca\/producto\/grup-stelvio\/#primaryimage"},"thumbnailUrl":"https:\/\/yourplastics.es\/wp-content\/uploads\/2024\/03\/BBL10150_Sitzgruppe_Stelvio_3D_1129.jpg","datePublished":"2024-03-04T09:20:28+00:00","dateModified":"2024-03-13T08:06:28+00:00","breadcrumb":{"@id":"https:\/\/yourplastics.es\/ca\/producto\/grup-stelvio\/#breadcrumb"},"inLanguage":"ca","potentialAction":[{"@type":"ReadAction","target":["https:\/\/yourplastics.es\/ca\/producto\/grup-stelvio\/"]}]},{"@type":"ImageObject","inLanguage":"ca","@id":"https:\/\/yourplastics.es\/ca\/producto\/grup-stelvio\/#primaryimage","url":"https:\/\/yourplastics.es\/wp-content\/uploads\/2024\/03\/BBL10150_Sitzgruppe_Stelvio_3D_1129.jpg","contentUrl":"https:\/\/yourplastics.es\/wp-content\/uploads\/2024\/03\/BBL10150_Sitzgruppe_Stelvio_3D_1129.jpg","width":1600,"height":784},{"@type":"BreadcrumbList","@id":"https:\/\/yourplastics.es\/ca\/producto\/grup-stelvio\/#breadcrumb","itemListElement":[{"@type":"ListItem","position":1,"name":"Home","item":"https:\/\/yourplastics.es\/ca\/"},{"@type":"ListItem","position":2,"name":"Botiga","item":"https:\/\/yourplastics.es\/ca\/tienda-2\/"},{"@type":"ListItem","position":3,"name":"Grup Stelvio"}]},{"@type":"WebSite","@id":"https:\/\/yourplastics.es\/#website","url":"https:\/\/yourplastics.es\/","name":"Yourplastics","description":"","publisher":{"@id":"https:\/\/yourplastics.es\/#organization"},"potentialAction":[{"@type":"SearchAction","target":{"@type":"EntryPoint","urlTemplate":"https:\/\/yourplastics.es\/?s={search_term_string}"},"query-input":"required name=search_term_string"}],"inLanguage":"ca"},{"@type":"Organization","@id":"https:\/\/yourplastics.es\/#organization","name":"Yourplastics","url":"https:\/\/yourplastics.es\/","logo":{"@type":"ImageObject","inLanguage":"ca","@id":"https:\/\/yourplastics.es\/#\/schema\/logo\/image\/","url":"https:\/\/yourplastics.es\/wp-content\/uploads\/2024\/08\/logo2-400x163-1.png","contentUrl":"https:\/\/yourplastics.es\/wp-content\/uploads\/2024\/08\/logo2-400x163-1.png","width":400,"height":163,"caption":"Yourplastics"},"image":{"@id":"https:\/\/yourplastics.es\/#\/schema\/logo\/image\/"}}]}},"_links":{"self":[{"href":"https:\/\/yourplastics.es\/ca\/wp-json\/wp\/v2\/product\/6277","targetHints":{"allow":["GET"]}}],"collection":[{"href":"https:\/\/yourplastics.es\/ca\/wp-json\/wp\/v2\/product"}],"about":[{"href":"https:\/\/yourplastics.es\/ca\/wp-json\/wp\/v2\/types\/product"}],"replies":[{"embeddable":true,"href":"https:\/\/yourplastics.es\/ca\/wp-json\/wp\/v2\/comments?post=6277"}],"wp:featuredmedia":[{"embeddable":true,"href":"https:\/\/yourplastics.es\/ca\/wp-json\/wp\/v2\/media\/3255"}],"wp:attachment":[{"href":"https:\/\/yourplastics.es\/ca\/wp-json\/wp\/v2\/media?parent=6277"}],"wp:term":[{"taxonomy":"product_cat","embeddable":true,"href":"https:\/\/yourplastics.es\/ca\/wp-json\/wp\/v2\/product_cat?post=6277"},{"taxonomy":"product_tag","embeddable":true,"href":"https:\/\/yourplastics.es\/ca\/wp-json\/wp\/v2\/product_tag?post=6277"}],"curies":[{"name":"wp","href":"https:\/\/api.w.org\/{rel}","templated":true}]}}