{"id":6263,"date":"2024-03-04T09:20:28","date_gmt":"2024-03-04T09:20:28","guid":{"rendered":"https:\/\/yourplastics.es\/producto\/banc-circular-gatton\/"},"modified":"2024-03-04T09:20:28","modified_gmt":"2024-03-04T09:20:28","slug":"banc-circular-gatton","status":"publish","type":"product","link":"https:\/\/yourplastics.es\/ca\/producto\/banc-circular-gatton\/","title":{"rendered":"Banc circular Gatton"},"content":{"rendered":"<ul>\n<li>30 taules per a bancs: 10 x 4 cm<\/li>\n<li>m\u00e0x. ample per element: 150 o 200 cm<\/li>\n<li>Al\u00e7ada del seient: 45 cm<\/li>\n<li>La ronda que uneix<\/li>\n<li>Opcional: ancoratge Tipus 1<\/li>\n<\/ul>\n<p>Bancs i taules s\u00f3n subministrats desarmats. Instruccions i material per al muntatge inclosos.<\/p>\n<p>Taula per a banc: tipus Klassik<br \/>\n30 taules per a bancs: mides del perfil 10 x 4 cm<br \/>\nm\u00e0x. llarg taula de banc: 150\/200 cm<br \/>\nmin. llarg taula de banc: 110\/160 cm<br \/>\nGatton 1: \u00d8 1 = 300 cm, \u00d8 2 = 260 cm, \u00d8 3 = 151 cm<br \/>\nGatton 2: \u00d8 1 = 400 cm, \u00d8 2 = 342 cm, \u00d8 3 = 236 cm<br \/>\n12 peus<br \/>\nOpcional: sistema d&#8217;ancoratges tipus 1<\/p>\n","protected":false},"excerpt":{"rendered":"<div class=\"content--title\">Informaci\u00f3 del producte &#8220;Banc circular Gatton&#8221;<\/div>\n<div class=\"product--description\">El banc circular &#8220;Gatton&#8221; ho oferim en dos hexagonals varients: gran i petita. El seient juntament amb el respatller estan formats per diverses taules, donant-li una imatge fresca i relaxant.<\/div>\n","protected":false},"featured_media":3263,"comment_status":"open","ping_status":"closed","template":"","meta":[],"product_cat":[197,200],"product_tag":[],"class_list":{"0":"post-6263","1":"product","2":"type-product","3":"status-publish","4":"has-post-thumbnail","6":"product_cat-bancs-rodons","7":"product_cat-parcs-i-jardins","9":"first","10":"instock","11":"shipping-taxable","12":"product-type-simple"},"yoast_head":"<!-- This site is optimized with the Yoast SEO plugin v23.2 - https:\/\/yoast.com\/wordpress\/plugins\/seo\/ -->\n<title>Banc circular Gatton - Yourplastics.es<\/title>\n<meta name=\"robots\" content=\"index, follow, max-snippet:-1, max-image-preview:large, max-video-preview:-1\" \/>\n<link rel=\"canonical\" href=\"https:\/\/yourplastics.es\/ca\/producto\/banc-circular-gatton\/\" \/>\n<meta property=\"og:locale\" content=\"ca_ES\" \/>\n<meta property=\"og:type\" content=\"article\" \/>\n<meta property=\"og:title\" content=\"Banc circular Gatton - Yourplastics.es\" \/>\n<meta property=\"og:description\" content=\"Informaci\u00f3 del producte &quot;Banc circular Gatton&quot; El banc circular &quot;Gatton&quot; ho oferim en dos hexagonals varients: gran i petita. El seient juntament amb el respatller estan formats per diverses taules, donant-li una imatge fresca i relaxant.\" \/>\n<meta property=\"og:url\" content=\"https:\/\/yourplastics.es\/ca\/producto\/banc-circular-gatton\/\" \/>\n<meta property=\"og:site_name\" content=\"Yourplastics.es\" \/>\n<meta property=\"og:image\" content=\"https:\/\/yourplastics.es\/wp-content\/uploads\/2024\/03\/502300_Rundbank_Gatton_3D_1158.jpg\" \/>\n\t<meta property=\"og:image:width\" content=\"1600\" \/>\n\t<meta property=\"og:image:height\" content=\"664\" \/>\n\t<meta property=\"og:image:type\" content=\"image\/jpeg\" \/>\n<meta name=\"twitter:card\" content=\"summary_large_image\" \/>\n<script type=\"application\/ld+json\" class=\"yoast-schema-graph\">{\"@context\":\"https:\/\/schema.org\",\"@graph\":[{\"@type\":\"WebPage\",\"@id\":\"https:\/\/yourplastics.es\/ca\/producto\/banc-circular-gatton\/\",\"url\":\"https:\/\/yourplastics.es\/ca\/producto\/banc-circular-gatton\/\",\"name\":\"Banc circular Gatton - Yourplastics.es\",\"isPartOf\":{\"@id\":\"https:\/\/yourplastics.es\/#website\"},\"primaryImageOfPage\":{\"@id\":\"https:\/\/yourplastics.es\/ca\/producto\/banc-circular-gatton\/#primaryimage\"},\"image\":{\"@id\":\"https:\/\/yourplastics.es\/ca\/producto\/banc-circular-gatton\/#primaryimage\"},\"thumbnailUrl\":\"https:\/\/yourplastics.es\/wp-content\/uploads\/2024\/03\/502300_Rundbank_Gatton_3D_1158.jpg\",\"datePublished\":\"2024-03-04T09:20:28+00:00\",\"dateModified\":\"2024-03-04T09:20:28+00:00\",\"breadcrumb\":{\"@id\":\"https:\/\/yourplastics.es\/ca\/producto\/banc-circular-gatton\/#breadcrumb\"},\"inLanguage\":\"ca\",\"potentialAction\":[{\"@type\":\"ReadAction\",\"target\":[\"https:\/\/yourplastics.es\/ca\/producto\/banc-circular-gatton\/\"]}]},{\"@type\":\"ImageObject\",\"inLanguage\":\"ca\",\"@id\":\"https:\/\/yourplastics.es\/ca\/producto\/banc-circular-gatton\/#primaryimage\",\"url\":\"https:\/\/yourplastics.es\/wp-content\/uploads\/2024\/03\/502300_Rundbank_Gatton_3D_1158.jpg\",\"contentUrl\":\"https:\/\/yourplastics.es\/wp-content\/uploads\/2024\/03\/502300_Rundbank_Gatton_3D_1158.jpg\",\"width\":1600,\"height\":664},{\"@type\":\"BreadcrumbList\",\"@id\":\"https:\/\/yourplastics.es\/ca\/producto\/banc-circular-gatton\/#breadcrumb\",\"itemListElement\":[{\"@type\":\"ListItem\",\"position\":1,\"name\":\"Home\",\"item\":\"https:\/\/yourplastics.es\/ca\/\"},{\"@type\":\"ListItem\",\"position\":2,\"name\":\"Botiga\",\"item\":\"https:\/\/yourplastics.es\/ca\/tienda-2\/\"},{\"@type\":\"ListItem\",\"position\":3,\"name\":\"Banc circular Gatton\"}]},{\"@type\":\"WebSite\",\"@id\":\"https:\/\/yourplastics.es\/#website\",\"url\":\"https:\/\/yourplastics.es\/\",\"name\":\"Yourplastics\",\"description\":\"\",\"publisher\":{\"@id\":\"https:\/\/yourplastics.es\/#organization\"},\"potentialAction\":[{\"@type\":\"SearchAction\",\"target\":{\"@type\":\"EntryPoint\",\"urlTemplate\":\"https:\/\/yourplastics.es\/?s={search_term_string}\"},\"query-input\":\"required name=search_term_string\"}],\"inLanguage\":\"ca\"},{\"@type\":\"Organization\",\"@id\":\"https:\/\/yourplastics.es\/#organization\",\"name\":\"Yourplastics\",\"url\":\"https:\/\/yourplastics.es\/\",\"logo\":{\"@type\":\"ImageObject\",\"inLanguage\":\"ca\",\"@id\":\"https:\/\/yourplastics.es\/#\/schema\/logo\/image\/\",\"url\":\"https:\/\/yourplastics.es\/wp-content\/uploads\/2024\/08\/logo2-400x163-1.png\",\"contentUrl\":\"https:\/\/yourplastics.es\/wp-content\/uploads\/2024\/08\/logo2-400x163-1.png\",\"width\":400,\"height\":163,\"caption\":\"Yourplastics\"},\"image\":{\"@id\":\"https:\/\/yourplastics.es\/#\/schema\/logo\/image\/\"}}]}<\/script>\n<!-- \/ Yoast SEO plugin. -->","yoast_head_json":{"title":"Banc circular Gatton - Yourplastics.es","robots":{"index":"index","follow":"follow","max-snippet":"max-snippet:-1","max-image-preview":"max-image-preview:large","max-video-preview":"max-video-preview:-1"},"canonical":"https:\/\/yourplastics.es\/ca\/producto\/banc-circular-gatton\/","og_locale":"ca_ES","og_type":"article","og_title":"Banc circular Gatton - Yourplastics.es","og_description":"Informaci\u00f3 del producte \"Banc circular Gatton\" El banc circular \"Gatton\" ho oferim en dos hexagonals varients: gran i petita. El seient juntament amb el respatller estan formats per diverses taules, donant-li una imatge fresca i relaxant.","og_url":"https:\/\/yourplastics.es\/ca\/producto\/banc-circular-gatton\/","og_site_name":"Yourplastics.es","og_image":[{"width":1600,"height":664,"url":"https:\/\/yourplastics.es\/wp-content\/uploads\/2024\/03\/502300_Rundbank_Gatton_3D_1158.jpg","type":"image\/jpeg"}],"twitter_card":"summary_large_image","schema":{"@context":"https:\/\/schema.org","@graph":[{"@type":"WebPage","@id":"https:\/\/yourplastics.es\/ca\/producto\/banc-circular-gatton\/","url":"https:\/\/yourplastics.es\/ca\/producto\/banc-circular-gatton\/","name":"Banc circular Gatton - Yourplastics.es","isPartOf":{"@id":"https:\/\/yourplastics.es\/#website"},"primaryImageOfPage":{"@id":"https:\/\/yourplastics.es\/ca\/producto\/banc-circular-gatton\/#primaryimage"},"image":{"@id":"https:\/\/yourplastics.es\/ca\/producto\/banc-circular-gatton\/#primaryimage"},"thumbnailUrl":"https:\/\/yourplastics.es\/wp-content\/uploads\/2024\/03\/502300_Rundbank_Gatton_3D_1158.jpg","datePublished":"2024-03-04T09:20:28+00:00","dateModified":"2024-03-04T09:20:28+00:00","breadcrumb":{"@id":"https:\/\/yourplastics.es\/ca\/producto\/banc-circular-gatton\/#breadcrumb"},"inLanguage":"ca","potentialAction":[{"@type":"ReadAction","target":["https:\/\/yourplastics.es\/ca\/producto\/banc-circular-gatton\/"]}]},{"@type":"ImageObject","inLanguage":"ca","@id":"https:\/\/yourplastics.es\/ca\/producto\/banc-circular-gatton\/#primaryimage","url":"https:\/\/yourplastics.es\/wp-content\/uploads\/2024\/03\/502300_Rundbank_Gatton_3D_1158.jpg","contentUrl":"https:\/\/yourplastics.es\/wp-content\/uploads\/2024\/03\/502300_Rundbank_Gatton_3D_1158.jpg","width":1600,"height":664},{"@type":"BreadcrumbList","@id":"https:\/\/yourplastics.es\/ca\/producto\/banc-circular-gatton\/#breadcrumb","itemListElement":[{"@type":"ListItem","position":1,"name":"Home","item":"https:\/\/yourplastics.es\/ca\/"},{"@type":"ListItem","position":2,"name":"Botiga","item":"https:\/\/yourplastics.es\/ca\/tienda-2\/"},{"@type":"ListItem","position":3,"name":"Banc circular Gatton"}]},{"@type":"WebSite","@id":"https:\/\/yourplastics.es\/#website","url":"https:\/\/yourplastics.es\/","name":"Yourplastics","description":"","publisher":{"@id":"https:\/\/yourplastics.es\/#organization"},"potentialAction":[{"@type":"SearchAction","target":{"@type":"EntryPoint","urlTemplate":"https:\/\/yourplastics.es\/?s={search_term_string}"},"query-input":"required name=search_term_string"}],"inLanguage":"ca"},{"@type":"Organization","@id":"https:\/\/yourplastics.es\/#organization","name":"Yourplastics","url":"https:\/\/yourplastics.es\/","logo":{"@type":"ImageObject","inLanguage":"ca","@id":"https:\/\/yourplastics.es\/#\/schema\/logo\/image\/","url":"https:\/\/yourplastics.es\/wp-content\/uploads\/2024\/08\/logo2-400x163-1.png","contentUrl":"https:\/\/yourplastics.es\/wp-content\/uploads\/2024\/08\/logo2-400x163-1.png","width":400,"height":163,"caption":"Yourplastics"},"image":{"@id":"https:\/\/yourplastics.es\/#\/schema\/logo\/image\/"}}]}},"_links":{"self":[{"href":"https:\/\/yourplastics.es\/ca\/wp-json\/wp\/v2\/product\/6263","targetHints":{"allow":["GET"]}}],"collection":[{"href":"https:\/\/yourplastics.es\/ca\/wp-json\/wp\/v2\/product"}],"about":[{"href":"https:\/\/yourplastics.es\/ca\/wp-json\/wp\/v2\/types\/product"}],"replies":[{"embeddable":true,"href":"https:\/\/yourplastics.es\/ca\/wp-json\/wp\/v2\/comments?post=6263"}],"wp:featuredmedia":[{"embeddable":true,"href":"https:\/\/yourplastics.es\/ca\/wp-json\/wp\/v2\/media\/3263"}],"wp:attachment":[{"href":"https:\/\/yourplastics.es\/ca\/wp-json\/wp\/v2\/media?parent=6263"}],"wp:term":[{"taxonomy":"product_cat","embeddable":true,"href":"https:\/\/yourplastics.es\/ca\/wp-json\/wp\/v2\/product_cat?post=6263"},{"taxonomy":"product_tag","embeddable":true,"href":"https:\/\/yourplastics.es\/ca\/wp-json\/wp\/v2\/product_tag?post=6263"}],"curies":[{"name":"wp","href":"https:\/\/api.w.org\/{rel}","templated":true}]}}