{"id":6262,"date":"2024-03-04T09:20:52","date_gmt":"2024-03-04T09:20:52","guid":{"rendered":"https:\/\/yourplastics.es\/producto\/banc-circular-roncade\/"},"modified":"2024-03-04T09:20:52","modified_gmt":"2024-03-04T09:20:52","slug":"banc-circular-roncade","status":"publish","type":"product","link":"https:\/\/yourplastics.es\/ca\/producto\/banc-circular-roncade\/","title":{"rendered":"Banc circular Roncade"},"content":{"rendered":"<ul>\n<li>18 taules per a bancs: 10 x 4 cm<\/li>\n<li>m\u00e0x. ample per element: 150 o 200 cm<\/li>\n<li>Al\u00e7ada del seient: 45 cm<\/li>\n<li>Sense respatller<\/li>\n<li>Opcional: ancoratge Tipus 1<\/li>\n<\/ul>\n<p>Bancs i taules s\u00f3n subministrats desarmats. Instruccions i material per al muntatge inclosos.<\/p>\n<p>Taula per a banc: tipus Klassik<br \/>\n18 taules per a bancs: mides del perfil 10 x 4 cm<br \/>\nmax. llarg taula de banc: 150\/200 cm<br \/>\nmin. llarg taula de banc: 110\/160 cm<br \/>\nRoncade 1: \u00d8 1 = 300 cm, \u00d8 2 = 260 cm, \u00d8 3 = 190 cm<br \/>\nRoncade 2: \u00d8 1 = 400 cm, \u00d8 2 = 345 cm, \u00d8 3 = 275 cm<br \/>\n12 peus<br \/>\nOpcional: sistema d&#8217;ancoratges tipus 1<\/p>\n","protected":false},"excerpt":{"rendered":"<div class=\"content--title\">Informaci\u00f3 del producte &#8220;Banc circular Roncade&#8221;<\/div>\n<div class=\"product--description\">El banc circular &#8220;Roncade&#8221; ofereix l&#8217;avantatge, que es pot asseure mirant tant cap a l&#8217;interior com a l&#8217;exterior del banc. Per tant, el seu lloc \u00e9s on els joves d&#8217;edat i d&#8217;esperit es reuneixen: escoles, hostels, c\u00e0mpings i piscines.<\/div>\n","protected":false},"featured_media":3274,"comment_status":"open","ping_status":"closed","template":"","meta":[],"product_cat":[197,200],"product_tag":[],"class_list":{"0":"post-6262","1":"product","2":"type-product","3":"status-publish","4":"has-post-thumbnail","6":"product_cat-bancs-rodons","7":"product_cat-parcs-i-jardins","9":"first","10":"instock","11":"shipping-taxable","12":"product-type-simple"},"yoast_head":"<!-- This site is optimized with the Yoast SEO plugin v23.2 - https:\/\/yoast.com\/wordpress\/plugins\/seo\/ -->\n<title>Banc circular Roncade - Yourplastics.es<\/title>\n<meta name=\"robots\" content=\"index, follow, max-snippet:-1, max-image-preview:large, max-video-preview:-1\" \/>\n<link rel=\"canonical\" href=\"https:\/\/yourplastics.es\/ca\/producto\/banc-circular-roncade\/\" \/>\n<meta property=\"og:locale\" content=\"ca_ES\" \/>\n<meta property=\"og:type\" content=\"article\" \/>\n<meta property=\"og:title\" content=\"Banc circular Roncade - Yourplastics.es\" \/>\n<meta property=\"og:description\" content=\"Informaci\u00f3 del producte &quot;Banc circular Roncade&quot; El banc circular &quot;Roncade&quot; ofereix l&#039;avantatge, que es pot asseure mirant tant cap a l&#039;interior com a l&#039;exterior del banc. Per tant, el seu lloc \u00e9s on els joves d&#039;edat i d&#039;esperit es reuneixen: escoles, hostels, c\u00e0mpings i piscines.\" \/>\n<meta property=\"og:url\" content=\"https:\/\/yourplastics.es\/ca\/producto\/banc-circular-roncade\/\" \/>\n<meta property=\"og:site_name\" content=\"Yourplastics.es\" \/>\n<meta property=\"og:image\" content=\"https:\/\/yourplastics.es\/wp-content\/uploads\/2024\/03\/502300-2_Rundbank_Roncade_3D_ohneLehne_3035.jpg\" \/>\n\t<meta property=\"og:image:width\" content=\"1600\" \/>\n\t<meta property=\"og:image:height\" content=\"573\" \/>\n\t<meta property=\"og:image:type\" content=\"image\/jpeg\" \/>\n<meta name=\"twitter:card\" content=\"summary_large_image\" \/>\n<script type=\"application\/ld+json\" class=\"yoast-schema-graph\">{\"@context\":\"https:\/\/schema.org\",\"@graph\":[{\"@type\":\"WebPage\",\"@id\":\"https:\/\/yourplastics.es\/ca\/producto\/banc-circular-roncade\/\",\"url\":\"https:\/\/yourplastics.es\/ca\/producto\/banc-circular-roncade\/\",\"name\":\"Banc circular Roncade - Yourplastics.es\",\"isPartOf\":{\"@id\":\"https:\/\/yourplastics.es\/#website\"},\"primaryImageOfPage\":{\"@id\":\"https:\/\/yourplastics.es\/ca\/producto\/banc-circular-roncade\/#primaryimage\"},\"image\":{\"@id\":\"https:\/\/yourplastics.es\/ca\/producto\/banc-circular-roncade\/#primaryimage\"},\"thumbnailUrl\":\"https:\/\/yourplastics.es\/wp-content\/uploads\/2024\/03\/502300-2_Rundbank_Roncade_3D_ohneLehne_3035.jpg\",\"datePublished\":\"2024-03-04T09:20:52+00:00\",\"dateModified\":\"2024-03-04T09:20:52+00:00\",\"breadcrumb\":{\"@id\":\"https:\/\/yourplastics.es\/ca\/producto\/banc-circular-roncade\/#breadcrumb\"},\"inLanguage\":\"ca\",\"potentialAction\":[{\"@type\":\"ReadAction\",\"target\":[\"https:\/\/yourplastics.es\/ca\/producto\/banc-circular-roncade\/\"]}]},{\"@type\":\"ImageObject\",\"inLanguage\":\"ca\",\"@id\":\"https:\/\/yourplastics.es\/ca\/producto\/banc-circular-roncade\/#primaryimage\",\"url\":\"https:\/\/yourplastics.es\/wp-content\/uploads\/2024\/03\/502300-2_Rundbank_Roncade_3D_ohneLehne_3035.jpg\",\"contentUrl\":\"https:\/\/yourplastics.es\/wp-content\/uploads\/2024\/03\/502300-2_Rundbank_Roncade_3D_ohneLehne_3035.jpg\",\"width\":1600,\"height\":573},{\"@type\":\"BreadcrumbList\",\"@id\":\"https:\/\/yourplastics.es\/ca\/producto\/banc-circular-roncade\/#breadcrumb\",\"itemListElement\":[{\"@type\":\"ListItem\",\"position\":1,\"name\":\"Home\",\"item\":\"https:\/\/yourplastics.es\/ca\/\"},{\"@type\":\"ListItem\",\"position\":2,\"name\":\"Botiga\",\"item\":\"https:\/\/yourplastics.es\/ca\/tienda-2\/\"},{\"@type\":\"ListItem\",\"position\":3,\"name\":\"Banc circular Roncade\"}]},{\"@type\":\"WebSite\",\"@id\":\"https:\/\/yourplastics.es\/#website\",\"url\":\"https:\/\/yourplastics.es\/\",\"name\":\"Yourplastics\",\"description\":\"\",\"publisher\":{\"@id\":\"https:\/\/yourplastics.es\/#organization\"},\"potentialAction\":[{\"@type\":\"SearchAction\",\"target\":{\"@type\":\"EntryPoint\",\"urlTemplate\":\"https:\/\/yourplastics.es\/?s={search_term_string}\"},\"query-input\":\"required name=search_term_string\"}],\"inLanguage\":\"ca\"},{\"@type\":\"Organization\",\"@id\":\"https:\/\/yourplastics.es\/#organization\",\"name\":\"Yourplastics\",\"url\":\"https:\/\/yourplastics.es\/\",\"logo\":{\"@type\":\"ImageObject\",\"inLanguage\":\"ca\",\"@id\":\"https:\/\/yourplastics.es\/#\/schema\/logo\/image\/\",\"url\":\"https:\/\/yourplastics.es\/wp-content\/uploads\/2024\/08\/logo2-400x163-1.png\",\"contentUrl\":\"https:\/\/yourplastics.es\/wp-content\/uploads\/2024\/08\/logo2-400x163-1.png\",\"width\":400,\"height\":163,\"caption\":\"Yourplastics\"},\"image\":{\"@id\":\"https:\/\/yourplastics.es\/#\/schema\/logo\/image\/\"}}]}<\/script>\n<!-- \/ Yoast SEO plugin. -->","yoast_head_json":{"title":"Banc circular Roncade - Yourplastics.es","robots":{"index":"index","follow":"follow","max-snippet":"max-snippet:-1","max-image-preview":"max-image-preview:large","max-video-preview":"max-video-preview:-1"},"canonical":"https:\/\/yourplastics.es\/ca\/producto\/banc-circular-roncade\/","og_locale":"ca_ES","og_type":"article","og_title":"Banc circular Roncade - Yourplastics.es","og_description":"Informaci\u00f3 del producte \"Banc circular Roncade\" El banc circular \"Roncade\" ofereix l'avantatge, que es pot asseure mirant tant cap a l'interior com a l'exterior del banc. Per tant, el seu lloc \u00e9s on els joves d'edat i d'esperit es reuneixen: escoles, hostels, c\u00e0mpings i piscines.","og_url":"https:\/\/yourplastics.es\/ca\/producto\/banc-circular-roncade\/","og_site_name":"Yourplastics.es","og_image":[{"width":1600,"height":573,"url":"https:\/\/yourplastics.es\/wp-content\/uploads\/2024\/03\/502300-2_Rundbank_Roncade_3D_ohneLehne_3035.jpg","type":"image\/jpeg"}],"twitter_card":"summary_large_image","schema":{"@context":"https:\/\/schema.org","@graph":[{"@type":"WebPage","@id":"https:\/\/yourplastics.es\/ca\/producto\/banc-circular-roncade\/","url":"https:\/\/yourplastics.es\/ca\/producto\/banc-circular-roncade\/","name":"Banc circular Roncade - Yourplastics.es","isPartOf":{"@id":"https:\/\/yourplastics.es\/#website"},"primaryImageOfPage":{"@id":"https:\/\/yourplastics.es\/ca\/producto\/banc-circular-roncade\/#primaryimage"},"image":{"@id":"https:\/\/yourplastics.es\/ca\/producto\/banc-circular-roncade\/#primaryimage"},"thumbnailUrl":"https:\/\/yourplastics.es\/wp-content\/uploads\/2024\/03\/502300-2_Rundbank_Roncade_3D_ohneLehne_3035.jpg","datePublished":"2024-03-04T09:20:52+00:00","dateModified":"2024-03-04T09:20:52+00:00","breadcrumb":{"@id":"https:\/\/yourplastics.es\/ca\/producto\/banc-circular-roncade\/#breadcrumb"},"inLanguage":"ca","potentialAction":[{"@type":"ReadAction","target":["https:\/\/yourplastics.es\/ca\/producto\/banc-circular-roncade\/"]}]},{"@type":"ImageObject","inLanguage":"ca","@id":"https:\/\/yourplastics.es\/ca\/producto\/banc-circular-roncade\/#primaryimage","url":"https:\/\/yourplastics.es\/wp-content\/uploads\/2024\/03\/502300-2_Rundbank_Roncade_3D_ohneLehne_3035.jpg","contentUrl":"https:\/\/yourplastics.es\/wp-content\/uploads\/2024\/03\/502300-2_Rundbank_Roncade_3D_ohneLehne_3035.jpg","width":1600,"height":573},{"@type":"BreadcrumbList","@id":"https:\/\/yourplastics.es\/ca\/producto\/banc-circular-roncade\/#breadcrumb","itemListElement":[{"@type":"ListItem","position":1,"name":"Home","item":"https:\/\/yourplastics.es\/ca\/"},{"@type":"ListItem","position":2,"name":"Botiga","item":"https:\/\/yourplastics.es\/ca\/tienda-2\/"},{"@type":"ListItem","position":3,"name":"Banc circular Roncade"}]},{"@type":"WebSite","@id":"https:\/\/yourplastics.es\/#website","url":"https:\/\/yourplastics.es\/","name":"Yourplastics","description":"","publisher":{"@id":"https:\/\/yourplastics.es\/#organization"},"potentialAction":[{"@type":"SearchAction","target":{"@type":"EntryPoint","urlTemplate":"https:\/\/yourplastics.es\/?s={search_term_string}"},"query-input":"required name=search_term_string"}],"inLanguage":"ca"},{"@type":"Organization","@id":"https:\/\/yourplastics.es\/#organization","name":"Yourplastics","url":"https:\/\/yourplastics.es\/","logo":{"@type":"ImageObject","inLanguage":"ca","@id":"https:\/\/yourplastics.es\/#\/schema\/logo\/image\/","url":"https:\/\/yourplastics.es\/wp-content\/uploads\/2024\/08\/logo2-400x163-1.png","contentUrl":"https:\/\/yourplastics.es\/wp-content\/uploads\/2024\/08\/logo2-400x163-1.png","width":400,"height":163,"caption":"Yourplastics"},"image":{"@id":"https:\/\/yourplastics.es\/#\/schema\/logo\/image\/"}}]}},"_links":{"self":[{"href":"https:\/\/yourplastics.es\/ca\/wp-json\/wp\/v2\/product\/6262","targetHints":{"allow":["GET"]}}],"collection":[{"href":"https:\/\/yourplastics.es\/ca\/wp-json\/wp\/v2\/product"}],"about":[{"href":"https:\/\/yourplastics.es\/ca\/wp-json\/wp\/v2\/types\/product"}],"replies":[{"embeddable":true,"href":"https:\/\/yourplastics.es\/ca\/wp-json\/wp\/v2\/comments?post=6262"}],"wp:featuredmedia":[{"embeddable":true,"href":"https:\/\/yourplastics.es\/ca\/wp-json\/wp\/v2\/media\/3274"}],"wp:attachment":[{"href":"https:\/\/yourplastics.es\/ca\/wp-json\/wp\/v2\/media?parent=6262"}],"wp:term":[{"taxonomy":"product_cat","embeddable":true,"href":"https:\/\/yourplastics.es\/ca\/wp-json\/wp\/v2\/product_cat?post=6262"},{"taxonomy":"product_tag","embeddable":true,"href":"https:\/\/yourplastics.es\/ca\/wp-json\/wp\/v2\/product_tag?post=6262"}],"curies":[{"name":"wp","href":"https:\/\/api.w.org\/{rel}","templated":true}]}}