{"id":6260,"date":"2024-03-04T09:20:52","date_gmt":"2024-03-04T09:20:52","guid":{"rendered":"https:\/\/yourplastics.es\/producto\/banc-iona\/"},"modified":"2024-03-04T09:20:52","modified_gmt":"2024-03-04T09:20:52","slug":"banc-iona","status":"publish","type":"product","link":"https:\/\/yourplastics.es\/ca\/producto\/banc-iona\/","title":{"rendered":"Banc Iona"},"content":{"rendered":"<ul>\n<li>Element b\u00e0sic: 3 taules per a bancs i 2 jardineres<\/li>\n<li>Element annexable; 3 taules per a bancs i 1 jardinera<\/li>\n<li>Taules per a bancs: 150 x 10 x 4,7 cm<\/li>\n<li>Jardineres: Iberis 1<\/li>\n<li>Al\u00e7ada del seient: 47 cm<\/li>\n<li>\u00c0mplia possibilitat de combinacions<\/li>\n<\/ul>\n<p>Bancs i taules s\u00f3n subministrats desarmats. Instruccions i material per al muntatge inclosos.<\/p>\n<p>Taula per a banc: tipus Premium<br \/>\nElement b\u00e0sic<br \/>\n3 taules per a bancs: 150 x 10 x 4,7 cm<br \/>\n2 Jardineres: Iberis 1<br \/>\nElement annexable<br \/>\n3 taules per a bancs: 150 x 10 x 4,7 cm<br \/>\n1 Jardinera: Iberis 1<\/p>\n","protected":false},"excerpt":{"rendered":"<div class=\"content--title\">Informaci\u00f3 del producte &#8220;Banc Iona&#8221;<\/div>\n<div class=\"product--description\">Bancs entre jardineres no \u00e9s nou. Per\u00f2 un banc que comunica a les jardineres s\u00ed que \u00e9s una novetat. I sobretot molt atractiu oferint infinites possibilitats. Combineu lliurement l&#8217;element b\u00e0sic amb els seients annexables formant cantonades, ziga-zagues o belles barreres \u2013 posi a treballar la seva imaginaci\u00f3!<\/div>\n","protected":false},"featured_media":3279,"comment_status":"open","ping_status":"closed","template":"","meta":[],"product_cat":[198,200],"product_tag":[],"class_list":{"0":"post-6260","1":"product","2":"type-product","3":"status-publish","4":"has-post-thumbnail","6":"product_cat-bancs","7":"product_cat-parcs-i-jardins","9":"first","10":"instock","11":"shipping-taxable","12":"product-type-simple"},"yoast_head":"<!-- This site is optimized with the Yoast SEO plugin v23.2 - https:\/\/yoast.com\/wordpress\/plugins\/seo\/ -->\n<title>Banc Iona - Yourplastics.es<\/title>\n<meta name=\"robots\" content=\"index, follow, max-snippet:-1, max-image-preview:large, max-video-preview:-1\" \/>\n<link rel=\"canonical\" href=\"https:\/\/yourplastics.es\/ca\/producto\/banc-iona\/\" \/>\n<meta property=\"og:locale\" content=\"ca_ES\" \/>\n<meta property=\"og:type\" content=\"article\" \/>\n<meta property=\"og:title\" content=\"Banc Iona - Yourplastics.es\" \/>\n<meta property=\"og:description\" content=\"Informaci\u00f3 del producte &quot;Banc Iona&quot; Bancs entre jardineres no \u00e9s nou. Per\u00f2 un banc que comunica a les jardineres s\u00ed que \u00e9s una novetat. I sobretot molt atractiu oferint infinites possibilitats. Combineu lliurement l&#039;element b\u00e0sic amb els seients annexables formant cantonades, ziga-zagues o belles barreres \u2013 posi a treballar la seva imaginaci\u00f3!\" \/>\n<meta property=\"og:url\" content=\"https:\/\/yourplastics.es\/ca\/producto\/banc-iona\/\" \/>\n<meta property=\"og:site_name\" content=\"Yourplastics.es\" \/>\n<meta property=\"og:image\" content=\"https:\/\/yourplastics.es\/wp-content\/uploads\/2024\/03\/502100-6_Bank_Iona_3D_Basiselement_1291.jpg\" \/>\n\t<meta property=\"og:image:width\" content=\"1600\" \/>\n\t<meta property=\"og:image:height\" content=\"753\" \/>\n\t<meta property=\"og:image:type\" content=\"image\/jpeg\" \/>\n<meta name=\"twitter:card\" content=\"summary_large_image\" \/>\n<script type=\"application\/ld+json\" class=\"yoast-schema-graph\">{\"@context\":\"https:\/\/schema.org\",\"@graph\":[{\"@type\":\"WebPage\",\"@id\":\"https:\/\/yourplastics.es\/ca\/producto\/banc-iona\/\",\"url\":\"https:\/\/yourplastics.es\/ca\/producto\/banc-iona\/\",\"name\":\"Banc Iona - Yourplastics.es\",\"isPartOf\":{\"@id\":\"https:\/\/yourplastics.es\/#website\"},\"primaryImageOfPage\":{\"@id\":\"https:\/\/yourplastics.es\/ca\/producto\/banc-iona\/#primaryimage\"},\"image\":{\"@id\":\"https:\/\/yourplastics.es\/ca\/producto\/banc-iona\/#primaryimage\"},\"thumbnailUrl\":\"https:\/\/yourplastics.es\/wp-content\/uploads\/2024\/03\/502100-6_Bank_Iona_3D_Basiselement_1291.jpg\",\"datePublished\":\"2024-03-04T09:20:52+00:00\",\"dateModified\":\"2024-03-04T09:20:52+00:00\",\"breadcrumb\":{\"@id\":\"https:\/\/yourplastics.es\/ca\/producto\/banc-iona\/#breadcrumb\"},\"inLanguage\":\"ca\",\"potentialAction\":[{\"@type\":\"ReadAction\",\"target\":[\"https:\/\/yourplastics.es\/ca\/producto\/banc-iona\/\"]}]},{\"@type\":\"ImageObject\",\"inLanguage\":\"ca\",\"@id\":\"https:\/\/yourplastics.es\/ca\/producto\/banc-iona\/#primaryimage\",\"url\":\"https:\/\/yourplastics.es\/wp-content\/uploads\/2024\/03\/502100-6_Bank_Iona_3D_Basiselement_1291.jpg\",\"contentUrl\":\"https:\/\/yourplastics.es\/wp-content\/uploads\/2024\/03\/502100-6_Bank_Iona_3D_Basiselement_1291.jpg\",\"width\":1600,\"height\":753},{\"@type\":\"BreadcrumbList\",\"@id\":\"https:\/\/yourplastics.es\/ca\/producto\/banc-iona\/#breadcrumb\",\"itemListElement\":[{\"@type\":\"ListItem\",\"position\":1,\"name\":\"Home\",\"item\":\"https:\/\/yourplastics.es\/ca\/\"},{\"@type\":\"ListItem\",\"position\":2,\"name\":\"Botiga\",\"item\":\"https:\/\/yourplastics.es\/ca\/tienda-2\/\"},{\"@type\":\"ListItem\",\"position\":3,\"name\":\"Banc Iona\"}]},{\"@type\":\"WebSite\",\"@id\":\"https:\/\/yourplastics.es\/#website\",\"url\":\"https:\/\/yourplastics.es\/\",\"name\":\"Yourplastics\",\"description\":\"\",\"publisher\":{\"@id\":\"https:\/\/yourplastics.es\/#organization\"},\"potentialAction\":[{\"@type\":\"SearchAction\",\"target\":{\"@type\":\"EntryPoint\",\"urlTemplate\":\"https:\/\/yourplastics.es\/?s={search_term_string}\"},\"query-input\":\"required name=search_term_string\"}],\"inLanguage\":\"ca\"},{\"@type\":\"Organization\",\"@id\":\"https:\/\/yourplastics.es\/#organization\",\"name\":\"Yourplastics\",\"url\":\"https:\/\/yourplastics.es\/\",\"logo\":{\"@type\":\"ImageObject\",\"inLanguage\":\"ca\",\"@id\":\"https:\/\/yourplastics.es\/#\/schema\/logo\/image\/\",\"url\":\"https:\/\/yourplastics.es\/wp-content\/uploads\/2024\/08\/logo2-400x163-1.png\",\"contentUrl\":\"https:\/\/yourplastics.es\/wp-content\/uploads\/2024\/08\/logo2-400x163-1.png\",\"width\":400,\"height\":163,\"caption\":\"Yourplastics\"},\"image\":{\"@id\":\"https:\/\/yourplastics.es\/#\/schema\/logo\/image\/\"}}]}<\/script>\n<!-- \/ Yoast SEO plugin. -->","yoast_head_json":{"title":"Banc Iona - Yourplastics.es","robots":{"index":"index","follow":"follow","max-snippet":"max-snippet:-1","max-image-preview":"max-image-preview:large","max-video-preview":"max-video-preview:-1"},"canonical":"https:\/\/yourplastics.es\/ca\/producto\/banc-iona\/","og_locale":"ca_ES","og_type":"article","og_title":"Banc Iona - Yourplastics.es","og_description":"Informaci\u00f3 del producte \"Banc Iona\" Bancs entre jardineres no \u00e9s nou. Per\u00f2 un banc que comunica a les jardineres s\u00ed que \u00e9s una novetat. I sobretot molt atractiu oferint infinites possibilitats. Combineu lliurement l'element b\u00e0sic amb els seients annexables formant cantonades, ziga-zagues o belles barreres \u2013 posi a treballar la seva imaginaci\u00f3!","og_url":"https:\/\/yourplastics.es\/ca\/producto\/banc-iona\/","og_site_name":"Yourplastics.es","og_image":[{"width":1600,"height":753,"url":"https:\/\/yourplastics.es\/wp-content\/uploads\/2024\/03\/502100-6_Bank_Iona_3D_Basiselement_1291.jpg","type":"image\/jpeg"}],"twitter_card":"summary_large_image","schema":{"@context":"https:\/\/schema.org","@graph":[{"@type":"WebPage","@id":"https:\/\/yourplastics.es\/ca\/producto\/banc-iona\/","url":"https:\/\/yourplastics.es\/ca\/producto\/banc-iona\/","name":"Banc Iona - Yourplastics.es","isPartOf":{"@id":"https:\/\/yourplastics.es\/#website"},"primaryImageOfPage":{"@id":"https:\/\/yourplastics.es\/ca\/producto\/banc-iona\/#primaryimage"},"image":{"@id":"https:\/\/yourplastics.es\/ca\/producto\/banc-iona\/#primaryimage"},"thumbnailUrl":"https:\/\/yourplastics.es\/wp-content\/uploads\/2024\/03\/502100-6_Bank_Iona_3D_Basiselement_1291.jpg","datePublished":"2024-03-04T09:20:52+00:00","dateModified":"2024-03-04T09:20:52+00:00","breadcrumb":{"@id":"https:\/\/yourplastics.es\/ca\/producto\/banc-iona\/#breadcrumb"},"inLanguage":"ca","potentialAction":[{"@type":"ReadAction","target":["https:\/\/yourplastics.es\/ca\/producto\/banc-iona\/"]}]},{"@type":"ImageObject","inLanguage":"ca","@id":"https:\/\/yourplastics.es\/ca\/producto\/banc-iona\/#primaryimage","url":"https:\/\/yourplastics.es\/wp-content\/uploads\/2024\/03\/502100-6_Bank_Iona_3D_Basiselement_1291.jpg","contentUrl":"https:\/\/yourplastics.es\/wp-content\/uploads\/2024\/03\/502100-6_Bank_Iona_3D_Basiselement_1291.jpg","width":1600,"height":753},{"@type":"BreadcrumbList","@id":"https:\/\/yourplastics.es\/ca\/producto\/banc-iona\/#breadcrumb","itemListElement":[{"@type":"ListItem","position":1,"name":"Home","item":"https:\/\/yourplastics.es\/ca\/"},{"@type":"ListItem","position":2,"name":"Botiga","item":"https:\/\/yourplastics.es\/ca\/tienda-2\/"},{"@type":"ListItem","position":3,"name":"Banc Iona"}]},{"@type":"WebSite","@id":"https:\/\/yourplastics.es\/#website","url":"https:\/\/yourplastics.es\/","name":"Yourplastics","description":"","publisher":{"@id":"https:\/\/yourplastics.es\/#organization"},"potentialAction":[{"@type":"SearchAction","target":{"@type":"EntryPoint","urlTemplate":"https:\/\/yourplastics.es\/?s={search_term_string}"},"query-input":"required name=search_term_string"}],"inLanguage":"ca"},{"@type":"Organization","@id":"https:\/\/yourplastics.es\/#organization","name":"Yourplastics","url":"https:\/\/yourplastics.es\/","logo":{"@type":"ImageObject","inLanguage":"ca","@id":"https:\/\/yourplastics.es\/#\/schema\/logo\/image\/","url":"https:\/\/yourplastics.es\/wp-content\/uploads\/2024\/08\/logo2-400x163-1.png","contentUrl":"https:\/\/yourplastics.es\/wp-content\/uploads\/2024\/08\/logo2-400x163-1.png","width":400,"height":163,"caption":"Yourplastics"},"image":{"@id":"https:\/\/yourplastics.es\/#\/schema\/logo\/image\/"}}]}},"_links":{"self":[{"href":"https:\/\/yourplastics.es\/ca\/wp-json\/wp\/v2\/product\/6260","targetHints":{"allow":["GET"]}}],"collection":[{"href":"https:\/\/yourplastics.es\/ca\/wp-json\/wp\/v2\/product"}],"about":[{"href":"https:\/\/yourplastics.es\/ca\/wp-json\/wp\/v2\/types\/product"}],"replies":[{"embeddable":true,"href":"https:\/\/yourplastics.es\/ca\/wp-json\/wp\/v2\/comments?post=6260"}],"wp:featuredmedia":[{"embeddable":true,"href":"https:\/\/yourplastics.es\/ca\/wp-json\/wp\/v2\/media\/3279"}],"wp:attachment":[{"href":"https:\/\/yourplastics.es\/ca\/wp-json\/wp\/v2\/media?parent=6260"}],"wp:term":[{"taxonomy":"product_cat","embeddable":true,"href":"https:\/\/yourplastics.es\/ca\/wp-json\/wp\/v2\/product_cat?post=6260"},{"taxonomy":"product_tag","embeddable":true,"href":"https:\/\/yourplastics.es\/ca\/wp-json\/wp\/v2\/product_tag?post=6260"}],"curies":[{"name":"wp","href":"https:\/\/api.w.org\/{rel}","templated":true}]}}