{"id":6257,"date":"2024-03-04T09:08:34","date_gmt":"2024-03-04T09:08:34","guid":{"rendered":"https:\/\/yourplastics.es\/producto\/vorades-per-a-picapedrers\/"},"modified":"2024-05-23T08:55:18","modified_gmt":"2024-05-23T08:55:18","slug":"vorades-per-a-picapedrers","status":"publish","type":"product","link":"https:\/\/yourplastics.es\/ca\/producto\/vorades-per-a-picapedrers\/","title":{"rendered":"Vorades per a picapedrers"},"content":{"rendered":"<ul>\n<li>Dimensions del rotllo: 0,7 x 14 x 1800 cm<\/li>\n<li>Dimensions del perfil recte: 1,0 x 14 x 200 cm<\/li>\n<li>Vost\u00e8 determina la direcci\u00f3<\/li>\n<li>F\u00e0cil de muntar<\/li>\n<\/ul>\n<p>Per muntar les nostres vorades hanit<sup>\u00ae<\/sup>, recomanem els nostres pals quadrats de 4 x 4 x 45 o 60 cm. Per rotllo, al voltant de 24 pals i per als rectes, calen al voltant de 4 pals. Tingueu en compte la nostra recomanaci\u00f3 d&#8217;instal\u00b7laci\u00f3.<\/p>\n<h3 data-fontsize=\"20\" data-lineheight=\"29\">Informaci\u00f3 addicional<\/h3>\n<table class=\"woocommerce-product-attributes shop_attributes\">\n<tbody>\n<tr class=\"woocommerce-product-attributes-item woocommerce-product-attributes-item--attribute_caracter%c3%adstiques\">\n<th class=\"woocommerce-product-attributes-item__label\">Caracter\u00edstiques<\/th>\n<td class=\"woocommerce-product-attributes-item__value\">Vorada recta 1,0 x 14,0 cm (paquet amb 4 perfils), Vorada en rollo 0,7 x 14,0 cm, Pal quadrat 4,0 x 4,0 cm (paquet amb 8 perfils)<\/td>\n<\/tr>\n<tr class=\"woocommerce-product-attributes-item woocommerce-product-attributes-item--attribute_longitud\">\n<th class=\"woocommerce-product-attributes-item__label\">Longitud<\/th>\n<td class=\"woocommerce-product-attributes-item__value\">45 cm, 60 cm, 200 cm, 1800 cm<\/td>\n<\/tr>\n<\/tbody>\n<\/table>\n","protected":false},"excerpt":{"rendered":"<div class=\"content--title\">Informaci\u00f3 del producte &#8220;Vorades per a picapedrers&#8221;<\/div>\n<div class=\"product--description\">Gespa, camins de jard\u00ed, parterres o \u00e0rees d&#8217;estanys &#8211; un jard\u00ed ofereix moltes possibilitats. Amb la nostra vorera pot donar forma molt f\u00e0cilment al seu jard\u00ed i distingir clarament aquestes \u00e0rees entre si Ja sigui en la seva versi\u00f3 enrotllada per a aquells que volen donar al seu jard\u00ed un aspecte art\u00edstic, o com a perfil recte, per a l\u00ednies clares i senzilles. Gr\u00e0cies a les nostres vorades hanit<sup>\u00ae<\/sup>, la instal\u00b7laci\u00f3 a terra \u00e9s un joc de nens i es garanteix una gran estabilitat.<\/div>\n","protected":false},"featured_media":2375,"comment_status":"closed","ping_status":"closed","template":"","meta":[],"product_cat":[211,210],"product_tag":[],"class_list":{"0":"post-6257","1":"product","2":"type-product","3":"status-publish","4":"has-post-thumbnail","6":"product_cat-edificacio-i-construccio","7":"product_cat-vorades-per-a-jardins","9":"first","10":"instock","11":"shipping-taxable","12":"product-type-simple"},"yoast_head":"<!-- This site is optimized with the Yoast SEO plugin v23.2 - https:\/\/yoast.com\/wordpress\/plugins\/seo\/ -->\n<title>Vorades per a picapedrers - Yourplastics.es<\/title>\n<meta name=\"robots\" content=\"index, follow, max-snippet:-1, max-image-preview:large, max-video-preview:-1\" \/>\n<link rel=\"canonical\" href=\"https:\/\/yourplastics.es\/ca\/producto\/vorades-per-a-picapedrers\/\" \/>\n<meta property=\"og:locale\" content=\"ca_ES\" \/>\n<meta property=\"og:type\" content=\"article\" \/>\n<meta property=\"og:title\" content=\"Vorades per a picapedrers - Yourplastics.es\" \/>\n<meta property=\"og:description\" content=\"Informaci\u00f3 del producte &quot;Vorades per a picapedrers&quot; Gespa, camins de jard\u00ed, parterres o \u00e0rees d&#039;estanys - un jard\u00ed ofereix moltes possibilitats. Amb la nostra vorera pot donar forma molt f\u00e0cilment al seu jard\u00ed i distingir clarament aquestes \u00e0rees entre si Ja sigui en la seva versi\u00f3 enrotllada per a aquells que volen donar al seu jard\u00ed un aspecte art\u00edstic, o com a perfil recte, per a l\u00ednies clares i senzilles. Gr\u00e0cies a les nostres vorades hanit\u00ae, la instal\u00b7laci\u00f3 a terra \u00e9s un joc de nens i es garanteix una gran estabilitat.\" \/>\n<meta property=\"og:url\" content=\"https:\/\/yourplastics.es\/ca\/producto\/vorades-per-a-picapedrers\/\" \/>\n<meta property=\"og:site_name\" content=\"Yourplastics.es\" \/>\n<meta property=\"article:modified_time\" content=\"2024-05-23T08:55:18+00:00\" \/>\n<meta property=\"og:image\" content=\"https:\/\/yourplastics.es\/wp-content\/uploads\/2024\/03\/110000_Beeteinfassung_gesamt_3D_3690.jpg\" \/>\n\t<meta property=\"og:image:width\" content=\"1600\" \/>\n\t<meta property=\"og:image:height\" content=\"948\" \/>\n\t<meta property=\"og:image:type\" content=\"image\/jpeg\" \/>\n<meta name=\"twitter:card\" content=\"summary_large_image\" \/>\n<script type=\"application\/ld+json\" class=\"yoast-schema-graph\">{\"@context\":\"https:\/\/schema.org\",\"@graph\":[{\"@type\":\"WebPage\",\"@id\":\"https:\/\/yourplastics.es\/ca\/producto\/vorades-per-a-picapedrers\/\",\"url\":\"https:\/\/yourplastics.es\/ca\/producto\/vorades-per-a-picapedrers\/\",\"name\":\"Vorades per a picapedrers - Yourplastics.es\",\"isPartOf\":{\"@id\":\"https:\/\/yourplastics.es\/#website\"},\"primaryImageOfPage\":{\"@id\":\"https:\/\/yourplastics.es\/ca\/producto\/vorades-per-a-picapedrers\/#primaryimage\"},\"image\":{\"@id\":\"https:\/\/yourplastics.es\/ca\/producto\/vorades-per-a-picapedrers\/#primaryimage\"},\"thumbnailUrl\":\"https:\/\/yourplastics.es\/wp-content\/uploads\/2024\/03\/110000_Beeteinfassung_gesamt_3D_3690.jpg\",\"datePublished\":\"2024-03-04T09:08:34+00:00\",\"dateModified\":\"2024-05-23T08:55:18+00:00\",\"breadcrumb\":{\"@id\":\"https:\/\/yourplastics.es\/ca\/producto\/vorades-per-a-picapedrers\/#breadcrumb\"},\"inLanguage\":\"ca\",\"potentialAction\":[{\"@type\":\"ReadAction\",\"target\":[\"https:\/\/yourplastics.es\/ca\/producto\/vorades-per-a-picapedrers\/\"]}]},{\"@type\":\"ImageObject\",\"inLanguage\":\"ca\",\"@id\":\"https:\/\/yourplastics.es\/ca\/producto\/vorades-per-a-picapedrers\/#primaryimage\",\"url\":\"https:\/\/yourplastics.es\/wp-content\/uploads\/2024\/03\/110000_Beeteinfassung_gesamt_3D_3690.jpg\",\"contentUrl\":\"https:\/\/yourplastics.es\/wp-content\/uploads\/2024\/03\/110000_Beeteinfassung_gesamt_3D_3690.jpg\",\"width\":1600,\"height\":948},{\"@type\":\"BreadcrumbList\",\"@id\":\"https:\/\/yourplastics.es\/ca\/producto\/vorades-per-a-picapedrers\/#breadcrumb\",\"itemListElement\":[{\"@type\":\"ListItem\",\"position\":1,\"name\":\"Home\",\"item\":\"https:\/\/yourplastics.es\/ca\/\"},{\"@type\":\"ListItem\",\"position\":2,\"name\":\"Botiga\",\"item\":\"https:\/\/yourplastics.es\/ca\/tienda-2\/\"},{\"@type\":\"ListItem\",\"position\":3,\"name\":\"Vorades per a picapedrers\"}]},{\"@type\":\"WebSite\",\"@id\":\"https:\/\/yourplastics.es\/#website\",\"url\":\"https:\/\/yourplastics.es\/\",\"name\":\"Yourplastics\",\"description\":\"\",\"publisher\":{\"@id\":\"https:\/\/yourplastics.es\/#organization\"},\"potentialAction\":[{\"@type\":\"SearchAction\",\"target\":{\"@type\":\"EntryPoint\",\"urlTemplate\":\"https:\/\/yourplastics.es\/?s={search_term_string}\"},\"query-input\":\"required name=search_term_string\"}],\"inLanguage\":\"ca\"},{\"@type\":\"Organization\",\"@id\":\"https:\/\/yourplastics.es\/#organization\",\"name\":\"Yourplastics\",\"url\":\"https:\/\/yourplastics.es\/\",\"logo\":{\"@type\":\"ImageObject\",\"inLanguage\":\"ca\",\"@id\":\"https:\/\/yourplastics.es\/#\/schema\/logo\/image\/\",\"url\":\"https:\/\/yourplastics.es\/wp-content\/uploads\/2024\/08\/logo2-400x163-1.png\",\"contentUrl\":\"https:\/\/yourplastics.es\/wp-content\/uploads\/2024\/08\/logo2-400x163-1.png\",\"width\":400,\"height\":163,\"caption\":\"Yourplastics\"},\"image\":{\"@id\":\"https:\/\/yourplastics.es\/#\/schema\/logo\/image\/\"}}]}<\/script>\n<!-- \/ Yoast SEO plugin. -->","yoast_head_json":{"title":"Vorades per a picapedrers - Yourplastics.es","robots":{"index":"index","follow":"follow","max-snippet":"max-snippet:-1","max-image-preview":"max-image-preview:large","max-video-preview":"max-video-preview:-1"},"canonical":"https:\/\/yourplastics.es\/ca\/producto\/vorades-per-a-picapedrers\/","og_locale":"ca_ES","og_type":"article","og_title":"Vorades per a picapedrers - Yourplastics.es","og_description":"Informaci\u00f3 del producte \"Vorades per a picapedrers\" Gespa, camins de jard\u00ed, parterres o \u00e0rees d'estanys - un jard\u00ed ofereix moltes possibilitats. Amb la nostra vorera pot donar forma molt f\u00e0cilment al seu jard\u00ed i distingir clarament aquestes \u00e0rees entre si Ja sigui en la seva versi\u00f3 enrotllada per a aquells que volen donar al seu jard\u00ed un aspecte art\u00edstic, o com a perfil recte, per a l\u00ednies clares i senzilles. Gr\u00e0cies a les nostres vorades hanit\u00ae, la instal\u00b7laci\u00f3 a terra \u00e9s un joc de nens i es garanteix una gran estabilitat.","og_url":"https:\/\/yourplastics.es\/ca\/producto\/vorades-per-a-picapedrers\/","og_site_name":"Yourplastics.es","article_modified_time":"2024-05-23T08:55:18+00:00","og_image":[{"width":1600,"height":948,"url":"https:\/\/yourplastics.es\/wp-content\/uploads\/2024\/03\/110000_Beeteinfassung_gesamt_3D_3690.jpg","type":"image\/jpeg"}],"twitter_card":"summary_large_image","schema":{"@context":"https:\/\/schema.org","@graph":[{"@type":"WebPage","@id":"https:\/\/yourplastics.es\/ca\/producto\/vorades-per-a-picapedrers\/","url":"https:\/\/yourplastics.es\/ca\/producto\/vorades-per-a-picapedrers\/","name":"Vorades per a picapedrers - Yourplastics.es","isPartOf":{"@id":"https:\/\/yourplastics.es\/#website"},"primaryImageOfPage":{"@id":"https:\/\/yourplastics.es\/ca\/producto\/vorades-per-a-picapedrers\/#primaryimage"},"image":{"@id":"https:\/\/yourplastics.es\/ca\/producto\/vorades-per-a-picapedrers\/#primaryimage"},"thumbnailUrl":"https:\/\/yourplastics.es\/wp-content\/uploads\/2024\/03\/110000_Beeteinfassung_gesamt_3D_3690.jpg","datePublished":"2024-03-04T09:08:34+00:00","dateModified":"2024-05-23T08:55:18+00:00","breadcrumb":{"@id":"https:\/\/yourplastics.es\/ca\/producto\/vorades-per-a-picapedrers\/#breadcrumb"},"inLanguage":"ca","potentialAction":[{"@type":"ReadAction","target":["https:\/\/yourplastics.es\/ca\/producto\/vorades-per-a-picapedrers\/"]}]},{"@type":"ImageObject","inLanguage":"ca","@id":"https:\/\/yourplastics.es\/ca\/producto\/vorades-per-a-picapedrers\/#primaryimage","url":"https:\/\/yourplastics.es\/wp-content\/uploads\/2024\/03\/110000_Beeteinfassung_gesamt_3D_3690.jpg","contentUrl":"https:\/\/yourplastics.es\/wp-content\/uploads\/2024\/03\/110000_Beeteinfassung_gesamt_3D_3690.jpg","width":1600,"height":948},{"@type":"BreadcrumbList","@id":"https:\/\/yourplastics.es\/ca\/producto\/vorades-per-a-picapedrers\/#breadcrumb","itemListElement":[{"@type":"ListItem","position":1,"name":"Home","item":"https:\/\/yourplastics.es\/ca\/"},{"@type":"ListItem","position":2,"name":"Botiga","item":"https:\/\/yourplastics.es\/ca\/tienda-2\/"},{"@type":"ListItem","position":3,"name":"Vorades per a picapedrers"}]},{"@type":"WebSite","@id":"https:\/\/yourplastics.es\/#website","url":"https:\/\/yourplastics.es\/","name":"Yourplastics","description":"","publisher":{"@id":"https:\/\/yourplastics.es\/#organization"},"potentialAction":[{"@type":"SearchAction","target":{"@type":"EntryPoint","urlTemplate":"https:\/\/yourplastics.es\/?s={search_term_string}"},"query-input":"required name=search_term_string"}],"inLanguage":"ca"},{"@type":"Organization","@id":"https:\/\/yourplastics.es\/#organization","name":"Yourplastics","url":"https:\/\/yourplastics.es\/","logo":{"@type":"ImageObject","inLanguage":"ca","@id":"https:\/\/yourplastics.es\/#\/schema\/logo\/image\/","url":"https:\/\/yourplastics.es\/wp-content\/uploads\/2024\/08\/logo2-400x163-1.png","contentUrl":"https:\/\/yourplastics.es\/wp-content\/uploads\/2024\/08\/logo2-400x163-1.png","width":400,"height":163,"caption":"Yourplastics"},"image":{"@id":"https:\/\/yourplastics.es\/#\/schema\/logo\/image\/"}}]}},"_links":{"self":[{"href":"https:\/\/yourplastics.es\/ca\/wp-json\/wp\/v2\/product\/6257","targetHints":{"allow":["GET"]}}],"collection":[{"href":"https:\/\/yourplastics.es\/ca\/wp-json\/wp\/v2\/product"}],"about":[{"href":"https:\/\/yourplastics.es\/ca\/wp-json\/wp\/v2\/types\/product"}],"replies":[{"embeddable":true,"href":"https:\/\/yourplastics.es\/ca\/wp-json\/wp\/v2\/comments?post=6257"}],"wp:featuredmedia":[{"embeddable":true,"href":"https:\/\/yourplastics.es\/ca\/wp-json\/wp\/v2\/media\/2375"}],"wp:attachment":[{"href":"https:\/\/yourplastics.es\/ca\/wp-json\/wp\/v2\/media?parent=6257"}],"wp:term":[{"taxonomy":"product_cat","embeddable":true,"href":"https:\/\/yourplastics.es\/ca\/wp-json\/wp\/v2\/product_cat?post=6257"},{"taxonomy":"product_tag","embeddable":true,"href":"https:\/\/yourplastics.es\/ca\/wp-json\/wp\/v2\/product_tag?post=6257"}],"curies":[{"name":"wp","href":"https:\/\/api.w.org\/{rel}","templated":true}]}}