{"id":6255,"date":"2024-03-04T09:21:17","date_gmt":"2024-03-04T09:21:17","guid":{"rendered":"https:\/\/yourplastics.es\/producto\/taula-per-a-bancs-tipus-klassik\/"},"modified":"2024-03-12T11:49:33","modified_gmt":"2024-03-12T11:49:33","slug":"taula-per-a-bancs-tipus-klassik","status":"publish","type":"product","link":"https:\/\/yourplastics.es\/ca\/producto\/taula-per-a-bancs-tipus-klassik\/","title":{"rendered":"Taula per a bancs tipus Klassik"},"content":{"rendered":"<ul>\n<li>Sense refor\u00e7 com a perfil curt o amb refor\u00e7 posterior fresat<\/li>\n<li>Llarg: 40 cm, 150 cm, 180 cm, 200 cm i 240 cm<\/li>\n<li>Ample: 5,5 cm, 8 cm, 10 cm, 12 cm, 14 cm, 17 cm i 19 cm<\/li>\n<li>Gruix: 4 cm, 4,5 cm i 6 cm<\/li>\n<\/ul>\n<p>La taula per a bancs tipus Klassik s&#8217;ha de muntar amb un m\u00e0xim de 130 cm entre els punts de suport. Les taules per a banc sense refor\u00e7 han d&#8217;estar recolzades \u00edntegrament. Cada taula ha d&#8217;estar unida a les altres (p.e. mitjan\u00e7ant una planxa de metall), per distribuir la pressi\u00f3 exercida pel pes del qual se senti, i per tant assegurar l&#8217;alineaci\u00f3 de les taules. Les unitats d&#8217;embalatge nom\u00e9s serveixen per orientaci\u00f3. No s\u00f3n quantitats m\u00ednimes a demanar. Els productes el llarg dels quals \u00e9s superior a 200 cm s&#8217;embalen en palets dobles.<\/p>\n","protected":false},"excerpt":{"rendered":"<div class=\"content--title\">Informaci\u00f3 del producte &#8220;Taula per a bancs tipus Klassik&#8221;<\/div>\n<div class=\"product--description\">Les nostres taules per a bancs tipus Klassik s\u00f3n ideals per equipar estructures existents, ja sigui per a la renovaci\u00f3 o nous desenvolupaments. Estan predeterminats per al disseny de bancs per exemple a: instal\u00b7lacions esportives, escenaris a l&#8217;aire lliure i espais p\u00fablics. O per a la utilitzaci\u00f3 de blocs de ciment, pedres en U i gabions com a c\u00f2modes seients. El refor\u00e7 intern de metall zincat eleva la seva estabilitat i duresa.<\/div>\n","protected":false},"featured_media":3310,"comment_status":"open","ping_status":"closed","template":"","meta":[],"product_cat":[200,190],"product_tag":[],"class_list":{"0":"post-6255","1":"product","2":"type-product","3":"status-publish","4":"has-post-thumbnail","6":"product_cat-parcs-i-jardins","7":"product_cat-taulons-per-bancs","9":"first","10":"instock","11":"shipping-taxable","12":"product-type-simple"},"yoast_head":"<!-- This site is optimized with the Yoast SEO plugin v23.2 - https:\/\/yoast.com\/wordpress\/plugins\/seo\/ -->\n<title>Taula per a bancs tipus Klassik - Yourplastics.es<\/title>\n<meta name=\"robots\" content=\"index, follow, max-snippet:-1, max-image-preview:large, max-video-preview:-1\" \/>\n<link rel=\"canonical\" href=\"https:\/\/yourplastics.es\/ca\/producto\/taula-per-a-bancs-tipus-klassik\/\" \/>\n<meta property=\"og:locale\" content=\"ca_ES\" \/>\n<meta property=\"og:type\" content=\"article\" \/>\n<meta property=\"og:title\" content=\"Taula per a bancs tipus Klassik - Yourplastics.es\" \/>\n<meta property=\"og:description\" content=\"Informaci\u00f3 del producte &quot;Taula per a bancs tipus Klassik&quot; Les nostres taules per a bancs tipus Klassik s\u00f3n ideals per equipar estructures existents, ja sigui per a la renovaci\u00f3 o nous desenvolupaments. Estan predeterminats per al disseny de bancs per exemple a: instal\u00b7lacions esportives, escenaris a l&#039;aire lliure i espais p\u00fablics. O per a la utilitzaci\u00f3 de blocs de ciment, pedres en U i gabions com a c\u00f2modes seients. El refor\u00e7 intern de metall zincat eleva la seva estabilitat i duresa.\" \/>\n<meta property=\"og:url\" content=\"https:\/\/yourplastics.es\/ca\/producto\/taula-per-a-bancs-tipus-klassik\/\" \/>\n<meta property=\"og:site_name\" content=\"Yourplastics.es\" \/>\n<meta property=\"article:modified_time\" content=\"2024-03-12T11:49:33+00:00\" \/>\n<meta property=\"og:image\" content=\"https:\/\/yourplastics.es\/wp-content\/uploads\/2024\/03\/501100_Bankbohle_Klassik_armiert_3D_1886.jpg\" \/>\n\t<meta property=\"og:image:width\" content=\"1600\" \/>\n\t<meta property=\"og:image:height\" content=\"816\" \/>\n\t<meta property=\"og:image:type\" content=\"image\/jpeg\" \/>\n<meta name=\"twitter:card\" content=\"summary_large_image\" \/>\n<meta name=\"twitter:label1\" content=\"Temps estimat de lectura\" \/>\n\t<meta name=\"twitter:data1\" content=\"1 minut\" \/>\n<script type=\"application\/ld+json\" class=\"yoast-schema-graph\">{\"@context\":\"https:\/\/schema.org\",\"@graph\":[{\"@type\":\"WebPage\",\"@id\":\"https:\/\/yourplastics.es\/ca\/producto\/taula-per-a-bancs-tipus-klassik\/\",\"url\":\"https:\/\/yourplastics.es\/ca\/producto\/taula-per-a-bancs-tipus-klassik\/\",\"name\":\"Taula per a bancs tipus Klassik - Yourplastics.es\",\"isPartOf\":{\"@id\":\"https:\/\/yourplastics.es\/#website\"},\"primaryImageOfPage\":{\"@id\":\"https:\/\/yourplastics.es\/ca\/producto\/taula-per-a-bancs-tipus-klassik\/#primaryimage\"},\"image\":{\"@id\":\"https:\/\/yourplastics.es\/ca\/producto\/taula-per-a-bancs-tipus-klassik\/#primaryimage\"},\"thumbnailUrl\":\"https:\/\/yourplastics.es\/wp-content\/uploads\/2024\/03\/501100_Bankbohle_Klassik_armiert_3D_1886.jpg\",\"datePublished\":\"2024-03-04T09:21:17+00:00\",\"dateModified\":\"2024-03-12T11:49:33+00:00\",\"breadcrumb\":{\"@id\":\"https:\/\/yourplastics.es\/ca\/producto\/taula-per-a-bancs-tipus-klassik\/#breadcrumb\"},\"inLanguage\":\"ca\",\"potentialAction\":[{\"@type\":\"ReadAction\",\"target\":[\"https:\/\/yourplastics.es\/ca\/producto\/taula-per-a-bancs-tipus-klassik\/\"]}]},{\"@type\":\"ImageObject\",\"inLanguage\":\"ca\",\"@id\":\"https:\/\/yourplastics.es\/ca\/producto\/taula-per-a-bancs-tipus-klassik\/#primaryimage\",\"url\":\"https:\/\/yourplastics.es\/wp-content\/uploads\/2024\/03\/501100_Bankbohle_Klassik_armiert_3D_1886.jpg\",\"contentUrl\":\"https:\/\/yourplastics.es\/wp-content\/uploads\/2024\/03\/501100_Bankbohle_Klassik_armiert_3D_1886.jpg\",\"width\":1600,\"height\":816},{\"@type\":\"BreadcrumbList\",\"@id\":\"https:\/\/yourplastics.es\/ca\/producto\/taula-per-a-bancs-tipus-klassik\/#breadcrumb\",\"itemListElement\":[{\"@type\":\"ListItem\",\"position\":1,\"name\":\"Home\",\"item\":\"https:\/\/yourplastics.es\/ca\/\"},{\"@type\":\"ListItem\",\"position\":2,\"name\":\"Botiga\",\"item\":\"https:\/\/yourplastics.es\/ca\/tienda-2\/\"},{\"@type\":\"ListItem\",\"position\":3,\"name\":\"Taula per a bancs tipus Klassik\"}]},{\"@type\":\"WebSite\",\"@id\":\"https:\/\/yourplastics.es\/#website\",\"url\":\"https:\/\/yourplastics.es\/\",\"name\":\"Yourplastics\",\"description\":\"\",\"publisher\":{\"@id\":\"https:\/\/yourplastics.es\/#organization\"},\"potentialAction\":[{\"@type\":\"SearchAction\",\"target\":{\"@type\":\"EntryPoint\",\"urlTemplate\":\"https:\/\/yourplastics.es\/?s={search_term_string}\"},\"query-input\":\"required name=search_term_string\"}],\"inLanguage\":\"ca\"},{\"@type\":\"Organization\",\"@id\":\"https:\/\/yourplastics.es\/#organization\",\"name\":\"Yourplastics\",\"url\":\"https:\/\/yourplastics.es\/\",\"logo\":{\"@type\":\"ImageObject\",\"inLanguage\":\"ca\",\"@id\":\"https:\/\/yourplastics.es\/#\/schema\/logo\/image\/\",\"url\":\"https:\/\/yourplastics.es\/wp-content\/uploads\/2024\/08\/logo2-400x163-1.png\",\"contentUrl\":\"https:\/\/yourplastics.es\/wp-content\/uploads\/2024\/08\/logo2-400x163-1.png\",\"width\":400,\"height\":163,\"caption\":\"Yourplastics\"},\"image\":{\"@id\":\"https:\/\/yourplastics.es\/#\/schema\/logo\/image\/\"}}]}<\/script>\n<!-- \/ Yoast SEO plugin. -->","yoast_head_json":{"title":"Taula per a bancs tipus Klassik - Yourplastics.es","robots":{"index":"index","follow":"follow","max-snippet":"max-snippet:-1","max-image-preview":"max-image-preview:large","max-video-preview":"max-video-preview:-1"},"canonical":"https:\/\/yourplastics.es\/ca\/producto\/taula-per-a-bancs-tipus-klassik\/","og_locale":"ca_ES","og_type":"article","og_title":"Taula per a bancs tipus Klassik - Yourplastics.es","og_description":"Informaci\u00f3 del producte \"Taula per a bancs tipus Klassik\" Les nostres taules per a bancs tipus Klassik s\u00f3n ideals per equipar estructures existents, ja sigui per a la renovaci\u00f3 o nous desenvolupaments. Estan predeterminats per al disseny de bancs per exemple a: instal\u00b7lacions esportives, escenaris a l'aire lliure i espais p\u00fablics. O per a la utilitzaci\u00f3 de blocs de ciment, pedres en U i gabions com a c\u00f2modes seients. El refor\u00e7 intern de metall zincat eleva la seva estabilitat i duresa.","og_url":"https:\/\/yourplastics.es\/ca\/producto\/taula-per-a-bancs-tipus-klassik\/","og_site_name":"Yourplastics.es","article_modified_time":"2024-03-12T11:49:33+00:00","og_image":[{"width":1600,"height":816,"url":"https:\/\/yourplastics.es\/wp-content\/uploads\/2024\/03\/501100_Bankbohle_Klassik_armiert_3D_1886.jpg","type":"image\/jpeg"}],"twitter_card":"summary_large_image","twitter_misc":{"Temps estimat de lectura":"1 minut"},"schema":{"@context":"https:\/\/schema.org","@graph":[{"@type":"WebPage","@id":"https:\/\/yourplastics.es\/ca\/producto\/taula-per-a-bancs-tipus-klassik\/","url":"https:\/\/yourplastics.es\/ca\/producto\/taula-per-a-bancs-tipus-klassik\/","name":"Taula per a bancs tipus Klassik - Yourplastics.es","isPartOf":{"@id":"https:\/\/yourplastics.es\/#website"},"primaryImageOfPage":{"@id":"https:\/\/yourplastics.es\/ca\/producto\/taula-per-a-bancs-tipus-klassik\/#primaryimage"},"image":{"@id":"https:\/\/yourplastics.es\/ca\/producto\/taula-per-a-bancs-tipus-klassik\/#primaryimage"},"thumbnailUrl":"https:\/\/yourplastics.es\/wp-content\/uploads\/2024\/03\/501100_Bankbohle_Klassik_armiert_3D_1886.jpg","datePublished":"2024-03-04T09:21:17+00:00","dateModified":"2024-03-12T11:49:33+00:00","breadcrumb":{"@id":"https:\/\/yourplastics.es\/ca\/producto\/taula-per-a-bancs-tipus-klassik\/#breadcrumb"},"inLanguage":"ca","potentialAction":[{"@type":"ReadAction","target":["https:\/\/yourplastics.es\/ca\/producto\/taula-per-a-bancs-tipus-klassik\/"]}]},{"@type":"ImageObject","inLanguage":"ca","@id":"https:\/\/yourplastics.es\/ca\/producto\/taula-per-a-bancs-tipus-klassik\/#primaryimage","url":"https:\/\/yourplastics.es\/wp-content\/uploads\/2024\/03\/501100_Bankbohle_Klassik_armiert_3D_1886.jpg","contentUrl":"https:\/\/yourplastics.es\/wp-content\/uploads\/2024\/03\/501100_Bankbohle_Klassik_armiert_3D_1886.jpg","width":1600,"height":816},{"@type":"BreadcrumbList","@id":"https:\/\/yourplastics.es\/ca\/producto\/taula-per-a-bancs-tipus-klassik\/#breadcrumb","itemListElement":[{"@type":"ListItem","position":1,"name":"Home","item":"https:\/\/yourplastics.es\/ca\/"},{"@type":"ListItem","position":2,"name":"Botiga","item":"https:\/\/yourplastics.es\/ca\/tienda-2\/"},{"@type":"ListItem","position":3,"name":"Taula per a bancs tipus Klassik"}]},{"@type":"WebSite","@id":"https:\/\/yourplastics.es\/#website","url":"https:\/\/yourplastics.es\/","name":"Yourplastics","description":"","publisher":{"@id":"https:\/\/yourplastics.es\/#organization"},"potentialAction":[{"@type":"SearchAction","target":{"@type":"EntryPoint","urlTemplate":"https:\/\/yourplastics.es\/?s={search_term_string}"},"query-input":"required name=search_term_string"}],"inLanguage":"ca"},{"@type":"Organization","@id":"https:\/\/yourplastics.es\/#organization","name":"Yourplastics","url":"https:\/\/yourplastics.es\/","logo":{"@type":"ImageObject","inLanguage":"ca","@id":"https:\/\/yourplastics.es\/#\/schema\/logo\/image\/","url":"https:\/\/yourplastics.es\/wp-content\/uploads\/2024\/08\/logo2-400x163-1.png","contentUrl":"https:\/\/yourplastics.es\/wp-content\/uploads\/2024\/08\/logo2-400x163-1.png","width":400,"height":163,"caption":"Yourplastics"},"image":{"@id":"https:\/\/yourplastics.es\/#\/schema\/logo\/image\/"}}]}},"_links":{"self":[{"href":"https:\/\/yourplastics.es\/ca\/wp-json\/wp\/v2\/product\/6255","targetHints":{"allow":["GET"]}}],"collection":[{"href":"https:\/\/yourplastics.es\/ca\/wp-json\/wp\/v2\/product"}],"about":[{"href":"https:\/\/yourplastics.es\/ca\/wp-json\/wp\/v2\/types\/product"}],"replies":[{"embeddable":true,"href":"https:\/\/yourplastics.es\/ca\/wp-json\/wp\/v2\/comments?post=6255"}],"wp:featuredmedia":[{"embeddable":true,"href":"https:\/\/yourplastics.es\/ca\/wp-json\/wp\/v2\/media\/3310"}],"wp:attachment":[{"href":"https:\/\/yourplastics.es\/ca\/wp-json\/wp\/v2\/media?parent=6255"}],"wp:term":[{"taxonomy":"product_cat","embeddable":true,"href":"https:\/\/yourplastics.es\/ca\/wp-json\/wp\/v2\/product_cat?post=6255"},{"taxonomy":"product_tag","embeddable":true,"href":"https:\/\/yourplastics.es\/ca\/wp-json\/wp\/v2\/product_tag?post=6255"}],"curies":[{"name":"wp","href":"https:\/\/api.w.org\/{rel}","templated":true}]}}