{"id":6250,"date":"2024-03-04T09:22:05","date_gmt":"2024-03-04T09:22:05","guid":{"rendered":"https:\/\/yourplastics.es\/producto\/taules-pre-acoblades-per-a-seients-tipus-premium\/"},"modified":"2024-03-04T09:22:05","modified_gmt":"2024-03-04T09:22:05","slug":"taules-pre-acoblades-per-a-seients-tipus-premium","status":"publish","type":"product","link":"https:\/\/yourplastics.es\/ca\/producto\/taules-pre-acoblades-per-a-seients-tipus-premium\/","title":{"rendered":"Taules pre acoblades per a seients tipus premium"},"content":{"rendered":"<ul>\n<li>Taules: Klassik o Premium<\/li>\n<li>Converteixi murs i blocs en seients<\/li>\n<li>Muntatge econ\u00f2mic i senzill<\/li>\n<li>Tamb\u00e9 es pot utilitzar per a reparacions<\/li>\n<\/ul>\n<p>L&#8217;espai entre taules \u00e9s de 2,5 cm. El muntatge es fa utilitzant 3 perfils en U d&#8217;alumini per element. Els perfils d&#8217;alumini tenen les perforacions corresponents per a la seva fixaci\u00f3 f\u00e0cil. Per a un element de 150 cm la separaci\u00f3 dels perfils \u00e9s de 20\/75\/130 cm i per a un de 200 cm \u00e9s de 20\/100\/180 cm. Les unitats d&#8217;embalatge nom\u00e9s serveixen per orientaci\u00f3. No s\u00f3n quantitats m\u00ednimes a demanar. Els productes el llarg dels quals \u00e9s superior a 200 cm s&#8217;embalen en palets dobles. Altres mides i colors, per comanda. No s&#8217;hi inclouen materials de muntatge.<\/p>\n","protected":false},"excerpt":{"rendered":"<div class=\"content--title\">\n<div class=\"content--title\">Informaci\u00f3 del producte &#8220;Taules pre acoblades per a seients tipus premium&#8221;<\/div>\n<div class=\"product--description\">A trav\u00e9s de les nostres taules premuntades per a seients es poden aconseguir de forma r\u00e0pida i econ\u00f2mica noves possibilitats on seure. Les taules estan preensamblades sobre perfils d&#8217;alumini en U i es poden fixar sobre les estructures existents mitjan\u00e7ant cargols els forats dels quals es troben ja realitzats. Comptem amb diversos models i mides.<\/div>\n<\/div>\n","protected":false},"featured_media":3377,"comment_status":"open","ping_status":"closed","template":"","meta":[],"product_cat":[200,190],"product_tag":[],"class_list":{"0":"post-6250","1":"product","2":"type-product","3":"status-publish","4":"has-post-thumbnail","6":"product_cat-parcs-i-jardins","7":"product_cat-taulons-per-bancs","9":"first","10":"instock","11":"shipping-taxable","12":"product-type-simple"},"yoast_head":"<!-- This site is optimized with the Yoast SEO plugin v23.2 - https:\/\/yoast.com\/wordpress\/plugins\/seo\/ -->\n<title>Taules pre acoblades per a seients tipus premium - Yourplastics.es<\/title>\n<meta name=\"robots\" content=\"index, follow, max-snippet:-1, max-image-preview:large, max-video-preview:-1\" \/>\n<link rel=\"canonical\" href=\"https:\/\/yourplastics.es\/ca\/producto\/taules-pre-acoblades-per-a-seients-tipus-premium\/\" \/>\n<meta property=\"og:locale\" content=\"ca_ES\" \/>\n<meta property=\"og:type\" content=\"article\" \/>\n<meta property=\"og:title\" content=\"Taules pre acoblades per a seients tipus premium - Yourplastics.es\" \/>\n<meta property=\"og:description\" content=\"Informaci\u00f3 del producte &quot;Taules pre acoblades per a seients tipus premium&quot; A trav\u00e9s de les nostres taules premuntades per a seients es poden aconseguir de forma r\u00e0pida i econ\u00f2mica noves possibilitats on seure. Les taules estan preensamblades sobre perfils d&#039;alumini en U i es poden fixar sobre les estructures existents mitjan\u00e7ant cargols els forats dels quals es troben ja realitzats. Comptem amb diversos models i mides.\" \/>\n<meta property=\"og:url\" content=\"https:\/\/yourplastics.es\/ca\/producto\/taules-pre-acoblades-per-a-seients-tipus-premium\/\" \/>\n<meta property=\"og:site_name\" content=\"Yourplastics.es\" \/>\n<meta property=\"og:image\" content=\"https:\/\/yourplastics.es\/wp-content\/uploads\/2024\/03\/501500_Bankbohlenelement_Oberseite_3D_25737Q9fu6q8V7IsP.jpg\" \/>\n\t<meta property=\"og:image:width\" content=\"1600\" \/>\n\t<meta property=\"og:image:height\" content=\"606\" \/>\n\t<meta property=\"og:image:type\" content=\"image\/jpeg\" \/>\n<meta name=\"twitter:card\" content=\"summary_large_image\" \/>\n<meta name=\"twitter:label1\" content=\"Temps estimat de lectura\" \/>\n\t<meta name=\"twitter:data1\" content=\"1 minut\" \/>\n<script type=\"application\/ld+json\" class=\"yoast-schema-graph\">{\"@context\":\"https:\/\/schema.org\",\"@graph\":[{\"@type\":\"WebPage\",\"@id\":\"https:\/\/yourplastics.es\/ca\/producto\/taules-pre-acoblades-per-a-seients-tipus-premium\/\",\"url\":\"https:\/\/yourplastics.es\/ca\/producto\/taules-pre-acoblades-per-a-seients-tipus-premium\/\",\"name\":\"Taules pre acoblades per a seients tipus premium - Yourplastics.es\",\"isPartOf\":{\"@id\":\"https:\/\/yourplastics.es\/#website\"},\"primaryImageOfPage\":{\"@id\":\"https:\/\/yourplastics.es\/ca\/producto\/taules-pre-acoblades-per-a-seients-tipus-premium\/#primaryimage\"},\"image\":{\"@id\":\"https:\/\/yourplastics.es\/ca\/producto\/taules-pre-acoblades-per-a-seients-tipus-premium\/#primaryimage\"},\"thumbnailUrl\":\"https:\/\/yourplastics.es\/wp-content\/uploads\/2024\/03\/501500_Bankbohlenelement_Oberseite_3D_25737Q9fu6q8V7IsP.jpg\",\"datePublished\":\"2024-03-04T09:22:05+00:00\",\"dateModified\":\"2024-03-04T09:22:05+00:00\",\"breadcrumb\":{\"@id\":\"https:\/\/yourplastics.es\/ca\/producto\/taules-pre-acoblades-per-a-seients-tipus-premium\/#breadcrumb\"},\"inLanguage\":\"ca\",\"potentialAction\":[{\"@type\":\"ReadAction\",\"target\":[\"https:\/\/yourplastics.es\/ca\/producto\/taules-pre-acoblades-per-a-seients-tipus-premium\/\"]}]},{\"@type\":\"ImageObject\",\"inLanguage\":\"ca\",\"@id\":\"https:\/\/yourplastics.es\/ca\/producto\/taules-pre-acoblades-per-a-seients-tipus-premium\/#primaryimage\",\"url\":\"https:\/\/yourplastics.es\/wp-content\/uploads\/2024\/03\/501500_Bankbohlenelement_Oberseite_3D_25737Q9fu6q8V7IsP.jpg\",\"contentUrl\":\"https:\/\/yourplastics.es\/wp-content\/uploads\/2024\/03\/501500_Bankbohlenelement_Oberseite_3D_25737Q9fu6q8V7IsP.jpg\",\"width\":1600,\"height\":606},{\"@type\":\"BreadcrumbList\",\"@id\":\"https:\/\/yourplastics.es\/ca\/producto\/taules-pre-acoblades-per-a-seients-tipus-premium\/#breadcrumb\",\"itemListElement\":[{\"@type\":\"ListItem\",\"position\":1,\"name\":\"Home\",\"item\":\"https:\/\/yourplastics.es\/ca\/\"},{\"@type\":\"ListItem\",\"position\":2,\"name\":\"Botiga\",\"item\":\"https:\/\/yourplastics.es\/ca\/tienda-2\/\"},{\"@type\":\"ListItem\",\"position\":3,\"name\":\"Taules pre acoblades per a seients tipus premium\"}]},{\"@type\":\"WebSite\",\"@id\":\"https:\/\/yourplastics.es\/#website\",\"url\":\"https:\/\/yourplastics.es\/\",\"name\":\"Yourplastics\",\"description\":\"\",\"publisher\":{\"@id\":\"https:\/\/yourplastics.es\/#organization\"},\"potentialAction\":[{\"@type\":\"SearchAction\",\"target\":{\"@type\":\"EntryPoint\",\"urlTemplate\":\"https:\/\/yourplastics.es\/?s={search_term_string}\"},\"query-input\":\"required name=search_term_string\"}],\"inLanguage\":\"ca\"},{\"@type\":\"Organization\",\"@id\":\"https:\/\/yourplastics.es\/#organization\",\"name\":\"Yourplastics\",\"url\":\"https:\/\/yourplastics.es\/\",\"logo\":{\"@type\":\"ImageObject\",\"inLanguage\":\"ca\",\"@id\":\"https:\/\/yourplastics.es\/#\/schema\/logo\/image\/\",\"url\":\"https:\/\/yourplastics.es\/wp-content\/uploads\/2024\/08\/logo2-400x163-1.png\",\"contentUrl\":\"https:\/\/yourplastics.es\/wp-content\/uploads\/2024\/08\/logo2-400x163-1.png\",\"width\":400,\"height\":163,\"caption\":\"Yourplastics\"},\"image\":{\"@id\":\"https:\/\/yourplastics.es\/#\/schema\/logo\/image\/\"}}]}<\/script>\n<!-- \/ Yoast SEO plugin. -->","yoast_head_json":{"title":"Taules pre acoblades per a seients tipus premium - Yourplastics.es","robots":{"index":"index","follow":"follow","max-snippet":"max-snippet:-1","max-image-preview":"max-image-preview:large","max-video-preview":"max-video-preview:-1"},"canonical":"https:\/\/yourplastics.es\/ca\/producto\/taules-pre-acoblades-per-a-seients-tipus-premium\/","og_locale":"ca_ES","og_type":"article","og_title":"Taules pre acoblades per a seients tipus premium - Yourplastics.es","og_description":"Informaci\u00f3 del producte \"Taules pre acoblades per a seients tipus premium\" A trav\u00e9s de les nostres taules premuntades per a seients es poden aconseguir de forma r\u00e0pida i econ\u00f2mica noves possibilitats on seure. Les taules estan preensamblades sobre perfils d'alumini en U i es poden fixar sobre les estructures existents mitjan\u00e7ant cargols els forats dels quals es troben ja realitzats. Comptem amb diversos models i mides.","og_url":"https:\/\/yourplastics.es\/ca\/producto\/taules-pre-acoblades-per-a-seients-tipus-premium\/","og_site_name":"Yourplastics.es","og_image":[{"width":1600,"height":606,"url":"https:\/\/yourplastics.es\/wp-content\/uploads\/2024\/03\/501500_Bankbohlenelement_Oberseite_3D_25737Q9fu6q8V7IsP.jpg","type":"image\/jpeg"}],"twitter_card":"summary_large_image","twitter_misc":{"Temps estimat de lectura":"1 minut"},"schema":{"@context":"https:\/\/schema.org","@graph":[{"@type":"WebPage","@id":"https:\/\/yourplastics.es\/ca\/producto\/taules-pre-acoblades-per-a-seients-tipus-premium\/","url":"https:\/\/yourplastics.es\/ca\/producto\/taules-pre-acoblades-per-a-seients-tipus-premium\/","name":"Taules pre acoblades per a seients tipus premium - Yourplastics.es","isPartOf":{"@id":"https:\/\/yourplastics.es\/#website"},"primaryImageOfPage":{"@id":"https:\/\/yourplastics.es\/ca\/producto\/taules-pre-acoblades-per-a-seients-tipus-premium\/#primaryimage"},"image":{"@id":"https:\/\/yourplastics.es\/ca\/producto\/taules-pre-acoblades-per-a-seients-tipus-premium\/#primaryimage"},"thumbnailUrl":"https:\/\/yourplastics.es\/wp-content\/uploads\/2024\/03\/501500_Bankbohlenelement_Oberseite_3D_25737Q9fu6q8V7IsP.jpg","datePublished":"2024-03-04T09:22:05+00:00","dateModified":"2024-03-04T09:22:05+00:00","breadcrumb":{"@id":"https:\/\/yourplastics.es\/ca\/producto\/taules-pre-acoblades-per-a-seients-tipus-premium\/#breadcrumb"},"inLanguage":"ca","potentialAction":[{"@type":"ReadAction","target":["https:\/\/yourplastics.es\/ca\/producto\/taules-pre-acoblades-per-a-seients-tipus-premium\/"]}]},{"@type":"ImageObject","inLanguage":"ca","@id":"https:\/\/yourplastics.es\/ca\/producto\/taules-pre-acoblades-per-a-seients-tipus-premium\/#primaryimage","url":"https:\/\/yourplastics.es\/wp-content\/uploads\/2024\/03\/501500_Bankbohlenelement_Oberseite_3D_25737Q9fu6q8V7IsP.jpg","contentUrl":"https:\/\/yourplastics.es\/wp-content\/uploads\/2024\/03\/501500_Bankbohlenelement_Oberseite_3D_25737Q9fu6q8V7IsP.jpg","width":1600,"height":606},{"@type":"BreadcrumbList","@id":"https:\/\/yourplastics.es\/ca\/producto\/taules-pre-acoblades-per-a-seients-tipus-premium\/#breadcrumb","itemListElement":[{"@type":"ListItem","position":1,"name":"Home","item":"https:\/\/yourplastics.es\/ca\/"},{"@type":"ListItem","position":2,"name":"Botiga","item":"https:\/\/yourplastics.es\/ca\/tienda-2\/"},{"@type":"ListItem","position":3,"name":"Taules pre acoblades per a seients tipus premium"}]},{"@type":"WebSite","@id":"https:\/\/yourplastics.es\/#website","url":"https:\/\/yourplastics.es\/","name":"Yourplastics","description":"","publisher":{"@id":"https:\/\/yourplastics.es\/#organization"},"potentialAction":[{"@type":"SearchAction","target":{"@type":"EntryPoint","urlTemplate":"https:\/\/yourplastics.es\/?s={search_term_string}"},"query-input":"required name=search_term_string"}],"inLanguage":"ca"},{"@type":"Organization","@id":"https:\/\/yourplastics.es\/#organization","name":"Yourplastics","url":"https:\/\/yourplastics.es\/","logo":{"@type":"ImageObject","inLanguage":"ca","@id":"https:\/\/yourplastics.es\/#\/schema\/logo\/image\/","url":"https:\/\/yourplastics.es\/wp-content\/uploads\/2024\/08\/logo2-400x163-1.png","contentUrl":"https:\/\/yourplastics.es\/wp-content\/uploads\/2024\/08\/logo2-400x163-1.png","width":400,"height":163,"caption":"Yourplastics"},"image":{"@id":"https:\/\/yourplastics.es\/#\/schema\/logo\/image\/"}}]}},"_links":{"self":[{"href":"https:\/\/yourplastics.es\/ca\/wp-json\/wp\/v2\/product\/6250","targetHints":{"allow":["GET"]}}],"collection":[{"href":"https:\/\/yourplastics.es\/ca\/wp-json\/wp\/v2\/product"}],"about":[{"href":"https:\/\/yourplastics.es\/ca\/wp-json\/wp\/v2\/types\/product"}],"replies":[{"embeddable":true,"href":"https:\/\/yourplastics.es\/ca\/wp-json\/wp\/v2\/comments?post=6250"}],"wp:featuredmedia":[{"embeddable":true,"href":"https:\/\/yourplastics.es\/ca\/wp-json\/wp\/v2\/media\/3377"}],"wp:attachment":[{"href":"https:\/\/yourplastics.es\/ca\/wp-json\/wp\/v2\/media?parent=6250"}],"wp:term":[{"taxonomy":"product_cat","embeddable":true,"href":"https:\/\/yourplastics.es\/ca\/wp-json\/wp\/v2\/product_cat?post=6250"},{"taxonomy":"product_tag","embeddable":true,"href":"https:\/\/yourplastics.es\/ca\/wp-json\/wp\/v2\/product_tag?post=6250"}],"curies":[{"name":"wp","href":"https:\/\/api.w.org\/{rel}","templated":true}]}}