{"id":6249,"date":"2024-03-04T09:22:05","date_gmt":"2024-03-04T09:22:05","guid":{"rendered":"https:\/\/yourplastics.es\/producto\/ancoratge\/"},"modified":"2024-03-04T09:22:05","modified_gmt":"2024-03-04T09:22:05","slug":"ancoratge","status":"publish","type":"product","link":"https:\/\/yourplastics.es\/ca\/producto\/ancoratge\/","title":{"rendered":"Ancoratge"},"content":{"rendered":"<ul>\n<li>Disponible en tres versions<\/li>\n<li>Muntatge segur i robust<\/li>\n<li>S&#8217;enterren o encaixen senzillament<\/li>\n<li>La millor hanit<sup>\u00ae<\/sup>-Qualitat<\/li>\n<li>No \u00e9s podreixen<\/li>\n<\/ul>\n<p>Enviaments en color marr\u00f3 o gris segons exist\u00e8ncies. Material de muntatge incl\u00f2s.<\/p>\n<p><img decoding=\"async\" id=\"tinymce-editor-image-67a37fd1-f3a0-42af-8d36-2bc52f03873b\" class=\"lazyload tinymce-editor-image tinymce-editor-image-67a37fd1-f3a0-42af-8d36-2bc52f03873b\" src=\"data:image\/gif;base64,R0lGODlhAQABAAAAACH5BAEKAAEALAAAAAABAAEAAAICTAEAOw==\" data-orig-src=\"https:\/\/www.hahnkunststoffe.de\/media\/image\/94\/c6\/1c\/503200_Bodenanker_Schema.jpg\" alt=\"503200_Bodenanker_Schema\" width=\"400\" data-src=\"media\/image\/503200_Bodenanker_Schema.jpg\"><\/p>\n","protected":false},"excerpt":{"rendered":"<div class=\"content--title\">Informaci\u00f3 del producte &#8220;Ancoratge&#8221;<\/div>\n<div class=\"product--description\">\n<p>Perqu\u00e8 els seus bancs i taules estiguin protegides dels robatoris, hi ha els ancoratges de hanit<sup>\u00ae<\/sup> en tres variants. Els ancoratges s\u00f3n enterrats directament a terra o en formig\u00f3 i formen la base perfecta on cargolar les taules i els bancs.. Estan produ\u00efts amb la millor qualitat del nostre material hanit<sup>\u00ae<\/sup> i desafien els reptes de cada lloc.<\/p>\n<\/div>\n","protected":false},"featured_media":3386,"comment_status":"open","ping_status":"closed","template":"","meta":[],"product_cat":[199,200],"product_tag":[],"class_list":{"0":"post-6249","1":"product","2":"type-product","3":"status-publish","4":"has-post-thumbnail","6":"product_cat-accessoris","7":"product_cat-parcs-i-jardins","9":"first","10":"instock","11":"shipping-taxable","12":"product-type-simple"},"yoast_head":"<!-- This site is optimized with the Yoast SEO plugin v23.2 - https:\/\/yoast.com\/wordpress\/plugins\/seo\/ -->\n<title>Ancoratge - Yourplastics.es<\/title>\n<meta name=\"robots\" content=\"index, follow, max-snippet:-1, max-image-preview:large, max-video-preview:-1\" \/>\n<link rel=\"canonical\" href=\"https:\/\/yourplastics.es\/ca\/producto\/ancoratge\/\" \/>\n<meta property=\"og:locale\" content=\"ca_ES\" \/>\n<meta property=\"og:type\" content=\"article\" \/>\n<meta property=\"og:title\" content=\"Ancoratge - Yourplastics.es\" \/>\n<meta property=\"og:description\" content=\"Informaci\u00f3 del producte &quot;Ancoratge&quot;  Perqu\u00e8 els seus bancs i taules estiguin protegides dels robatoris, hi ha els ancoratges de hanit\u00ae en tres variants. Els ancoratges s\u00f3n enterrats directament a terra o en formig\u00f3 i formen la base perfecta on cargolar les taules i els bancs.. Estan produ\u00efts amb la millor qualitat del nostre material hanit\u00ae i desafien els reptes de cada lloc.\" \/>\n<meta property=\"og:url\" content=\"https:\/\/yourplastics.es\/ca\/producto\/ancoratge\/\" \/>\n<meta property=\"og:site_name\" content=\"Yourplastics.es\" \/>\n<meta property=\"og:image\" content=\"https:\/\/yourplastics.es\/wp-content\/uploads\/2024\/03\/503200_Bodenanker_3D_2586.jpg\" \/>\n\t<meta property=\"og:image:width\" content=\"1600\" \/>\n\t<meta property=\"og:image:height\" content=\"942\" \/>\n\t<meta property=\"og:image:type\" content=\"image\/jpeg\" \/>\n<meta name=\"twitter:card\" content=\"summary_large_image\" \/>\n<script type=\"application\/ld+json\" class=\"yoast-schema-graph\">{\"@context\":\"https:\/\/schema.org\",\"@graph\":[{\"@type\":\"WebPage\",\"@id\":\"https:\/\/yourplastics.es\/ca\/producto\/ancoratge\/\",\"url\":\"https:\/\/yourplastics.es\/ca\/producto\/ancoratge\/\",\"name\":\"Ancoratge - Yourplastics.es\",\"isPartOf\":{\"@id\":\"https:\/\/yourplastics.es\/#website\"},\"primaryImageOfPage\":{\"@id\":\"https:\/\/yourplastics.es\/ca\/producto\/ancoratge\/#primaryimage\"},\"image\":{\"@id\":\"https:\/\/yourplastics.es\/ca\/producto\/ancoratge\/#primaryimage\"},\"thumbnailUrl\":\"https:\/\/yourplastics.es\/wp-content\/uploads\/2024\/03\/503200_Bodenanker_3D_2586.jpg\",\"datePublished\":\"2024-03-04T09:22:05+00:00\",\"dateModified\":\"2024-03-04T09:22:05+00:00\",\"breadcrumb\":{\"@id\":\"https:\/\/yourplastics.es\/ca\/producto\/ancoratge\/#breadcrumb\"},\"inLanguage\":\"ca\",\"potentialAction\":[{\"@type\":\"ReadAction\",\"target\":[\"https:\/\/yourplastics.es\/ca\/producto\/ancoratge\/\"]}]},{\"@type\":\"ImageObject\",\"inLanguage\":\"ca\",\"@id\":\"https:\/\/yourplastics.es\/ca\/producto\/ancoratge\/#primaryimage\",\"url\":\"https:\/\/yourplastics.es\/wp-content\/uploads\/2024\/03\/503200_Bodenanker_3D_2586.jpg\",\"contentUrl\":\"https:\/\/yourplastics.es\/wp-content\/uploads\/2024\/03\/503200_Bodenanker_3D_2586.jpg\",\"width\":1600,\"height\":942},{\"@type\":\"BreadcrumbList\",\"@id\":\"https:\/\/yourplastics.es\/ca\/producto\/ancoratge\/#breadcrumb\",\"itemListElement\":[{\"@type\":\"ListItem\",\"position\":1,\"name\":\"Home\",\"item\":\"https:\/\/yourplastics.es\/ca\/\"},{\"@type\":\"ListItem\",\"position\":2,\"name\":\"Botiga\",\"item\":\"https:\/\/yourplastics.es\/ca\/tienda-2\/\"},{\"@type\":\"ListItem\",\"position\":3,\"name\":\"Ancoratge\"}]},{\"@type\":\"WebSite\",\"@id\":\"https:\/\/yourplastics.es\/#website\",\"url\":\"https:\/\/yourplastics.es\/\",\"name\":\"Yourplastics\",\"description\":\"\",\"publisher\":{\"@id\":\"https:\/\/yourplastics.es\/#organization\"},\"potentialAction\":[{\"@type\":\"SearchAction\",\"target\":{\"@type\":\"EntryPoint\",\"urlTemplate\":\"https:\/\/yourplastics.es\/?s={search_term_string}\"},\"query-input\":\"required name=search_term_string\"}],\"inLanguage\":\"ca\"},{\"@type\":\"Organization\",\"@id\":\"https:\/\/yourplastics.es\/#organization\",\"name\":\"Yourplastics\",\"url\":\"https:\/\/yourplastics.es\/\",\"logo\":{\"@type\":\"ImageObject\",\"inLanguage\":\"ca\",\"@id\":\"https:\/\/yourplastics.es\/#\/schema\/logo\/image\/\",\"url\":\"https:\/\/yourplastics.es\/wp-content\/uploads\/2024\/08\/logo2-400x163-1.png\",\"contentUrl\":\"https:\/\/yourplastics.es\/wp-content\/uploads\/2024\/08\/logo2-400x163-1.png\",\"width\":400,\"height\":163,\"caption\":\"Yourplastics\"},\"image\":{\"@id\":\"https:\/\/yourplastics.es\/#\/schema\/logo\/image\/\"}}]}<\/script>\n<!-- \/ Yoast SEO plugin. -->","yoast_head_json":{"title":"Ancoratge - Yourplastics.es","robots":{"index":"index","follow":"follow","max-snippet":"max-snippet:-1","max-image-preview":"max-image-preview:large","max-video-preview":"max-video-preview:-1"},"canonical":"https:\/\/yourplastics.es\/ca\/producto\/ancoratge\/","og_locale":"ca_ES","og_type":"article","og_title":"Ancoratge - Yourplastics.es","og_description":"Informaci\u00f3 del producte \"Ancoratge\"  Perqu\u00e8 els seus bancs i taules estiguin protegides dels robatoris, hi ha els ancoratges de hanit\u00ae en tres variants. Els ancoratges s\u00f3n enterrats directament a terra o en formig\u00f3 i formen la base perfecta on cargolar les taules i els bancs.. Estan produ\u00efts amb la millor qualitat del nostre material hanit\u00ae i desafien els reptes de cada lloc.","og_url":"https:\/\/yourplastics.es\/ca\/producto\/ancoratge\/","og_site_name":"Yourplastics.es","og_image":[{"width":1600,"height":942,"url":"https:\/\/yourplastics.es\/wp-content\/uploads\/2024\/03\/503200_Bodenanker_3D_2586.jpg","type":"image\/jpeg"}],"twitter_card":"summary_large_image","schema":{"@context":"https:\/\/schema.org","@graph":[{"@type":"WebPage","@id":"https:\/\/yourplastics.es\/ca\/producto\/ancoratge\/","url":"https:\/\/yourplastics.es\/ca\/producto\/ancoratge\/","name":"Ancoratge - Yourplastics.es","isPartOf":{"@id":"https:\/\/yourplastics.es\/#website"},"primaryImageOfPage":{"@id":"https:\/\/yourplastics.es\/ca\/producto\/ancoratge\/#primaryimage"},"image":{"@id":"https:\/\/yourplastics.es\/ca\/producto\/ancoratge\/#primaryimage"},"thumbnailUrl":"https:\/\/yourplastics.es\/wp-content\/uploads\/2024\/03\/503200_Bodenanker_3D_2586.jpg","datePublished":"2024-03-04T09:22:05+00:00","dateModified":"2024-03-04T09:22:05+00:00","breadcrumb":{"@id":"https:\/\/yourplastics.es\/ca\/producto\/ancoratge\/#breadcrumb"},"inLanguage":"ca","potentialAction":[{"@type":"ReadAction","target":["https:\/\/yourplastics.es\/ca\/producto\/ancoratge\/"]}]},{"@type":"ImageObject","inLanguage":"ca","@id":"https:\/\/yourplastics.es\/ca\/producto\/ancoratge\/#primaryimage","url":"https:\/\/yourplastics.es\/wp-content\/uploads\/2024\/03\/503200_Bodenanker_3D_2586.jpg","contentUrl":"https:\/\/yourplastics.es\/wp-content\/uploads\/2024\/03\/503200_Bodenanker_3D_2586.jpg","width":1600,"height":942},{"@type":"BreadcrumbList","@id":"https:\/\/yourplastics.es\/ca\/producto\/ancoratge\/#breadcrumb","itemListElement":[{"@type":"ListItem","position":1,"name":"Home","item":"https:\/\/yourplastics.es\/ca\/"},{"@type":"ListItem","position":2,"name":"Botiga","item":"https:\/\/yourplastics.es\/ca\/tienda-2\/"},{"@type":"ListItem","position":3,"name":"Ancoratge"}]},{"@type":"WebSite","@id":"https:\/\/yourplastics.es\/#website","url":"https:\/\/yourplastics.es\/","name":"Yourplastics","description":"","publisher":{"@id":"https:\/\/yourplastics.es\/#organization"},"potentialAction":[{"@type":"SearchAction","target":{"@type":"EntryPoint","urlTemplate":"https:\/\/yourplastics.es\/?s={search_term_string}"},"query-input":"required name=search_term_string"}],"inLanguage":"ca"},{"@type":"Organization","@id":"https:\/\/yourplastics.es\/#organization","name":"Yourplastics","url":"https:\/\/yourplastics.es\/","logo":{"@type":"ImageObject","inLanguage":"ca","@id":"https:\/\/yourplastics.es\/#\/schema\/logo\/image\/","url":"https:\/\/yourplastics.es\/wp-content\/uploads\/2024\/08\/logo2-400x163-1.png","contentUrl":"https:\/\/yourplastics.es\/wp-content\/uploads\/2024\/08\/logo2-400x163-1.png","width":400,"height":163,"caption":"Yourplastics"},"image":{"@id":"https:\/\/yourplastics.es\/#\/schema\/logo\/image\/"}}]}},"_links":{"self":[{"href":"https:\/\/yourplastics.es\/ca\/wp-json\/wp\/v2\/product\/6249","targetHints":{"allow":["GET"]}}],"collection":[{"href":"https:\/\/yourplastics.es\/ca\/wp-json\/wp\/v2\/product"}],"about":[{"href":"https:\/\/yourplastics.es\/ca\/wp-json\/wp\/v2\/types\/product"}],"replies":[{"embeddable":true,"href":"https:\/\/yourplastics.es\/ca\/wp-json\/wp\/v2\/comments?post=6249"}],"wp:featuredmedia":[{"embeddable":true,"href":"https:\/\/yourplastics.es\/ca\/wp-json\/wp\/v2\/media\/3386"}],"wp:attachment":[{"href":"https:\/\/yourplastics.es\/ca\/wp-json\/wp\/v2\/media?parent=6249"}],"wp:term":[{"taxonomy":"product_cat","embeddable":true,"href":"https:\/\/yourplastics.es\/ca\/wp-json\/wp\/v2\/product_cat?post=6249"},{"taxonomy":"product_tag","embeddable":true,"href":"https:\/\/yourplastics.es\/ca\/wp-json\/wp\/v2\/product_tag?post=6249"}],"curies":[{"name":"wp","href":"https:\/\/api.w.org\/{rel}","templated":true}]}}