{"id":6238,"date":"2024-03-04T09:08:34","date_gmt":"2024-03-04T09:08:34","guid":{"rendered":"https:\/\/yourplastics.es\/producto\/pedra-a-l-cantonera\/"},"modified":"2024-03-04T09:08:34","modified_gmt":"2024-03-04T09:08:34","slug":"pedra-a-l-cantonera","status":"publish","type":"product","link":"https:\/\/yourplastics.es\/ca\/producto\/pedra-a-l-cantonera\/","title":{"rendered":"Pedra a &#8220;L&#8221; cantonera"},"content":{"rendered":"","protected":false},"excerpt":{"rendered":"<p>Les pedres a L s\u00f3n veritables tot terreny. Poden assumir una gran varietat de tasques al jard\u00ed i servir, per exemple, com a vores per a parterres de flors i verdures, per a l&#8217;estabilitzaci\u00f3 de talussos o com a l\u00edmit en forma de mur. La Pedra a L cantonera de pl\u00e0stic reciclat hanit<sup>\u00ae<\/sup> \u00e9s el complement ideal per a les nostres pedres en L, ja que permet formar vores i cantonades netes sense problemes. La Pedra a L cantonera est\u00e0 disponible en totes les mides i colors a joc amb les nostres pedres a L.<\/p>\n<p>\u00bb En tres al\u00e7ades: 55, 80 i 105 cm<br \/>\n\u00bb Dimensiones: 25&#215;25 cm<br \/>\n\u00bb Es pot instal\u00b7lar sense necessitat de maquin\u00e0ria pesada<br \/>\n\u00bb Resistent a la intemp\u00e8rie<\/p>\n<p>Les unitats d&#8217;embalatge nom\u00e9s s\u00f3n orientatives. No s\u00f3n especificacions de comanda.<\/p>\n","protected":false},"featured_media":4662,"comment_status":"closed","ping_status":"closed","template":"","meta":[],"product_cat":[211,206],"product_tag":[],"class_list":{"0":"post-6238","1":"product","2":"type-product","3":"status-publish","4":"has-post-thumbnail","6":"product_cat-edificacio-i-construccio","7":"product_cat-pedres-en-l","9":"first","10":"instock","11":"shipping-taxable","12":"product-type-simple"},"yoast_head":"<!-- This site is optimized with the Yoast SEO plugin v23.2 - https:\/\/yoast.com\/wordpress\/plugins\/seo\/ -->\n<title>Pedra a &quot;L&quot; cantonera - Yourplastics.es<\/title>\n<meta name=\"robots\" content=\"index, follow, max-snippet:-1, max-image-preview:large, max-video-preview:-1\" \/>\n<link rel=\"canonical\" href=\"https:\/\/yourplastics.es\/ca\/producto\/pedra-a-l-cantonera\/\" \/>\n<meta property=\"og:locale\" content=\"ca_ES\" \/>\n<meta property=\"og:type\" content=\"article\" \/>\n<meta property=\"og:title\" content=\"Pedra a &quot;L&quot; cantonera - Yourplastics.es\" \/>\n<meta property=\"og:description\" content=\"Les pedres a L s\u00f3n veritables tot terreny. Poden assumir una gran varietat de tasques al jard\u00ed i servir, per exemple, com a vores per a parterres de flors i verdures, per a l&#039;estabilitzaci\u00f3 de talussos o com a l\u00edmit en forma de mur. La Pedra a L cantonera de pl\u00e0stic reciclat hanit\u00ae \u00e9s el complement ideal per a les nostres pedres en L, ja que permet formar vores i cantonades netes sense problemes. La Pedra a L cantonera est\u00e0 disponible en totes les mides i colors a joc amb les nostres pedres a L. \u00bb En tres al\u00e7ades: 55, 80 i 105 cm \u00bb Dimensiones: 25x25 cm \u00bb Es pot instal\u00b7lar sense necessitat de maquin\u00e0ria pesada \u00bb Resistent a la intemp\u00e8rie Les unitats d&#039;embalatge nom\u00e9s s\u00f3n orientatives. No s\u00f3n especificacions de comanda.\" \/>\n<meta property=\"og:url\" content=\"https:\/\/yourplastics.es\/ca\/producto\/pedra-a-l-cantonera\/\" \/>\n<meta property=\"og:site_name\" content=\"Yourplastics.es\" \/>\n<meta property=\"og:image\" content=\"https:\/\/yourplastics.es\/wp-content\/uploads\/2024\/03\/piedra-esquinera-NOVEDAD-W-1.jpg\" \/>\n\t<meta property=\"og:image:width\" content=\"777\" \/>\n\t<meta property=\"og:image:height\" content=\"600\" \/>\n\t<meta property=\"og:image:type\" content=\"image\/jpeg\" \/>\n<meta name=\"twitter:card\" content=\"summary_large_image\" \/>\n<script type=\"application\/ld+json\" class=\"yoast-schema-graph\">{\"@context\":\"https:\/\/schema.org\",\"@graph\":[{\"@type\":\"WebPage\",\"@id\":\"https:\/\/yourplastics.es\/ca\/producto\/pedra-a-l-cantonera\/\",\"url\":\"https:\/\/yourplastics.es\/ca\/producto\/pedra-a-l-cantonera\/\",\"name\":\"Pedra a \\\"L\\\" cantonera - Yourplastics.es\",\"isPartOf\":{\"@id\":\"https:\/\/yourplastics.es\/#website\"},\"primaryImageOfPage\":{\"@id\":\"https:\/\/yourplastics.es\/ca\/producto\/pedra-a-l-cantonera\/#primaryimage\"},\"image\":{\"@id\":\"https:\/\/yourplastics.es\/ca\/producto\/pedra-a-l-cantonera\/#primaryimage\"},\"thumbnailUrl\":\"https:\/\/yourplastics.es\/wp-content\/uploads\/2024\/03\/piedra-esquinera-NOVEDAD-W-1.jpg\",\"datePublished\":\"2024-03-04T09:08:34+00:00\",\"dateModified\":\"2024-03-04T09:08:34+00:00\",\"breadcrumb\":{\"@id\":\"https:\/\/yourplastics.es\/ca\/producto\/pedra-a-l-cantonera\/#breadcrumb\"},\"inLanguage\":\"ca\",\"potentialAction\":[{\"@type\":\"ReadAction\",\"target\":[\"https:\/\/yourplastics.es\/ca\/producto\/pedra-a-l-cantonera\/\"]}]},{\"@type\":\"ImageObject\",\"inLanguage\":\"ca\",\"@id\":\"https:\/\/yourplastics.es\/ca\/producto\/pedra-a-l-cantonera\/#primaryimage\",\"url\":\"https:\/\/yourplastics.es\/wp-content\/uploads\/2024\/03\/piedra-esquinera-NOVEDAD-W-1.jpg\",\"contentUrl\":\"https:\/\/yourplastics.es\/wp-content\/uploads\/2024\/03\/piedra-esquinera-NOVEDAD-W-1.jpg\",\"width\":777,\"height\":600},{\"@type\":\"BreadcrumbList\",\"@id\":\"https:\/\/yourplastics.es\/ca\/producto\/pedra-a-l-cantonera\/#breadcrumb\",\"itemListElement\":[{\"@type\":\"ListItem\",\"position\":1,\"name\":\"Home\",\"item\":\"https:\/\/yourplastics.es\/ca\/\"},{\"@type\":\"ListItem\",\"position\":2,\"name\":\"Botiga\",\"item\":\"https:\/\/yourplastics.es\/ca\/tienda-2\/\"},{\"@type\":\"ListItem\",\"position\":3,\"name\":\"Pedra a \u00abL\u00bb cantonera\"}]},{\"@type\":\"WebSite\",\"@id\":\"https:\/\/yourplastics.es\/#website\",\"url\":\"https:\/\/yourplastics.es\/\",\"name\":\"Yourplastics\",\"description\":\"\",\"publisher\":{\"@id\":\"https:\/\/yourplastics.es\/#organization\"},\"potentialAction\":[{\"@type\":\"SearchAction\",\"target\":{\"@type\":\"EntryPoint\",\"urlTemplate\":\"https:\/\/yourplastics.es\/?s={search_term_string}\"},\"query-input\":\"required name=search_term_string\"}],\"inLanguage\":\"ca\"},{\"@type\":\"Organization\",\"@id\":\"https:\/\/yourplastics.es\/#organization\",\"name\":\"Yourplastics\",\"url\":\"https:\/\/yourplastics.es\/\",\"logo\":{\"@type\":\"ImageObject\",\"inLanguage\":\"ca\",\"@id\":\"https:\/\/yourplastics.es\/#\/schema\/logo\/image\/\",\"url\":\"https:\/\/yourplastics.es\/wp-content\/uploads\/2024\/08\/logo2-400x163-1.png\",\"contentUrl\":\"https:\/\/yourplastics.es\/wp-content\/uploads\/2024\/08\/logo2-400x163-1.png\",\"width\":400,\"height\":163,\"caption\":\"Yourplastics\"},\"image\":{\"@id\":\"https:\/\/yourplastics.es\/#\/schema\/logo\/image\/\"}}]}<\/script>\n<!-- \/ Yoast SEO plugin. -->","yoast_head_json":{"title":"Pedra a \"L\" cantonera - Yourplastics.es","robots":{"index":"index","follow":"follow","max-snippet":"max-snippet:-1","max-image-preview":"max-image-preview:large","max-video-preview":"max-video-preview:-1"},"canonical":"https:\/\/yourplastics.es\/ca\/producto\/pedra-a-l-cantonera\/","og_locale":"ca_ES","og_type":"article","og_title":"Pedra a \"L\" cantonera - Yourplastics.es","og_description":"Les pedres a L s\u00f3n veritables tot terreny. Poden assumir una gran varietat de tasques al jard\u00ed i servir, per exemple, com a vores per a parterres de flors i verdures, per a l'estabilitzaci\u00f3 de talussos o com a l\u00edmit en forma de mur. La Pedra a L cantonera de pl\u00e0stic reciclat hanit\u00ae \u00e9s el complement ideal per a les nostres pedres en L, ja que permet formar vores i cantonades netes sense problemes. La Pedra a L cantonera est\u00e0 disponible en totes les mides i colors a joc amb les nostres pedres a L. \u00bb En tres al\u00e7ades: 55, 80 i 105 cm \u00bb Dimensiones: 25x25 cm \u00bb Es pot instal\u00b7lar sense necessitat de maquin\u00e0ria pesada \u00bb Resistent a la intemp\u00e8rie Les unitats d'embalatge nom\u00e9s s\u00f3n orientatives. No s\u00f3n especificacions de comanda.","og_url":"https:\/\/yourplastics.es\/ca\/producto\/pedra-a-l-cantonera\/","og_site_name":"Yourplastics.es","og_image":[{"width":777,"height":600,"url":"https:\/\/yourplastics.es\/wp-content\/uploads\/2024\/03\/piedra-esquinera-NOVEDAD-W-1.jpg","type":"image\/jpeg"}],"twitter_card":"summary_large_image","schema":{"@context":"https:\/\/schema.org","@graph":[{"@type":"WebPage","@id":"https:\/\/yourplastics.es\/ca\/producto\/pedra-a-l-cantonera\/","url":"https:\/\/yourplastics.es\/ca\/producto\/pedra-a-l-cantonera\/","name":"Pedra a \"L\" cantonera - Yourplastics.es","isPartOf":{"@id":"https:\/\/yourplastics.es\/#website"},"primaryImageOfPage":{"@id":"https:\/\/yourplastics.es\/ca\/producto\/pedra-a-l-cantonera\/#primaryimage"},"image":{"@id":"https:\/\/yourplastics.es\/ca\/producto\/pedra-a-l-cantonera\/#primaryimage"},"thumbnailUrl":"https:\/\/yourplastics.es\/wp-content\/uploads\/2024\/03\/piedra-esquinera-NOVEDAD-W-1.jpg","datePublished":"2024-03-04T09:08:34+00:00","dateModified":"2024-03-04T09:08:34+00:00","breadcrumb":{"@id":"https:\/\/yourplastics.es\/ca\/producto\/pedra-a-l-cantonera\/#breadcrumb"},"inLanguage":"ca","potentialAction":[{"@type":"ReadAction","target":["https:\/\/yourplastics.es\/ca\/producto\/pedra-a-l-cantonera\/"]}]},{"@type":"ImageObject","inLanguage":"ca","@id":"https:\/\/yourplastics.es\/ca\/producto\/pedra-a-l-cantonera\/#primaryimage","url":"https:\/\/yourplastics.es\/wp-content\/uploads\/2024\/03\/piedra-esquinera-NOVEDAD-W-1.jpg","contentUrl":"https:\/\/yourplastics.es\/wp-content\/uploads\/2024\/03\/piedra-esquinera-NOVEDAD-W-1.jpg","width":777,"height":600},{"@type":"BreadcrumbList","@id":"https:\/\/yourplastics.es\/ca\/producto\/pedra-a-l-cantonera\/#breadcrumb","itemListElement":[{"@type":"ListItem","position":1,"name":"Home","item":"https:\/\/yourplastics.es\/ca\/"},{"@type":"ListItem","position":2,"name":"Botiga","item":"https:\/\/yourplastics.es\/ca\/tienda-2\/"},{"@type":"ListItem","position":3,"name":"Pedra a \u00abL\u00bb cantonera"}]},{"@type":"WebSite","@id":"https:\/\/yourplastics.es\/#website","url":"https:\/\/yourplastics.es\/","name":"Yourplastics","description":"","publisher":{"@id":"https:\/\/yourplastics.es\/#organization"},"potentialAction":[{"@type":"SearchAction","target":{"@type":"EntryPoint","urlTemplate":"https:\/\/yourplastics.es\/?s={search_term_string}"},"query-input":"required name=search_term_string"}],"inLanguage":"ca"},{"@type":"Organization","@id":"https:\/\/yourplastics.es\/#organization","name":"Yourplastics","url":"https:\/\/yourplastics.es\/","logo":{"@type":"ImageObject","inLanguage":"ca","@id":"https:\/\/yourplastics.es\/#\/schema\/logo\/image\/","url":"https:\/\/yourplastics.es\/wp-content\/uploads\/2024\/08\/logo2-400x163-1.png","contentUrl":"https:\/\/yourplastics.es\/wp-content\/uploads\/2024\/08\/logo2-400x163-1.png","width":400,"height":163,"caption":"Yourplastics"},"image":{"@id":"https:\/\/yourplastics.es\/#\/schema\/logo\/image\/"}}]}},"_links":{"self":[{"href":"https:\/\/yourplastics.es\/ca\/wp-json\/wp\/v2\/product\/6238","targetHints":{"allow":["GET"]}}],"collection":[{"href":"https:\/\/yourplastics.es\/ca\/wp-json\/wp\/v2\/product"}],"about":[{"href":"https:\/\/yourplastics.es\/ca\/wp-json\/wp\/v2\/types\/product"}],"replies":[{"embeddable":true,"href":"https:\/\/yourplastics.es\/ca\/wp-json\/wp\/v2\/comments?post=6238"}],"wp:featuredmedia":[{"embeddable":true,"href":"https:\/\/yourplastics.es\/ca\/wp-json\/wp\/v2\/media\/4662"}],"wp:attachment":[{"href":"https:\/\/yourplastics.es\/ca\/wp-json\/wp\/v2\/media?parent=6238"}],"wp:term":[{"taxonomy":"product_cat","embeddable":true,"href":"https:\/\/yourplastics.es\/ca\/wp-json\/wp\/v2\/product_cat?post=6238"},{"taxonomy":"product_tag","embeddable":true,"href":"https:\/\/yourplastics.es\/ca\/wp-json\/wp\/v2\/product_tag?post=6238"}],"curies":[{"name":"wp","href":"https:\/\/api.w.org\/{rel}","templated":true}]}}