{"id":6237,"date":"2024-03-04T09:23:13","date_gmt":"2024-03-04T09:23:13","guid":{"rendered":"https:\/\/yourplastics.es\/producto\/paperera-collec\/"},"modified":"2024-03-04T09:23:13","modified_gmt":"2024-03-04T09:23:13","slug":"paperera-collec","status":"publish","type":"product","link":"https:\/\/yourplastics.es\/ca\/producto\/paperera-collec\/","title":{"rendered":"Paperera Collec"},"content":{"rendered":"<ul>\n<li>Volum: aprox. 70 litres<\/li>\n<li>Di\u00e0metre: 48 cm<\/li>\n<li>Al\u00e7ada: 66 cm<\/li>\n<li>Cistella de metall<\/li>\n<li>La higi\u00e8nica soluci\u00f3<\/li>\n<\/ul>\n<p>&nbsp;<\/p>\n<div class=\"table--section-header content--title\"><strong>Caracter\u00edstiques<\/strong><\/div>\n<table style=\"height: 302px;\" width=\"479\">\n<tbody>\n<tr>\n<td class=\"product--attribute\">Selecci\u00f3<\/td>\n<td class=\"product--attribute\">Cil\u00edndrica, aprox. 70 l<\/td>\n<\/tr>\n<tr>\n<td class=\"product--attribute\">Qualitat (Material)<\/td>\n<td class=\"product--attribute\">hanit<sup>\u00ae<\/sup><\/td>\n<\/tr>\n<tr>\n<td class=\"product--attribute\">Color<\/td>\n<td class=\"product--attribute\">marr\u00f3<\/td>\n<\/tr>\n<tr>\n<td class=\"product--attribute\">Alt<\/td>\n<td class=\"product--attribute\">66 cm<\/td>\n<\/tr>\n<tr>\n<td class=\"product--attribute\">Pes<\/td>\n<td class=\"product--attribute\">35 kg<\/td>\n<\/tr>\n<tr>\n<td class=\"product--attribute\">Volum<\/td>\n<td class=\"product--attribute\">70 l<\/td>\n<\/tr>\n<tr>\n<td class=\"product--attribute\">Di\u00e0metre<\/td>\n<td class=\"product--attribute\">48 cm<\/td>\n<\/tr>\n<tr>\n<td class=\"product--attribute\">Superf\u00edcie<\/td>\n<td class=\"product--attribute\">48 x 66 cm<\/td>\n<\/tr>\n<tr>\n<td class=\"product--attribute\">Tipus d&#8217;ancoratge<\/td>\n<td class=\"product--attribute\">adossat<\/td>\n<\/tr>\n<tr>\n<td class=\"product--attribute\">Mode d&#8217;enviament<\/td>\n<td class=\"product--attribute\">muntat<\/td>\n<\/tr>\n<\/tbody>\n<\/table>\n","protected":false},"excerpt":{"rendered":"<div class=\"content--title\">Informaci\u00f3 del producte &#8220;Paperera Collec&#8221;<\/div>\n<div class=\"product--description\">Pel tema de la recol\u00b7lecci\u00f3 de residus hem pensat llargament. Com a resultat han sorgit els nostres diversos models de papereres. Per exemple el nostre model cil\u00edndric Collec amb el seu cistell de metall zincat que facilita \u00e0mpliament el treball de recol\u00b7lecci\u00f3. La seva gran capacitat \u00e9s la indicada en qu\u00e8 un gran nombre de persones s&#8217;esperen.<\/div>\n","protected":false},"featured_media":3440,"comment_status":"open","ping_status":"closed","template":"","meta":[],"product_cat":[192,200],"product_tag":[],"class_list":{"0":"post-6237","1":"product","2":"type-product","3":"status-publish","4":"has-post-thumbnail","6":"product_cat-papereres","7":"product_cat-parcs-i-jardins","9":"first","10":"instock","11":"shipping-taxable","12":"product-type-simple"},"yoast_head":"<!-- This site is optimized with the Yoast SEO plugin v23.2 - https:\/\/yoast.com\/wordpress\/plugins\/seo\/ -->\n<title>Paperera Collec - Yourplastics.es<\/title>\n<meta name=\"robots\" content=\"index, follow, max-snippet:-1, max-image-preview:large, max-video-preview:-1\" \/>\n<link rel=\"canonical\" href=\"https:\/\/yourplastics.es\/ca\/producto\/paperera-collec\/\" \/>\n<meta property=\"og:locale\" content=\"ca_ES\" \/>\n<meta property=\"og:type\" content=\"article\" \/>\n<meta property=\"og:title\" content=\"Paperera Collec - Yourplastics.es\" \/>\n<meta property=\"og:description\" content=\"Informaci\u00f3 del producte &quot;Paperera Collec&quot; Pel tema de la recol\u00b7lecci\u00f3 de residus hem pensat llargament. Com a resultat han sorgit els nostres diversos models de papereres. Per exemple el nostre model cil\u00edndric Collec amb el seu cistell de metall zincat que facilita \u00e0mpliament el treball de recol\u00b7lecci\u00f3. La seva gran capacitat \u00e9s la indicada en qu\u00e8 un gran nombre de persones s&#039;esperen.\" \/>\n<meta property=\"og:url\" content=\"https:\/\/yourplastics.es\/ca\/producto\/paperera-collec\/\" \/>\n<meta property=\"og:site_name\" content=\"Yourplastics.es\" \/>\n<meta property=\"og:image\" content=\"https:\/\/yourplastics.es\/wp-content\/uploads\/2024\/03\/AR486670_Abfallbehaelter_Collec_3D_2541.jpg\" \/>\n\t<meta property=\"og:image:width\" content=\"1600\" \/>\n\t<meta property=\"og:image:height\" content=\"1014\" \/>\n\t<meta property=\"og:image:type\" content=\"image\/jpeg\" \/>\n<meta name=\"twitter:card\" content=\"summary_large_image\" \/>\n<script type=\"application\/ld+json\" class=\"yoast-schema-graph\">{\"@context\":\"https:\/\/schema.org\",\"@graph\":[{\"@type\":\"WebPage\",\"@id\":\"https:\/\/yourplastics.es\/ca\/producto\/paperera-collec\/\",\"url\":\"https:\/\/yourplastics.es\/ca\/producto\/paperera-collec\/\",\"name\":\"Paperera Collec - Yourplastics.es\",\"isPartOf\":{\"@id\":\"https:\/\/yourplastics.es\/#website\"},\"primaryImageOfPage\":{\"@id\":\"https:\/\/yourplastics.es\/ca\/producto\/paperera-collec\/#primaryimage\"},\"image\":{\"@id\":\"https:\/\/yourplastics.es\/ca\/producto\/paperera-collec\/#primaryimage\"},\"thumbnailUrl\":\"https:\/\/yourplastics.es\/wp-content\/uploads\/2024\/03\/AR486670_Abfallbehaelter_Collec_3D_2541.jpg\",\"datePublished\":\"2024-03-04T09:23:13+00:00\",\"dateModified\":\"2024-03-04T09:23:13+00:00\",\"breadcrumb\":{\"@id\":\"https:\/\/yourplastics.es\/ca\/producto\/paperera-collec\/#breadcrumb\"},\"inLanguage\":\"ca\",\"potentialAction\":[{\"@type\":\"ReadAction\",\"target\":[\"https:\/\/yourplastics.es\/ca\/producto\/paperera-collec\/\"]}]},{\"@type\":\"ImageObject\",\"inLanguage\":\"ca\",\"@id\":\"https:\/\/yourplastics.es\/ca\/producto\/paperera-collec\/#primaryimage\",\"url\":\"https:\/\/yourplastics.es\/wp-content\/uploads\/2024\/03\/AR486670_Abfallbehaelter_Collec_3D_2541.jpg\",\"contentUrl\":\"https:\/\/yourplastics.es\/wp-content\/uploads\/2024\/03\/AR486670_Abfallbehaelter_Collec_3D_2541.jpg\",\"width\":1600,\"height\":1014},{\"@type\":\"BreadcrumbList\",\"@id\":\"https:\/\/yourplastics.es\/ca\/producto\/paperera-collec\/#breadcrumb\",\"itemListElement\":[{\"@type\":\"ListItem\",\"position\":1,\"name\":\"Home\",\"item\":\"https:\/\/yourplastics.es\/ca\/\"},{\"@type\":\"ListItem\",\"position\":2,\"name\":\"Botiga\",\"item\":\"https:\/\/yourplastics.es\/ca\/tienda-2\/\"},{\"@type\":\"ListItem\",\"position\":3,\"name\":\"Paperera Collec\"}]},{\"@type\":\"WebSite\",\"@id\":\"https:\/\/yourplastics.es\/#website\",\"url\":\"https:\/\/yourplastics.es\/\",\"name\":\"Yourplastics\",\"description\":\"\",\"publisher\":{\"@id\":\"https:\/\/yourplastics.es\/#organization\"},\"potentialAction\":[{\"@type\":\"SearchAction\",\"target\":{\"@type\":\"EntryPoint\",\"urlTemplate\":\"https:\/\/yourplastics.es\/?s={search_term_string}\"},\"query-input\":\"required name=search_term_string\"}],\"inLanguage\":\"ca\"},{\"@type\":\"Organization\",\"@id\":\"https:\/\/yourplastics.es\/#organization\",\"name\":\"Yourplastics\",\"url\":\"https:\/\/yourplastics.es\/\",\"logo\":{\"@type\":\"ImageObject\",\"inLanguage\":\"ca\",\"@id\":\"https:\/\/yourplastics.es\/#\/schema\/logo\/image\/\",\"url\":\"https:\/\/yourplastics.es\/wp-content\/uploads\/2024\/08\/logo2-400x163-1.png\",\"contentUrl\":\"https:\/\/yourplastics.es\/wp-content\/uploads\/2024\/08\/logo2-400x163-1.png\",\"width\":400,\"height\":163,\"caption\":\"Yourplastics\"},\"image\":{\"@id\":\"https:\/\/yourplastics.es\/#\/schema\/logo\/image\/\"}}]}<\/script>\n<!-- \/ Yoast SEO plugin. -->","yoast_head_json":{"title":"Paperera Collec - Yourplastics.es","robots":{"index":"index","follow":"follow","max-snippet":"max-snippet:-1","max-image-preview":"max-image-preview:large","max-video-preview":"max-video-preview:-1"},"canonical":"https:\/\/yourplastics.es\/ca\/producto\/paperera-collec\/","og_locale":"ca_ES","og_type":"article","og_title":"Paperera Collec - Yourplastics.es","og_description":"Informaci\u00f3 del producte \"Paperera Collec\" Pel tema de la recol\u00b7lecci\u00f3 de residus hem pensat llargament. Com a resultat han sorgit els nostres diversos models de papereres. Per exemple el nostre model cil\u00edndric Collec amb el seu cistell de metall zincat que facilita \u00e0mpliament el treball de recol\u00b7lecci\u00f3. La seva gran capacitat \u00e9s la indicada en qu\u00e8 un gran nombre de persones s'esperen.","og_url":"https:\/\/yourplastics.es\/ca\/producto\/paperera-collec\/","og_site_name":"Yourplastics.es","og_image":[{"width":1600,"height":1014,"url":"https:\/\/yourplastics.es\/wp-content\/uploads\/2024\/03\/AR486670_Abfallbehaelter_Collec_3D_2541.jpg","type":"image\/jpeg"}],"twitter_card":"summary_large_image","schema":{"@context":"https:\/\/schema.org","@graph":[{"@type":"WebPage","@id":"https:\/\/yourplastics.es\/ca\/producto\/paperera-collec\/","url":"https:\/\/yourplastics.es\/ca\/producto\/paperera-collec\/","name":"Paperera Collec - Yourplastics.es","isPartOf":{"@id":"https:\/\/yourplastics.es\/#website"},"primaryImageOfPage":{"@id":"https:\/\/yourplastics.es\/ca\/producto\/paperera-collec\/#primaryimage"},"image":{"@id":"https:\/\/yourplastics.es\/ca\/producto\/paperera-collec\/#primaryimage"},"thumbnailUrl":"https:\/\/yourplastics.es\/wp-content\/uploads\/2024\/03\/AR486670_Abfallbehaelter_Collec_3D_2541.jpg","datePublished":"2024-03-04T09:23:13+00:00","dateModified":"2024-03-04T09:23:13+00:00","breadcrumb":{"@id":"https:\/\/yourplastics.es\/ca\/producto\/paperera-collec\/#breadcrumb"},"inLanguage":"ca","potentialAction":[{"@type":"ReadAction","target":["https:\/\/yourplastics.es\/ca\/producto\/paperera-collec\/"]}]},{"@type":"ImageObject","inLanguage":"ca","@id":"https:\/\/yourplastics.es\/ca\/producto\/paperera-collec\/#primaryimage","url":"https:\/\/yourplastics.es\/wp-content\/uploads\/2024\/03\/AR486670_Abfallbehaelter_Collec_3D_2541.jpg","contentUrl":"https:\/\/yourplastics.es\/wp-content\/uploads\/2024\/03\/AR486670_Abfallbehaelter_Collec_3D_2541.jpg","width":1600,"height":1014},{"@type":"BreadcrumbList","@id":"https:\/\/yourplastics.es\/ca\/producto\/paperera-collec\/#breadcrumb","itemListElement":[{"@type":"ListItem","position":1,"name":"Home","item":"https:\/\/yourplastics.es\/ca\/"},{"@type":"ListItem","position":2,"name":"Botiga","item":"https:\/\/yourplastics.es\/ca\/tienda-2\/"},{"@type":"ListItem","position":3,"name":"Paperera Collec"}]},{"@type":"WebSite","@id":"https:\/\/yourplastics.es\/#website","url":"https:\/\/yourplastics.es\/","name":"Yourplastics","description":"","publisher":{"@id":"https:\/\/yourplastics.es\/#organization"},"potentialAction":[{"@type":"SearchAction","target":{"@type":"EntryPoint","urlTemplate":"https:\/\/yourplastics.es\/?s={search_term_string}"},"query-input":"required name=search_term_string"}],"inLanguage":"ca"},{"@type":"Organization","@id":"https:\/\/yourplastics.es\/#organization","name":"Yourplastics","url":"https:\/\/yourplastics.es\/","logo":{"@type":"ImageObject","inLanguage":"ca","@id":"https:\/\/yourplastics.es\/#\/schema\/logo\/image\/","url":"https:\/\/yourplastics.es\/wp-content\/uploads\/2024\/08\/logo2-400x163-1.png","contentUrl":"https:\/\/yourplastics.es\/wp-content\/uploads\/2024\/08\/logo2-400x163-1.png","width":400,"height":163,"caption":"Yourplastics"},"image":{"@id":"https:\/\/yourplastics.es\/#\/schema\/logo\/image\/"}}]}},"_links":{"self":[{"href":"https:\/\/yourplastics.es\/ca\/wp-json\/wp\/v2\/product\/6237","targetHints":{"allow":["GET"]}}],"collection":[{"href":"https:\/\/yourplastics.es\/ca\/wp-json\/wp\/v2\/product"}],"about":[{"href":"https:\/\/yourplastics.es\/ca\/wp-json\/wp\/v2\/types\/product"}],"replies":[{"embeddable":true,"href":"https:\/\/yourplastics.es\/ca\/wp-json\/wp\/v2\/comments?post=6237"}],"wp:featuredmedia":[{"embeddable":true,"href":"https:\/\/yourplastics.es\/ca\/wp-json\/wp\/v2\/media\/3440"}],"wp:attachment":[{"href":"https:\/\/yourplastics.es\/ca\/wp-json\/wp\/v2\/media?parent=6237"}],"wp:term":[{"taxonomy":"product_cat","embeddable":true,"href":"https:\/\/yourplastics.es\/ca\/wp-json\/wp\/v2\/product_cat?post=6237"},{"taxonomy":"product_tag","embeddable":true,"href":"https:\/\/yourplastics.es\/ca\/wp-json\/wp\/v2\/product_tag?post=6237"}],"curies":[{"name":"wp","href":"https:\/\/api.w.org\/{rel}","templated":true}]}}