{"id":6234,"date":"2024-03-04T09:23:13","date_gmt":"2024-03-04T09:23:13","guid":{"rendered":"https:\/\/yourplastics.es\/producto\/compostador-reforcat\/"},"modified":"2024-03-04T09:23:13","modified_gmt":"2024-03-04T09:23:13","slug":"compostador-reforcat","status":"publish","type":"product","link":"https:\/\/yourplastics.es\/ca\/producto\/compostador-reforcat\/","title":{"rendered":"Compostador refor\u00e7at"},"content":{"rendered":"<ul>\n<li>Mida superior: 85 x 85 cm<\/li>\n<li>Mida inferior: 100 x 100 cm<\/li>\n<li>Al\u00e7ada: 78 cm<\/li>\n<li>Forma c\u00f2nica<\/li>\n<li>S&#8217;envia armat<\/li>\n<\/ul>\n<p>Marcos d&#8217;alumini. Muntat. Altres mesures per comanda.<\/p>\n<div class=\"table--section-header content--title\"><strong>Caracter\u00edstiques<\/strong><\/div>\n<table style=\"height: 206px;\" width=\"605\">\n<tbody>\n<tr>\n<td class=\"product--attribute\">Selecci\u00f3<\/td>\n<td class=\"product--attribute\">C\u00f2nic, amb marc dalumini, aprox. 528 l<\/td>\n<\/tr>\n<tr>\n<td class=\"product--attribute\">Qualitat (Material)<\/td>\n<td class=\"product--attribute\">hanit<sup>\u00ae<\/sup><\/td>\n<\/tr>\n<tr>\n<td class=\"product--attribute\">Color<\/td>\n<td class=\"product--attribute\">marr\u00f3<\/td>\n<\/tr>\n<tr>\n<td class=\"product--attribute\">Pes<\/td>\n<td class=\"product--attribute\">76 kg<\/td>\n<\/tr>\n<tr>\n<td class=\"product--attribute\">Volum<\/td>\n<td class=\"product--attribute\">528 l<\/td>\n<\/tr>\n<tr>\n<td class=\"product--attribute\">Superf\u00edcie<\/td>\n<td class=\"product--attribute\">100 x 100 x 78 cm<\/td>\n<\/tr>\n<tr>\n<td class=\"product--attribute\">Mode d&#8217;enviament<\/td>\n<td class=\"product--attribute\">muntat<\/td>\n<\/tr>\n<\/tbody>\n<\/table>\n","protected":false},"excerpt":{"rendered":"<div class=\"content--title\">Informaci\u00f3 del producte &#8220;Compostador per a cementiris&#8221;<\/div>\n<div class=\"product--description\">Hem desenvolupat aquest compostador especialment per al seu \u00fas a cementiris i parcs. La seva f\u00e0cil manipulaci\u00f3 i durabilitat estan a primera l\u00ednia. El bastidor est\u00e0 realitzat en alumini que juntament amb el nostre pl\u00e0stic reciclat no els afecta la humitat. Aquest producte es lliura totalment muntat. Si us plau consulteu per altres mesures.<\/div>\n","protected":false},"featured_media":3452,"comment_status":"closed","ping_status":"closed","template":"","meta":[],"product_cat":[196,200],"product_tag":[],"class_list":{"0":"post-6234","1":"product","2":"type-product","3":"status-publish","4":"has-post-thumbnail","6":"product_cat-compostadores-ca","7":"product_cat-parcs-i-jardins","9":"first","10":"instock","11":"shipping-taxable","12":"product-type-simple"},"yoast_head":"<!-- This site is optimized with the Yoast SEO plugin v23.2 - https:\/\/yoast.com\/wordpress\/plugins\/seo\/ -->\n<title>Compostador refor\u00e7at - Yourplastics.es<\/title>\n<meta name=\"robots\" content=\"index, follow, max-snippet:-1, max-image-preview:large, max-video-preview:-1\" \/>\n<link rel=\"canonical\" href=\"https:\/\/yourplastics.es\/ca\/producto\/compostador-reforcat\/\" \/>\n<meta property=\"og:locale\" content=\"ca_ES\" \/>\n<meta property=\"og:type\" content=\"article\" \/>\n<meta property=\"og:title\" content=\"Compostador refor\u00e7at - Yourplastics.es\" \/>\n<meta property=\"og:description\" content=\"Informaci\u00f3 del producte &quot;Compostador per a cementiris&quot; Hem desenvolupat aquest compostador especialment per al seu \u00fas a cementiris i parcs. La seva f\u00e0cil manipulaci\u00f3 i durabilitat estan a primera l\u00ednia. El bastidor est\u00e0 realitzat en alumini que juntament amb el nostre pl\u00e0stic reciclat no els afecta la humitat. Aquest producte es lliura totalment muntat. Si us plau consulteu per altres mesures.\" \/>\n<meta property=\"og:url\" content=\"https:\/\/yourplastics.es\/ca\/producto\/compostador-reforcat\/\" \/>\n<meta property=\"og:site_name\" content=\"Yourplastics.es\" \/>\n<meta property=\"og:image\" content=\"https:\/\/yourplastics.es\/wp-content\/uploads\/2024\/03\/KF085100_Friedhofskomposter_3D_2543.jpg\" \/>\n\t<meta property=\"og:image:width\" content=\"1600\" \/>\n\t<meta property=\"og:image:height\" content=\"826\" \/>\n\t<meta property=\"og:image:type\" content=\"image\/jpeg\" \/>\n<meta name=\"twitter:card\" content=\"summary_large_image\" \/>\n<script type=\"application\/ld+json\" class=\"yoast-schema-graph\">{\"@context\":\"https:\/\/schema.org\",\"@graph\":[{\"@type\":\"WebPage\",\"@id\":\"https:\/\/yourplastics.es\/ca\/producto\/compostador-reforcat\/\",\"url\":\"https:\/\/yourplastics.es\/ca\/producto\/compostador-reforcat\/\",\"name\":\"Compostador refor\u00e7at - Yourplastics.es\",\"isPartOf\":{\"@id\":\"https:\/\/yourplastics.es\/#website\"},\"primaryImageOfPage\":{\"@id\":\"https:\/\/yourplastics.es\/ca\/producto\/compostador-reforcat\/#primaryimage\"},\"image\":{\"@id\":\"https:\/\/yourplastics.es\/ca\/producto\/compostador-reforcat\/#primaryimage\"},\"thumbnailUrl\":\"https:\/\/yourplastics.es\/wp-content\/uploads\/2024\/03\/KF085100_Friedhofskomposter_3D_2543.jpg\",\"datePublished\":\"2024-03-04T09:23:13+00:00\",\"dateModified\":\"2024-03-04T09:23:13+00:00\",\"breadcrumb\":{\"@id\":\"https:\/\/yourplastics.es\/ca\/producto\/compostador-reforcat\/#breadcrumb\"},\"inLanguage\":\"ca\",\"potentialAction\":[{\"@type\":\"ReadAction\",\"target\":[\"https:\/\/yourplastics.es\/ca\/producto\/compostador-reforcat\/\"]}]},{\"@type\":\"ImageObject\",\"inLanguage\":\"ca\",\"@id\":\"https:\/\/yourplastics.es\/ca\/producto\/compostador-reforcat\/#primaryimage\",\"url\":\"https:\/\/yourplastics.es\/wp-content\/uploads\/2024\/03\/KF085100_Friedhofskomposter_3D_2543.jpg\",\"contentUrl\":\"https:\/\/yourplastics.es\/wp-content\/uploads\/2024\/03\/KF085100_Friedhofskomposter_3D_2543.jpg\",\"width\":1600,\"height\":826},{\"@type\":\"BreadcrumbList\",\"@id\":\"https:\/\/yourplastics.es\/ca\/producto\/compostador-reforcat\/#breadcrumb\",\"itemListElement\":[{\"@type\":\"ListItem\",\"position\":1,\"name\":\"Home\",\"item\":\"https:\/\/yourplastics.es\/ca\/\"},{\"@type\":\"ListItem\",\"position\":2,\"name\":\"Botiga\",\"item\":\"https:\/\/yourplastics.es\/ca\/tienda-2\/\"},{\"@type\":\"ListItem\",\"position\":3,\"name\":\"Compostador refor\u00e7at\"}]},{\"@type\":\"WebSite\",\"@id\":\"https:\/\/yourplastics.es\/#website\",\"url\":\"https:\/\/yourplastics.es\/\",\"name\":\"Yourplastics\",\"description\":\"\",\"publisher\":{\"@id\":\"https:\/\/yourplastics.es\/#organization\"},\"potentialAction\":[{\"@type\":\"SearchAction\",\"target\":{\"@type\":\"EntryPoint\",\"urlTemplate\":\"https:\/\/yourplastics.es\/?s={search_term_string}\"},\"query-input\":\"required name=search_term_string\"}],\"inLanguage\":\"ca\"},{\"@type\":\"Organization\",\"@id\":\"https:\/\/yourplastics.es\/#organization\",\"name\":\"Yourplastics\",\"url\":\"https:\/\/yourplastics.es\/\",\"logo\":{\"@type\":\"ImageObject\",\"inLanguage\":\"ca\",\"@id\":\"https:\/\/yourplastics.es\/#\/schema\/logo\/image\/\",\"url\":\"https:\/\/yourplastics.es\/wp-content\/uploads\/2024\/08\/logo2-400x163-1.png\",\"contentUrl\":\"https:\/\/yourplastics.es\/wp-content\/uploads\/2024\/08\/logo2-400x163-1.png\",\"width\":400,\"height\":163,\"caption\":\"Yourplastics\"},\"image\":{\"@id\":\"https:\/\/yourplastics.es\/#\/schema\/logo\/image\/\"}}]}<\/script>\n<!-- \/ Yoast SEO plugin. -->","yoast_head_json":{"title":"Compostador refor\u00e7at - Yourplastics.es","robots":{"index":"index","follow":"follow","max-snippet":"max-snippet:-1","max-image-preview":"max-image-preview:large","max-video-preview":"max-video-preview:-1"},"canonical":"https:\/\/yourplastics.es\/ca\/producto\/compostador-reforcat\/","og_locale":"ca_ES","og_type":"article","og_title":"Compostador refor\u00e7at - Yourplastics.es","og_description":"Informaci\u00f3 del producte \"Compostador per a cementiris\" Hem desenvolupat aquest compostador especialment per al seu \u00fas a cementiris i parcs. La seva f\u00e0cil manipulaci\u00f3 i durabilitat estan a primera l\u00ednia. El bastidor est\u00e0 realitzat en alumini que juntament amb el nostre pl\u00e0stic reciclat no els afecta la humitat. Aquest producte es lliura totalment muntat. Si us plau consulteu per altres mesures.","og_url":"https:\/\/yourplastics.es\/ca\/producto\/compostador-reforcat\/","og_site_name":"Yourplastics.es","og_image":[{"width":1600,"height":826,"url":"https:\/\/yourplastics.es\/wp-content\/uploads\/2024\/03\/KF085100_Friedhofskomposter_3D_2543.jpg","type":"image\/jpeg"}],"twitter_card":"summary_large_image","schema":{"@context":"https:\/\/schema.org","@graph":[{"@type":"WebPage","@id":"https:\/\/yourplastics.es\/ca\/producto\/compostador-reforcat\/","url":"https:\/\/yourplastics.es\/ca\/producto\/compostador-reforcat\/","name":"Compostador refor\u00e7at - Yourplastics.es","isPartOf":{"@id":"https:\/\/yourplastics.es\/#website"},"primaryImageOfPage":{"@id":"https:\/\/yourplastics.es\/ca\/producto\/compostador-reforcat\/#primaryimage"},"image":{"@id":"https:\/\/yourplastics.es\/ca\/producto\/compostador-reforcat\/#primaryimage"},"thumbnailUrl":"https:\/\/yourplastics.es\/wp-content\/uploads\/2024\/03\/KF085100_Friedhofskomposter_3D_2543.jpg","datePublished":"2024-03-04T09:23:13+00:00","dateModified":"2024-03-04T09:23:13+00:00","breadcrumb":{"@id":"https:\/\/yourplastics.es\/ca\/producto\/compostador-reforcat\/#breadcrumb"},"inLanguage":"ca","potentialAction":[{"@type":"ReadAction","target":["https:\/\/yourplastics.es\/ca\/producto\/compostador-reforcat\/"]}]},{"@type":"ImageObject","inLanguage":"ca","@id":"https:\/\/yourplastics.es\/ca\/producto\/compostador-reforcat\/#primaryimage","url":"https:\/\/yourplastics.es\/wp-content\/uploads\/2024\/03\/KF085100_Friedhofskomposter_3D_2543.jpg","contentUrl":"https:\/\/yourplastics.es\/wp-content\/uploads\/2024\/03\/KF085100_Friedhofskomposter_3D_2543.jpg","width":1600,"height":826},{"@type":"BreadcrumbList","@id":"https:\/\/yourplastics.es\/ca\/producto\/compostador-reforcat\/#breadcrumb","itemListElement":[{"@type":"ListItem","position":1,"name":"Home","item":"https:\/\/yourplastics.es\/ca\/"},{"@type":"ListItem","position":2,"name":"Botiga","item":"https:\/\/yourplastics.es\/ca\/tienda-2\/"},{"@type":"ListItem","position":3,"name":"Compostador refor\u00e7at"}]},{"@type":"WebSite","@id":"https:\/\/yourplastics.es\/#website","url":"https:\/\/yourplastics.es\/","name":"Yourplastics","description":"","publisher":{"@id":"https:\/\/yourplastics.es\/#organization"},"potentialAction":[{"@type":"SearchAction","target":{"@type":"EntryPoint","urlTemplate":"https:\/\/yourplastics.es\/?s={search_term_string}"},"query-input":"required name=search_term_string"}],"inLanguage":"ca"},{"@type":"Organization","@id":"https:\/\/yourplastics.es\/#organization","name":"Yourplastics","url":"https:\/\/yourplastics.es\/","logo":{"@type":"ImageObject","inLanguage":"ca","@id":"https:\/\/yourplastics.es\/#\/schema\/logo\/image\/","url":"https:\/\/yourplastics.es\/wp-content\/uploads\/2024\/08\/logo2-400x163-1.png","contentUrl":"https:\/\/yourplastics.es\/wp-content\/uploads\/2024\/08\/logo2-400x163-1.png","width":400,"height":163,"caption":"Yourplastics"},"image":{"@id":"https:\/\/yourplastics.es\/#\/schema\/logo\/image\/"}}]}},"_links":{"self":[{"href":"https:\/\/yourplastics.es\/ca\/wp-json\/wp\/v2\/product\/6234","targetHints":{"allow":["GET"]}}],"collection":[{"href":"https:\/\/yourplastics.es\/ca\/wp-json\/wp\/v2\/product"}],"about":[{"href":"https:\/\/yourplastics.es\/ca\/wp-json\/wp\/v2\/types\/product"}],"replies":[{"embeddable":true,"href":"https:\/\/yourplastics.es\/ca\/wp-json\/wp\/v2\/comments?post=6234"}],"wp:featuredmedia":[{"embeddable":true,"href":"https:\/\/yourplastics.es\/ca\/wp-json\/wp\/v2\/media\/3452"}],"wp:attachment":[{"href":"https:\/\/yourplastics.es\/ca\/wp-json\/wp\/v2\/media?parent=6234"}],"wp:term":[{"taxonomy":"product_cat","embeddable":true,"href":"https:\/\/yourplastics.es\/ca\/wp-json\/wp\/v2\/product_cat?post=6234"},{"taxonomy":"product_tag","embeddable":true,"href":"https:\/\/yourplastics.es\/ca\/wp-json\/wp\/v2\/product_tag?post=6234"}],"curies":[{"name":"wp","href":"https:\/\/api.w.org\/{rel}","templated":true}]}}