{"id":6230,"date":"2024-03-04T09:23:34","date_gmt":"2024-03-04T09:23:34","guid":{"rendered":"https:\/\/yourplastics.es\/producto\/jardinera-scilla\/"},"modified":"2024-03-04T09:23:34","modified_gmt":"2024-03-04T09:23:34","slug":"jardinera-scilla","status":"publish","type":"product","link":"https:\/\/yourplastics.es\/ca\/producto\/jardinera-scilla\/","title":{"rendered":"Jardinera Scilla"},"content":{"rendered":"<ul>\n<li>Format Quadrat: 70 x 70, 110 x 110 i 140 x 140 cm<\/li>\n<li>Format rectangular: 110 x 70 i 140 x 110 cm<\/li>\n<li>Al\u00e7ada: 44 cm; amb anell extra 56 cm<\/li>\n<li>\u00c0mplia possibilitat de variants<\/li>\n<\/ul>\n<p>Muntat. Les mides s\u00f3n exteriors. Altres mides segons comanda. Perfils laterals: 6 x 12 cm. Fons: 2 cm gruix. S\u00f2col: 6 cm.<\/p>\n","protected":false},"excerpt":{"rendered":"<div class=\"content--title\">Informaci\u00f3 del producte &#8220;Jardinera Scilla&#8221;<\/div>\n<div class=\"product--description\">Amb la jardinera &#8220;Scilla&#8221; en tenim una m\u00e9s per oferir amb format rectangular. Els seus cants que sobresurten li donen un bell aspecte r\u00fastic. Aquest test cong\u00e8nia molt b\u00e9 amb la vida poblena. a trav\u00e9s dels seus anells extres pot augmentar la seva al\u00e7ada en 12 cm.<\/div>\n","protected":false},"featured_media":3471,"comment_status":"open","ping_status":"closed","template":"","meta":[],"product_cat":[195,200],"product_tag":[],"class_list":{"0":"post-6230","1":"product","2":"type-product","3":"status-publish","4":"has-post-thumbnail","6":"product_cat-jardineres","7":"product_cat-parcs-i-jardins","9":"first","10":"instock","11":"shipping-taxable","12":"product-type-simple"},"yoast_head":"<!-- This site is optimized with the Yoast SEO plugin v23.2 - https:\/\/yoast.com\/wordpress\/plugins\/seo\/ -->\n<title>Jardinera Scilla - Yourplastics.es<\/title>\n<meta name=\"robots\" content=\"index, follow, max-snippet:-1, max-image-preview:large, max-video-preview:-1\" \/>\n<link rel=\"canonical\" href=\"https:\/\/yourplastics.es\/ca\/producto\/jardinera-scilla\/\" \/>\n<meta property=\"og:locale\" content=\"ca_ES\" \/>\n<meta property=\"og:type\" content=\"article\" \/>\n<meta property=\"og:title\" content=\"Jardinera Scilla - Yourplastics.es\" \/>\n<meta property=\"og:description\" content=\"Informaci\u00f3 del producte &quot;Jardinera Scilla&quot; Amb la jardinera &quot;Scilla&quot; en tenim una m\u00e9s per oferir amb format rectangular. Els seus cants que sobresurten li donen un bell aspecte r\u00fastic. Aquest test cong\u00e8nia molt b\u00e9 amb la vida poblena. a trav\u00e9s dels seus anells extres pot augmentar la seva al\u00e7ada en 12 cm.\" \/>\n<meta property=\"og:url\" content=\"https:\/\/yourplastics.es\/ca\/producto\/jardinera-scilla\/\" \/>\n<meta property=\"og:site_name\" content=\"Yourplastics.es\" \/>\n<meta property=\"og:image\" content=\"https:\/\/yourplastics.es\/wp-content\/uploads\/2024\/03\/508200-2_Blumenkuebel_Scilla_3D_2577.jpg\" \/>\n\t<meta property=\"og:image:width\" content=\"1600\" \/>\n\t<meta property=\"og:image:height\" content=\"785\" \/>\n\t<meta property=\"og:image:type\" content=\"image\/jpeg\" \/>\n<meta name=\"twitter:card\" content=\"summary_large_image\" \/>\n<script type=\"application\/ld+json\" class=\"yoast-schema-graph\">{\"@context\":\"https:\/\/schema.org\",\"@graph\":[{\"@type\":\"WebPage\",\"@id\":\"https:\/\/yourplastics.es\/ca\/producto\/jardinera-scilla\/\",\"url\":\"https:\/\/yourplastics.es\/ca\/producto\/jardinera-scilla\/\",\"name\":\"Jardinera Scilla - Yourplastics.es\",\"isPartOf\":{\"@id\":\"https:\/\/yourplastics.es\/#website\"},\"primaryImageOfPage\":{\"@id\":\"https:\/\/yourplastics.es\/ca\/producto\/jardinera-scilla\/#primaryimage\"},\"image\":{\"@id\":\"https:\/\/yourplastics.es\/ca\/producto\/jardinera-scilla\/#primaryimage\"},\"thumbnailUrl\":\"https:\/\/yourplastics.es\/wp-content\/uploads\/2024\/03\/508200-2_Blumenkuebel_Scilla_3D_2577.jpg\",\"datePublished\":\"2024-03-04T09:23:34+00:00\",\"dateModified\":\"2024-03-04T09:23:34+00:00\",\"breadcrumb\":{\"@id\":\"https:\/\/yourplastics.es\/ca\/producto\/jardinera-scilla\/#breadcrumb\"},\"inLanguage\":\"ca\",\"potentialAction\":[{\"@type\":\"ReadAction\",\"target\":[\"https:\/\/yourplastics.es\/ca\/producto\/jardinera-scilla\/\"]}]},{\"@type\":\"ImageObject\",\"inLanguage\":\"ca\",\"@id\":\"https:\/\/yourplastics.es\/ca\/producto\/jardinera-scilla\/#primaryimage\",\"url\":\"https:\/\/yourplastics.es\/wp-content\/uploads\/2024\/03\/508200-2_Blumenkuebel_Scilla_3D_2577.jpg\",\"contentUrl\":\"https:\/\/yourplastics.es\/wp-content\/uploads\/2024\/03\/508200-2_Blumenkuebel_Scilla_3D_2577.jpg\",\"width\":1600,\"height\":785},{\"@type\":\"BreadcrumbList\",\"@id\":\"https:\/\/yourplastics.es\/ca\/producto\/jardinera-scilla\/#breadcrumb\",\"itemListElement\":[{\"@type\":\"ListItem\",\"position\":1,\"name\":\"Home\",\"item\":\"https:\/\/yourplastics.es\/ca\/\"},{\"@type\":\"ListItem\",\"position\":2,\"name\":\"Botiga\",\"item\":\"https:\/\/yourplastics.es\/ca\/tienda-2\/\"},{\"@type\":\"ListItem\",\"position\":3,\"name\":\"Jardinera Scilla\"}]},{\"@type\":\"WebSite\",\"@id\":\"https:\/\/yourplastics.es\/#website\",\"url\":\"https:\/\/yourplastics.es\/\",\"name\":\"Yourplastics\",\"description\":\"\",\"publisher\":{\"@id\":\"https:\/\/yourplastics.es\/#organization\"},\"potentialAction\":[{\"@type\":\"SearchAction\",\"target\":{\"@type\":\"EntryPoint\",\"urlTemplate\":\"https:\/\/yourplastics.es\/?s={search_term_string}\"},\"query-input\":\"required name=search_term_string\"}],\"inLanguage\":\"ca\"},{\"@type\":\"Organization\",\"@id\":\"https:\/\/yourplastics.es\/#organization\",\"name\":\"Yourplastics\",\"url\":\"https:\/\/yourplastics.es\/\",\"logo\":{\"@type\":\"ImageObject\",\"inLanguage\":\"ca\",\"@id\":\"https:\/\/yourplastics.es\/#\/schema\/logo\/image\/\",\"url\":\"https:\/\/yourplastics.es\/wp-content\/uploads\/2024\/08\/logo2-400x163-1.png\",\"contentUrl\":\"https:\/\/yourplastics.es\/wp-content\/uploads\/2024\/08\/logo2-400x163-1.png\",\"width\":400,\"height\":163,\"caption\":\"Yourplastics\"},\"image\":{\"@id\":\"https:\/\/yourplastics.es\/#\/schema\/logo\/image\/\"}}]}<\/script>\n<!-- \/ Yoast SEO plugin. -->","yoast_head_json":{"title":"Jardinera Scilla - Yourplastics.es","robots":{"index":"index","follow":"follow","max-snippet":"max-snippet:-1","max-image-preview":"max-image-preview:large","max-video-preview":"max-video-preview:-1"},"canonical":"https:\/\/yourplastics.es\/ca\/producto\/jardinera-scilla\/","og_locale":"ca_ES","og_type":"article","og_title":"Jardinera Scilla - Yourplastics.es","og_description":"Informaci\u00f3 del producte \"Jardinera Scilla\" Amb la jardinera \"Scilla\" en tenim una m\u00e9s per oferir amb format rectangular. Els seus cants que sobresurten li donen un bell aspecte r\u00fastic. Aquest test cong\u00e8nia molt b\u00e9 amb la vida poblena. a trav\u00e9s dels seus anells extres pot augmentar la seva al\u00e7ada en 12 cm.","og_url":"https:\/\/yourplastics.es\/ca\/producto\/jardinera-scilla\/","og_site_name":"Yourplastics.es","og_image":[{"width":1600,"height":785,"url":"https:\/\/yourplastics.es\/wp-content\/uploads\/2024\/03\/508200-2_Blumenkuebel_Scilla_3D_2577.jpg","type":"image\/jpeg"}],"twitter_card":"summary_large_image","schema":{"@context":"https:\/\/schema.org","@graph":[{"@type":"WebPage","@id":"https:\/\/yourplastics.es\/ca\/producto\/jardinera-scilla\/","url":"https:\/\/yourplastics.es\/ca\/producto\/jardinera-scilla\/","name":"Jardinera Scilla - Yourplastics.es","isPartOf":{"@id":"https:\/\/yourplastics.es\/#website"},"primaryImageOfPage":{"@id":"https:\/\/yourplastics.es\/ca\/producto\/jardinera-scilla\/#primaryimage"},"image":{"@id":"https:\/\/yourplastics.es\/ca\/producto\/jardinera-scilla\/#primaryimage"},"thumbnailUrl":"https:\/\/yourplastics.es\/wp-content\/uploads\/2024\/03\/508200-2_Blumenkuebel_Scilla_3D_2577.jpg","datePublished":"2024-03-04T09:23:34+00:00","dateModified":"2024-03-04T09:23:34+00:00","breadcrumb":{"@id":"https:\/\/yourplastics.es\/ca\/producto\/jardinera-scilla\/#breadcrumb"},"inLanguage":"ca","potentialAction":[{"@type":"ReadAction","target":["https:\/\/yourplastics.es\/ca\/producto\/jardinera-scilla\/"]}]},{"@type":"ImageObject","inLanguage":"ca","@id":"https:\/\/yourplastics.es\/ca\/producto\/jardinera-scilla\/#primaryimage","url":"https:\/\/yourplastics.es\/wp-content\/uploads\/2024\/03\/508200-2_Blumenkuebel_Scilla_3D_2577.jpg","contentUrl":"https:\/\/yourplastics.es\/wp-content\/uploads\/2024\/03\/508200-2_Blumenkuebel_Scilla_3D_2577.jpg","width":1600,"height":785},{"@type":"BreadcrumbList","@id":"https:\/\/yourplastics.es\/ca\/producto\/jardinera-scilla\/#breadcrumb","itemListElement":[{"@type":"ListItem","position":1,"name":"Home","item":"https:\/\/yourplastics.es\/ca\/"},{"@type":"ListItem","position":2,"name":"Botiga","item":"https:\/\/yourplastics.es\/ca\/tienda-2\/"},{"@type":"ListItem","position":3,"name":"Jardinera Scilla"}]},{"@type":"WebSite","@id":"https:\/\/yourplastics.es\/#website","url":"https:\/\/yourplastics.es\/","name":"Yourplastics","description":"","publisher":{"@id":"https:\/\/yourplastics.es\/#organization"},"potentialAction":[{"@type":"SearchAction","target":{"@type":"EntryPoint","urlTemplate":"https:\/\/yourplastics.es\/?s={search_term_string}"},"query-input":"required name=search_term_string"}],"inLanguage":"ca"},{"@type":"Organization","@id":"https:\/\/yourplastics.es\/#organization","name":"Yourplastics","url":"https:\/\/yourplastics.es\/","logo":{"@type":"ImageObject","inLanguage":"ca","@id":"https:\/\/yourplastics.es\/#\/schema\/logo\/image\/","url":"https:\/\/yourplastics.es\/wp-content\/uploads\/2024\/08\/logo2-400x163-1.png","contentUrl":"https:\/\/yourplastics.es\/wp-content\/uploads\/2024\/08\/logo2-400x163-1.png","width":400,"height":163,"caption":"Yourplastics"},"image":{"@id":"https:\/\/yourplastics.es\/#\/schema\/logo\/image\/"}}]}},"_links":{"self":[{"href":"https:\/\/yourplastics.es\/ca\/wp-json\/wp\/v2\/product\/6230","targetHints":{"allow":["GET"]}}],"collection":[{"href":"https:\/\/yourplastics.es\/ca\/wp-json\/wp\/v2\/product"}],"about":[{"href":"https:\/\/yourplastics.es\/ca\/wp-json\/wp\/v2\/types\/product"}],"replies":[{"embeddable":true,"href":"https:\/\/yourplastics.es\/ca\/wp-json\/wp\/v2\/comments?post=6230"}],"wp:featuredmedia":[{"embeddable":true,"href":"https:\/\/yourplastics.es\/ca\/wp-json\/wp\/v2\/media\/3471"}],"wp:attachment":[{"href":"https:\/\/yourplastics.es\/ca\/wp-json\/wp\/v2\/media?parent=6230"}],"wp:term":[{"taxonomy":"product_cat","embeddable":true,"href":"https:\/\/yourplastics.es\/ca\/wp-json\/wp\/v2\/product_cat?post=6230"},{"taxonomy":"product_tag","embeddable":true,"href":"https:\/\/yourplastics.es\/ca\/wp-json\/wp\/v2\/product_tag?post=6230"}],"curies":[{"name":"wp","href":"https:\/\/api.w.org\/{rel}","templated":true}]}}