{"id":6229,"date":"2024-03-04T09:08:34","date_gmt":"2024-03-04T09:08:34","guid":{"rendered":"https:\/\/yourplastics.es\/producto\/estacada-rodona\/"},"modified":"2024-03-04T09:08:34","modified_gmt":"2024-03-04T09:08:34","slug":"estacada-rodona","status":"publish","type":"product","link":"https:\/\/yourplastics.es\/ca\/producto\/estacada-rodona\/","title":{"rendered":"Estacada rodona"},"content":{"rendered":"<ul>\n<li>Llarg: depenent de la versi\u00f3 des de 30 fins a 280 cm<\/li>\n<li>Di\u00e0metre: 6 cm, 8 cm, 10 cm, 12 cm, 15 cm y 20 cm<\/li>\n<li>Sense additius contaminants<\/li>\n<li>No s&#8217;astella<\/li>\n<li>Molt vers\u00e0til a les seves aplicacions<\/li>\n<li>Facilita la construcci\u00f3<\/li>\n<\/ul>\n<p>Les unitats d&#8217;embalatge nom\u00e9s serveixen per orientaci\u00f3. No s\u00f3n quantitats m\u00ednimes a demanar. Els productes el llarg dels quals \u00e9s superior a 200 cm s&#8217;embalen en palets dobles.<\/p>\n<div class=\"content--tabcontainer1\">\n<div id=\"tabcontainer1\" class=\"tabcontainer1\">\n<p>Avantatges del perfil buit<br \/>\nLa resist\u00e8ncia de les nostres estacades buides es redueix lleugerament. En canvi sumen tres aspectes molt positius:<br \/>\n\u00bb S\u00f3n m\u00e9s econ\u00f2miques per tenir menys material<br \/>\n\u00bb S\u00f3n m\u00e9s lleugeres i per tant es redueixen els costos de transport<br \/>\n\u00bb S\u00f3n m\u00e9s f\u00e0cils d&#8217;instal\u00b7lar a causa del seu baix pes<\/p>\n<p>Atenci\u00f3:<br \/>\nNo totes les mesures s\u00f3n per refor\u00e7ar pendents. En cas de dubtes, si us plau consulteu-nos.<\/p>\n<p>&nbsp;<\/p>\n<p><img decoding=\"async\" id=\"tinymce-editor-image-3b3f308e-c43a-4884-af5b-4494fde9e7e4\" class=\"lazyload tinymce-editor-image tinymce-editor-image-3b3f308e-c43a-4884-af5b-4494fde9e7e4\" src=\"data:image\/gif;base64,R0lGODlhAQABAAAAACH5BAEKAAEALAAAAAABAAEAAAICTAEAOw==\" data-orig-src=\"https:\/\/www.hahnkunststoffe.de\/media\/image\/81\/48\/43\/103300_Rundpalisade_Schema.jpg\" alt=\"103300_Rundpalisade_Schema\" width=\"400\" data-src=\"media\/image\/103300_Rundpalisade_Schema.jpg\"><\/p>\n<\/div>\n<\/div>\n","protected":false},"excerpt":{"rendered":"<div class=\"content--title\">Informaci\u00f3 del producte &#8220;Estacada rodona&#8221;<\/div>\n<div class=\"product--description\">\n<p>Per al disseny de zones verdes, jardins, tanques i parcs infantils, per a la realitzaci\u00f3 d&#8217;entrades, camins i escales, com ara parets de protecci\u00f3 visual i divis\u00f2ries. Les estacades rodones hanit<sup>\u00ae<\/sup> s\u00f3n el component sense complicacions que marca la difer\u00e8ncia: estables, econ\u00f2miques, no els afecta la intemp\u00e8rie, gran durabilitat, sense costos addicionals en el futur.<\/p>\n<\/div>\n","protected":false},"featured_media":2285,"comment_status":"open","ping_status":"closed","template":"","meta":[],"product_cat":[211,209],"product_tag":[],"class_list":{"0":"post-6229","1":"product","2":"type-product","3":"status-publish","4":"has-post-thumbnail","6":"product_cat-edificacio-i-construccio","7":"product_cat-estacades","9":"first","10":"instock","11":"shipping-taxable","12":"product-type-simple"},"yoast_head":"<!-- This site is optimized with the Yoast SEO plugin v23.2 - https:\/\/yoast.com\/wordpress\/plugins\/seo\/ -->\n<title>Estacada rodona - Yourplastics.es<\/title>\n<meta name=\"robots\" content=\"index, follow, max-snippet:-1, max-image-preview:large, max-video-preview:-1\" \/>\n<link rel=\"canonical\" href=\"https:\/\/yourplastics.es\/ca\/producto\/estacada-rodona\/\" \/>\n<meta property=\"og:locale\" content=\"ca_ES\" \/>\n<meta property=\"og:type\" content=\"article\" \/>\n<meta property=\"og:title\" content=\"Estacada rodona - Yourplastics.es\" \/>\n<meta property=\"og:description\" content=\"Informaci\u00f3 del producte &quot;Estacada rodona&quot;  Per al disseny de zones verdes, jardins, tanques i parcs infantils, per a la realitzaci\u00f3 d&#039;entrades, camins i escales, com ara parets de protecci\u00f3 visual i divis\u00f2ries. Les estacades rodones hanit\u00ae s\u00f3n el component sense complicacions que marca la difer\u00e8ncia: estables, econ\u00f2miques, no els afecta la intemp\u00e8rie, gran durabilitat, sense costos addicionals en el futur.\" \/>\n<meta property=\"og:url\" content=\"https:\/\/yourplastics.es\/ca\/producto\/estacada-rodona\/\" \/>\n<meta property=\"og:site_name\" content=\"Yourplastics.es\" \/>\n<meta property=\"og:image\" content=\"https:\/\/yourplastics.es\/wp-content\/uploads\/2024\/03\/103300_Rundpalisaden_3D_02_hohl_gefuellt_2751.jpg\" \/>\n\t<meta property=\"og:image:width\" content=\"1600\" \/>\n\t<meta property=\"og:image:height\" content=\"994\" \/>\n\t<meta property=\"og:image:type\" content=\"image\/jpeg\" \/>\n<meta name=\"twitter:card\" content=\"summary_large_image\" \/>\n<meta name=\"twitter:label1\" content=\"Temps estimat de lectura\" \/>\n\t<meta name=\"twitter:data1\" content=\"1 minut\" \/>\n<script type=\"application\/ld+json\" class=\"yoast-schema-graph\">{\"@context\":\"https:\/\/schema.org\",\"@graph\":[{\"@type\":\"WebPage\",\"@id\":\"https:\/\/yourplastics.es\/ca\/producto\/estacada-rodona\/\",\"url\":\"https:\/\/yourplastics.es\/ca\/producto\/estacada-rodona\/\",\"name\":\"Estacada rodona - Yourplastics.es\",\"isPartOf\":{\"@id\":\"https:\/\/yourplastics.es\/#website\"},\"primaryImageOfPage\":{\"@id\":\"https:\/\/yourplastics.es\/ca\/producto\/estacada-rodona\/#primaryimage\"},\"image\":{\"@id\":\"https:\/\/yourplastics.es\/ca\/producto\/estacada-rodona\/#primaryimage\"},\"thumbnailUrl\":\"https:\/\/yourplastics.es\/wp-content\/uploads\/2024\/03\/103300_Rundpalisaden_3D_02_hohl_gefuellt_2751.jpg\",\"datePublished\":\"2024-03-04T09:08:34+00:00\",\"dateModified\":\"2024-03-04T09:08:34+00:00\",\"breadcrumb\":{\"@id\":\"https:\/\/yourplastics.es\/ca\/producto\/estacada-rodona\/#breadcrumb\"},\"inLanguage\":\"ca\",\"potentialAction\":[{\"@type\":\"ReadAction\",\"target\":[\"https:\/\/yourplastics.es\/ca\/producto\/estacada-rodona\/\"]}]},{\"@type\":\"ImageObject\",\"inLanguage\":\"ca\",\"@id\":\"https:\/\/yourplastics.es\/ca\/producto\/estacada-rodona\/#primaryimage\",\"url\":\"https:\/\/yourplastics.es\/wp-content\/uploads\/2024\/03\/103300_Rundpalisaden_3D_02_hohl_gefuellt_2751.jpg\",\"contentUrl\":\"https:\/\/yourplastics.es\/wp-content\/uploads\/2024\/03\/103300_Rundpalisaden_3D_02_hohl_gefuellt_2751.jpg\",\"width\":1600,\"height\":994},{\"@type\":\"BreadcrumbList\",\"@id\":\"https:\/\/yourplastics.es\/ca\/producto\/estacada-rodona\/#breadcrumb\",\"itemListElement\":[{\"@type\":\"ListItem\",\"position\":1,\"name\":\"Home\",\"item\":\"https:\/\/yourplastics.es\/ca\/\"},{\"@type\":\"ListItem\",\"position\":2,\"name\":\"Botiga\",\"item\":\"https:\/\/yourplastics.es\/ca\/tienda-2\/\"},{\"@type\":\"ListItem\",\"position\":3,\"name\":\"Estacada rodona\"}]},{\"@type\":\"WebSite\",\"@id\":\"https:\/\/yourplastics.es\/#website\",\"url\":\"https:\/\/yourplastics.es\/\",\"name\":\"Yourplastics\",\"description\":\"\",\"publisher\":{\"@id\":\"https:\/\/yourplastics.es\/#organization\"},\"potentialAction\":[{\"@type\":\"SearchAction\",\"target\":{\"@type\":\"EntryPoint\",\"urlTemplate\":\"https:\/\/yourplastics.es\/?s={search_term_string}\"},\"query-input\":\"required name=search_term_string\"}],\"inLanguage\":\"ca\"},{\"@type\":\"Organization\",\"@id\":\"https:\/\/yourplastics.es\/#organization\",\"name\":\"Yourplastics\",\"url\":\"https:\/\/yourplastics.es\/\",\"logo\":{\"@type\":\"ImageObject\",\"inLanguage\":\"ca\",\"@id\":\"https:\/\/yourplastics.es\/#\/schema\/logo\/image\/\",\"url\":\"https:\/\/yourplastics.es\/wp-content\/uploads\/2024\/08\/logo2-400x163-1.png\",\"contentUrl\":\"https:\/\/yourplastics.es\/wp-content\/uploads\/2024\/08\/logo2-400x163-1.png\",\"width\":400,\"height\":163,\"caption\":\"Yourplastics\"},\"image\":{\"@id\":\"https:\/\/yourplastics.es\/#\/schema\/logo\/image\/\"}}]}<\/script>\n<!-- \/ Yoast SEO plugin. -->","yoast_head_json":{"title":"Estacada rodona - Yourplastics.es","robots":{"index":"index","follow":"follow","max-snippet":"max-snippet:-1","max-image-preview":"max-image-preview:large","max-video-preview":"max-video-preview:-1"},"canonical":"https:\/\/yourplastics.es\/ca\/producto\/estacada-rodona\/","og_locale":"ca_ES","og_type":"article","og_title":"Estacada rodona - Yourplastics.es","og_description":"Informaci\u00f3 del producte \"Estacada rodona\"  Per al disseny de zones verdes, jardins, tanques i parcs infantils, per a la realitzaci\u00f3 d'entrades, camins i escales, com ara parets de protecci\u00f3 visual i divis\u00f2ries. Les estacades rodones hanit\u00ae s\u00f3n el component sense complicacions que marca la difer\u00e8ncia: estables, econ\u00f2miques, no els afecta la intemp\u00e8rie, gran durabilitat, sense costos addicionals en el futur.","og_url":"https:\/\/yourplastics.es\/ca\/producto\/estacada-rodona\/","og_site_name":"Yourplastics.es","og_image":[{"width":1600,"height":994,"url":"https:\/\/yourplastics.es\/wp-content\/uploads\/2024\/03\/103300_Rundpalisaden_3D_02_hohl_gefuellt_2751.jpg","type":"image\/jpeg"}],"twitter_card":"summary_large_image","twitter_misc":{"Temps estimat de lectura":"1 minut"},"schema":{"@context":"https:\/\/schema.org","@graph":[{"@type":"WebPage","@id":"https:\/\/yourplastics.es\/ca\/producto\/estacada-rodona\/","url":"https:\/\/yourplastics.es\/ca\/producto\/estacada-rodona\/","name":"Estacada rodona - Yourplastics.es","isPartOf":{"@id":"https:\/\/yourplastics.es\/#website"},"primaryImageOfPage":{"@id":"https:\/\/yourplastics.es\/ca\/producto\/estacada-rodona\/#primaryimage"},"image":{"@id":"https:\/\/yourplastics.es\/ca\/producto\/estacada-rodona\/#primaryimage"},"thumbnailUrl":"https:\/\/yourplastics.es\/wp-content\/uploads\/2024\/03\/103300_Rundpalisaden_3D_02_hohl_gefuellt_2751.jpg","datePublished":"2024-03-04T09:08:34+00:00","dateModified":"2024-03-04T09:08:34+00:00","breadcrumb":{"@id":"https:\/\/yourplastics.es\/ca\/producto\/estacada-rodona\/#breadcrumb"},"inLanguage":"ca","potentialAction":[{"@type":"ReadAction","target":["https:\/\/yourplastics.es\/ca\/producto\/estacada-rodona\/"]}]},{"@type":"ImageObject","inLanguage":"ca","@id":"https:\/\/yourplastics.es\/ca\/producto\/estacada-rodona\/#primaryimage","url":"https:\/\/yourplastics.es\/wp-content\/uploads\/2024\/03\/103300_Rundpalisaden_3D_02_hohl_gefuellt_2751.jpg","contentUrl":"https:\/\/yourplastics.es\/wp-content\/uploads\/2024\/03\/103300_Rundpalisaden_3D_02_hohl_gefuellt_2751.jpg","width":1600,"height":994},{"@type":"BreadcrumbList","@id":"https:\/\/yourplastics.es\/ca\/producto\/estacada-rodona\/#breadcrumb","itemListElement":[{"@type":"ListItem","position":1,"name":"Home","item":"https:\/\/yourplastics.es\/ca\/"},{"@type":"ListItem","position":2,"name":"Botiga","item":"https:\/\/yourplastics.es\/ca\/tienda-2\/"},{"@type":"ListItem","position":3,"name":"Estacada rodona"}]},{"@type":"WebSite","@id":"https:\/\/yourplastics.es\/#website","url":"https:\/\/yourplastics.es\/","name":"Yourplastics","description":"","publisher":{"@id":"https:\/\/yourplastics.es\/#organization"},"potentialAction":[{"@type":"SearchAction","target":{"@type":"EntryPoint","urlTemplate":"https:\/\/yourplastics.es\/?s={search_term_string}"},"query-input":"required name=search_term_string"}],"inLanguage":"ca"},{"@type":"Organization","@id":"https:\/\/yourplastics.es\/#organization","name":"Yourplastics","url":"https:\/\/yourplastics.es\/","logo":{"@type":"ImageObject","inLanguage":"ca","@id":"https:\/\/yourplastics.es\/#\/schema\/logo\/image\/","url":"https:\/\/yourplastics.es\/wp-content\/uploads\/2024\/08\/logo2-400x163-1.png","contentUrl":"https:\/\/yourplastics.es\/wp-content\/uploads\/2024\/08\/logo2-400x163-1.png","width":400,"height":163,"caption":"Yourplastics"},"image":{"@id":"https:\/\/yourplastics.es\/#\/schema\/logo\/image\/"}}]}},"_links":{"self":[{"href":"https:\/\/yourplastics.es\/ca\/wp-json\/wp\/v2\/product\/6229","targetHints":{"allow":["GET"]}}],"collection":[{"href":"https:\/\/yourplastics.es\/ca\/wp-json\/wp\/v2\/product"}],"about":[{"href":"https:\/\/yourplastics.es\/ca\/wp-json\/wp\/v2\/types\/product"}],"replies":[{"embeddable":true,"href":"https:\/\/yourplastics.es\/ca\/wp-json\/wp\/v2\/comments?post=6229"}],"wp:featuredmedia":[{"embeddable":true,"href":"https:\/\/yourplastics.es\/ca\/wp-json\/wp\/v2\/media\/2285"}],"wp:attachment":[{"href":"https:\/\/yourplastics.es\/ca\/wp-json\/wp\/v2\/media?parent=6229"}],"wp:term":[{"taxonomy":"product_cat","embeddable":true,"href":"https:\/\/yourplastics.es\/ca\/wp-json\/wp\/v2\/product_cat?post=6229"},{"taxonomy":"product_tag","embeddable":true,"href":"https:\/\/yourplastics.es\/ca\/wp-json\/wp\/v2\/product_tag?post=6229"}],"curies":[{"name":"wp","href":"https:\/\/api.w.org\/{rel}","templated":true}]}}