{"id":6228,"date":"2024-03-04T09:23:56","date_gmt":"2024-03-04T09:23:56","guid":{"rendered":"https:\/\/yourplastics.es\/producto\/jardinera-iberis\/"},"modified":"2024-03-04T09:23:56","modified_gmt":"2024-03-04T09:23:56","slug":"jardinera-iberis","status":"publish","type":"product","link":"https:\/\/yourplastics.es\/ca\/producto\/jardinera-iberis\/","title":{"rendered":"Jardinera Iberis"},"content":{"rendered":"<ul>\n<li>Format Quadrat: 70 x 70, 110 x 110 i 140 x 140 cm<\/li>\n<li>Format rectangular: 110 x 70 i 140 x 110 cm<\/li>\n<li>Al\u00e7ada: 47 cm<\/li>\n<li>Al\u00e7ada variable mitjan\u00e7ant anells extres<\/li>\n<li>Modern i cl\u00e0ssic<\/li>\n<\/ul>\n<p>Muntat. Les mides s\u00f3n exteriors. Altres mides segons comanda. Perfils laterals: 9 x 9 cm. Fons: 2 cm gruix. S\u00f2col: 9 cm.<\/p>\n","protected":false},"excerpt":{"rendered":"<div class=\"content--title\">Informaci\u00f3 del producte &#8220;Jardinera Iberis&#8221;<\/div>\n<div class=\"product--description\">Del test &#8220;Iberis&#8221; hi ha 5 variants: 3 s\u00f3n quadrades i les dues restants rectangulars. Per la seva forma cubista s&#8217;adapta molt b\u00e9 als ambients urbans i cosmopolites. Un altre punt a favor s\u00f3n els seus anells extres, amb els quals se&#8217;n poden augmentar l&#8217;al\u00e7ada.<\/div>\n","protected":false},"featured_media":3483,"comment_status":"closed","ping_status":"closed","template":"","meta":[],"product_cat":[195,200],"product_tag":[],"class_list":{"0":"post-6228","1":"product","2":"type-product","3":"status-publish","4":"has-post-thumbnail","6":"product_cat-jardineres","7":"product_cat-parcs-i-jardins","9":"first","10":"instock","11":"featured","12":"shipping-taxable","13":"product-type-simple"},"yoast_head":"<!-- This site is optimized with the Yoast SEO plugin v23.2 - https:\/\/yoast.com\/wordpress\/plugins\/seo\/ -->\n<title>Jardinera Iberis - Yourplastics.es<\/title>\n<meta name=\"robots\" content=\"index, follow, max-snippet:-1, max-image-preview:large, max-video-preview:-1\" \/>\n<link rel=\"canonical\" href=\"https:\/\/yourplastics.es\/ca\/producto\/jardinera-iberis\/\" \/>\n<meta property=\"og:locale\" content=\"ca_ES\" \/>\n<meta property=\"og:type\" content=\"article\" \/>\n<meta property=\"og:title\" content=\"Jardinera Iberis - Yourplastics.es\" \/>\n<meta property=\"og:description\" content=\"Informaci\u00f3 del producte &quot;Jardinera Iberis&quot; Del test &quot;Iberis&quot; hi ha 5 variants: 3 s\u00f3n quadrades i les dues restants rectangulars. Per la seva forma cubista s&#039;adapta molt b\u00e9 als ambients urbans i cosmopolites. Un altre punt a favor s\u00f3n els seus anells extres, amb els quals se&#039;n poden augmentar l&#039;al\u00e7ada.\" \/>\n<meta property=\"og:url\" content=\"https:\/\/yourplastics.es\/ca\/producto\/jardinera-iberis\/\" \/>\n<meta property=\"og:site_name\" content=\"Yourplastics.es\" \/>\n<meta property=\"og:image\" content=\"https:\/\/yourplastics.es\/wp-content\/uploads\/2024\/03\/508200-1_Kuebel_Iberis_3D_Typ1_1315.jpg\" \/>\n\t<meta property=\"og:image:width\" content=\"1600\" \/>\n\t<meta property=\"og:image:height\" content=\"851\" \/>\n\t<meta property=\"og:image:type\" content=\"image\/jpeg\" \/>\n<meta name=\"twitter:card\" content=\"summary_large_image\" \/>\n<script type=\"application\/ld+json\" class=\"yoast-schema-graph\">{\"@context\":\"https:\/\/schema.org\",\"@graph\":[{\"@type\":\"WebPage\",\"@id\":\"https:\/\/yourplastics.es\/ca\/producto\/jardinera-iberis\/\",\"url\":\"https:\/\/yourplastics.es\/ca\/producto\/jardinera-iberis\/\",\"name\":\"Jardinera Iberis - Yourplastics.es\",\"isPartOf\":{\"@id\":\"https:\/\/yourplastics.es\/#website\"},\"primaryImageOfPage\":{\"@id\":\"https:\/\/yourplastics.es\/ca\/producto\/jardinera-iberis\/#primaryimage\"},\"image\":{\"@id\":\"https:\/\/yourplastics.es\/ca\/producto\/jardinera-iberis\/#primaryimage\"},\"thumbnailUrl\":\"https:\/\/yourplastics.es\/wp-content\/uploads\/2024\/03\/508200-1_Kuebel_Iberis_3D_Typ1_1315.jpg\",\"datePublished\":\"2024-03-04T09:23:56+00:00\",\"dateModified\":\"2024-03-04T09:23:56+00:00\",\"breadcrumb\":{\"@id\":\"https:\/\/yourplastics.es\/ca\/producto\/jardinera-iberis\/#breadcrumb\"},\"inLanguage\":\"ca\",\"potentialAction\":[{\"@type\":\"ReadAction\",\"target\":[\"https:\/\/yourplastics.es\/ca\/producto\/jardinera-iberis\/\"]}]},{\"@type\":\"ImageObject\",\"inLanguage\":\"ca\",\"@id\":\"https:\/\/yourplastics.es\/ca\/producto\/jardinera-iberis\/#primaryimage\",\"url\":\"https:\/\/yourplastics.es\/wp-content\/uploads\/2024\/03\/508200-1_Kuebel_Iberis_3D_Typ1_1315.jpg\",\"contentUrl\":\"https:\/\/yourplastics.es\/wp-content\/uploads\/2024\/03\/508200-1_Kuebel_Iberis_3D_Typ1_1315.jpg\",\"width\":1600,\"height\":851},{\"@type\":\"BreadcrumbList\",\"@id\":\"https:\/\/yourplastics.es\/ca\/producto\/jardinera-iberis\/#breadcrumb\",\"itemListElement\":[{\"@type\":\"ListItem\",\"position\":1,\"name\":\"Home\",\"item\":\"https:\/\/yourplastics.es\/ca\/\"},{\"@type\":\"ListItem\",\"position\":2,\"name\":\"Botiga\",\"item\":\"https:\/\/yourplastics.es\/ca\/tienda-2\/\"},{\"@type\":\"ListItem\",\"position\":3,\"name\":\"Jardinera Iberis\"}]},{\"@type\":\"WebSite\",\"@id\":\"https:\/\/yourplastics.es\/#website\",\"url\":\"https:\/\/yourplastics.es\/\",\"name\":\"Yourplastics\",\"description\":\"\",\"publisher\":{\"@id\":\"https:\/\/yourplastics.es\/#organization\"},\"potentialAction\":[{\"@type\":\"SearchAction\",\"target\":{\"@type\":\"EntryPoint\",\"urlTemplate\":\"https:\/\/yourplastics.es\/?s={search_term_string}\"},\"query-input\":\"required name=search_term_string\"}],\"inLanguage\":\"ca\"},{\"@type\":\"Organization\",\"@id\":\"https:\/\/yourplastics.es\/#organization\",\"name\":\"Yourplastics\",\"url\":\"https:\/\/yourplastics.es\/\",\"logo\":{\"@type\":\"ImageObject\",\"inLanguage\":\"ca\",\"@id\":\"https:\/\/yourplastics.es\/#\/schema\/logo\/image\/\",\"url\":\"https:\/\/yourplastics.es\/wp-content\/uploads\/2024\/08\/logo2-400x163-1.png\",\"contentUrl\":\"https:\/\/yourplastics.es\/wp-content\/uploads\/2024\/08\/logo2-400x163-1.png\",\"width\":400,\"height\":163,\"caption\":\"Yourplastics\"},\"image\":{\"@id\":\"https:\/\/yourplastics.es\/#\/schema\/logo\/image\/\"}}]}<\/script>\n<!-- \/ Yoast SEO plugin. -->","yoast_head_json":{"title":"Jardinera Iberis - Yourplastics.es","robots":{"index":"index","follow":"follow","max-snippet":"max-snippet:-1","max-image-preview":"max-image-preview:large","max-video-preview":"max-video-preview:-1"},"canonical":"https:\/\/yourplastics.es\/ca\/producto\/jardinera-iberis\/","og_locale":"ca_ES","og_type":"article","og_title":"Jardinera Iberis - Yourplastics.es","og_description":"Informaci\u00f3 del producte \"Jardinera Iberis\" Del test \"Iberis\" hi ha 5 variants: 3 s\u00f3n quadrades i les dues restants rectangulars. Per la seva forma cubista s'adapta molt b\u00e9 als ambients urbans i cosmopolites. Un altre punt a favor s\u00f3n els seus anells extres, amb els quals se'n poden augmentar l'al\u00e7ada.","og_url":"https:\/\/yourplastics.es\/ca\/producto\/jardinera-iberis\/","og_site_name":"Yourplastics.es","og_image":[{"width":1600,"height":851,"url":"https:\/\/yourplastics.es\/wp-content\/uploads\/2024\/03\/508200-1_Kuebel_Iberis_3D_Typ1_1315.jpg","type":"image\/jpeg"}],"twitter_card":"summary_large_image","schema":{"@context":"https:\/\/schema.org","@graph":[{"@type":"WebPage","@id":"https:\/\/yourplastics.es\/ca\/producto\/jardinera-iberis\/","url":"https:\/\/yourplastics.es\/ca\/producto\/jardinera-iberis\/","name":"Jardinera Iberis - Yourplastics.es","isPartOf":{"@id":"https:\/\/yourplastics.es\/#website"},"primaryImageOfPage":{"@id":"https:\/\/yourplastics.es\/ca\/producto\/jardinera-iberis\/#primaryimage"},"image":{"@id":"https:\/\/yourplastics.es\/ca\/producto\/jardinera-iberis\/#primaryimage"},"thumbnailUrl":"https:\/\/yourplastics.es\/wp-content\/uploads\/2024\/03\/508200-1_Kuebel_Iberis_3D_Typ1_1315.jpg","datePublished":"2024-03-04T09:23:56+00:00","dateModified":"2024-03-04T09:23:56+00:00","breadcrumb":{"@id":"https:\/\/yourplastics.es\/ca\/producto\/jardinera-iberis\/#breadcrumb"},"inLanguage":"ca","potentialAction":[{"@type":"ReadAction","target":["https:\/\/yourplastics.es\/ca\/producto\/jardinera-iberis\/"]}]},{"@type":"ImageObject","inLanguage":"ca","@id":"https:\/\/yourplastics.es\/ca\/producto\/jardinera-iberis\/#primaryimage","url":"https:\/\/yourplastics.es\/wp-content\/uploads\/2024\/03\/508200-1_Kuebel_Iberis_3D_Typ1_1315.jpg","contentUrl":"https:\/\/yourplastics.es\/wp-content\/uploads\/2024\/03\/508200-1_Kuebel_Iberis_3D_Typ1_1315.jpg","width":1600,"height":851},{"@type":"BreadcrumbList","@id":"https:\/\/yourplastics.es\/ca\/producto\/jardinera-iberis\/#breadcrumb","itemListElement":[{"@type":"ListItem","position":1,"name":"Home","item":"https:\/\/yourplastics.es\/ca\/"},{"@type":"ListItem","position":2,"name":"Botiga","item":"https:\/\/yourplastics.es\/ca\/tienda-2\/"},{"@type":"ListItem","position":3,"name":"Jardinera Iberis"}]},{"@type":"WebSite","@id":"https:\/\/yourplastics.es\/#website","url":"https:\/\/yourplastics.es\/","name":"Yourplastics","description":"","publisher":{"@id":"https:\/\/yourplastics.es\/#organization"},"potentialAction":[{"@type":"SearchAction","target":{"@type":"EntryPoint","urlTemplate":"https:\/\/yourplastics.es\/?s={search_term_string}"},"query-input":"required name=search_term_string"}],"inLanguage":"ca"},{"@type":"Organization","@id":"https:\/\/yourplastics.es\/#organization","name":"Yourplastics","url":"https:\/\/yourplastics.es\/","logo":{"@type":"ImageObject","inLanguage":"ca","@id":"https:\/\/yourplastics.es\/#\/schema\/logo\/image\/","url":"https:\/\/yourplastics.es\/wp-content\/uploads\/2024\/08\/logo2-400x163-1.png","contentUrl":"https:\/\/yourplastics.es\/wp-content\/uploads\/2024\/08\/logo2-400x163-1.png","width":400,"height":163,"caption":"Yourplastics"},"image":{"@id":"https:\/\/yourplastics.es\/#\/schema\/logo\/image\/"}}]}},"_links":{"self":[{"href":"https:\/\/yourplastics.es\/ca\/wp-json\/wp\/v2\/product\/6228","targetHints":{"allow":["GET"]}}],"collection":[{"href":"https:\/\/yourplastics.es\/ca\/wp-json\/wp\/v2\/product"}],"about":[{"href":"https:\/\/yourplastics.es\/ca\/wp-json\/wp\/v2\/types\/product"}],"replies":[{"embeddable":true,"href":"https:\/\/yourplastics.es\/ca\/wp-json\/wp\/v2\/comments?post=6228"}],"wp:featuredmedia":[{"embeddable":true,"href":"https:\/\/yourplastics.es\/ca\/wp-json\/wp\/v2\/media\/3483"}],"wp:attachment":[{"href":"https:\/\/yourplastics.es\/ca\/wp-json\/wp\/v2\/media?parent=6228"}],"wp:term":[{"taxonomy":"product_cat","embeddable":true,"href":"https:\/\/yourplastics.es\/ca\/wp-json\/wp\/v2\/product_cat?post=6228"},{"taxonomy":"product_tag","embeddable":true,"href":"https:\/\/yourplastics.es\/ca\/wp-json\/wp\/v2\/product_tag?post=6228"}],"curies":[{"name":"wp","href":"https:\/\/api.w.org\/{rel}","templated":true}]}}