{"id":6225,"date":"2024-03-04T09:24:26","date_gmt":"2024-03-04T09:24:26","guid":{"rendered":"https:\/\/yourplastics.es\/producto\/jardinera-muscari\/"},"modified":"2024-03-04T09:24:26","modified_gmt":"2024-03-04T09:24:26","slug":"jardinera-muscari","status":"publish","type":"product","link":"https:\/\/yourplastics.es\/ca\/producto\/jardinera-muscari\/","title":{"rendered":"Jardinera Muscari"},"content":{"rendered":"<ul>\n<li>Mida (LxAxA): 130 x 60 x 50 cm<\/li>\n<li>3 colors diferents<\/li>\n<\/ul>\n<p>Muntat. Les mides s\u00f3n exteriors. Altres mides segons comanda. Perfils laterals: 9 x 9 cm. Fons: 2 cm gruix. Pal: 12 x 16 cm. S\u00f2col: 8 cm.<\/p>\n","protected":false},"excerpt":{"rendered":"<div class=\"content--title\">Informaci\u00f3 del producte &#8220;Jardinera Muscari&#8221;<\/div>\n<div class=\"product--description\">Les jardineres urbanes han de suportar dures proves, especialment quan estan embellint els espais p\u00fablics. No nom\u00e9s la cura de les plantes \u00e9s esgotadora sin\u00f3 que moltes vegades s\u00f3n v\u00edctimes del vandalisme. Amb el nostre model &#8220;Muscari&#8221; oferim una robusta i forta jardinera en diferents colors.<\/div>\n","protected":false},"featured_media":3499,"comment_status":"open","ping_status":"closed","template":"","meta":[],"product_cat":[195,200],"product_tag":[],"class_list":{"0":"post-6225","1":"product","2":"type-product","3":"status-publish","4":"has-post-thumbnail","6":"product_cat-jardineres","7":"product_cat-parcs-i-jardins","9":"first","10":"instock","11":"shipping-taxable","12":"product-type-simple"},"yoast_head":"<!-- This site is optimized with the Yoast SEO plugin v23.2 - https:\/\/yoast.com\/wordpress\/plugins\/seo\/ -->\n<title>Jardinera Muscari - Yourplastics.es<\/title>\n<meta name=\"robots\" content=\"index, follow, max-snippet:-1, max-image-preview:large, max-video-preview:-1\" \/>\n<link rel=\"canonical\" href=\"https:\/\/yourplastics.es\/ca\/producto\/jardinera-muscari\/\" \/>\n<meta property=\"og:locale\" content=\"ca_ES\" \/>\n<meta property=\"og:type\" content=\"article\" \/>\n<meta property=\"og:title\" content=\"Jardinera Muscari - Yourplastics.es\" \/>\n<meta property=\"og:description\" content=\"Informaci\u00f3 del producte &quot;Jardinera Muscari&quot; Les jardineres urbanes han de suportar dures proves, especialment quan estan embellint els espais p\u00fablics. No nom\u00e9s la cura de les plantes \u00e9s esgotadora sin\u00f3 que moltes vegades s\u00f3n v\u00edctimes del vandalisme. Amb el nostre model &quot;Muscari&quot; oferim una robusta i forta jardinera en diferents colors.\" \/>\n<meta property=\"og:url\" content=\"https:\/\/yourplastics.es\/ca\/producto\/jardinera-muscari\/\" \/>\n<meta property=\"og:site_name\" content=\"Yourplastics.es\" \/>\n<meta property=\"og:image\" content=\"https:\/\/yourplastics.es\/wp-content\/uploads\/2024\/03\/508100_Kuebel_Muscari_3D_Brown_892.jpg\" \/>\n\t<meta property=\"og:image:width\" content=\"1600\" \/>\n\t<meta property=\"og:image:height\" content=\"809\" \/>\n\t<meta property=\"og:image:type\" content=\"image\/jpeg\" \/>\n<meta name=\"twitter:card\" content=\"summary_large_image\" \/>\n<script type=\"application\/ld+json\" class=\"yoast-schema-graph\">{\"@context\":\"https:\/\/schema.org\",\"@graph\":[{\"@type\":\"WebPage\",\"@id\":\"https:\/\/yourplastics.es\/ca\/producto\/jardinera-muscari\/\",\"url\":\"https:\/\/yourplastics.es\/ca\/producto\/jardinera-muscari\/\",\"name\":\"Jardinera Muscari - Yourplastics.es\",\"isPartOf\":{\"@id\":\"https:\/\/yourplastics.es\/#website\"},\"primaryImageOfPage\":{\"@id\":\"https:\/\/yourplastics.es\/ca\/producto\/jardinera-muscari\/#primaryimage\"},\"image\":{\"@id\":\"https:\/\/yourplastics.es\/ca\/producto\/jardinera-muscari\/#primaryimage\"},\"thumbnailUrl\":\"https:\/\/yourplastics.es\/wp-content\/uploads\/2024\/03\/508100_Kuebel_Muscari_3D_Brown_892.jpg\",\"datePublished\":\"2024-03-04T09:24:26+00:00\",\"dateModified\":\"2024-03-04T09:24:26+00:00\",\"breadcrumb\":{\"@id\":\"https:\/\/yourplastics.es\/ca\/producto\/jardinera-muscari\/#breadcrumb\"},\"inLanguage\":\"ca\",\"potentialAction\":[{\"@type\":\"ReadAction\",\"target\":[\"https:\/\/yourplastics.es\/ca\/producto\/jardinera-muscari\/\"]}]},{\"@type\":\"ImageObject\",\"inLanguage\":\"ca\",\"@id\":\"https:\/\/yourplastics.es\/ca\/producto\/jardinera-muscari\/#primaryimage\",\"url\":\"https:\/\/yourplastics.es\/wp-content\/uploads\/2024\/03\/508100_Kuebel_Muscari_3D_Brown_892.jpg\",\"contentUrl\":\"https:\/\/yourplastics.es\/wp-content\/uploads\/2024\/03\/508100_Kuebel_Muscari_3D_Brown_892.jpg\",\"width\":1600,\"height\":809},{\"@type\":\"BreadcrumbList\",\"@id\":\"https:\/\/yourplastics.es\/ca\/producto\/jardinera-muscari\/#breadcrumb\",\"itemListElement\":[{\"@type\":\"ListItem\",\"position\":1,\"name\":\"Home\",\"item\":\"https:\/\/yourplastics.es\/ca\/\"},{\"@type\":\"ListItem\",\"position\":2,\"name\":\"Botiga\",\"item\":\"https:\/\/yourplastics.es\/ca\/tienda-2\/\"},{\"@type\":\"ListItem\",\"position\":3,\"name\":\"Jardinera Muscari\"}]},{\"@type\":\"WebSite\",\"@id\":\"https:\/\/yourplastics.es\/#website\",\"url\":\"https:\/\/yourplastics.es\/\",\"name\":\"Yourplastics\",\"description\":\"\",\"publisher\":{\"@id\":\"https:\/\/yourplastics.es\/#organization\"},\"potentialAction\":[{\"@type\":\"SearchAction\",\"target\":{\"@type\":\"EntryPoint\",\"urlTemplate\":\"https:\/\/yourplastics.es\/?s={search_term_string}\"},\"query-input\":\"required name=search_term_string\"}],\"inLanguage\":\"ca\"},{\"@type\":\"Organization\",\"@id\":\"https:\/\/yourplastics.es\/#organization\",\"name\":\"Yourplastics\",\"url\":\"https:\/\/yourplastics.es\/\",\"logo\":{\"@type\":\"ImageObject\",\"inLanguage\":\"ca\",\"@id\":\"https:\/\/yourplastics.es\/#\/schema\/logo\/image\/\",\"url\":\"https:\/\/yourplastics.es\/wp-content\/uploads\/2024\/08\/logo2-400x163-1.png\",\"contentUrl\":\"https:\/\/yourplastics.es\/wp-content\/uploads\/2024\/08\/logo2-400x163-1.png\",\"width\":400,\"height\":163,\"caption\":\"Yourplastics\"},\"image\":{\"@id\":\"https:\/\/yourplastics.es\/#\/schema\/logo\/image\/\"}}]}<\/script>\n<!-- \/ Yoast SEO plugin. -->","yoast_head_json":{"title":"Jardinera Muscari - Yourplastics.es","robots":{"index":"index","follow":"follow","max-snippet":"max-snippet:-1","max-image-preview":"max-image-preview:large","max-video-preview":"max-video-preview:-1"},"canonical":"https:\/\/yourplastics.es\/ca\/producto\/jardinera-muscari\/","og_locale":"ca_ES","og_type":"article","og_title":"Jardinera Muscari - Yourplastics.es","og_description":"Informaci\u00f3 del producte \"Jardinera Muscari\" Les jardineres urbanes han de suportar dures proves, especialment quan estan embellint els espais p\u00fablics. No nom\u00e9s la cura de les plantes \u00e9s esgotadora sin\u00f3 que moltes vegades s\u00f3n v\u00edctimes del vandalisme. Amb el nostre model \"Muscari\" oferim una robusta i forta jardinera en diferents colors.","og_url":"https:\/\/yourplastics.es\/ca\/producto\/jardinera-muscari\/","og_site_name":"Yourplastics.es","og_image":[{"width":1600,"height":809,"url":"https:\/\/yourplastics.es\/wp-content\/uploads\/2024\/03\/508100_Kuebel_Muscari_3D_Brown_892.jpg","type":"image\/jpeg"}],"twitter_card":"summary_large_image","schema":{"@context":"https:\/\/schema.org","@graph":[{"@type":"WebPage","@id":"https:\/\/yourplastics.es\/ca\/producto\/jardinera-muscari\/","url":"https:\/\/yourplastics.es\/ca\/producto\/jardinera-muscari\/","name":"Jardinera Muscari - Yourplastics.es","isPartOf":{"@id":"https:\/\/yourplastics.es\/#website"},"primaryImageOfPage":{"@id":"https:\/\/yourplastics.es\/ca\/producto\/jardinera-muscari\/#primaryimage"},"image":{"@id":"https:\/\/yourplastics.es\/ca\/producto\/jardinera-muscari\/#primaryimage"},"thumbnailUrl":"https:\/\/yourplastics.es\/wp-content\/uploads\/2024\/03\/508100_Kuebel_Muscari_3D_Brown_892.jpg","datePublished":"2024-03-04T09:24:26+00:00","dateModified":"2024-03-04T09:24:26+00:00","breadcrumb":{"@id":"https:\/\/yourplastics.es\/ca\/producto\/jardinera-muscari\/#breadcrumb"},"inLanguage":"ca","potentialAction":[{"@type":"ReadAction","target":["https:\/\/yourplastics.es\/ca\/producto\/jardinera-muscari\/"]}]},{"@type":"ImageObject","inLanguage":"ca","@id":"https:\/\/yourplastics.es\/ca\/producto\/jardinera-muscari\/#primaryimage","url":"https:\/\/yourplastics.es\/wp-content\/uploads\/2024\/03\/508100_Kuebel_Muscari_3D_Brown_892.jpg","contentUrl":"https:\/\/yourplastics.es\/wp-content\/uploads\/2024\/03\/508100_Kuebel_Muscari_3D_Brown_892.jpg","width":1600,"height":809},{"@type":"BreadcrumbList","@id":"https:\/\/yourplastics.es\/ca\/producto\/jardinera-muscari\/#breadcrumb","itemListElement":[{"@type":"ListItem","position":1,"name":"Home","item":"https:\/\/yourplastics.es\/ca\/"},{"@type":"ListItem","position":2,"name":"Botiga","item":"https:\/\/yourplastics.es\/ca\/tienda-2\/"},{"@type":"ListItem","position":3,"name":"Jardinera Muscari"}]},{"@type":"WebSite","@id":"https:\/\/yourplastics.es\/#website","url":"https:\/\/yourplastics.es\/","name":"Yourplastics","description":"","publisher":{"@id":"https:\/\/yourplastics.es\/#organization"},"potentialAction":[{"@type":"SearchAction","target":{"@type":"EntryPoint","urlTemplate":"https:\/\/yourplastics.es\/?s={search_term_string}"},"query-input":"required name=search_term_string"}],"inLanguage":"ca"},{"@type":"Organization","@id":"https:\/\/yourplastics.es\/#organization","name":"Yourplastics","url":"https:\/\/yourplastics.es\/","logo":{"@type":"ImageObject","inLanguage":"ca","@id":"https:\/\/yourplastics.es\/#\/schema\/logo\/image\/","url":"https:\/\/yourplastics.es\/wp-content\/uploads\/2024\/08\/logo2-400x163-1.png","contentUrl":"https:\/\/yourplastics.es\/wp-content\/uploads\/2024\/08\/logo2-400x163-1.png","width":400,"height":163,"caption":"Yourplastics"},"image":{"@id":"https:\/\/yourplastics.es\/#\/schema\/logo\/image\/"}}]}},"_links":{"self":[{"href":"https:\/\/yourplastics.es\/ca\/wp-json\/wp\/v2\/product\/6225","targetHints":{"allow":["GET"]}}],"collection":[{"href":"https:\/\/yourplastics.es\/ca\/wp-json\/wp\/v2\/product"}],"about":[{"href":"https:\/\/yourplastics.es\/ca\/wp-json\/wp\/v2\/types\/product"}],"replies":[{"embeddable":true,"href":"https:\/\/yourplastics.es\/ca\/wp-json\/wp\/v2\/comments?post=6225"}],"wp:featuredmedia":[{"embeddable":true,"href":"https:\/\/yourplastics.es\/ca\/wp-json\/wp\/v2\/media\/3499"}],"wp:attachment":[{"href":"https:\/\/yourplastics.es\/ca\/wp-json\/wp\/v2\/media?parent=6225"}],"wp:term":[{"taxonomy":"product_cat","embeddable":true,"href":"https:\/\/yourplastics.es\/ca\/wp-json\/wp\/v2\/product_cat?post=6225"},{"taxonomy":"product_tag","embeddable":true,"href":"https:\/\/yourplastics.es\/ca\/wp-json\/wp\/v2\/product_tag?post=6225"}],"curies":[{"name":"wp","href":"https:\/\/api.w.org\/{rel}","templated":true}]}}