{"id":6224,"date":"2024-03-04T09:24:54","date_gmt":"2024-03-04T09:24:54","guid":{"rendered":"https:\/\/yourplastics.es\/producto\/banc-circular-turon\/"},"modified":"2024-03-04T09:24:54","modified_gmt":"2024-03-04T09:24:54","slug":"banc-circular-turon","status":"publish","type":"product","link":"https:\/\/yourplastics.es\/ca\/producto\/banc-circular-turon\/","title":{"rendered":"Banc circular Turon"},"content":{"rendered":"<ul>\n<li>6 o 8 taules de seient i respatller<\/li>\n<li>Dues variants disponibles: 6 i 8<\/li>\n<li>Al\u00e7ada del seient: 47 cm<\/li>\n<li>Opcional: ancoratge Tipus 1<\/li>\n<\/ul>\n<p>Bancs i taules s\u00f3n subministrats desarmats. Instruccions i material per al muntatge inclosos.<\/p>\n<p>Taula per a banc: tipus Kompakt<br \/>\n6 o 8 taules de seient: 175\/125 cm<br \/>\n6 o 8 taula de respatller: 125\/93 cm<br \/>\nAl\u00e7ada del seient: 47 cm<br \/>\nTur\u00f3 1: \u00d8 1 = 352 cm, \u00d8 2 = 305 cm, \u00d8 3 = 183 cm,<br \/>\nTur\u00f3 2: \u00d8 1 = 330 cm, \u00d8 2 = 305 cm, \u00d8 3 = 184 cm,<br \/>\n12\/16 peus<br \/>\nOpcional: sistema d&#8217;ancoratges tipus 1<\/p>\n","protected":false},"excerpt":{"rendered":"<div class=\"content--title\">Informaci\u00f3 del producte &#8220;Banc circular Turon&#8221;<\/div>\n<div class=\"product--description\">Segurament hi ha al seu poble, barri o al parc de la ciutat un arbre acollidor, que ofereix molta ombra, on sempre es reuneix amb gust la gent i on sempre \u00e9s dif\u00edcil trobar un llocet lliure. El banc circular &#8220;Turon&#8221; ofereix lloc per a tothom, amb els seus formats de sis o vuit costats. El lloc perfecte per reunir-se, assabentar-se de coses noves o simplement gaudir de la tranquil\u00b7litat.<\/div>\n","protected":false},"featured_media":3515,"comment_status":"open","ping_status":"closed","template":"","meta":[],"product_cat":[197,200],"product_tag":[],"class_list":{"0":"post-6224","1":"product","2":"type-product","3":"status-publish","4":"has-post-thumbnail","6":"product_cat-bancs-rodons","7":"product_cat-parcs-i-jardins","9":"first","10":"instock","11":"shipping-taxable","12":"product-type-simple"},"yoast_head":"<!-- This site is optimized with the Yoast SEO plugin v23.2 - https:\/\/yoast.com\/wordpress\/plugins\/seo\/ -->\n<title>Banc circular Turon - Yourplastics.es<\/title>\n<meta name=\"robots\" content=\"index, follow, max-snippet:-1, max-image-preview:large, max-video-preview:-1\" \/>\n<link rel=\"canonical\" href=\"https:\/\/yourplastics.es\/ca\/producto\/banc-circular-turon\/\" \/>\n<meta property=\"og:locale\" content=\"ca_ES\" \/>\n<meta property=\"og:type\" content=\"article\" \/>\n<meta property=\"og:title\" content=\"Banc circular Turon - Yourplastics.es\" \/>\n<meta property=\"og:description\" content=\"Informaci\u00f3 del producte &quot;Banc circular Turon&quot; Segurament hi ha al seu poble, barri o al parc de la ciutat un arbre acollidor, que ofereix molta ombra, on sempre es reuneix amb gust la gent i on sempre \u00e9s dif\u00edcil trobar un llocet lliure. El banc circular &quot;Turon&quot; ofereix lloc per a tothom, amb els seus formats de sis o vuit costats. El lloc perfecte per reunir-se, assabentar-se de coses noves o simplement gaudir de la tranquil\u00b7litat.\" \/>\n<meta property=\"og:url\" content=\"https:\/\/yourplastics.es\/ca\/producto\/banc-circular-turon\/\" \/>\n<meta property=\"og:site_name\" content=\"Yourplastics.es\" \/>\n<meta property=\"og:image\" content=\"https:\/\/yourplastics.es\/wp-content\/uploads\/2024\/03\/502300-3_Rundbank_Turon_3D_6Eck_1311.jpg\" \/>\n\t<meta property=\"og:image:width\" content=\"1600\" \/>\n\t<meta property=\"og:image:height\" content=\"634\" \/>\n\t<meta property=\"og:image:type\" content=\"image\/jpeg\" \/>\n<meta name=\"twitter:card\" content=\"summary_large_image\" \/>\n<script type=\"application\/ld+json\" class=\"yoast-schema-graph\">{\"@context\":\"https:\/\/schema.org\",\"@graph\":[{\"@type\":\"WebPage\",\"@id\":\"https:\/\/yourplastics.es\/ca\/producto\/banc-circular-turon\/\",\"url\":\"https:\/\/yourplastics.es\/ca\/producto\/banc-circular-turon\/\",\"name\":\"Banc circular Turon - Yourplastics.es\",\"isPartOf\":{\"@id\":\"https:\/\/yourplastics.es\/#website\"},\"primaryImageOfPage\":{\"@id\":\"https:\/\/yourplastics.es\/ca\/producto\/banc-circular-turon\/#primaryimage\"},\"image\":{\"@id\":\"https:\/\/yourplastics.es\/ca\/producto\/banc-circular-turon\/#primaryimage\"},\"thumbnailUrl\":\"https:\/\/yourplastics.es\/wp-content\/uploads\/2024\/03\/502300-3_Rundbank_Turon_3D_6Eck_1311.jpg\",\"datePublished\":\"2024-03-04T09:24:54+00:00\",\"dateModified\":\"2024-03-04T09:24:54+00:00\",\"breadcrumb\":{\"@id\":\"https:\/\/yourplastics.es\/ca\/producto\/banc-circular-turon\/#breadcrumb\"},\"inLanguage\":\"ca\",\"potentialAction\":[{\"@type\":\"ReadAction\",\"target\":[\"https:\/\/yourplastics.es\/ca\/producto\/banc-circular-turon\/\"]}]},{\"@type\":\"ImageObject\",\"inLanguage\":\"ca\",\"@id\":\"https:\/\/yourplastics.es\/ca\/producto\/banc-circular-turon\/#primaryimage\",\"url\":\"https:\/\/yourplastics.es\/wp-content\/uploads\/2024\/03\/502300-3_Rundbank_Turon_3D_6Eck_1311.jpg\",\"contentUrl\":\"https:\/\/yourplastics.es\/wp-content\/uploads\/2024\/03\/502300-3_Rundbank_Turon_3D_6Eck_1311.jpg\",\"width\":1600,\"height\":634},{\"@type\":\"BreadcrumbList\",\"@id\":\"https:\/\/yourplastics.es\/ca\/producto\/banc-circular-turon\/#breadcrumb\",\"itemListElement\":[{\"@type\":\"ListItem\",\"position\":1,\"name\":\"Home\",\"item\":\"https:\/\/yourplastics.es\/ca\/\"},{\"@type\":\"ListItem\",\"position\":2,\"name\":\"Botiga\",\"item\":\"https:\/\/yourplastics.es\/ca\/tienda-2\/\"},{\"@type\":\"ListItem\",\"position\":3,\"name\":\"Banc circular Turon\"}]},{\"@type\":\"WebSite\",\"@id\":\"https:\/\/yourplastics.es\/#website\",\"url\":\"https:\/\/yourplastics.es\/\",\"name\":\"Yourplastics\",\"description\":\"\",\"publisher\":{\"@id\":\"https:\/\/yourplastics.es\/#organization\"},\"potentialAction\":[{\"@type\":\"SearchAction\",\"target\":{\"@type\":\"EntryPoint\",\"urlTemplate\":\"https:\/\/yourplastics.es\/?s={search_term_string}\"},\"query-input\":\"required name=search_term_string\"}],\"inLanguage\":\"ca\"},{\"@type\":\"Organization\",\"@id\":\"https:\/\/yourplastics.es\/#organization\",\"name\":\"Yourplastics\",\"url\":\"https:\/\/yourplastics.es\/\",\"logo\":{\"@type\":\"ImageObject\",\"inLanguage\":\"ca\",\"@id\":\"https:\/\/yourplastics.es\/#\/schema\/logo\/image\/\",\"url\":\"https:\/\/yourplastics.es\/wp-content\/uploads\/2024\/08\/logo2-400x163-1.png\",\"contentUrl\":\"https:\/\/yourplastics.es\/wp-content\/uploads\/2024\/08\/logo2-400x163-1.png\",\"width\":400,\"height\":163,\"caption\":\"Yourplastics\"},\"image\":{\"@id\":\"https:\/\/yourplastics.es\/#\/schema\/logo\/image\/\"}}]}<\/script>\n<!-- \/ Yoast SEO plugin. -->","yoast_head_json":{"title":"Banc circular Turon - Yourplastics.es","robots":{"index":"index","follow":"follow","max-snippet":"max-snippet:-1","max-image-preview":"max-image-preview:large","max-video-preview":"max-video-preview:-1"},"canonical":"https:\/\/yourplastics.es\/ca\/producto\/banc-circular-turon\/","og_locale":"ca_ES","og_type":"article","og_title":"Banc circular Turon - Yourplastics.es","og_description":"Informaci\u00f3 del producte \"Banc circular Turon\" Segurament hi ha al seu poble, barri o al parc de la ciutat un arbre acollidor, que ofereix molta ombra, on sempre es reuneix amb gust la gent i on sempre \u00e9s dif\u00edcil trobar un llocet lliure. El banc circular \"Turon\" ofereix lloc per a tothom, amb els seus formats de sis o vuit costats. El lloc perfecte per reunir-se, assabentar-se de coses noves o simplement gaudir de la tranquil\u00b7litat.","og_url":"https:\/\/yourplastics.es\/ca\/producto\/banc-circular-turon\/","og_site_name":"Yourplastics.es","og_image":[{"width":1600,"height":634,"url":"https:\/\/yourplastics.es\/wp-content\/uploads\/2024\/03\/502300-3_Rundbank_Turon_3D_6Eck_1311.jpg","type":"image\/jpeg"}],"twitter_card":"summary_large_image","schema":{"@context":"https:\/\/schema.org","@graph":[{"@type":"WebPage","@id":"https:\/\/yourplastics.es\/ca\/producto\/banc-circular-turon\/","url":"https:\/\/yourplastics.es\/ca\/producto\/banc-circular-turon\/","name":"Banc circular Turon - Yourplastics.es","isPartOf":{"@id":"https:\/\/yourplastics.es\/#website"},"primaryImageOfPage":{"@id":"https:\/\/yourplastics.es\/ca\/producto\/banc-circular-turon\/#primaryimage"},"image":{"@id":"https:\/\/yourplastics.es\/ca\/producto\/banc-circular-turon\/#primaryimage"},"thumbnailUrl":"https:\/\/yourplastics.es\/wp-content\/uploads\/2024\/03\/502300-3_Rundbank_Turon_3D_6Eck_1311.jpg","datePublished":"2024-03-04T09:24:54+00:00","dateModified":"2024-03-04T09:24:54+00:00","breadcrumb":{"@id":"https:\/\/yourplastics.es\/ca\/producto\/banc-circular-turon\/#breadcrumb"},"inLanguage":"ca","potentialAction":[{"@type":"ReadAction","target":["https:\/\/yourplastics.es\/ca\/producto\/banc-circular-turon\/"]}]},{"@type":"ImageObject","inLanguage":"ca","@id":"https:\/\/yourplastics.es\/ca\/producto\/banc-circular-turon\/#primaryimage","url":"https:\/\/yourplastics.es\/wp-content\/uploads\/2024\/03\/502300-3_Rundbank_Turon_3D_6Eck_1311.jpg","contentUrl":"https:\/\/yourplastics.es\/wp-content\/uploads\/2024\/03\/502300-3_Rundbank_Turon_3D_6Eck_1311.jpg","width":1600,"height":634},{"@type":"BreadcrumbList","@id":"https:\/\/yourplastics.es\/ca\/producto\/banc-circular-turon\/#breadcrumb","itemListElement":[{"@type":"ListItem","position":1,"name":"Home","item":"https:\/\/yourplastics.es\/ca\/"},{"@type":"ListItem","position":2,"name":"Botiga","item":"https:\/\/yourplastics.es\/ca\/tienda-2\/"},{"@type":"ListItem","position":3,"name":"Banc circular Turon"}]},{"@type":"WebSite","@id":"https:\/\/yourplastics.es\/#website","url":"https:\/\/yourplastics.es\/","name":"Yourplastics","description":"","publisher":{"@id":"https:\/\/yourplastics.es\/#organization"},"potentialAction":[{"@type":"SearchAction","target":{"@type":"EntryPoint","urlTemplate":"https:\/\/yourplastics.es\/?s={search_term_string}"},"query-input":"required name=search_term_string"}],"inLanguage":"ca"},{"@type":"Organization","@id":"https:\/\/yourplastics.es\/#organization","name":"Yourplastics","url":"https:\/\/yourplastics.es\/","logo":{"@type":"ImageObject","inLanguage":"ca","@id":"https:\/\/yourplastics.es\/#\/schema\/logo\/image\/","url":"https:\/\/yourplastics.es\/wp-content\/uploads\/2024\/08\/logo2-400x163-1.png","contentUrl":"https:\/\/yourplastics.es\/wp-content\/uploads\/2024\/08\/logo2-400x163-1.png","width":400,"height":163,"caption":"Yourplastics"},"image":{"@id":"https:\/\/yourplastics.es\/#\/schema\/logo\/image\/"}}]}},"_links":{"self":[{"href":"https:\/\/yourplastics.es\/ca\/wp-json\/wp\/v2\/product\/6224","targetHints":{"allow":["GET"]}}],"collection":[{"href":"https:\/\/yourplastics.es\/ca\/wp-json\/wp\/v2\/product"}],"about":[{"href":"https:\/\/yourplastics.es\/ca\/wp-json\/wp\/v2\/types\/product"}],"replies":[{"embeddable":true,"href":"https:\/\/yourplastics.es\/ca\/wp-json\/wp\/v2\/comments?post=6224"}],"wp:featuredmedia":[{"embeddable":true,"href":"https:\/\/yourplastics.es\/ca\/wp-json\/wp\/v2\/media\/3515"}],"wp:attachment":[{"href":"https:\/\/yourplastics.es\/ca\/wp-json\/wp\/v2\/media?parent=6224"}],"wp:term":[{"taxonomy":"product_cat","embeddable":true,"href":"https:\/\/yourplastics.es\/ca\/wp-json\/wp\/v2\/product_cat?post=6224"},{"taxonomy":"product_tag","embeddable":true,"href":"https:\/\/yourplastics.es\/ca\/wp-json\/wp\/v2\/product_tag?post=6224"}],"curies":[{"name":"wp","href":"https:\/\/api.w.org\/{rel}","templated":true}]}}