{"id":6217,"date":"2024-03-04T09:25:20","date_gmt":"2024-03-04T09:25:20","guid":{"rendered":"https:\/\/yourplastics.es\/producto\/set-alton\/"},"modified":"2024-03-04T09:25:20","modified_gmt":"2024-03-04T09:25:20","slug":"set-alton","status":"publish","type":"product","link":"https:\/\/yourplastics.es\/ca\/producto\/set-alton\/","title":{"rendered":"Set Alton"},"content":{"rendered":"<ul>\n<li>Ample: 200 cm<\/li>\n<li>Silueta com una pe\u00e7a<\/li>\n<li>Arrelat i s\u00f2lid<\/li>\n<li>Qualitat i confian\u00e7a<\/li>\n<li>Muntatge senzill<\/li>\n<li>Plaer tot l&#8217;any<\/li>\n<\/ul>\n<p>Bancs i taules s\u00f3n subministrats desarmats. Instruccions i material per al muntatge inclosos.<\/p>\n<p>Taula per a banc: tipus Klassik<br \/>\nBanc amb respatller &#8211; 3 taules per seient: forma trapezo\u00efdal, 200 cm<br \/>\nBanc amb respatller &#8211; 2 taules de respatller: 200 x 12 x 6 cm<br \/>\nBanc sense respatller &#8211; 3 taules per seient: forma trapezo\u00efdal, 200 cm<br \/>\nAl\u00e7ada del seient: 45 cm<br \/>\n3 taula per taula: 200 x 12 x 6 cm<br \/>\n2 taula per a taula: forma trapezo\u00efdal<br \/>\nAl\u00e7ada de la taula: 75 cm, Superf\u00edcie de la taula: 65 x 200 cm<br \/>\nOpcional: sistema d&#8217;ancoratges tipus 1<\/p>\n<div class=\"table--section-header content--title\"><strong>Caracter\u00edstiques<\/strong><\/div>\n<table style=\"height: 177px;\" width=\"452\">\n<tbody>\n<tr>\n<td class=\"product--attribute\">Selecci\u00f3<\/td>\n<td class=\"product--attribute\">Llarg: 200 cm<\/td>\n<\/tr>\n<tr>\n<td class=\"product--attribute\">Qualitat (Material)<\/td>\n<td class=\"product--attribute\">hanit<sup>\u00ae<\/sup><\/td>\n<\/tr>\n<tr>\n<td class=\"product--attribute\">Color<\/td>\n<td class=\"product--attribute\">marr\u00f3<\/td>\n<\/tr>\n<tr>\n<td class=\"product--attribute\">Pes<\/td>\n<td class=\"product--attribute\">290 kg<\/td>\n<\/tr>\n<tr>\n<td class=\"product--attribute\">Superf\u00edcie<\/td>\n<td class=\"product--attribute\">200 x 205 x 80 cm<\/td>\n<\/tr>\n<tr>\n<td class=\"product--attribute\">Mode d&#8217;enviament<\/td>\n<td class=\"product--attribute\">muntat parcialment<\/td>\n<\/tr>\n<\/tbody>\n<\/table>\n","protected":false},"excerpt":{"rendered":"<div class=\"content--title\">Informaci\u00f3 del producte &#8220;Set Alton&#8221;<\/div>\n<div class=\"product--description\">El grup Alton destaca per la seva solidesa. Les seves clares i estil\u00edstiques l\u00ednies sumades a la seguretat que brinda el seu robust peu, s\u00f3n les caracter\u00edstiques d&#8217;aquest banc. A causa de la poca quantitat d&#8217;elements, el seu armat \u00e9s r\u00e0pid i senzill.<\/div>\n","protected":false},"featured_media":3550,"comment_status":"open","ping_status":"closed","template":"","meta":[],"product_cat":[200,168],"product_tag":[],"class_list":{"0":"post-6217","1":"product","2":"type-product","3":"status-publish","4":"has-post-thumbnail","6":"product_cat-parcs-i-jardins","7":"product_cat-set-taules-i-bancs","9":"first","10":"instock","11":"shipping-taxable","12":"product-type-simple"},"yoast_head":"<!-- This site is optimized with the Yoast SEO plugin v23.2 - https:\/\/yoast.com\/wordpress\/plugins\/seo\/ -->\n<title>Set Alton - Yourplastics.es<\/title>\n<meta name=\"robots\" content=\"index, follow, max-snippet:-1, max-image-preview:large, max-video-preview:-1\" \/>\n<link rel=\"canonical\" href=\"https:\/\/yourplastics.es\/ca\/producto\/set-alton\/\" \/>\n<meta property=\"og:locale\" content=\"ca_ES\" \/>\n<meta property=\"og:type\" content=\"article\" \/>\n<meta property=\"og:title\" content=\"Set Alton - Yourplastics.es\" \/>\n<meta property=\"og:description\" content=\"Informaci\u00f3 del producte &quot;Set Alton&quot; El grup Alton destaca per la seva solidesa. Les seves clares i estil\u00edstiques l\u00ednies sumades a la seguretat que brinda el seu robust peu, s\u00f3n les caracter\u00edstiques d&#039;aquest banc. A causa de la poca quantitat d&#039;elements, el seu armat \u00e9s r\u00e0pid i senzill.\" \/>\n<meta property=\"og:url\" content=\"https:\/\/yourplastics.es\/ca\/producto\/set-alton\/\" \/>\n<meta property=\"og:site_name\" content=\"Yourplastics.es\" \/>\n<meta property=\"og:image\" content=\"https:\/\/yourplastics.es\/wp-content\/uploads\/2024\/03\/Set7_Bankset_Alton_3D_1161.jpg\" \/>\n\t<meta property=\"og:image:width\" content=\"1600\" \/>\n\t<meta property=\"og:image:height\" content=\"768\" \/>\n\t<meta property=\"og:image:type\" content=\"image\/jpeg\" \/>\n<meta name=\"twitter:card\" content=\"summary_large_image\" \/>\n<meta name=\"twitter:label1\" content=\"Temps estimat de lectura\" \/>\n\t<meta name=\"twitter:data1\" content=\"1 minut\" \/>\n<script type=\"application\/ld+json\" class=\"yoast-schema-graph\">{\"@context\":\"https:\/\/schema.org\",\"@graph\":[{\"@type\":\"WebPage\",\"@id\":\"https:\/\/yourplastics.es\/ca\/producto\/set-alton\/\",\"url\":\"https:\/\/yourplastics.es\/ca\/producto\/set-alton\/\",\"name\":\"Set Alton - Yourplastics.es\",\"isPartOf\":{\"@id\":\"https:\/\/yourplastics.es\/#website\"},\"primaryImageOfPage\":{\"@id\":\"https:\/\/yourplastics.es\/ca\/producto\/set-alton\/#primaryimage\"},\"image\":{\"@id\":\"https:\/\/yourplastics.es\/ca\/producto\/set-alton\/#primaryimage\"},\"thumbnailUrl\":\"https:\/\/yourplastics.es\/wp-content\/uploads\/2024\/03\/Set7_Bankset_Alton_3D_1161.jpg\",\"datePublished\":\"2024-03-04T09:25:20+00:00\",\"dateModified\":\"2024-03-04T09:25:20+00:00\",\"breadcrumb\":{\"@id\":\"https:\/\/yourplastics.es\/ca\/producto\/set-alton\/#breadcrumb\"},\"inLanguage\":\"ca\",\"potentialAction\":[{\"@type\":\"ReadAction\",\"target\":[\"https:\/\/yourplastics.es\/ca\/producto\/set-alton\/\"]}]},{\"@type\":\"ImageObject\",\"inLanguage\":\"ca\",\"@id\":\"https:\/\/yourplastics.es\/ca\/producto\/set-alton\/#primaryimage\",\"url\":\"https:\/\/yourplastics.es\/wp-content\/uploads\/2024\/03\/Set7_Bankset_Alton_3D_1161.jpg\",\"contentUrl\":\"https:\/\/yourplastics.es\/wp-content\/uploads\/2024\/03\/Set7_Bankset_Alton_3D_1161.jpg\",\"width\":1600,\"height\":768},{\"@type\":\"BreadcrumbList\",\"@id\":\"https:\/\/yourplastics.es\/ca\/producto\/set-alton\/#breadcrumb\",\"itemListElement\":[{\"@type\":\"ListItem\",\"position\":1,\"name\":\"Home\",\"item\":\"https:\/\/yourplastics.es\/ca\/\"},{\"@type\":\"ListItem\",\"position\":2,\"name\":\"Botiga\",\"item\":\"https:\/\/yourplastics.es\/ca\/tienda-2\/\"},{\"@type\":\"ListItem\",\"position\":3,\"name\":\"Set Alton\"}]},{\"@type\":\"WebSite\",\"@id\":\"https:\/\/yourplastics.es\/#website\",\"url\":\"https:\/\/yourplastics.es\/\",\"name\":\"Yourplastics\",\"description\":\"\",\"publisher\":{\"@id\":\"https:\/\/yourplastics.es\/#organization\"},\"potentialAction\":[{\"@type\":\"SearchAction\",\"target\":{\"@type\":\"EntryPoint\",\"urlTemplate\":\"https:\/\/yourplastics.es\/?s={search_term_string}\"},\"query-input\":\"required name=search_term_string\"}],\"inLanguage\":\"ca\"},{\"@type\":\"Organization\",\"@id\":\"https:\/\/yourplastics.es\/#organization\",\"name\":\"Yourplastics\",\"url\":\"https:\/\/yourplastics.es\/\",\"logo\":{\"@type\":\"ImageObject\",\"inLanguage\":\"ca\",\"@id\":\"https:\/\/yourplastics.es\/#\/schema\/logo\/image\/\",\"url\":\"https:\/\/yourplastics.es\/wp-content\/uploads\/2024\/08\/logo2-400x163-1.png\",\"contentUrl\":\"https:\/\/yourplastics.es\/wp-content\/uploads\/2024\/08\/logo2-400x163-1.png\",\"width\":400,\"height\":163,\"caption\":\"Yourplastics\"},\"image\":{\"@id\":\"https:\/\/yourplastics.es\/#\/schema\/logo\/image\/\"}}]}<\/script>\n<!-- \/ Yoast SEO plugin. -->","yoast_head_json":{"title":"Set Alton - Yourplastics.es","robots":{"index":"index","follow":"follow","max-snippet":"max-snippet:-1","max-image-preview":"max-image-preview:large","max-video-preview":"max-video-preview:-1"},"canonical":"https:\/\/yourplastics.es\/ca\/producto\/set-alton\/","og_locale":"ca_ES","og_type":"article","og_title":"Set Alton - Yourplastics.es","og_description":"Informaci\u00f3 del producte \"Set Alton\" El grup Alton destaca per la seva solidesa. Les seves clares i estil\u00edstiques l\u00ednies sumades a la seguretat que brinda el seu robust peu, s\u00f3n les caracter\u00edstiques d'aquest banc. A causa de la poca quantitat d'elements, el seu armat \u00e9s r\u00e0pid i senzill.","og_url":"https:\/\/yourplastics.es\/ca\/producto\/set-alton\/","og_site_name":"Yourplastics.es","og_image":[{"width":1600,"height":768,"url":"https:\/\/yourplastics.es\/wp-content\/uploads\/2024\/03\/Set7_Bankset_Alton_3D_1161.jpg","type":"image\/jpeg"}],"twitter_card":"summary_large_image","twitter_misc":{"Temps estimat de lectura":"1 minut"},"schema":{"@context":"https:\/\/schema.org","@graph":[{"@type":"WebPage","@id":"https:\/\/yourplastics.es\/ca\/producto\/set-alton\/","url":"https:\/\/yourplastics.es\/ca\/producto\/set-alton\/","name":"Set Alton - Yourplastics.es","isPartOf":{"@id":"https:\/\/yourplastics.es\/#website"},"primaryImageOfPage":{"@id":"https:\/\/yourplastics.es\/ca\/producto\/set-alton\/#primaryimage"},"image":{"@id":"https:\/\/yourplastics.es\/ca\/producto\/set-alton\/#primaryimage"},"thumbnailUrl":"https:\/\/yourplastics.es\/wp-content\/uploads\/2024\/03\/Set7_Bankset_Alton_3D_1161.jpg","datePublished":"2024-03-04T09:25:20+00:00","dateModified":"2024-03-04T09:25:20+00:00","breadcrumb":{"@id":"https:\/\/yourplastics.es\/ca\/producto\/set-alton\/#breadcrumb"},"inLanguage":"ca","potentialAction":[{"@type":"ReadAction","target":["https:\/\/yourplastics.es\/ca\/producto\/set-alton\/"]}]},{"@type":"ImageObject","inLanguage":"ca","@id":"https:\/\/yourplastics.es\/ca\/producto\/set-alton\/#primaryimage","url":"https:\/\/yourplastics.es\/wp-content\/uploads\/2024\/03\/Set7_Bankset_Alton_3D_1161.jpg","contentUrl":"https:\/\/yourplastics.es\/wp-content\/uploads\/2024\/03\/Set7_Bankset_Alton_3D_1161.jpg","width":1600,"height":768},{"@type":"BreadcrumbList","@id":"https:\/\/yourplastics.es\/ca\/producto\/set-alton\/#breadcrumb","itemListElement":[{"@type":"ListItem","position":1,"name":"Home","item":"https:\/\/yourplastics.es\/ca\/"},{"@type":"ListItem","position":2,"name":"Botiga","item":"https:\/\/yourplastics.es\/ca\/tienda-2\/"},{"@type":"ListItem","position":3,"name":"Set Alton"}]},{"@type":"WebSite","@id":"https:\/\/yourplastics.es\/#website","url":"https:\/\/yourplastics.es\/","name":"Yourplastics","description":"","publisher":{"@id":"https:\/\/yourplastics.es\/#organization"},"potentialAction":[{"@type":"SearchAction","target":{"@type":"EntryPoint","urlTemplate":"https:\/\/yourplastics.es\/?s={search_term_string}"},"query-input":"required name=search_term_string"}],"inLanguage":"ca"},{"@type":"Organization","@id":"https:\/\/yourplastics.es\/#organization","name":"Yourplastics","url":"https:\/\/yourplastics.es\/","logo":{"@type":"ImageObject","inLanguage":"ca","@id":"https:\/\/yourplastics.es\/#\/schema\/logo\/image\/","url":"https:\/\/yourplastics.es\/wp-content\/uploads\/2024\/08\/logo2-400x163-1.png","contentUrl":"https:\/\/yourplastics.es\/wp-content\/uploads\/2024\/08\/logo2-400x163-1.png","width":400,"height":163,"caption":"Yourplastics"},"image":{"@id":"https:\/\/yourplastics.es\/#\/schema\/logo\/image\/"}}]}},"_links":{"self":[{"href":"https:\/\/yourplastics.es\/ca\/wp-json\/wp\/v2\/product\/6217","targetHints":{"allow":["GET"]}}],"collection":[{"href":"https:\/\/yourplastics.es\/ca\/wp-json\/wp\/v2\/product"}],"about":[{"href":"https:\/\/yourplastics.es\/ca\/wp-json\/wp\/v2\/types\/product"}],"replies":[{"embeddable":true,"href":"https:\/\/yourplastics.es\/ca\/wp-json\/wp\/v2\/comments?post=6217"}],"wp:featuredmedia":[{"embeddable":true,"href":"https:\/\/yourplastics.es\/ca\/wp-json\/wp\/v2\/media\/3550"}],"wp:attachment":[{"href":"https:\/\/yourplastics.es\/ca\/wp-json\/wp\/v2\/media?parent=6217"}],"wp:term":[{"taxonomy":"product_cat","embeddable":true,"href":"https:\/\/yourplastics.es\/ca\/wp-json\/wp\/v2\/product_cat?post=6217"},{"taxonomy":"product_tag","embeddable":true,"href":"https:\/\/yourplastics.es\/ca\/wp-json\/wp\/v2\/product_tag?post=6217"}],"curies":[{"name":"wp","href":"https:\/\/api.w.org\/{rel}","templated":true}]}}