{"id":6212,"date":"2024-03-04T09:26:25","date_gmt":"2024-03-04T09:26:25","guid":{"rendered":"https:\/\/yourplastics.es\/producto\/taulo-estriat-encadellat-amb-i-sense-reforc\/"},"modified":"2024-05-27T06:55:19","modified_gmt":"2024-05-27T06:55:19","slug":"taulo-estriat-encadellat-amb-i-sense-reforc","status":"publish","type":"product","link":"https:\/\/yourplastics.es\/ca\/producto\/taulo-estriat-encadellat-amb-i-sense-reforc\/","title":{"rendered":"Taul\u00f3 estriat encadellat (amb i sense refor\u00e7)"},"content":{"rendered":"<ul>\n<li>Llarg: 100 fins a 300 cm<\/li>\n<li>Mesures del perfil: 4 x 17 cm<\/li>\n<li>Perfil estriat antilliscament<\/li>\n<\/ul>\n<p>Els productes amb un llarg a partir de 200 cm s&#8217;embalen en palets dobles. Les unitats d&#8217;embalatge nom\u00e9s serveixen per orientaci\u00f3. En instal\u00b7lar si us plau tingui en compte les nostres recomanacions.<\/p>\n<p>Per a tots els taulers estriats:<\/p>\n<p>Superf\u00edcie:<br \/>\nPerfil estriat antilliscant R10,<br \/>\nProva BG segons ZH1\/571 i DIN 51130<\/p>\n<p>Opcional:<br \/>\nRefor\u00e7 posterior (Planxa d&#8217;acer 6 x 25 mm)<br \/>\nRefor\u00e7 finalitza aprox. a 7 cm del cant<br \/>\nRefor\u00e7 doble a comanda<\/p>\n<p>A tenir en compte:<br \/>\nEl material utilitzat \u00e9s pl\u00e0stic reciclat. Les difer\u00e8ncies en les caracter\u00edstiques de la superf\u00edcie no es poden reduir del tot. Si us plau tingueu en compte les variacions al llarg dels taulers amb els canvis de temperatura (fins a +\/- 1,5 %)<\/p>\n<h3 data-fontsize=\"20\" data-lineheight=\"29\">Informaci\u00f3 addicional<\/h3>\n<table class=\"woocommerce-product-attributes shop_attributes\">\n<tbody>\n<tr class=\"woocommerce-product-attributes-item woocommerce-product-attributes-item--attribute_color\">\n<th class=\"woocommerce-product-attributes-item__label\">Color<\/th>\n<td class=\"woocommerce-product-attributes-item__value\">gris, marr\u00f3<\/td>\n<\/tr>\n<tr class=\"woocommerce-product-attributes-item woocommerce-product-attributes-item--attribute_caracter%c3%adstiques\">\n<th class=\"woocommerce-product-attributes-item__label\">Caracter\u00edstiques<\/th>\n<td class=\"woocommerce-product-attributes-item__value\">4,0 x 17,0 cm, 4,0 x 17,0 cm amb refor\u00e7<\/td>\n<\/tr>\n<tr class=\"woocommerce-product-attributes-item woocommerce-product-attributes-item--attribute_longitud\">\n<th class=\"woocommerce-product-attributes-item__label\">Longitud<\/th>\n<td class=\"woocommerce-product-attributes-item__value\">100 cm, 150 cm, 200 cm, 250 cm, 300 cm<\/td>\n<\/tr>\n<\/tbody>\n<\/table>\n","protected":false},"excerpt":{"rendered":"<div class=\"content--title\">Informaci\u00f3 del producte &#8220;Taur\u00f3 estriat (encadellat)&#8221;<\/div>\n<div class=\"product--description\">A trav\u00e9s del seu sistema de encadellat rep el tauler estriat hanit<sup>\u00ae<\/sup> una elevada capacitat de c\u00e0rrega. Especialment indicat per a tot el que cal construir a prop de l&#8217;aigua: embarcadors, espigons, passarel\u00b7les a llacs i platges, rampes, ponts i escales. S\u00f3n resistents a la humitat, sense additius contaminants, no els afecta l&#8217;aigua salada, amb superf\u00edcie antilliscant, f\u00e0cil de treballar i si ho voleu es poden refor\u00e7ar els taulers.<\/div>\n","protected":false},"featured_media":3571,"comment_status":"closed","ping_status":"closed","template":"","meta":[],"product_cat":[189,178],"product_tag":[],"class_list":{"0":"post-6212","1":"product","2":"type-product","3":"status-publish","4":"has-post-thumbnail","6":"product_cat-paviments-i-cobertes","7":"product_cat-taulers-estriats","9":"first","10":"instock","11":"shipping-taxable","12":"product-type-simple"},"yoast_head":"<!-- This site is optimized with the Yoast SEO plugin v23.2 - https:\/\/yoast.com\/wordpress\/plugins\/seo\/ -->\n<title>Taul\u00f3 estriat encadellat (amb i sense refor\u00e7) - Yourplastics.es<\/title>\n<meta name=\"robots\" content=\"index, follow, max-snippet:-1, max-image-preview:large, max-video-preview:-1\" \/>\n<link rel=\"canonical\" href=\"https:\/\/yourplastics.es\/ca\/producto\/taulo-estriat-encadellat-amb-i-sense-reforc\/\" \/>\n<meta property=\"og:locale\" content=\"ca_ES\" \/>\n<meta property=\"og:type\" content=\"article\" \/>\n<meta property=\"og:title\" content=\"Taul\u00f3 estriat encadellat (amb i sense refor\u00e7) - Yourplastics.es\" \/>\n<meta property=\"og:description\" content=\"Informaci\u00f3 del producte &quot;Taur\u00f3 estriat (encadellat)&quot; A trav\u00e9s del seu sistema de encadellat rep el tauler estriat hanit\u00ae una elevada capacitat de c\u00e0rrega. Especialment indicat per a tot el que cal construir a prop de l&#039;aigua: embarcadors, espigons, passarel\u00b7les a llacs i platges, rampes, ponts i escales. S\u00f3n resistents a la humitat, sense additius contaminants, no els afecta l&#039;aigua salada, amb superf\u00edcie antilliscant, f\u00e0cil de treballar i si ho voleu es poden refor\u00e7ar els taulers.\" \/>\n<meta property=\"og:url\" content=\"https:\/\/yourplastics.es\/ca\/producto\/taulo-estriat-encadellat-amb-i-sense-reforc\/\" \/>\n<meta property=\"og:site_name\" content=\"Yourplastics.es\" \/>\n<meta property=\"article:modified_time\" content=\"2024-05-27T06:55:19+00:00\" \/>\n<meta property=\"og:image\" content=\"https:\/\/yourplastics.es\/wp-content\/uploads\/2024\/03\/406300_Stegbohlen_NutFeder_3D_03_Armiert_1854.jpg\" \/>\n\t<meta property=\"og:image:width\" content=\"1600\" \/>\n\t<meta property=\"og:image:height\" content=\"697\" \/>\n\t<meta property=\"og:image:type\" content=\"image\/jpeg\" \/>\n<meta name=\"twitter:card\" content=\"summary_large_image\" \/>\n<meta name=\"twitter:label1\" content=\"Temps estimat de lectura\" \/>\n\t<meta name=\"twitter:data1\" content=\"1 minut\" \/>\n<script type=\"application\/ld+json\" class=\"yoast-schema-graph\">{\"@context\":\"https:\/\/schema.org\",\"@graph\":[{\"@type\":\"WebPage\",\"@id\":\"https:\/\/yourplastics.es\/ca\/producto\/taulo-estriat-encadellat-amb-i-sense-reforc\/\",\"url\":\"https:\/\/yourplastics.es\/ca\/producto\/taulo-estriat-encadellat-amb-i-sense-reforc\/\",\"name\":\"Taul\u00f3 estriat encadellat (amb i sense refor\u00e7) - Yourplastics.es\",\"isPartOf\":{\"@id\":\"https:\/\/yourplastics.es\/#website\"},\"primaryImageOfPage\":{\"@id\":\"https:\/\/yourplastics.es\/ca\/producto\/taulo-estriat-encadellat-amb-i-sense-reforc\/#primaryimage\"},\"image\":{\"@id\":\"https:\/\/yourplastics.es\/ca\/producto\/taulo-estriat-encadellat-amb-i-sense-reforc\/#primaryimage\"},\"thumbnailUrl\":\"https:\/\/yourplastics.es\/wp-content\/uploads\/2024\/03\/406300_Stegbohlen_NutFeder_3D_03_Armiert_1854.jpg\",\"datePublished\":\"2024-03-04T09:26:25+00:00\",\"dateModified\":\"2024-05-27T06:55:19+00:00\",\"breadcrumb\":{\"@id\":\"https:\/\/yourplastics.es\/ca\/producto\/taulo-estriat-encadellat-amb-i-sense-reforc\/#breadcrumb\"},\"inLanguage\":\"ca\",\"potentialAction\":[{\"@type\":\"ReadAction\",\"target\":[\"https:\/\/yourplastics.es\/ca\/producto\/taulo-estriat-encadellat-amb-i-sense-reforc\/\"]}]},{\"@type\":\"ImageObject\",\"inLanguage\":\"ca\",\"@id\":\"https:\/\/yourplastics.es\/ca\/producto\/taulo-estriat-encadellat-amb-i-sense-reforc\/#primaryimage\",\"url\":\"https:\/\/yourplastics.es\/wp-content\/uploads\/2024\/03\/406300_Stegbohlen_NutFeder_3D_03_Armiert_1854.jpg\",\"contentUrl\":\"https:\/\/yourplastics.es\/wp-content\/uploads\/2024\/03\/406300_Stegbohlen_NutFeder_3D_03_Armiert_1854.jpg\",\"width\":1600,\"height\":697},{\"@type\":\"BreadcrumbList\",\"@id\":\"https:\/\/yourplastics.es\/ca\/producto\/taulo-estriat-encadellat-amb-i-sense-reforc\/#breadcrumb\",\"itemListElement\":[{\"@type\":\"ListItem\",\"position\":1,\"name\":\"Home\",\"item\":\"https:\/\/yourplastics.es\/ca\/\"},{\"@type\":\"ListItem\",\"position\":2,\"name\":\"Botiga\",\"item\":\"https:\/\/yourplastics.es\/ca\/tienda-2\/\"},{\"@type\":\"ListItem\",\"position\":3,\"name\":\"Taul\u00f3 estriat encadellat (amb i sense refor\u00e7)\"}]},{\"@type\":\"WebSite\",\"@id\":\"https:\/\/yourplastics.es\/#website\",\"url\":\"https:\/\/yourplastics.es\/\",\"name\":\"Yourplastics\",\"description\":\"\",\"publisher\":{\"@id\":\"https:\/\/yourplastics.es\/#organization\"},\"potentialAction\":[{\"@type\":\"SearchAction\",\"target\":{\"@type\":\"EntryPoint\",\"urlTemplate\":\"https:\/\/yourplastics.es\/?s={search_term_string}\"},\"query-input\":\"required name=search_term_string\"}],\"inLanguage\":\"ca\"},{\"@type\":\"Organization\",\"@id\":\"https:\/\/yourplastics.es\/#organization\",\"name\":\"Yourplastics\",\"url\":\"https:\/\/yourplastics.es\/\",\"logo\":{\"@type\":\"ImageObject\",\"inLanguage\":\"ca\",\"@id\":\"https:\/\/yourplastics.es\/#\/schema\/logo\/image\/\",\"url\":\"https:\/\/yourplastics.es\/wp-content\/uploads\/2024\/08\/logo2-400x163-1.png\",\"contentUrl\":\"https:\/\/yourplastics.es\/wp-content\/uploads\/2024\/08\/logo2-400x163-1.png\",\"width\":400,\"height\":163,\"caption\":\"Yourplastics\"},\"image\":{\"@id\":\"https:\/\/yourplastics.es\/#\/schema\/logo\/image\/\"}}]}<\/script>\n<!-- \/ Yoast SEO plugin. -->","yoast_head_json":{"title":"Taul\u00f3 estriat encadellat (amb i sense refor\u00e7) - Yourplastics.es","robots":{"index":"index","follow":"follow","max-snippet":"max-snippet:-1","max-image-preview":"max-image-preview:large","max-video-preview":"max-video-preview:-1"},"canonical":"https:\/\/yourplastics.es\/ca\/producto\/taulo-estriat-encadellat-amb-i-sense-reforc\/","og_locale":"ca_ES","og_type":"article","og_title":"Taul\u00f3 estriat encadellat (amb i sense refor\u00e7) - Yourplastics.es","og_description":"Informaci\u00f3 del producte \"Taur\u00f3 estriat (encadellat)\" A trav\u00e9s del seu sistema de encadellat rep el tauler estriat hanit\u00ae una elevada capacitat de c\u00e0rrega. Especialment indicat per a tot el que cal construir a prop de l'aigua: embarcadors, espigons, passarel\u00b7les a llacs i platges, rampes, ponts i escales. S\u00f3n resistents a la humitat, sense additius contaminants, no els afecta l'aigua salada, amb superf\u00edcie antilliscant, f\u00e0cil de treballar i si ho voleu es poden refor\u00e7ar els taulers.","og_url":"https:\/\/yourplastics.es\/ca\/producto\/taulo-estriat-encadellat-amb-i-sense-reforc\/","og_site_name":"Yourplastics.es","article_modified_time":"2024-05-27T06:55:19+00:00","og_image":[{"width":1600,"height":697,"url":"https:\/\/yourplastics.es\/wp-content\/uploads\/2024\/03\/406300_Stegbohlen_NutFeder_3D_03_Armiert_1854.jpg","type":"image\/jpeg"}],"twitter_card":"summary_large_image","twitter_misc":{"Temps estimat de lectura":"1 minut"},"schema":{"@context":"https:\/\/schema.org","@graph":[{"@type":"WebPage","@id":"https:\/\/yourplastics.es\/ca\/producto\/taulo-estriat-encadellat-amb-i-sense-reforc\/","url":"https:\/\/yourplastics.es\/ca\/producto\/taulo-estriat-encadellat-amb-i-sense-reforc\/","name":"Taul\u00f3 estriat encadellat (amb i sense refor\u00e7) - Yourplastics.es","isPartOf":{"@id":"https:\/\/yourplastics.es\/#website"},"primaryImageOfPage":{"@id":"https:\/\/yourplastics.es\/ca\/producto\/taulo-estriat-encadellat-amb-i-sense-reforc\/#primaryimage"},"image":{"@id":"https:\/\/yourplastics.es\/ca\/producto\/taulo-estriat-encadellat-amb-i-sense-reforc\/#primaryimage"},"thumbnailUrl":"https:\/\/yourplastics.es\/wp-content\/uploads\/2024\/03\/406300_Stegbohlen_NutFeder_3D_03_Armiert_1854.jpg","datePublished":"2024-03-04T09:26:25+00:00","dateModified":"2024-05-27T06:55:19+00:00","breadcrumb":{"@id":"https:\/\/yourplastics.es\/ca\/producto\/taulo-estriat-encadellat-amb-i-sense-reforc\/#breadcrumb"},"inLanguage":"ca","potentialAction":[{"@type":"ReadAction","target":["https:\/\/yourplastics.es\/ca\/producto\/taulo-estriat-encadellat-amb-i-sense-reforc\/"]}]},{"@type":"ImageObject","inLanguage":"ca","@id":"https:\/\/yourplastics.es\/ca\/producto\/taulo-estriat-encadellat-amb-i-sense-reforc\/#primaryimage","url":"https:\/\/yourplastics.es\/wp-content\/uploads\/2024\/03\/406300_Stegbohlen_NutFeder_3D_03_Armiert_1854.jpg","contentUrl":"https:\/\/yourplastics.es\/wp-content\/uploads\/2024\/03\/406300_Stegbohlen_NutFeder_3D_03_Armiert_1854.jpg","width":1600,"height":697},{"@type":"BreadcrumbList","@id":"https:\/\/yourplastics.es\/ca\/producto\/taulo-estriat-encadellat-amb-i-sense-reforc\/#breadcrumb","itemListElement":[{"@type":"ListItem","position":1,"name":"Home","item":"https:\/\/yourplastics.es\/ca\/"},{"@type":"ListItem","position":2,"name":"Botiga","item":"https:\/\/yourplastics.es\/ca\/tienda-2\/"},{"@type":"ListItem","position":3,"name":"Taul\u00f3 estriat encadellat (amb i sense refor\u00e7)"}]},{"@type":"WebSite","@id":"https:\/\/yourplastics.es\/#website","url":"https:\/\/yourplastics.es\/","name":"Yourplastics","description":"","publisher":{"@id":"https:\/\/yourplastics.es\/#organization"},"potentialAction":[{"@type":"SearchAction","target":{"@type":"EntryPoint","urlTemplate":"https:\/\/yourplastics.es\/?s={search_term_string}"},"query-input":"required name=search_term_string"}],"inLanguage":"ca"},{"@type":"Organization","@id":"https:\/\/yourplastics.es\/#organization","name":"Yourplastics","url":"https:\/\/yourplastics.es\/","logo":{"@type":"ImageObject","inLanguage":"ca","@id":"https:\/\/yourplastics.es\/#\/schema\/logo\/image\/","url":"https:\/\/yourplastics.es\/wp-content\/uploads\/2024\/08\/logo2-400x163-1.png","contentUrl":"https:\/\/yourplastics.es\/wp-content\/uploads\/2024\/08\/logo2-400x163-1.png","width":400,"height":163,"caption":"Yourplastics"},"image":{"@id":"https:\/\/yourplastics.es\/#\/schema\/logo\/image\/"}}]}},"_links":{"self":[{"href":"https:\/\/yourplastics.es\/ca\/wp-json\/wp\/v2\/product\/6212","targetHints":{"allow":["GET"]}}],"collection":[{"href":"https:\/\/yourplastics.es\/ca\/wp-json\/wp\/v2\/product"}],"about":[{"href":"https:\/\/yourplastics.es\/ca\/wp-json\/wp\/v2\/types\/product"}],"replies":[{"embeddable":true,"href":"https:\/\/yourplastics.es\/ca\/wp-json\/wp\/v2\/comments?post=6212"}],"wp:featuredmedia":[{"embeddable":true,"href":"https:\/\/yourplastics.es\/ca\/wp-json\/wp\/v2\/media\/3571"}],"wp:attachment":[{"href":"https:\/\/yourplastics.es\/ca\/wp-json\/wp\/v2\/media?parent=6212"}],"wp:term":[{"taxonomy":"product_cat","embeddable":true,"href":"https:\/\/yourplastics.es\/ca\/wp-json\/wp\/v2\/product_cat?post=6212"},{"taxonomy":"product_tag","embeddable":true,"href":"https:\/\/yourplastics.es\/ca\/wp-json\/wp\/v2\/product_tag?post=6212"}],"curies":[{"name":"wp","href":"https:\/\/api.w.org\/{rel}","templated":true}]}}