{"id":6208,"date":"2024-03-04T09:26:46","date_gmt":"2024-03-04T09:26:46","guid":{"rendered":"https:\/\/yourplastics.es\/producto\/taulo-estriat-hanit-ultra\/"},"modified":"2024-05-27T06:53:01","modified_gmt":"2024-05-27T06:53:01","slug":"taulo-estriat-hanit-ultra","status":"publish","type":"product","link":"https:\/\/yourplastics.es\/ca\/producto\/taulo-estriat-hanit-ultra\/","title":{"rendered":"Taul\u00f3 estriat hanit\u00ae Ultra"},"content":{"rendered":"<ul>\n<li>Llarg: 360 cm<\/li>\n<li>Mides del perfil: 2,7 x 15,0 cm i 3,8 x 15,0 cm<\/li>\n<li>L&#8217;\u00f2ptica perfecta per a les passarel\u00b7les<\/li>\n<li>Incomparable qualitat<\/li>\n<li>Antilliscant<\/li>\n<\/ul>\n<p>Paletitzat en palets descartables. Les unitats d&#8217;embalatge serveixen nom\u00e9s per orientaci\u00f3. No s\u00f3n quantitats m\u00ednimes a demanar.<\/p>\n<h3 data-fontsize=\"20\" data-lineheight=\"29\">Informaci\u00f3 addicional<\/h3>\n<table class=\"woocommerce-product-attributes shop_attributes\">\n<tbody>\n<tr class=\"woocommerce-product-attributes-item woocommerce-product-attributes-item--attribute_color\">\n<th class=\"woocommerce-product-attributes-item__label\">Color<\/th>\n<td class=\"woocommerce-product-attributes-item__value\">marr\u00f3, negre<\/td>\n<\/tr>\n<tr class=\"woocommerce-product-attributes-item woocommerce-product-attributes-item--attribute_caracter%c3%adstiques\">\n<th class=\"woocommerce-product-attributes-item__label\">Caracter\u00edstiques<\/th>\n<td class=\"woocommerce-product-attributes-item__value\">2,7 x 15,0 cm, 3,8 x 15,0 cm<\/td>\n<\/tr>\n<\/tbody>\n<\/table>\n","protected":false},"excerpt":{"rendered":"<div class=\"content--title\">Informaci\u00f3 del producte &#8220;hanit<sup>\u00ae<\/sup> Ultra &#8211; Taul\u00f3 estriat&#8221;<\/div>\n<div class=\"product--description\">Quan la seva passarel\u00b7la ha de durar \u2013gaireb\u00e9\u2013 una eternitat i enlluernar \u00f2pticament, l&#8217;\u00fanic cam\u00ed \u00e9s utilitzar els nostres taulers estriats de hanit<sup>\u00ae<\/sup> Ultra, el millor hanit<sup>\u00ae<\/sup> de tots els temps. El seu aspecte com de fusta el convencer\u00e0, sumat als altres avantatges: resist\u00e8ncia a la humitat, f\u00e0cil de treballar, antilliscant i neutral amb el medi ambient.<\/div>\n","protected":false},"featured_media":3614,"comment_status":"closed","ping_status":"closed","template":"","meta":[],"product_cat":[189,178],"product_tag":[],"class_list":{"0":"post-6208","1":"product","2":"type-product","3":"status-publish","4":"has-post-thumbnail","6":"product_cat-paviments-i-cobertes","7":"product_cat-taulers-estriats","9":"first","10":"instock","11":"shipping-taxable","12":"product-type-simple"},"yoast_head":"<!-- This site is optimized with the Yoast SEO plugin v23.2 - https:\/\/yoast.com\/wordpress\/plugins\/seo\/ -->\n<title>Taul\u00f3 estriat hanit\u00ae Ultra - Yourplastics.es<\/title>\n<meta name=\"robots\" content=\"index, follow, max-snippet:-1, max-image-preview:large, max-video-preview:-1\" \/>\n<link rel=\"canonical\" href=\"https:\/\/yourplastics.es\/ca\/producto\/taulo-estriat-hanit-ultra\/\" \/>\n<meta property=\"og:locale\" content=\"ca_ES\" \/>\n<meta property=\"og:type\" content=\"article\" \/>\n<meta property=\"og:title\" content=\"Taul\u00f3 estriat hanit\u00ae Ultra - Yourplastics.es\" \/>\n<meta property=\"og:description\" content=\"Informaci\u00f3 del producte &quot;hanit\u00ae Ultra - Taul\u00f3 estriat&quot; Quan la seva passarel\u00b7la ha de durar \u2013gaireb\u00e9\u2013 una eternitat i enlluernar \u00f2pticament, l&#039;\u00fanic cam\u00ed \u00e9s utilitzar els nostres taulers estriats de hanit\u00ae Ultra, el millor hanit\u00ae de tots els temps. El seu aspecte com de fusta el convencer\u00e0, sumat als altres avantatges: resist\u00e8ncia a la humitat, f\u00e0cil de treballar, antilliscant i neutral amb el medi ambient.\" \/>\n<meta property=\"og:url\" content=\"https:\/\/yourplastics.es\/ca\/producto\/taulo-estriat-hanit-ultra\/\" \/>\n<meta property=\"og:site_name\" content=\"Yourplastics.es\" \/>\n<meta property=\"article:modified_time\" content=\"2024-05-27T06:53:01+00:00\" \/>\n<meta property=\"og:image\" content=\"https:\/\/yourplastics.es\/wp-content\/uploads\/2024\/03\/803100_HanitUltra_Stegbohlen_3D_1151.jpg\" \/>\n\t<meta property=\"og:image:width\" content=\"1600\" \/>\n\t<meta property=\"og:image:height\" content=\"1080\" \/>\n\t<meta property=\"og:image:type\" content=\"image\/jpeg\" \/>\n<meta name=\"twitter:card\" content=\"summary_large_image\" \/>\n<script type=\"application\/ld+json\" class=\"yoast-schema-graph\">{\"@context\":\"https:\/\/schema.org\",\"@graph\":[{\"@type\":\"WebPage\",\"@id\":\"https:\/\/yourplastics.es\/ca\/producto\/taulo-estriat-hanit-ultra\/\",\"url\":\"https:\/\/yourplastics.es\/ca\/producto\/taulo-estriat-hanit-ultra\/\",\"name\":\"Taul\u00f3 estriat hanit\u00ae Ultra - Yourplastics.es\",\"isPartOf\":{\"@id\":\"https:\/\/yourplastics.es\/#website\"},\"primaryImageOfPage\":{\"@id\":\"https:\/\/yourplastics.es\/ca\/producto\/taulo-estriat-hanit-ultra\/#primaryimage\"},\"image\":{\"@id\":\"https:\/\/yourplastics.es\/ca\/producto\/taulo-estriat-hanit-ultra\/#primaryimage\"},\"thumbnailUrl\":\"https:\/\/yourplastics.es\/wp-content\/uploads\/2024\/03\/803100_HanitUltra_Stegbohlen_3D_1151.jpg\",\"datePublished\":\"2024-03-04T09:26:46+00:00\",\"dateModified\":\"2024-05-27T06:53:01+00:00\",\"breadcrumb\":{\"@id\":\"https:\/\/yourplastics.es\/ca\/producto\/taulo-estriat-hanit-ultra\/#breadcrumb\"},\"inLanguage\":\"ca\",\"potentialAction\":[{\"@type\":\"ReadAction\",\"target\":[\"https:\/\/yourplastics.es\/ca\/producto\/taulo-estriat-hanit-ultra\/\"]}]},{\"@type\":\"ImageObject\",\"inLanguage\":\"ca\",\"@id\":\"https:\/\/yourplastics.es\/ca\/producto\/taulo-estriat-hanit-ultra\/#primaryimage\",\"url\":\"https:\/\/yourplastics.es\/wp-content\/uploads\/2024\/03\/803100_HanitUltra_Stegbohlen_3D_1151.jpg\",\"contentUrl\":\"https:\/\/yourplastics.es\/wp-content\/uploads\/2024\/03\/803100_HanitUltra_Stegbohlen_3D_1151.jpg\",\"width\":1600,\"height\":1080},{\"@type\":\"BreadcrumbList\",\"@id\":\"https:\/\/yourplastics.es\/ca\/producto\/taulo-estriat-hanit-ultra\/#breadcrumb\",\"itemListElement\":[{\"@type\":\"ListItem\",\"position\":1,\"name\":\"Home\",\"item\":\"https:\/\/yourplastics.es\/ca\/\"},{\"@type\":\"ListItem\",\"position\":2,\"name\":\"Botiga\",\"item\":\"https:\/\/yourplastics.es\/ca\/tienda-2\/\"},{\"@type\":\"ListItem\",\"position\":3,\"name\":\"Taul\u00f3 estriat hanit\u00ae Ultra\"}]},{\"@type\":\"WebSite\",\"@id\":\"https:\/\/yourplastics.es\/#website\",\"url\":\"https:\/\/yourplastics.es\/\",\"name\":\"Yourplastics\",\"description\":\"\",\"publisher\":{\"@id\":\"https:\/\/yourplastics.es\/#organization\"},\"potentialAction\":[{\"@type\":\"SearchAction\",\"target\":{\"@type\":\"EntryPoint\",\"urlTemplate\":\"https:\/\/yourplastics.es\/?s={search_term_string}\"},\"query-input\":\"required name=search_term_string\"}],\"inLanguage\":\"ca\"},{\"@type\":\"Organization\",\"@id\":\"https:\/\/yourplastics.es\/#organization\",\"name\":\"Yourplastics\",\"url\":\"https:\/\/yourplastics.es\/\",\"logo\":{\"@type\":\"ImageObject\",\"inLanguage\":\"ca\",\"@id\":\"https:\/\/yourplastics.es\/#\/schema\/logo\/image\/\",\"url\":\"https:\/\/yourplastics.es\/wp-content\/uploads\/2024\/08\/logo2-400x163-1.png\",\"contentUrl\":\"https:\/\/yourplastics.es\/wp-content\/uploads\/2024\/08\/logo2-400x163-1.png\",\"width\":400,\"height\":163,\"caption\":\"Yourplastics\"},\"image\":{\"@id\":\"https:\/\/yourplastics.es\/#\/schema\/logo\/image\/\"}}]}<\/script>\n<!-- \/ Yoast SEO plugin. -->","yoast_head_json":{"title":"Taul\u00f3 estriat hanit\u00ae Ultra - Yourplastics.es","robots":{"index":"index","follow":"follow","max-snippet":"max-snippet:-1","max-image-preview":"max-image-preview:large","max-video-preview":"max-video-preview:-1"},"canonical":"https:\/\/yourplastics.es\/ca\/producto\/taulo-estriat-hanit-ultra\/","og_locale":"ca_ES","og_type":"article","og_title":"Taul\u00f3 estriat hanit\u00ae Ultra - Yourplastics.es","og_description":"Informaci\u00f3 del producte \"hanit\u00ae Ultra - Taul\u00f3 estriat\" Quan la seva passarel\u00b7la ha de durar \u2013gaireb\u00e9\u2013 una eternitat i enlluernar \u00f2pticament, l'\u00fanic cam\u00ed \u00e9s utilitzar els nostres taulers estriats de hanit\u00ae Ultra, el millor hanit\u00ae de tots els temps. El seu aspecte com de fusta el convencer\u00e0, sumat als altres avantatges: resist\u00e8ncia a la humitat, f\u00e0cil de treballar, antilliscant i neutral amb el medi ambient.","og_url":"https:\/\/yourplastics.es\/ca\/producto\/taulo-estriat-hanit-ultra\/","og_site_name":"Yourplastics.es","article_modified_time":"2024-05-27T06:53:01+00:00","og_image":[{"width":1600,"height":1080,"url":"https:\/\/yourplastics.es\/wp-content\/uploads\/2024\/03\/803100_HanitUltra_Stegbohlen_3D_1151.jpg","type":"image\/jpeg"}],"twitter_card":"summary_large_image","schema":{"@context":"https:\/\/schema.org","@graph":[{"@type":"WebPage","@id":"https:\/\/yourplastics.es\/ca\/producto\/taulo-estriat-hanit-ultra\/","url":"https:\/\/yourplastics.es\/ca\/producto\/taulo-estriat-hanit-ultra\/","name":"Taul\u00f3 estriat hanit\u00ae Ultra - Yourplastics.es","isPartOf":{"@id":"https:\/\/yourplastics.es\/#website"},"primaryImageOfPage":{"@id":"https:\/\/yourplastics.es\/ca\/producto\/taulo-estriat-hanit-ultra\/#primaryimage"},"image":{"@id":"https:\/\/yourplastics.es\/ca\/producto\/taulo-estriat-hanit-ultra\/#primaryimage"},"thumbnailUrl":"https:\/\/yourplastics.es\/wp-content\/uploads\/2024\/03\/803100_HanitUltra_Stegbohlen_3D_1151.jpg","datePublished":"2024-03-04T09:26:46+00:00","dateModified":"2024-05-27T06:53:01+00:00","breadcrumb":{"@id":"https:\/\/yourplastics.es\/ca\/producto\/taulo-estriat-hanit-ultra\/#breadcrumb"},"inLanguage":"ca","potentialAction":[{"@type":"ReadAction","target":["https:\/\/yourplastics.es\/ca\/producto\/taulo-estriat-hanit-ultra\/"]}]},{"@type":"ImageObject","inLanguage":"ca","@id":"https:\/\/yourplastics.es\/ca\/producto\/taulo-estriat-hanit-ultra\/#primaryimage","url":"https:\/\/yourplastics.es\/wp-content\/uploads\/2024\/03\/803100_HanitUltra_Stegbohlen_3D_1151.jpg","contentUrl":"https:\/\/yourplastics.es\/wp-content\/uploads\/2024\/03\/803100_HanitUltra_Stegbohlen_3D_1151.jpg","width":1600,"height":1080},{"@type":"BreadcrumbList","@id":"https:\/\/yourplastics.es\/ca\/producto\/taulo-estriat-hanit-ultra\/#breadcrumb","itemListElement":[{"@type":"ListItem","position":1,"name":"Home","item":"https:\/\/yourplastics.es\/ca\/"},{"@type":"ListItem","position":2,"name":"Botiga","item":"https:\/\/yourplastics.es\/ca\/tienda-2\/"},{"@type":"ListItem","position":3,"name":"Taul\u00f3 estriat hanit\u00ae Ultra"}]},{"@type":"WebSite","@id":"https:\/\/yourplastics.es\/#website","url":"https:\/\/yourplastics.es\/","name":"Yourplastics","description":"","publisher":{"@id":"https:\/\/yourplastics.es\/#organization"},"potentialAction":[{"@type":"SearchAction","target":{"@type":"EntryPoint","urlTemplate":"https:\/\/yourplastics.es\/?s={search_term_string}"},"query-input":"required name=search_term_string"}],"inLanguage":"ca"},{"@type":"Organization","@id":"https:\/\/yourplastics.es\/#organization","name":"Yourplastics","url":"https:\/\/yourplastics.es\/","logo":{"@type":"ImageObject","inLanguage":"ca","@id":"https:\/\/yourplastics.es\/#\/schema\/logo\/image\/","url":"https:\/\/yourplastics.es\/wp-content\/uploads\/2024\/08\/logo2-400x163-1.png","contentUrl":"https:\/\/yourplastics.es\/wp-content\/uploads\/2024\/08\/logo2-400x163-1.png","width":400,"height":163,"caption":"Yourplastics"},"image":{"@id":"https:\/\/yourplastics.es\/#\/schema\/logo\/image\/"}}]}},"_links":{"self":[{"href":"https:\/\/yourplastics.es\/ca\/wp-json\/wp\/v2\/product\/6208","targetHints":{"allow":["GET"]}}],"collection":[{"href":"https:\/\/yourplastics.es\/ca\/wp-json\/wp\/v2\/product"}],"about":[{"href":"https:\/\/yourplastics.es\/ca\/wp-json\/wp\/v2\/types\/product"}],"replies":[{"embeddable":true,"href":"https:\/\/yourplastics.es\/ca\/wp-json\/wp\/v2\/comments?post=6208"}],"wp:featuredmedia":[{"embeddable":true,"href":"https:\/\/yourplastics.es\/ca\/wp-json\/wp\/v2\/media\/3614"}],"wp:attachment":[{"href":"https:\/\/yourplastics.es\/ca\/wp-json\/wp\/v2\/media?parent=6208"}],"wp:term":[{"taxonomy":"product_cat","embeddable":true,"href":"https:\/\/yourplastics.es\/ca\/wp-json\/wp\/v2\/product_cat?post=6208"},{"taxonomy":"product_tag","embeddable":true,"href":"https:\/\/yourplastics.es\/ca\/wp-json\/wp\/v2\/product_tag?post=6208"}],"curies":[{"name":"wp","href":"https:\/\/api.w.org\/{rel}","templated":true}]}}